{"id":10914,"date":"2025-08-01T03:12:36","date_gmt":"2025-08-01T03:12:36","guid":{"rendered":"https:\/\/sinoextrud.com\/product\/aluminum-heat-sink-for-bitcoin-miner-cooling\/"},"modified":"2025-08-01T03:12:36","modified_gmt":"2025-08-01T03:12:36","slug":"alumiiniumist-jahutusradiaator-bitcoin-kaevuri-jahutamiseks","status":"publish","type":"product","link":"https:\/\/sinoextrud.com\/et\/product\/aluminum-heat-sink-for-bitcoin-miner-cooling\/","title":{"rendered":"Alumiiniumist soojusalvestus Bitcoin Miner jahutuseks"},"content":{"rendered":"<h2>Toodete \u00fcksikasjad<\/h2>\n<div class=\"product-table\">\n<div class=\"row\">\n<div class=\"cell label\">Hinne<\/div>\n<div class=\"cell value\">AL 6063 T5<\/div>\n<\/div>\n<div class=\"row\">\n<div class=\"cell label\">Sallivus<\/div>\n<div class=\"cell value\">GB\/T 3190-2008,GB\/T 14846-2008,ISO 2768<\/div>\n<\/div>\n<div class=\"row\">\n<div class=\"cell label\">Tarneaeg<\/div>\n<div class=\"cell value\">15-21 p\u00e4eva<\/div>\n<\/div>\n<div class=\"row\">\n<div class=\"cell label\">Temper<\/div>\n<div class=\"cell value\">T3-T8<\/div>\n<\/div>\n<div class=\"row\">\n<div class=\"cell label\">Taotlus<\/div>\n<div class=\"cell value\">Soojusp\u00fc\u00fcdja<\/div>\n<\/div>\n<div class=\"row\">\n<div class=\"cell label\">Kuju<\/div>\n<div class=\"cell value\">Ruut<\/div>\n<\/div>\n<div class=\"row\">\n<div class=\"cell label\">Sulam v\u00f5i mitte<\/div>\n<div class=\"cell value\">Kas sulam on sulam<\/div>\n<\/div>\n<div class=\"row\">\n<div class=\"cell label\">T\u00f6\u00f6tlemisteenus<\/div>\n<div class=\"cell value\">L\u00f5ikamine, puurimine ja keermestamine, CNC-t\u00f6\u00f6tlemine, anodeerimine<\/div>\n<\/div>\n<div class=\"row\">\n<div class=\"cell label\">Uste paksus<\/div>\n<div class=\"cell value\">1,8 mm<\/div>\n<\/div>\n<div class=\"row\">\n<div class=\"cell label\">P\u00f5hiplaadi paksus<\/div>\n<div class=\"cell value\">10 mm<\/div>\n<\/div>\n<div class=\"row\">\n<div class=\"cell label\">Kaal<\/div>\n<div class=\"cell value\">11,52 kg\/m<\/div>\n<\/div>\n<div class=\"row\">\n<div class=\"cell label\">Standardvormide kogus<\/div>\n<div class=\"cell value\">30,000+komplektid<\/div>\n<\/div>\n<div class=\"row\">\n<div class=\"cell label\">M\u00fc\u00fcvad \u00fcksused<\/div>\n<div class=\"cell value\">\u00dcksik ese<\/div>\n<\/div>\n<div class=\"row\">\n<div class=\"cell label\">\u00dche pakendi suurus<\/div>\n<div class=\"cell value\">25X22X6 cm<\/div>\n<\/div>\n<div class=\"row\">\n<div class=\"cell label\">\u00dchtne brutokaal<\/div>\n<div class=\"cell value\">3.000 KG<\/div>\n<\/div>\n<\/div>\n<p><\/p>\n<h2>Meie tootmisbaas<\/h2>\n<h3>Tehase panoraam<\/h3>\n<p><img decoding=\"async\" src=\"\/wp-content\/uploads\/factory-01.webp\"\/><\/p>\n<h3>Alumiiniumvarraste tootmise t\u00f6\u00f6koda<\/h3>\n<p><img decoding=\"async\" src=\"\/wp-content\/uploads\/factory-02.webp\"\/><\/p>\n<p><img decoding=\"async\" src=\"\/wp-content\/uploads\/factory-03.webp\"\/><\/p>\n<h3>hallituse ladustamise ladu<\/h3>\n<p><img decoding=\"async\" src=\"\/wp-content\/uploads\/factory-04.webp\"\/><\/p>\n<h3>43 alumiiniumi ekstrusiooniliini (500-5500 tonni)<\/h3>\n<p><img decoding=\"async\" src=\"\/wp-content\/uploads\/factory-05.webp\"\/><\/p>\n<p><img decoding=\"async\" src=\"\/wp-content\/uploads\/factory-06.webp\"\/><\/p>\n<p><img decoding=\"async\" src=\"\/wp-content\/uploads\/factory-07.webp\"\/><\/p>\n<h3>Pulberv\u00e4rvimise t\u00f6\u00f6koda<\/h3>\n<p><img decoding=\"async\" src=\"\/wp-content\/uploads\/factory-09.webp\"\/><\/p>\n<h3>Anodiseerimise t\u00f6\u00f6koda<\/h3>\n<p><img decoding=\"async\" src=\"\/wp-content\/uploads\/factory-10.webp\"\/><\/p>\n<h3>S\u00fcgavt\u00f6\u00f6tlemise t\u00f6\u00f6tuba<\/h3>\n<p><img decoding=\"async\" src=\"\/wp-content\/uploads\/factory-11.webp\"\/><\/p>\n<h3>CNC-t\u00e4ppist\u00f6\u00f6tlemise t\u00f6\u00f6koda<\/h3>\n<p><img decoding=\"async\" src=\"\/wp-content\/uploads\/factory-11.5.webp\"\/><\/p>\n<h3>Valmistoodete ja ekspordi ladu<\/h3>\n<p><img decoding=\"async\" src=\"\/wp-content\/uploads\/factory-12.webp\"\/><\/p>\n<p><img decoding=\"async\" src=\"\/wp-content\/uploads\/factory-13.webp\"\/><\/p>\n<p><img decoding=\"async\" src=\"\/wp-content\/uploads\/factory-14.webp\"\/><\/p>\n<h2>KKK<\/h2>\n<p><strong>1. Kas alumiiniumist soojuss\u00f5lm \u00fchildub k\u00f5igi bitcoini kaevandajatega?<\/strong><br \/>Jah, see on loodud nii, et see \u00fchilduks paljude bitcoini kaevandamisseadmetega.<\/p>\n<p><strong>2. Millised on alumiiniumist jahutusradiaatori kasutamise eelised?<\/strong><br \/>Alumiinium tagab suurep\u00e4rase soojusjuhtivuse ja on kerge, mist\u00f5ttu on see ideaalne bitcoini kaevandajate jaoks.<\/p>\n<p><strong>3. Kas alumiiniumist jahutusradiaatori m\u00f5\u00f5tmeid saab kohandada?<\/strong><br \/>Jah, me pakume kohandamist, et tagada teie kaevandamisseadmete t\u00e4iuslik sobivus.<\/p>\n<p><strong>4. Kuidas parandab alumiiniumist jahutusallikas kaevuri j\u00f5udlust?<\/strong><br \/>See hajutab t\u00f5husalt soojust, v\u00e4ltides \u00fclekuumenemist ja potentsiaalselt parandades kaevurite t\u00f5husust.<\/p>\n<p><strong>5. Kas te pakute alumiiniumist jahutusaluste lahtise hinnakujunduse?<\/strong><br \/>Jah, me pakume mahetellimuste puhul soodushindu, et toetada suuremahulisi kaevandamisoperatsioone.<\/p>\n<p><strong>6. Milline on alumiiniumist jahutusradiaatori eeldatav eluiga?<\/strong><br \/>See on valmistatud vastupidavast alumiiniumist ja pakub pikka kasutusiga koos j\u00e4rjepideva j\u00f5udlusega.<\/p>\n<p><strong>7. Kas alumiiniumist jahutusradiaator v\u00f5ib v\u00e4hendada energiatarbimist?<\/strong><br \/>Optimaalse temperatuuri s\u00e4ilitamise kaudu v\u00f5ib see potentsiaalselt kaasa tuua t\u00f5husama energiakasutuse kaevandamistegevuses.<\/p>\n<p><\/p>","protected":false},"featured_media":10828,"template":"","categories":[72],"class_list":["post-10914","product","type-product","status-publish","has-post-thumbnail","hentry","category-extruded-aluminum-heatsink"],"meta_box":{"hilight_text_group":[{"product_hilight_text":"<li>Engineered specifically for efficient cooling of bitcoin miners<\/li>\n<li>Made from high-quality aluminum for excellent thermal conductivity<\/li>\n<li>Customizable dimensions to fit various mining equipment<\/li>\n<li>Facilitates optimum heat dissipation to enhance miner lifespan<\/li>\n<li>Supports large volume orders for professional mining operations<\/li>"}],"feature_list":[]},"_links":{"self":[{"href":"https:\/\/sinoextrud.com\/et\/wp-json\/wp\/v2\/product\/10914","targetHints":{"allow":["GET"]}}],"collection":[{"href":"https:\/\/sinoextrud.com\/et\/wp-json\/wp\/v2\/product"}],"about":[{"href":"https:\/\/sinoextrud.com\/et\/wp-json\/wp\/v2\/types\/product"}],"wp:featuredmedia":[{"embeddable":true,"href":"https:\/\/sinoextrud.com\/et\/wp-json\/wp\/v2\/media\/10828"}],"wp:attachment":[{"href":"https:\/\/sinoextrud.com\/et\/wp-json\/wp\/v2\/media?parent=10914"}],"wp:term":[{"taxonomy":"category","embeddable":true,"href":"https:\/\/sinoextrud.com\/et\/wp-json\/wp\/v2\/categories?post=10914"}],"curies":[{"name":"wp","href":"https:\/\/api.w.org\/{rel}","templated":true}]}}