{"id":10913,"date":"2025-08-01T03:12:33","date_gmt":"2025-08-01T03:12:33","guid":{"rendered":"https:\/\/sinoextrud.com\/product\/anodized-aluminum-trim-molding-for-panels\/"},"modified":"2025-08-01T03:12:33","modified_gmt":"2025-08-01T03:12:33","slug":"anodeeritud-alumiiniumist-liistud-paneelide-jaoks","status":"publish","type":"product","link":"https:\/\/sinoextrud.com\/et\/product\/anodized-aluminum-trim-molding-for-panels\/","title":{"rendered":"Anodeeritud alumiiniumist trimmimoodustus paneelidele"},"content":{"rendered":"<h2>Toodete \u00fcksikasjad<\/h2>\n<div class=\"product-table\">\n<div class=\"row\">\n<div class=\"cell label\">Disaini stiil<\/div>\n<div class=\"cell value\">Kaasaegne<\/div>\n<\/div>\n<div class=\"row\">\n<div class=\"cell label\">Plaadi lisatarviku t\u00fc\u00fcp<\/div>\n<div class=\"cell value\">Plaatide liistud<\/div>\n<\/div>\n<div class=\"row\">\n<div class=\"cell label\">M\u00fc\u00fcgij\u00e4rgne teenindus<\/div>\n<div class=\"cell value\">Online tehniline tugi<\/div>\n<\/div>\n<div class=\"row\">\n<div class=\"cell label\">Garantii<\/div>\n<div class=\"cell value\">5 aastat<\/div>\n<\/div>\n<div class=\"row\">\n<div class=\"cell label\">Projekti lahenduse v\u00f5imekus<\/div>\n<div class=\"cell value\">graafiline disain, 3D mudeli disain<\/div>\n<\/div>\n<div class=\"row\">\n<div class=\"cell label\">Taotlus<\/div>\n<div class=\"cell value\">Korter<\/div>\n<\/div>\n<div class=\"row\">\n<div class=\"cell label\">Toote nimi<\/div>\n<div class=\"cell value\">Tehase hind vastupidav anodeeritud alumiiniumist T Trim Molding profiilid<\/div>\n<\/div>\n<div class=\"row\">\n<div class=\"cell label\">Taotlus<\/div>\n<div class=\"cell value\">Nurgakaitse<\/div>\n<\/div>\n<div class=\"row\">\n<div class=\"cell label\">Materjal<\/div>\n<div class=\"cell value\">Alumiinium<\/div>\n<\/div>\n<div class=\"row\">\n<div class=\"cell label\">Pinnat\u00f6\u00f6tlus<\/div>\n<div class=\"cell value\">Anodeeritud<\/div>\n<\/div>\n<div class=\"row\">\n<div class=\"cell label\">V\u00e4rv<\/div>\n<div class=\"cell value\">Silver<\/div>\n<\/div>\n<div class=\"row\">\n<div class=\"cell label\">K\u00f5rgus<\/div>\n<div class=\"cell value\">8\/10\/12mm\/Custiomized<\/div>\n<\/div>\n<div class=\"row\">\n<div class=\"cell label\">Pikkus<\/div>\n<div class=\"cell value\">2.44m\/ 2.5m\/ 2.7m\/ 3m\/ Kohandatud<\/div>\n<\/div>\n<div class=\"row\">\n<div class=\"cell label\">Pakett<\/div>\n<div class=\"cell value\">100 tk\/kartong<\/div>\n<\/div>\n<div class=\"row\">\n<div class=\"cell label\">MOQ<\/div>\n<div class=\"cell value\">500 t\u00fckki<\/div>\n<\/div>\n<div class=\"row\">\n<div class=\"cell label\">Tarneaeg<\/div>\n<div class=\"cell value\">15-20 p\u00e4eva<\/div>\n<\/div>\n<div class=\"row\">\n<div class=\"cell label\">M\u00fc\u00fcvad \u00fcksused<\/div>\n<div class=\"cell value\">\u00dcksik ese<\/div>\n<\/div>\n<div class=\"row\">\n<div class=\"cell label\">\u00dche pakendi suurus<\/div>\n<div class=\"cell value\">15X15X15 cm<\/div>\n<\/div>\n<div class=\"row\">\n<div class=\"cell label\">\u00dchtne brutokaal<\/div>\n<div class=\"cell value\">0,500 KG<\/div>\n<\/div>\n<\/div>\n<p><\/p>\n<h2>Meie tootmisbaas<\/h2>\n<h3>Tehase panoraam<\/h3>\n<p><img decoding=\"async\" src=\"\/wp-content\/uploads\/factory-01.webp\"\/><\/p>\n<h3>Alumiiniumvarraste tootmise t\u00f6\u00f6koda<\/h3>\n<p><img decoding=\"async\" src=\"\/wp-content\/uploads\/factory-02.webp\"\/><\/p>\n<p><img decoding=\"async\" src=\"\/wp-content\/uploads\/factory-03.webp\"\/><\/p>\n<h3>hallituse ladustamise ladu<\/h3>\n<p><img decoding=\"async\" src=\"\/wp-content\/uploads\/factory-04.webp\"\/><\/p>\n<h3>43 alumiiniumi ekstrusiooniliini (500-5500 tonni)<\/h3>\n<p><img decoding=\"async\" src=\"\/wp-content\/uploads\/factory-05.webp\"\/><\/p>\n<p><img decoding=\"async\" src=\"\/wp-content\/uploads\/factory-06.webp\"\/><\/p>\n<p><img decoding=\"async\" src=\"\/wp-content\/uploads\/factory-07.webp\"\/><\/p>\n<h3>Pulberv\u00e4rvimise t\u00f6\u00f6koda<\/h3>\n<p><img decoding=\"async\" src=\"\/wp-content\/uploads\/factory-09.webp\"\/><\/p>\n<h3>Anodiseerimise t\u00f6\u00f6koda<\/h3>\n<p><img decoding=\"async\" src=\"\/wp-content\/uploads\/factory-10.webp\"\/><\/p>\n<h3>S\u00fcgavt\u00f6\u00f6tlemise t\u00f6\u00f6tuba<\/h3>\n<p><img decoding=\"async\" src=\"\/wp-content\/uploads\/factory-11.webp\"\/><\/p>\n<h3>CNC-t\u00e4ppist\u00f6\u00f6tlemise t\u00f6\u00f6koda<\/h3>\n<p><img decoding=\"async\" src=\"\/wp-content\/uploads\/factory-11.5.webp\"\/><\/p>\n<h3>Valmistoodete ja ekspordi ladu<\/h3>\n<p><img decoding=\"async\" src=\"\/wp-content\/uploads\/factory-12.webp\"\/><\/p>\n<p><img decoding=\"async\" src=\"\/wp-content\/uploads\/factory-13.webp\"\/><\/p>\n<p><img decoding=\"async\" src=\"\/wp-content\/uploads\/factory-14.webp\"\/><\/p>\n<h2>KKK<\/h2>\n<p><strong>1. Millisteks rakendusteks sobib anodeeritud alumiiniumist trimmivalu?<\/strong><br \/>See sobib nii sise- kui ka v\u00e4lisprojektide, sealhulgas auto- ja arhitektuuriprojektide jaoks.<\/p>\n<p><strong>2. Kas me saame tellida anodeeritud kaunistusi kohandatud suurustes?<\/strong><br \/>Jah, teie erivajadustele vastavad kohandatud m\u00f5\u00f5tmed on saadaval.<\/p>\n<p><strong>3. Kas anodeeritud alumiiniumist kaunistused vajavad erilist hooldust?<\/strong><br \/>Ei, see vajab t\u00e4nu oma korrosioonikindlatele omadustele minimaalset hooldust.<\/p>\n<p><strong>4. Kas see liist on saadaval erinevates viimistlustes?<\/strong><br \/>Jah, saadaval on mitu viimistlust, n\u00e4iteks matt, l\u00e4ikiv ja tekstuurne.<\/p>\n<p><strong>5. Kas anodeeritud alumiiniumist kaunistuste v\u00e4rvid on pleekimiskindlad?<\/strong><br \/>Jah, anodeerimisprotsess tagab v\u00e4rvi pikaajalise s\u00e4ilimise.<\/p>\n<p><strong>6. Kas ma saan enne suure tellimuse esitamist proovi?<\/strong><br \/>Jah, et tagada rahulolu v\u00e4rvi ja viimistlusega, v\u00f5ib esitada n\u00e4idiseid.<\/p>\n<p><strong>7. Milline on tarneaeg suurte lahtiste tellimuste puhul?<\/strong><br \/>Tarneaeg s\u00f5ltub tellimuse suurusest ja on tavaliselt 2 kuni 4 n\u00e4dalat.<\/p>\n<p><\/p>","protected":false},"featured_media":10855,"template":"","categories":[55],"class_list":["post-10913","product","type-product","status-publish","has-post-thumbnail","hentry","category-extruded-aluminum-profiles"],"meta_box":{"hilight_text_group":[{"product_hilight_text":"<li>Highly durable and resistant to corrosion<\/li>\n<li>Available in various colors and finishes for custom designs<\/li>\n<li>Lightweight yet strong for multiple applications<\/li>\n<li>Easy installation and maintenance for industrial use<\/li>\n<li>Provides a sleek and modern look to any project<\/li>"}],"feature_list":[]},"_links":{"self":[{"href":"https:\/\/sinoextrud.com\/et\/wp-json\/wp\/v2\/product\/10913","targetHints":{"allow":["GET"]}}],"collection":[{"href":"https:\/\/sinoextrud.com\/et\/wp-json\/wp\/v2\/product"}],"about":[{"href":"https:\/\/sinoextrud.com\/et\/wp-json\/wp\/v2\/types\/product"}],"wp:featuredmedia":[{"embeddable":true,"href":"https:\/\/sinoextrud.com\/et\/wp-json\/wp\/v2\/media\/10855"}],"wp:attachment":[{"href":"https:\/\/sinoextrud.com\/et\/wp-json\/wp\/v2\/media?parent=10913"}],"wp:term":[{"taxonomy":"category","embeddable":true,"href":"https:\/\/sinoextrud.com\/et\/wp-json\/wp\/v2\/categories?post=10913"}],"curies":[{"name":"wp","href":"https:\/\/api.w.org\/{rel}","templated":true}]}}