{"id":10912,"date":"2025-08-01T03:12:31","date_gmt":"2025-08-01T03:12:31","guid":{"rendered":"https:\/\/sinoextrud.com\/product\/aluminum-heat-sink-extrusion-for-custom-cooling\/"},"modified":"2025-08-01T03:12:31","modified_gmt":"2025-08-01T03:12:31","slug":"alumiiniumist-soojusjuhtmete-ekstrusioon-kohandatud-jahutuseks","status":"publish","type":"product","link":"https:\/\/sinoextrud.com\/et\/product\/aluminum-heat-sink-extrusion-for-custom-cooling\/","title":{"rendered":"Alumiiniumist soojuss\u00f5lme ekstrusioon kohandatud jahutuseks"},"content":{"rendered":"<h2>Toodete \u00fcksikasjad<\/h2>\n<div class=\"product-table\">\n<div class=\"row\">\n<div class=\"cell label\">Hinne<\/div>\n<div class=\"cell value\">6000 seeria<\/div>\n<\/div>\n<div class=\"row\">\n<div class=\"cell label\">Sallivus<\/div>\n<div class=\"cell value\">\u00c2\u00b110%<\/div>\n<\/div>\n<div class=\"row\">\n<div class=\"cell label\">Tarneaeg<\/div>\n<div class=\"cell value\">22-30 p\u00e4eva<\/div>\n<\/div>\n<div class=\"row\">\n<div class=\"cell label\">Temper<\/div>\n<div class=\"cell value\">T3-T8<\/div>\n<\/div>\n<div class=\"row\">\n<div class=\"cell label\">Taotlus<\/div>\n<div class=\"cell value\">Kaunistused<\/div>\n<\/div>\n<div class=\"row\">\n<div class=\"cell label\">Kuju<\/div>\n<div class=\"cell value\">T - Profiil<\/div>\n<\/div>\n<div class=\"row\">\n<div class=\"cell label\">Sulam v\u00f5i mitte<\/div>\n<div class=\"cell value\">Kas sulam on sulam<\/div>\n<\/div>\n<div class=\"row\">\n<div class=\"cell label\">T\u00f6\u00f6tlemisteenus<\/div>\n<div class=\"cell value\">Painutamine, l\u00f6\u00f6mine, l\u00f5ikamine<\/div>\n<\/div>\n<div class=\"row\">\n<div class=\"cell label\">Toote nimi<\/div>\n<div class=\"cell value\">Kohandatud ekstrusiooni alumiiniumprofiil jahutusradiaator<\/div>\n<\/div>\n<div class=\"row\">\n<div class=\"cell label\">Pinnat\u00f6\u00f6tlus<\/div>\n<div class=\"cell value\">freesitud viimistlus<\/div>\n<\/div>\n<div class=\"row\">\n<div class=\"cell label\">V\u00e4rv<\/div>\n<div class=\"cell value\">kohandatud<\/div>\n<\/div>\n<div class=\"row\">\n<div class=\"cell label\">Materjal<\/div>\n<div class=\"cell value\">Sulam 6063\/6061\/661\/6005\/6060 T5\/T6<\/div>\n<\/div>\n<div class=\"row\">\n<div class=\"cell label\">Pikkus<\/div>\n<div class=\"cell value\">Vastavalt teie n\u00f5udmisele<\/div>\n<\/div>\n<div class=\"row\">\n<div class=\"cell label\">Sertifitseerimine<\/div>\n<div class=\"cell value\">ISO9001:2008<\/div>\n<\/div>\n<div class=\"row\">\n<div class=\"cell label\">MOQ<\/div>\n<div class=\"cell value\">1kg<\/div>\n<\/div>\n<div class=\"row\">\n<div class=\"cell label\">Suurus<\/div>\n<div class=\"cell value\">Joonised<\/div>\n<\/div>\n<div class=\"row\">\n<div class=\"cell label\">Makset\u00e4htaeg<\/div>\n<div class=\"cell value\">T\/T<\/div>\n<\/div>\n<div class=\"row\">\n<div class=\"cell label\">Taotlus<\/div>\n<div class=\"cell value\">Robotraam, t\u00f6\u00f6jaamad jne<\/div>\n<\/div>\n<div class=\"row\">\n<div class=\"cell label\">M\u00fc\u00fcvad \u00fcksused<\/div>\n<div class=\"cell value\">\u00dcksik ese<\/div>\n<\/div>\n<\/div>\n<p><\/p>\n<h2>Meie tootmisbaas<\/h2>\n<h3>Tehase panoraam<\/h3>\n<p><img decoding=\"async\" src=\"\/wp-content\/uploads\/factory-01.webp\"\/><\/p>\n<h3>Alumiiniumvarraste tootmise t\u00f6\u00f6koda<\/h3>\n<p><img decoding=\"async\" src=\"\/wp-content\/uploads\/factory-02.webp\"\/><\/p>\n<p><img decoding=\"async\" src=\"\/wp-content\/uploads\/factory-03.webp\"\/><\/p>\n<h3>hallituse ladustamise ladu<\/h3>\n<p><img decoding=\"async\" src=\"\/wp-content\/uploads\/factory-04.webp\"\/><\/p>\n<h3>43 alumiiniumi ekstrusiooniliini (500-5500 tonni)<\/h3>\n<p><img decoding=\"async\" src=\"\/wp-content\/uploads\/factory-05.webp\"\/><\/p>\n<p><img decoding=\"async\" src=\"\/wp-content\/uploads\/factory-06.webp\"\/><\/p>\n<p><img decoding=\"async\" src=\"\/wp-content\/uploads\/factory-07.webp\"\/><\/p>\n<h3>Pulberv\u00e4rvimise t\u00f6\u00f6koda<\/h3>\n<p><img decoding=\"async\" src=\"\/wp-content\/uploads\/factory-09.webp\"\/><\/p>\n<h3>Anodiseerimise t\u00f6\u00f6koda<\/h3>\n<p><img decoding=\"async\" src=\"\/wp-content\/uploads\/factory-10.webp\"\/><\/p>\n<h3>S\u00fcgavt\u00f6\u00f6tlemise t\u00f6\u00f6tuba<\/h3>\n<p><img decoding=\"async\" src=\"\/wp-content\/uploads\/factory-11.webp\"\/><\/p>\n<h3>CNC-t\u00e4ppist\u00f6\u00f6tlemise t\u00f6\u00f6koda<\/h3>\n<p><img decoding=\"async\" src=\"\/wp-content\/uploads\/factory-11.5.webp\"\/><\/p>\n<h3>Valmistoodete ja ekspordi ladu<\/h3>\n<p><img decoding=\"async\" src=\"\/wp-content\/uploads\/factory-12.webp\"\/><\/p>\n<p><img decoding=\"async\" src=\"\/wp-content\/uploads\/factory-13.webp\"\/><\/p>\n<p><img decoding=\"async\" src=\"\/wp-content\/uploads\/factory-14.webp\"\/><\/p>\n<h2>KKK<\/h2>\n<p><strong>1. Kas alumiiniumist soojusv\u00f5rkude ekstrusioone saab kohandada?<\/strong><br \/>Jah, me pakume kohandamisv\u00f5imalusi, et kohandada neid konkreetse suuruse ja disaini n\u00f5uetele.<\/p>\n<p><strong>2. Millised t\u00f6\u00f6stusharud kasutavad alumiiniumist soojustorustikku?<\/strong><br \/>Neid kasutatakse tavaliselt elektroonika-, auto- ja LED-valgustussektoris.<\/p>\n<p><strong>3. Kuidas parandab alumiinium soojuse hajutamist?<\/strong><br \/>Alumiiniumi soojusjuhtivus v\u00f5imaldab t\u00f5husat soojus\u00fclekannet komponentidest eemale.<\/p>\n<p><strong>4. Kas ma v\u00f5in neid ekstrusioone tellida lahtiselt?<\/strong><br \/>Jah, saadaval on lahtised tellimused konkurentsiv\u00f5imelise hinnaga.<\/p>\n<p><strong>5. Kas need pressprofiilid on piisavalt vastupidavad v\u00e4litingimustes kasutamiseks?<\/strong><br \/>Jah, neil on korrosioonikindlad omadused, mis sobivad v\u00e4liskeskkondadesse.<\/p>\n<p><strong>6. Kui suur on tellimuse miinimumkogus kohandatud disaini puhul?<\/strong><br \/>MOQ s\u00f5ltub spetsifikatsioonidest, tavaliselt alates 200 \u00fchikust.<\/p>\n<p><strong>7. Kas pakute tehnilist tuge paigaldamiseks?<\/strong><br \/>Jah, tehniline abi ja suunised on taotluse korral k\u00e4ttesaadavad.<\/p>\n<p><\/p>","protected":false},"featured_media":10748,"template":"","categories":[72],"class_list":["post-10912","product","type-product","status-publish","has-post-thumbnail","hentry","category-extruded-aluminum-heatsink"],"meta_box":{"hilight_text_group":[{"product_hilight_text":"<li>Optimal thermal management for numerous applications<\/li>\n<li>Customizable dimensions to fit diverse client specifications<\/li>\n<li>Lightweight and corrosion-resistant for long-term durability<\/li>\n<li>Supports OEM and ODM with flexible order quantities<\/li>\n<li>Enhanced heat dissipation efficiency<\/li>"}],"feature_list":[]},"_links":{"self":[{"href":"https:\/\/sinoextrud.com\/et\/wp-json\/wp\/v2\/product\/10912","targetHints":{"allow":["GET"]}}],"collection":[{"href":"https:\/\/sinoextrud.com\/et\/wp-json\/wp\/v2\/product"}],"about":[{"href":"https:\/\/sinoextrud.com\/et\/wp-json\/wp\/v2\/types\/product"}],"wp:featuredmedia":[{"embeddable":true,"href":"https:\/\/sinoextrud.com\/et\/wp-json\/wp\/v2\/media\/10748"}],"wp:attachment":[{"href":"https:\/\/sinoextrud.com\/et\/wp-json\/wp\/v2\/media?parent=10912"}],"wp:term":[{"taxonomy":"category","embeddable":true,"href":"https:\/\/sinoextrud.com\/et\/wp-json\/wp\/v2\/categories?post=10912"}],"curies":[{"name":"wp","href":"https:\/\/api.w.org\/{rel}","templated":true}]}}