{"id":10911,"date":"2025-08-01T03:12:29","date_gmt":"2025-08-01T03:12:29","guid":{"rendered":"https:\/\/sinoextrud.com\/product\/black-anodized-aluminum-heat-sink-for-devices\/"},"modified":"2025-08-01T03:12:29","modified_gmt":"2025-08-01T03:12:29","slug":"must-anodeeritud-alumiiniumist-soojusalvesti-seadmete-jaoks","status":"publish","type":"product","link":"https:\/\/sinoextrud.com\/et\/product\/black-anodized-aluminum-heat-sink-for-devices\/","title":{"rendered":"Must anodeeritud alumiiniumist soojusalvesti seadmetele"},"content":{"rendered":"<h2>Toodete \u00fcksikasjad<\/h2>\n<div class=\"product-table\">\n<div class=\"row\">\n<div class=\"cell label\">Hinne<\/div>\n<div class=\"cell value\">6000 seeria<\/div>\n<\/div>\n<div class=\"row\">\n<div class=\"cell label\">Sallivus<\/div>\n<div class=\"cell value\">\u00c2\u00b11%<\/div>\n<\/div>\n<div class=\"row\">\n<div class=\"cell label\">Tarneaeg<\/div>\n<div class=\"cell value\">20-30 p\u00e4eva<\/div>\n<\/div>\n<div class=\"row\">\n<div class=\"cell label\">Temper<\/div>\n<div class=\"cell value\">T3-T8<\/div>\n<\/div>\n<div class=\"row\">\n<div class=\"cell label\">Taotlus<\/div>\n<div class=\"cell value\">Kaunistused<\/div>\n<\/div>\n<div class=\"row\">\n<div class=\"cell label\">Kuju<\/div>\n<div class=\"cell value\">T - Profiil<\/div>\n<\/div>\n<div class=\"row\">\n<div class=\"cell label\">Sulam v\u00f5i mitte<\/div>\n<div class=\"cell value\">Kas sulam on sulam<\/div>\n<\/div>\n<div class=\"row\">\n<div class=\"cell label\">T\u00f6\u00f6tlemisteenus<\/div>\n<div class=\"cell value\">Painutamine, keevitamine, keevitamine, stantsimine, l\u00f5ikamine<\/div>\n<\/div>\n<div class=\"row\">\n<div class=\"cell label\">toote nimi<\/div>\n<div class=\"cell value\">Alumiiniumprofiilid t\u00f6\u00f6stuslikuks kasutamiseks<\/div>\n<\/div>\n<div class=\"row\">\n<div class=\"cell label\">Pinnat\u00f6\u00f6tlus<\/div>\n<div class=\"cell value\">veski, anodeeritud, pulberv\u00e4rvitud, elektroforees, puidumass, puitmaterjalid<\/div>\n<\/div>\n<div class=\"row\">\n<div class=\"cell label\">V\u00e4rv<\/div>\n<div class=\"cell value\">Kohandatud v\u00e4rv<\/div>\n<\/div>\n<div class=\"row\">\n<div class=\"cell label\">Suurus<\/div>\n<div class=\"cell value\">Kohandatud suurus<\/div>\n<\/div>\n<div class=\"row\">\n<div class=\"cell label\">Protsess<\/div>\n<div class=\"cell value\">Painutamine, keevitamine, keevitamine, stantsimine, l\u00f5ikamine<\/div>\n<\/div>\n<div class=\"row\">\n<div class=\"cell label\">Teenus<\/div>\n<div class=\"cell value\">Kohandatud OEM<\/div>\n<\/div>\n<div class=\"row\">\n<div class=\"cell label\">Sertifitseerimine<\/div>\n<div class=\"cell value\">ISO9001:2015<\/div>\n<\/div>\n<div class=\"row\">\n<div class=\"cell label\">Kasutamine<\/div>\n<div class=\"cell value\">Dekoratsioon Led Light<\/div>\n<\/div>\n<div class=\"row\">\n<div class=\"cell label\">MOQ<\/div>\n<div class=\"cell value\">1 t\u00fckk<\/div>\n<\/div>\n<div class=\"row\">\n<div class=\"cell label\">Juhtumisaeg<\/div>\n<div class=\"cell value\">10-30 p\u00e4eva<\/div>\n<\/div>\n<div class=\"row\">\n<div class=\"cell label\">M\u00fc\u00fcvad \u00fcksused<\/div>\n<div class=\"cell value\">\u00dcksik ese<\/div>\n<\/div>\n<div class=\"row\">\n<div class=\"cell label\">\u00dche pakendi suurus<\/div>\n<div class=\"cell value\">10X10X5 cm<\/div>\n<\/div>\n<div class=\"row\">\n<div class=\"cell label\">\u00dchtne brutokaal<\/div>\n<div class=\"cell value\">1.000 KG<\/div>\n<\/div>\n<\/div>\n<p><\/p>\n<h2>Meie tootmisbaas<\/h2>\n<h3>Tehase panoraam<\/h3>\n<p><img decoding=\"async\" src=\"\/wp-content\/uploads\/factory-01.webp\"\/><\/p>\n<h3>Alumiiniumvarraste tootmise t\u00f6\u00f6koda<\/h3>\n<p><img decoding=\"async\" src=\"\/wp-content\/uploads\/factory-02.webp\"\/><\/p>\n<p><img decoding=\"async\" src=\"\/wp-content\/uploads\/factory-03.webp\"\/><\/p>\n<h3>hallituse ladustamise ladu<\/h3>\n<p><img decoding=\"async\" src=\"\/wp-content\/uploads\/factory-04.webp\"\/><\/p>\n<h3>43 alumiiniumi ekstrusiooniliini (500-5500 tonni)<\/h3>\n<p><img decoding=\"async\" src=\"\/wp-content\/uploads\/factory-05.webp\"\/><\/p>\n<p><img decoding=\"async\" src=\"\/wp-content\/uploads\/factory-06.webp\"\/><\/p>\n<p><img decoding=\"async\" src=\"\/wp-content\/uploads\/factory-07.webp\"\/><\/p>\n<h3>Pulberv\u00e4rvimise t\u00f6\u00f6koda<\/h3>\n<p><img decoding=\"async\" src=\"\/wp-content\/uploads\/factory-09.webp\"\/><\/p>\n<h3>Anodiseerimise t\u00f6\u00f6koda<\/h3>\n<p><img decoding=\"async\" src=\"\/wp-content\/uploads\/factory-10.webp\"\/><\/p>\n<h3>S\u00fcgavt\u00f6\u00f6tlemise t\u00f6\u00f6tuba<\/h3>\n<p><img decoding=\"async\" src=\"\/wp-content\/uploads\/factory-11.webp\"\/><\/p>\n<h3>CNC-t\u00e4ppist\u00f6\u00f6tlemise t\u00f6\u00f6koda<\/h3>\n<p><img decoding=\"async\" src=\"\/wp-content\/uploads\/factory-11.5.webp\"\/><\/p>\n<h3>Valmistoodete ja ekspordi ladu<\/h3>\n<p><img decoding=\"async\" src=\"\/wp-content\/uploads\/factory-12.webp\"\/><\/p>\n<p><img decoding=\"async\" src=\"\/wp-content\/uploads\/factory-13.webp\"\/><\/p>\n<p><img decoding=\"async\" src=\"\/wp-content\/uploads\/factory-14.webp\"\/><\/p>\n<h2>KKK<\/h2>\n<p><strong>1. Milliseid materjale kasutatakse jahutusradiaatoris?<\/strong><br \/>K\u00f5rge kvaliteediga anodeeritud alumiiniumist valmistatud jahutusradiaator tagab optimaalse j\u00f5udluse.<\/p>\n<p><strong>2. Miks valida anodeeritud viimistlus?<\/strong><br \/>Anodeeritud viimistlus suurendab korrosioonikindlust ja tagab elegantse musta v\u00e4limuse.<\/p>\n<p><strong>3. Kas seda jahutusradiaatorit saab kasutada k\u00f5rge temperatuuriga keskkondades?<\/strong><br \/>Jah, see on kavandatud t\u00f6\u00f6tama t\u00f5husalt k\u00f5rgetel temperatuuridel.<\/p>\n<p><strong>4. Kas selle jahutuselemendi kohandamine on v\u00f5imalik?<\/strong><br \/>Jah, m\u00f5\u00f5tmeid ja kuju saab kohandada vastavalt teie vajadustele.<\/p>\n<p><strong>5. Kas jahutusradiaatorit saab kasutada mis tahes t\u00fc\u00fcpi elektroonilise seadme jaoks?<\/strong><br \/>Jah, see sobib paljude elektroonikaseadmete jaoks, pakkudes t\u00f5husat soojusjuhtimist.<\/p>\n<p><strong>6. Kuidas parandab see jahutusradiaator seadme j\u00f5udlust?<\/strong><br \/>T\u00f5husalt soojust hajutades aitab see s\u00e4ilitada seadme optimaalset j\u00f5udlust ja t\u00f6\u00f6kindlust.<\/p>\n<p><strong>7. Kas te pakute suurte tellimuste puhul hulgihinda?<\/strong><br \/>Jah, konkurentsiv\u00f5imeline hinnakujundus ja allahindlused on saadaval hulgiostude puhul.<\/p>\n<p><\/p>","protected":false},"featured_media":10856,"template":"","categories":[72],"class_list":["post-10911","product","type-product","status-publish","has-post-thumbnail","hentry","category-extruded-aluminum-heatsink"],"meta_box":{"hilight_text_group":[{"product_hilight_text":"<li>Effective heat dissipation for electronic devices<\/li>\n<li>Lightweight and durable aluminum construction<\/li>\n<li>Customizable to specific dimensions and shapes<\/li>\n<li>Corrosion-resistant anodized finish in black<\/li>\n<li>Ideal for both industrial and consumer electronic applications<\/li>"}],"feature_list":[]},"_links":{"self":[{"href":"https:\/\/sinoextrud.com\/et\/wp-json\/wp\/v2\/product\/10911","targetHints":{"allow":["GET"]}}],"collection":[{"href":"https:\/\/sinoextrud.com\/et\/wp-json\/wp\/v2\/product"}],"about":[{"href":"https:\/\/sinoextrud.com\/et\/wp-json\/wp\/v2\/types\/product"}],"wp:featuredmedia":[{"embeddable":true,"href":"https:\/\/sinoextrud.com\/et\/wp-json\/wp\/v2\/media\/10856"}],"wp:attachment":[{"href":"https:\/\/sinoextrud.com\/et\/wp-json\/wp\/v2\/media?parent=10911"}],"wp:term":[{"taxonomy":"category","embeddable":true,"href":"https:\/\/sinoextrud.com\/et\/wp-json\/wp\/v2\/categories?post=10911"}],"curies":[{"name":"wp","href":"https:\/\/api.w.org\/{rel}","templated":true}]}}