{"id":10908,"date":"2025-08-01T03:12:22","date_gmt":"2025-08-01T03:12:22","guid":{"rendered":"https:\/\/sinoextrud.com\/product\/high-temperature-heat-sink-for-industrial-use\/"},"modified":"2025-08-01T03:12:22","modified_gmt":"2025-08-01T03:12:22","slug":"korgtemperatuuriline-soojusalvesti-toostuslikuks-kasutamiseks","status":"publish","type":"product","link":"https:\/\/sinoextrud.com\/et\/product\/high-temperature-heat-sink-for-industrial-use\/","title":{"rendered":"K\u00f5rge temperatuuriga soojuss\u00f5lm t\u00f6\u00f6stuslikuks kasutamiseks"},"content":{"rendered":"<h2>Toodete \u00fcksikasjad<\/h2>\n<div class=\"product-table\">\n<div class=\"row\">\n<div class=\"cell label\">Hinne<\/div>\n<div class=\"cell value\">6000 seeria<\/div>\n<\/div>\n<div class=\"row\">\n<div class=\"cell label\">Sallivus<\/div>\n<div class=\"cell value\">\u00c2\u00b11%<\/div>\n<\/div>\n<div class=\"row\">\n<div class=\"cell label\">Tarneaeg<\/div>\n<div class=\"cell value\">22-30 p\u00e4eva<\/div>\n<\/div>\n<div class=\"row\">\n<div class=\"cell label\">Temper<\/div>\n<div class=\"cell value\">T3-T8<\/div>\n<\/div>\n<div class=\"row\">\n<div class=\"cell label\">Taotlus<\/div>\n<div class=\"cell value\">Soojusp\u00fc\u00fcdja<\/div>\n<\/div>\n<div class=\"row\">\n<div class=\"cell label\">Kuju<\/div>\n<div class=\"cell value\">Kohandatud<\/div>\n<\/div>\n<div class=\"row\">\n<div class=\"cell label\">Sulam v\u00f5i mitte<\/div>\n<div class=\"cell value\">Kas sulam on sulam<\/div>\n<\/div>\n<div class=\"row\">\n<div class=\"cell label\">T\u00f6\u00f6tlemisteenus<\/div>\n<div class=\"cell value\">Painutamine, keevitamine, keevitamine, stantsimine, l\u00f5ikamine<\/div>\n<\/div>\n<div class=\"row\">\n<div class=\"cell label\">Toote nimi<\/div>\n<div class=\"cell value\">6063 T5 Alumiiniumprofiili soojuskauss\u00f5lm<\/div>\n<\/div>\n<div class=\"row\">\n<div class=\"cell label\">Materjal<\/div>\n<div class=\"cell value\">Sulam 6063\/6061\/661\/6005\/6060 T5\/T6<\/div>\n<\/div>\n<div class=\"row\">\n<div class=\"cell label\">Pinnat\u00f6\u00f6tlus<\/div>\n<div class=\"cell value\">Pulbriga katmine, anodeeritud<\/div>\n<\/div>\n<div class=\"row\">\n<div class=\"cell label\">V\u00e4rv<\/div>\n<div class=\"cell value\">Kliendi taotlus<\/div>\n<\/div>\n<div class=\"row\">\n<div class=\"cell label\">Sertifitseerimine<\/div>\n<div class=\"cell value\">ISO9001:2008<\/div>\n<\/div>\n<div class=\"row\">\n<div class=\"cell label\">Taotlus<\/div>\n<div class=\"cell value\">T\u00f6\u00f6stuslikud seadmed<\/div>\n<\/div>\n<div class=\"row\">\n<div class=\"cell label\">S\u00fcgav protsess<\/div>\n<div class=\"cell value\">CNC mehaaniline t\u00f6\u00f6tlemine<\/div>\n<\/div>\n<div class=\"row\">\n<div class=\"cell label\">Teenus<\/div>\n<div class=\"cell value\">OEM ODM Kohandatud<\/div>\n<\/div>\n<div class=\"row\">\n<div class=\"cell label\">Makset\u00e4htaeg<\/div>\n<div class=\"cell value\">T\/T<\/div>\n<\/div>\n<div class=\"row\">\n<div class=\"cell label\">M\u00fc\u00fcvad \u00fcksused<\/div>\n<div class=\"cell value\">\u00dcksik ese<\/div>\n<\/div>\n<div class=\"row\">\n<div class=\"cell label\">\u00dche pakendi suurus<\/div>\n<div class=\"cell value\">600X4X10 cm<\/div>\n<\/div>\n<div class=\"row\">\n<div class=\"cell label\">\u00dchtne brutokaal<\/div>\n<div class=\"cell value\">2.000 KG<\/div>\n<\/div>\n<\/div>\n<p><\/p>\n<h2>Meie tootmisbaas<\/h2>\n<h3>Tehase panoraam<\/h3>\n<p><img decoding=\"async\" src=\"\/wp-content\/uploads\/factory-01.webp\"\/><\/p>\n<h3>Alumiiniumvarraste tootmise t\u00f6\u00f6koda<\/h3>\n<p><img decoding=\"async\" src=\"\/wp-content\/uploads\/factory-02.webp\"\/><\/p>\n<p><img decoding=\"async\" src=\"\/wp-content\/uploads\/factory-03.webp\"\/><\/p>\n<h3>hallituse ladustamise ladu<\/h3>\n<p><img decoding=\"async\" src=\"\/wp-content\/uploads\/factory-04.webp\"\/><\/p>\n<h3>43 alumiiniumi ekstrusiooniliini (500-5500 tonni)<\/h3>\n<p><img decoding=\"async\" src=\"\/wp-content\/uploads\/factory-05.webp\"\/><\/p>\n<p><img decoding=\"async\" src=\"\/wp-content\/uploads\/factory-06.webp\"\/><\/p>\n<p><img decoding=\"async\" src=\"\/wp-content\/uploads\/factory-07.webp\"\/><\/p>\n<h3>Pulberv\u00e4rvimise t\u00f6\u00f6koda<\/h3>\n<p><img decoding=\"async\" src=\"\/wp-content\/uploads\/factory-09.webp\"\/><\/p>\n<h3>Anodiseerimise t\u00f6\u00f6koda<\/h3>\n<p><img decoding=\"async\" src=\"\/wp-content\/uploads\/factory-10.webp\"\/><\/p>\n<h3>S\u00fcgavt\u00f6\u00f6tlemise t\u00f6\u00f6tuba<\/h3>\n<p><img decoding=\"async\" src=\"\/wp-content\/uploads\/factory-11.webp\"\/><\/p>\n<h3>CNC-t\u00e4ppist\u00f6\u00f6tlemise t\u00f6\u00f6koda<\/h3>\n<p><img decoding=\"async\" src=\"\/wp-content\/uploads\/factory-11.5.webp\"\/><\/p>\n<h3>Valmistoodete ja ekspordi ladu<\/h3>\n<p><img decoding=\"async\" src=\"\/wp-content\/uploads\/factory-12.webp\"\/><\/p>\n<p><img decoding=\"async\" src=\"\/wp-content\/uploads\/factory-13.webp\"\/><\/p>\n<p><img decoding=\"async\" src=\"\/wp-content\/uploads\/factory-14.webp\"\/><\/p>\n<h2>KKK<\/h2>\n<p><strong>1. Milliseid materjale kasutatakse k\u00f5rgtemperatuurilistes jahutusradiaatorites?<\/strong><br \/>Need on tavaliselt valmistatud alumiiniumist v\u00f5i vasest, et tagada t\u00f5hus soojuse hajutamine.<\/p>\n<p><strong>2. Kas k\u00f5rgtemperatuurseid jahutusradiaatorit saab kohandada konkreetsete rakenduste jaoks?<\/strong><br \/>Jah, neid saab kohandada suuruse ja kuju poolest vastavalt unikaalsetele n\u00f5uetele.<\/p>\n<p><strong>3. Kas need jahutusradiaatorid sobivad t\u00f6\u00f6stuskeskkondadesse?<\/strong><br \/>Jah, need on kavandatud vastu pidama k\u00f5rgetele temperatuuridele t\u00f6\u00f6stuslikes tingimustes.<\/p>\n<p><strong>4. Kas pakute tehnilist tuge jahutusradiaatorite paigaldamiseks?<\/strong><br \/>Jah, me pakume p\u00f5hjalikke paigaldusjuhiseid ja tuge.<\/p>\n<p><strong>5. Milline on k\u00f5rgtemperatuurilise soojusalvestuse t\u00fc\u00fcpiline kasutusiga?<\/strong><br \/>Need on konstrueeritud nii, et need kestaksid pidevat kasutamist mitu aastat.<\/p>\n<p><strong>6. Kuidas parandab k\u00f5rge temperatuuriga jahutusradiaator seadme j\u00f5udlust?<\/strong><br \/>See v\u00e4hendab soojustakistust, mis v\u00f5imaldab seadmetel t\u00f6\u00f6tada t\u00f5husalt k\u00f5rgetel temperatuuridel.<\/p>\n<p><strong>7. Kas jahutusradade lahtiste tellimuste puhul on saadaval rahvusvaheline tarne?<\/strong><br \/>Jah, me pakume \u00fclemaailmset kohaletoimetamist koos t\u00e4ieliku logistilise toetusega.<\/p>\n<p><\/p>","protected":false},"featured_media":10858,"template":"","categories":[72],"class_list":["post-10908","product","type-product","status-publish","has-post-thumbnail","hentry","category-extruded-aluminum-heatsink"],"meta_box":{"hilight_text_group":[{"product_hilight_text":"<li>Designed for high-performance thermal management in critical applications<\/li>\n<li>Capable of operating at elevated temperatures for extended periods<\/li>\n<li>Manufactured with high-quality metals for excellent heat dissipation<\/li>\n<li>Customizable in size and shape to fit specific electronics<\/li>\n<li>Compatible with a wide range of electronic components and devices<\/li>"}],"feature_list":[]},"_links":{"self":[{"href":"https:\/\/sinoextrud.com\/et\/wp-json\/wp\/v2\/product\/10908","targetHints":{"allow":["GET"]}}],"collection":[{"href":"https:\/\/sinoextrud.com\/et\/wp-json\/wp\/v2\/product"}],"about":[{"href":"https:\/\/sinoextrud.com\/et\/wp-json\/wp\/v2\/types\/product"}],"wp:featuredmedia":[{"embeddable":true,"href":"https:\/\/sinoextrud.com\/et\/wp-json\/wp\/v2\/media\/10858"}],"wp:attachment":[{"href":"https:\/\/sinoextrud.com\/et\/wp-json\/wp\/v2\/media?parent=10908"}],"wp:term":[{"taxonomy":"category","embeddable":true,"href":"https:\/\/sinoextrud.com\/et\/wp-json\/wp\/v2\/categories?post=10908"}],"curies":[{"name":"wp","href":"https:\/\/api.w.org\/{rel}","templated":true}]}}