{"id":10906,"date":"2025-08-01T03:12:17","date_gmt":"2025-08-01T03:12:17","guid":{"rendered":"https:\/\/sinoextrud.com\/product\/led-street-lamp-sleeves-for-outdoor-fixtures\/"},"modified":"2025-08-01T03:12:17","modified_gmt":"2025-08-01T03:12:17","slug":"juhitud-tanavavalgusti-varrukad-valitingimustes-kasutatavate-valgustite-jaoks","status":"publish","type":"product","link":"https:\/\/sinoextrud.com\/et\/product\/led-street-lamp-sleeves-for-outdoor-fixtures\/","title":{"rendered":"LED t\u00e4navavalgusti varrukad v\u00e4litingimustes kasutatavate valgustite jaoks"},"content":{"rendered":"<h2>Toodete \u00fcksikasjad<\/h2>\n<div class=\"product-table\">\n<div class=\"row\">\n<div class=\"cell label\">Hinne<\/div>\n<div class=\"cell value\">6000 seeria<\/div>\n<\/div>\n<div class=\"row\">\n<div class=\"cell label\">Sallivus<\/div>\n<div class=\"cell value\">\u00c2\u00b11%<\/div>\n<\/div>\n<div class=\"row\">\n<div class=\"cell label\">Tarneaeg<\/div>\n<div class=\"cell value\">22-30 p\u00e4eva<\/div>\n<\/div>\n<div class=\"row\">\n<div class=\"cell label\">Temper<\/div>\n<div class=\"cell value\">T3-T8<\/div>\n<\/div>\n<div class=\"row\">\n<div class=\"cell label\">Taotlus<\/div>\n<div class=\"cell value\">Raudtee\/led\/elektroonika\/cpu\/t\u00f6\u00f6stus<\/div>\n<\/div>\n<div class=\"row\">\n<div class=\"cell label\">Kuju<\/div>\n<div class=\"cell value\">kohandatud<\/div>\n<\/div>\n<div class=\"row\">\n<div class=\"cell label\">Sulam v\u00f5i mitte<\/div>\n<div class=\"cell value\">Kas sulam on sulam<\/div>\n<\/div>\n<div class=\"row\">\n<div class=\"cell label\">T\u00f6\u00f6tlemisteenus<\/div>\n<div class=\"cell value\">Painutamine, keevitamine, keevitamine, stantsimine, l\u00f5ikamine<\/div>\n<\/div>\n<div class=\"row\">\n<div class=\"cell label\">Toote nimi<\/div>\n<div class=\"cell value\">Kohandatud alumiiniumprofiil<\/div>\n<\/div>\n<div class=\"row\">\n<div class=\"cell label\">Materjal<\/div>\n<div class=\"cell value\">6063 6061 6005 5083 Alumiiniumsulam<\/div>\n<\/div>\n<div class=\"row\">\n<div class=\"cell label\">V\u00e4rv<\/div>\n<div class=\"cell value\">H\u00f5bedane, must, kuldne must ja nii edasi<\/div>\n<\/div>\n<div class=\"row\">\n<div class=\"cell label\">Pinnat\u00f6\u00f6tlus<\/div>\n<div class=\"cell value\">Mill Finish, anodeerimine, pulberv\u00e4rvimine<\/div>\n<\/div>\n<div class=\"row\">\n<div class=\"cell label\">S\u00fcgav protsess<\/div>\n<div class=\"cell value\">Punching puurimine Precison Cutting CNC<\/div>\n<\/div>\n<div class=\"row\">\n<div class=\"cell label\">kuju<\/div>\n<div class=\"cell value\">Kohandatud<\/div>\n<\/div>\n<div class=\"row\">\n<div class=\"cell label\">Kasutamine<\/div>\n<div class=\"cell value\">Autode raamid ja osad, lennunduse osad, fotogalvaanilised p\u00e4ikesepaneelid<\/div>\n<\/div>\n<div class=\"row\">\n<div class=\"cell label\">N\u00e4ide<\/div>\n<div class=\"cell value\">Tasuta proov<\/div>\n<\/div>\n<div class=\"row\">\n<div class=\"cell label\">Pikkus<\/div>\n<div class=\"cell value\">Kohandatud pikkus<\/div>\n<\/div>\n<div class=\"row\">\n<div class=\"cell label\">Teenus<\/div>\n<div class=\"cell value\">OEM ODM<\/div>\n<\/div>\n<div class=\"row\">\n<div class=\"cell label\">M\u00fc\u00fcvad \u00fcksused<\/div>\n<div class=\"cell value\">\u00dcksik ese<\/div>\n<\/div>\n<div class=\"row\">\n<div class=\"cell label\">\u00dche pakendi suurus<\/div>\n<div class=\"cell value\">30X20X20 cm<\/div>\n<\/div>\n<div class=\"row\">\n<div class=\"cell label\">\u00dchtne brutokaal<\/div>\n<div class=\"cell value\">3.000 KG<\/div>\n<\/div>\n<\/div>\n<p><\/p>\n<h2>Meie tootmisbaas<\/h2>\n<h3>Tehase panoraam<\/h3>\n<p><img decoding=\"async\" src=\"\/wp-content\/uploads\/factory-01.webp\"\/><\/p>\n<h3>Alumiiniumvarraste tootmise t\u00f6\u00f6koda<\/h3>\n<p><img decoding=\"async\" src=\"\/wp-content\/uploads\/factory-02.webp\"\/><\/p>\n<p><img decoding=\"async\" src=\"\/wp-content\/uploads\/factory-03.webp\"\/><\/p>\n<h3>hallituse ladustamise ladu<\/h3>\n<p><img decoding=\"async\" src=\"\/wp-content\/uploads\/factory-04.webp\"\/><\/p>\n<h3>43 alumiiniumi ekstrusiooniliini (500-5500 tonni)<\/h3>\n<p><img decoding=\"async\" src=\"\/wp-content\/uploads\/factory-05.webp\"\/><\/p>\n<p><img decoding=\"async\" src=\"\/wp-content\/uploads\/factory-06.webp\"\/><\/p>\n<p><img decoding=\"async\" src=\"\/wp-content\/uploads\/factory-07.webp\"\/><\/p>\n<h3>Pulberv\u00e4rvimise t\u00f6\u00f6koda<\/h3>\n<p><img decoding=\"async\" src=\"\/wp-content\/uploads\/factory-09.webp\"\/><\/p>\n<h3>Anodiseerimise t\u00f6\u00f6koda<\/h3>\n<p><img decoding=\"async\" src=\"\/wp-content\/uploads\/factory-10.webp\"\/><\/p>\n<h3>S\u00fcgavt\u00f6\u00f6tlemise t\u00f6\u00f6tuba<\/h3>\n<p><img decoding=\"async\" src=\"\/wp-content\/uploads\/factory-11.webp\"\/><\/p>\n<h3>CNC-t\u00e4ppist\u00f6\u00f6tlemise t\u00f6\u00f6koda<\/h3>\n<p><img decoding=\"async\" src=\"\/wp-content\/uploads\/factory-11.5.webp\"\/><\/p>\n<h3>Valmistoodete ja ekspordi ladu<\/h3>\n<p><img decoding=\"async\" src=\"\/wp-content\/uploads\/factory-12.webp\"\/><\/p>\n<p><img decoding=\"async\" src=\"\/wp-content\/uploads\/factory-13.webp\"\/><\/p>\n<p><img decoding=\"async\" src=\"\/wp-content\/uploads\/factory-14.webp\"\/><\/p>\n<h2>KKK<\/h2>\n<p><strong>1. Kas LED-t\u00e4navalaterna varrukad saab kohandada erinevate lambisuuruste jaoks?<\/strong><br \/>Jah, meie varrukaid saab kohandada nii, et need sobiksid mitmesuguste t\u00e4navavalgustite suuruse ja kujuga.<\/p>\n<p><strong>2. Kas varrukad on ilmastikukindlad?<\/strong><br \/>Jah, need on kavandatud taluma erinevaid ilmastikutingimusi, sealhulgas vihma, lund ja UV-kiirgust.<\/p>\n<p><strong>3. Kuidas m\u00f5jutavad LED-t\u00e4navalampide varrukad energiat\u00f5husust?<\/strong><br \/>Meie varrukad parandavad valgusjaotust ja aitavad v\u00e4hendada energiatarbimist, optimeerides lambi j\u00f5udlust.<\/p>\n<p><strong>4. Milliseid materjale kasutatakse varrukate ehitamisel?<\/strong><br \/>Varrukad on valmistatud kvaliteetsetest ja vastupidavatest materjalidest, mis tagavad pikaajalise kaitse.<\/p>\n<p><strong>5. Kas neid LED-t\u00e4navalaternate varrukad on lihtne paigaldada?<\/strong><br \/>Jah, need on m\u00f5eldud kiireks ja lihtsaks paigaldamiseks, et v\u00e4hendada seisakuid.<\/p>\n<p><strong>6. Kas te pakute LED-t\u00e4navalampide varrukate rahvusvahelist tarnet?<\/strong><br \/>Jah, me pakume rahvusvaheliste klientide vajaduste rahuldamiseks \u00fclemaailmseid veoteenuseid.<\/p>\n<p><strong>7. Kas ma saan enne hulgiostu sooritamist tellida LED-t\u00e4navalaterna varrukate n\u00e4idiseid?<\/strong><br \/>Jah, proovitellimused on saadaval, et saaksite hinnata meie toodete kvaliteeti.<\/p>\n<p><\/p>","protected":false},"featured_media":10859,"template":"","categories":[55],"class_list":["post-10906","product","type-product","status-publish","has-post-thumbnail","hentry","category-extruded-aluminum-profiles"],"meta_box":{"hilight_text_group":[{"product_hilight_text":"<li>Provides protection and enhances longevity of LED street lamps<\/li>\n<li>Customizable to fit various lamp sizes and shapes for B2B clients<\/li>\n<li>Manufactured with weather-resistant and durable materials<\/li>\n<li>Supports easy installation to minimize maintenance time and cost<\/li>\n<li>Designed to improve energy efficiency and light distribution<\/li>"}],"feature_list":[]},"_links":{"self":[{"href":"https:\/\/sinoextrud.com\/et\/wp-json\/wp\/v2\/product\/10906","targetHints":{"allow":["GET"]}}],"collection":[{"href":"https:\/\/sinoextrud.com\/et\/wp-json\/wp\/v2\/product"}],"about":[{"href":"https:\/\/sinoextrud.com\/et\/wp-json\/wp\/v2\/types\/product"}],"wp:featuredmedia":[{"embeddable":true,"href":"https:\/\/sinoextrud.com\/et\/wp-json\/wp\/v2\/media\/10859"}],"wp:attachment":[{"href":"https:\/\/sinoextrud.com\/et\/wp-json\/wp\/v2\/media?parent=10906"}],"wp:term":[{"taxonomy":"category","embeddable":true,"href":"https:\/\/sinoextrud.com\/et\/wp-json\/wp\/v2\/categories?post=10906"}],"curies":[{"name":"wp","href":"https:\/\/api.w.org\/{rel}","templated":true}]}}