{"id":10904,"date":"2025-08-01T03:12:11","date_gmt":"2025-08-01T03:12:11","guid":{"rendered":"https:\/\/sinoextrud.com\/product\/led-lamp-aluminum-housing-for-lighting-systems\/"},"modified":"2025-08-01T03:12:11","modified_gmt":"2025-08-01T03:12:11","slug":"led-lampide-alumiiniumist-korpus-valgustussusteemidele","status":"publish","type":"product","link":"https:\/\/sinoextrud.com\/et\/product\/led-lamp-aluminum-housing-for-lighting-systems\/","title":{"rendered":"LED Lamp alumiiniumist korpus valgustuss\u00fcsteemidele"},"content":{"rendered":"<h2>Toodete \u00fcksikasjad<\/h2>\n<div class=\"product-table\">\n<div class=\"row\">\n<div class=\"cell label\">Toote nimi<\/div>\n<div class=\"cell value\">Kohandatud OEM alumiiniumist valatud LED-lampide korpus<\/div>\n<\/div>\n<div class=\"row\">\n<div class=\"cell label\">V\u00e4rv<\/div>\n<div class=\"cell value\">Vastavalt kliendile<\/div>\n<\/div>\n<div class=\"row\">\n<div class=\"cell label\">Materjal<\/div>\n<div class=\"cell value\">Alumiiniumsulam<\/div>\n<\/div>\n<div class=\"row\">\n<div class=\"cell label\">Meetod<\/div>\n<div class=\"cell value\">Suruvalu<\/div>\n<\/div>\n<div class=\"row\">\n<div class=\"cell label\">Logo<\/div>\n<div class=\"cell value\">Kohandatud logo<\/div>\n<\/div>\n<div class=\"row\">\n<div class=\"cell label\">Disainiteenus<\/div>\n<div class=\"cell value\">Vastavalt klientide n\u00f5udmistele<\/div>\n<\/div>\n<div class=\"row\">\n<div class=\"cell label\">L\u00f5peta<\/div>\n<div class=\"cell value\">Pulbriga katmine<\/div>\n<\/div>\n<div class=\"row\">\n<div class=\"cell label\">M\u00e4rks\u00f5nad<\/div>\n<div class=\"cell value\">Led-korpus<\/div>\n<\/div>\n<div class=\"row\">\n<div class=\"cell label\">Sertifikaat<\/div>\n<div class=\"cell value\">ISO9001:2015\/TS16949<\/div>\n<\/div>\n<div class=\"row\">\n<div class=\"cell label\">MOQ<\/div>\n<div class=\"cell value\">100tk<\/div>\n<\/div>\n<div class=\"row\">\n<div class=\"cell label\">M\u00fc\u00fcvad \u00fcksused<\/div>\n<div class=\"cell value\">\u00dcksik ese<\/div>\n<\/div>\n<div class=\"row\">\n<div class=\"cell label\">\u00dche pakendi suurus<\/div>\n<div class=\"cell value\">20X20X10 cm<\/div>\n<\/div>\n<div class=\"row\">\n<div class=\"cell label\">\u00dchtne brutokaal<\/div>\n<div class=\"cell value\">1.500 KG<\/div>\n<\/div>\n<\/div>\n<p><\/p>\n<h2>Meie tootmisbaas<\/h2>\n<h3>Tehase panoraam<\/h3>\n<p><img decoding=\"async\" src=\"\/wp-content\/uploads\/factory-01.webp\"\/><\/p>\n<h3>Alumiiniumvarraste tootmise t\u00f6\u00f6koda<\/h3>\n<p><img decoding=\"async\" src=\"\/wp-content\/uploads\/factory-02.webp\"\/><\/p>\n<p><img decoding=\"async\" src=\"\/wp-content\/uploads\/factory-03.webp\"\/><\/p>\n<h3>hallituse ladustamise ladu<\/h3>\n<p><img decoding=\"async\" src=\"\/wp-content\/uploads\/factory-04.webp\"\/><\/p>\n<h3>43 alumiiniumi ekstrusiooniliini (500-5500 tonni)<\/h3>\n<p><img decoding=\"async\" src=\"\/wp-content\/uploads\/factory-05.webp\"\/><\/p>\n<p><img decoding=\"async\" src=\"\/wp-content\/uploads\/factory-06.webp\"\/><\/p>\n<p><img decoding=\"async\" src=\"\/wp-content\/uploads\/factory-07.webp\"\/><\/p>\n<h3>Pulberv\u00e4rvimise t\u00f6\u00f6koda<\/h3>\n<p><img decoding=\"async\" src=\"\/wp-content\/uploads\/factory-09.webp\"\/><\/p>\n<h3>Anodiseerimise t\u00f6\u00f6koda<\/h3>\n<p><img decoding=\"async\" src=\"\/wp-content\/uploads\/factory-10.webp\"\/><\/p>\n<h3>S\u00fcgavt\u00f6\u00f6tlemise t\u00f6\u00f6tuba<\/h3>\n<p><img decoding=\"async\" src=\"\/wp-content\/uploads\/factory-11.webp\"\/><\/p>\n<h3>CNC-t\u00e4ppist\u00f6\u00f6tlemise t\u00f6\u00f6koda<\/h3>\n<p><img decoding=\"async\" src=\"\/wp-content\/uploads\/factory-11.5.webp\"\/><\/p>\n<h3>Valmistoodete ja ekspordi ladu<\/h3>\n<p><img decoding=\"async\" src=\"\/wp-content\/uploads\/factory-12.webp\"\/><\/p>\n<p><img decoding=\"async\" src=\"\/wp-content\/uploads\/factory-13.webp\"\/><\/p>\n<p><img decoding=\"async\" src=\"\/wp-content\/uploads\/factory-14.webp\"\/><\/p>\n<h2>KKK<\/h2>\n<p><strong>1. Milliseid materjale kasutatakse LED-lampide alumiiniumkorpuses?<\/strong><br \/>Korpus on valmistatud kvaliteetsest alumiiniumist, mis tagab t\u00f5husa soojuse hajutamise.<\/p>\n<p><strong>2. Kas alumiiniumist korpust saab kohandada konkreetsete vajaduste jaoks?<\/strong><br \/>Jah, me pakume kohandamist suuruse, disaini ja viimistluse osas.<\/p>\n<p><strong>3. Kas LED-lampide alumiiniumist korpus sobib v\u00e4litingimustes kasutamiseks?<\/strong><br \/>Jah, vastupidav alumiiniumkonstruktsioon sobib ideaalselt v\u00e4litingimustes kasutamiseks.<\/p>\n<p><strong>4. Kas LED-korpus toetab energiat\u00f5husaid valguslahendusi?<\/strong><br \/>Jah, see on m\u00f5eldud t\u00f6\u00f6tama koos energiat\u00f5husate LED-valgustitega.<\/p>\n<p><strong>5. Millised on alumiiniumi kasutamise eelised LED-lampide korpuse jaoks?<\/strong><br \/>Alumiinium tagab suurep\u00e4rase soojusjuhtimise ja pikaajalise vastupidavuse.<\/p>\n<p><strong>6. Kas ma v\u00f5in tellida proovi enne kogutellimuse tegemist?<\/strong><br \/>Jah, me pakume n\u00e4idiseid, et saaksite hinnata kvaliteeti ja sobivust teie vajadustele.<\/p>\n<p><strong>7. Millised on rahvusvaheliste tellimuste saatmisv\u00f5imalused?<\/strong><br \/>Pakume rahvusvahelist laevandust koos tervikliku logistilise toetusega.<\/p>\n<p><\/p>","protected":false},"featured_media":10860,"template":"","categories":[55],"class_list":["post-10904","product","type-product","status-publish","has-post-thumbnail","hentry","category-extruded-aluminum-profiles"],"meta_box":{"hilight_text_group":[{"product_hilight_text":"<li>Constructed from high-quality aluminum for excellent heat dissipation<\/li>\n<li>Designed for various LED lamp applications across multiple industries<\/li>\n<li>Lightweight yet sturdy construction for enhanced durability<\/li>\n<li>Available in different sizes and finishes for customization<\/li>\n<li>Supports OEM and ODM services for tailored solutions<\/li>"}],"feature_list":[]},"_links":{"self":[{"href":"https:\/\/sinoextrud.com\/et\/wp-json\/wp\/v2\/product\/10904","targetHints":{"allow":["GET"]}}],"collection":[{"href":"https:\/\/sinoextrud.com\/et\/wp-json\/wp\/v2\/product"}],"about":[{"href":"https:\/\/sinoextrud.com\/et\/wp-json\/wp\/v2\/types\/product"}],"wp:featuredmedia":[{"embeddable":true,"href":"https:\/\/sinoextrud.com\/et\/wp-json\/wp\/v2\/media\/10860"}],"wp:attachment":[{"href":"https:\/\/sinoextrud.com\/et\/wp-json\/wp\/v2\/media?parent=10904"}],"wp:term":[{"taxonomy":"category","embeddable":true,"href":"https:\/\/sinoextrud.com\/et\/wp-json\/wp\/v2\/categories?post=10904"}],"curies":[{"name":"wp","href":"https:\/\/api.w.org\/{rel}","templated":true}]}}