{"id":10903,"date":"2025-08-01T03:12:09","date_gmt":"2025-08-01T03:12:09","guid":{"rendered":"https:\/\/sinoextrud.com\/product\/aluminum-extrusion-heat-sink-for-power-modules\/"},"modified":"2025-08-01T03:12:09","modified_gmt":"2025-08-01T03:12:09","slug":"alumiiniumist-ekstrusioonist-soojusalvestus-voimsusmoodulite-jaoks","status":"publish","type":"product","link":"https:\/\/sinoextrud.com\/et\/product\/aluminum-extrusion-heat-sink-for-power-modules\/","title":{"rendered":"Alumiiniumist ekstrusioonist soojusalvestus v\u00f5imsusmoodulite jaoks"},"content":{"rendered":"<h2>Toodete \u00fcksikasjad<\/h2>\n<div class=\"product-table\">\n<div class=\"row\">\n<div class=\"cell label\">Materjal<\/div>\n<div class=\"cell value\">Roostevaba teras\/alumiinium\/SECC\/SGCC<\/div>\n<\/div>\n<div class=\"row\">\n<div class=\"cell label\">Paksus<\/div>\n<div class=\"cell value\">0,08-10 Mm<\/div>\n<\/div>\n<div class=\"row\">\n<div class=\"cell label\">Sallivus<\/div>\n<div class=\"cell value\">0,01-0,1mm<\/div>\n<\/div>\n<div class=\"row\">\n<div class=\"cell label\">Sertifikaat<\/div>\n<div class=\"cell value\">ISO9001:2015<\/div>\n<\/div>\n<div class=\"row\">\n<div class=\"cell label\">L\u00f5peta<\/div>\n<div class=\"cell value\">Anodeerimine, v\u00e4rvimine, pulberv\u00e4rvimine, tsingiga kaetud<\/div>\n<\/div>\n<div class=\"row\">\n<div class=\"cell label\">Joonistamise vorming<\/div>\n<div class=\"cell value\">2D\/(PDF\/CAD)3D(IGES\/STEP)<\/div>\n<\/div>\n<div class=\"row\">\n<div class=\"cell label\">Kasutamine<\/div>\n<div class=\"cell value\">Metallist tarvikud<\/div>\n<\/div>\n<div class=\"row\">\n<div class=\"cell label\">Protsess<\/div>\n<div class=\"cell value\">Tembeldamine<\/div>\n<\/div>\n<div class=\"row\">\n<div class=\"cell label\">MOQ<\/div>\n<div class=\"cell value\">1 PCS<\/div>\n<\/div>\n<div class=\"row\">\n<div class=\"cell label\">M\u00fc\u00fcvad \u00fcksused<\/div>\n<div class=\"cell value\">\u00dcksik ese<\/div>\n<\/div>\n<div class=\"row\">\n<div class=\"cell label\">\u00dche pakendi suurus<\/div>\n<div class=\"cell value\">45X36X30 cm<\/div>\n<\/div>\n<div class=\"row\">\n<div class=\"cell label\">\u00dchtne brutokaal<\/div>\n<div class=\"cell value\">0,300 KG<\/div>\n<\/div>\n<\/div>\n<p><\/p>\n<h2>Meie tootmisbaas<\/h2>\n<h3>Tehase panoraam<\/h3>\n<p><img decoding=\"async\" src=\"\/wp-content\/uploads\/factory-01.webp\"\/><\/p>\n<h3>Alumiiniumvarraste tootmise t\u00f6\u00f6koda<\/h3>\n<p><img decoding=\"async\" src=\"\/wp-content\/uploads\/factory-02.webp\"\/><\/p>\n<p><img decoding=\"async\" src=\"\/wp-content\/uploads\/factory-03.webp\"\/><\/p>\n<h3>hallituse ladustamise ladu<\/h3>\n<p><img decoding=\"async\" src=\"\/wp-content\/uploads\/factory-04.webp\"\/><\/p>\n<h3>43 alumiiniumi ekstrusiooniliini (500-5500 tonni)<\/h3>\n<p><img decoding=\"async\" src=\"\/wp-content\/uploads\/factory-05.webp\"\/><\/p>\n<p><img decoding=\"async\" src=\"\/wp-content\/uploads\/factory-06.webp\"\/><\/p>\n<p><img decoding=\"async\" src=\"\/wp-content\/uploads\/factory-07.webp\"\/><\/p>\n<h3>Pulberv\u00e4rvimise t\u00f6\u00f6koda<\/h3>\n<p><img decoding=\"async\" src=\"\/wp-content\/uploads\/factory-09.webp\"\/><\/p>\n<h3>Anodiseerimise t\u00f6\u00f6koda<\/h3>\n<p><img decoding=\"async\" src=\"\/wp-content\/uploads\/factory-10.webp\"\/><\/p>\n<h3>S\u00fcgavt\u00f6\u00f6tlemise t\u00f6\u00f6tuba<\/h3>\n<p><img decoding=\"async\" src=\"\/wp-content\/uploads\/factory-11.webp\"\/><\/p>\n<h3>CNC-t\u00e4ppist\u00f6\u00f6tlemise t\u00f6\u00f6koda<\/h3>\n<p><img decoding=\"async\" src=\"\/wp-content\/uploads\/factory-11.5.webp\"\/><\/p>\n<h3>Valmistoodete ja ekspordi ladu<\/h3>\n<p><img decoding=\"async\" src=\"\/wp-content\/uploads\/factory-12.webp\"\/><\/p>\n<p><img decoding=\"async\" src=\"\/wp-content\/uploads\/factory-13.webp\"\/><\/p>\n<p><img decoding=\"async\" src=\"\/wp-content\/uploads\/factory-14.webp\"\/><\/p>\n<h2>KKK<\/h2>\n<p><strong>1. Milleks kasutatakse alumiiniumist ekstrusioonk\u00fcttepiire?<\/strong><br \/>Seda kasutatakse elektroonikakomponentide soojuse hajutamiseks, suurendades nende j\u00f5udlust ja pikaealisust.<\/p>\n<p><strong>2. Kas jahutuselemendi suurust saab kohandada?<\/strong><br \/>Jah, me saame kohandada suurust ja profiili vastavalt teie erin\u00f5uetele.<\/p>\n<p><strong>3. Kas alumiinium on hea materjal jahutusradiaatorite jaoks?<\/strong><br \/>Jah, alumiinium on suurep\u00e4rane soojusjuht, mist\u00f5ttu on see ideaalne soojusjuhtide jaoks.<\/p>\n<p><strong>4. Kuidas parandab alumiiniumist ekstrusioonk\u00fctteallikas j\u00f5udlust?<\/strong><br \/>See hajutab t\u00f5husalt soojust, v\u00e4ltides \u00fclekuumenemist ja elektroonika v\u00f5imalikku kahjustamist.<\/p>\n<p><strong>5. Kas need jahutusradiaatorid sobivad t\u00f6\u00f6stuslike rakenduste jaoks?<\/strong><br \/>Jah, need on kavandatud vastama erinevate t\u00f6\u00f6stus- ja \u00e4rirakenduste n\u00f5udmistele.<\/p>\n<p><strong>6. Milline on tellimuse t\u00fc\u00fcpiline tarneaeg?<\/strong><br \/>Tarneaeg on erinev, tavaliselt 2 kuni 4 n\u00e4dalat, s\u00f5ltuvalt kogusest ja kohandamisest.<\/p>\n<p><strong>7. Kas te pakute toetust rahvusvahelisele laevandusele?<\/strong><br \/>Jah, me pakume igak\u00fclgset logistilist tuge rahvusvahelistele tellimustele.<\/p>\n<p><\/p>","protected":false},"featured_media":10741,"template":"","categories":[72],"class_list":["post-10903","product","type-product","status-publish","has-post-thumbnail","hentry","category-extruded-aluminum-heatsink"],"meta_box":{"hilight_text_group":[{"product_hilight_text":"<li>Enhanced thermal performance for efficient heat dissipation<\/li>\n<li>Customizable dimensions and profiles for specific applications<\/li>\n<li>Lightweight yet durable construction for ease of installation<\/li>\n<li>Suitable for various electronics and industrial equipment<\/li>\n<li>Corrosion-resistant aluminum material for longevity<\/li>"}],"feature_list":[]},"_links":{"self":[{"href":"https:\/\/sinoextrud.com\/et\/wp-json\/wp\/v2\/product\/10903","targetHints":{"allow":["GET"]}}],"collection":[{"href":"https:\/\/sinoextrud.com\/et\/wp-json\/wp\/v2\/product"}],"about":[{"href":"https:\/\/sinoextrud.com\/et\/wp-json\/wp\/v2\/types\/product"}],"wp:featuredmedia":[{"embeddable":true,"href":"https:\/\/sinoextrud.com\/et\/wp-json\/wp\/v2\/media\/10741"}],"wp:attachment":[{"href":"https:\/\/sinoextrud.com\/et\/wp-json\/wp\/v2\/media?parent=10903"}],"wp:term":[{"taxonomy":"category","embeddable":true,"href":"https:\/\/sinoextrud.com\/et\/wp-json\/wp\/v2\/categories?post=10903"}],"curies":[{"name":"wp","href":"https:\/\/api.w.org\/{rel}","templated":true}]}}