{"id":10898,"date":"2025-08-01T03:11:57","date_gmt":"2025-08-01T03:11:57","guid":{"rendered":"https:\/\/sinoextrud.com\/product\/aluminum-battery-casing-for-power-modules\/"},"modified":"2025-08-01T03:11:57","modified_gmt":"2025-08-01T03:11:57","slug":"alumiiniumist-aku-korpus-toiteallikate-jaoks","status":"publish","type":"product","link":"https:\/\/sinoextrud.com\/et\/product\/aluminum-battery-casing-for-power-modules\/","title":{"rendered":"Alumiiniumist akukestad toitemoodulite jaoks"},"content":{"rendered":"<h2>Toodete \u00fcksikasjad<\/h2>\n<div class=\"product-table\">\n<div class=\"row\">\n<div class=\"cell label\">Aku t\u00fc\u00fcp<\/div>\n<div class=\"cell value\">Prismaatiline<\/div>\n<\/div>\n<div class=\"row\">\n<div class=\"cell label\">V\u00f5imsus<\/div>\n<div class=\"cell value\">\/<\/div>\n<\/div>\n<div class=\"row\">\n<div class=\"cell label\">Maksimaalne koormus Kogus (rakud)<\/div>\n<div class=\"cell value\">\/<\/div>\n<\/div>\n<div class=\"row\">\n<div class=\"cell label\">Aku juhtimiss\u00fcsteem<\/div>\n<div class=\"cell value\">N<\/div>\n<\/div>\n<div class=\"row\">\n<div class=\"cell label\">Aku suurus<\/div>\n<div class=\"cell value\">\/<\/div>\n<\/div>\n<div class=\"row\">\n<div class=\"cell label\">Toote nimi<\/div>\n<div class=\"cell value\">72174207 Alumiiniumist korpus<\/div>\n<\/div>\n<div class=\"row\">\n<div class=\"cell label\">Suurus<\/div>\n<div class=\"cell value\">72174207<\/div>\n<\/div>\n<div class=\"row\">\n<div class=\"cell label\">Materjal<\/div>\n<div class=\"cell value\">Alumiinium<\/div>\n<\/div>\n<div class=\"row\">\n<div class=\"cell label\">Moq<\/div>\n<div class=\"cell value\">10sets<\/div>\n<\/div>\n<div class=\"row\">\n<div class=\"cell label\">Taotlus<\/div>\n<div class=\"cell value\">P\u00e4ikeseenergia salvestuss\u00fcsteemid<\/div>\n<\/div>\n<div class=\"row\">\n<div class=\"cell label\">M\u00fc\u00fcvad \u00fcksused<\/div>\n<div class=\"cell value\">\u00dcksik ese<\/div>\n<\/div>\n<\/div>\n<p><\/p>\n<h2>Meie tootmisbaas<\/h2>\n<h3>Tehase panoraam<\/h3>\n<p><img decoding=\"async\" src=\"\/wp-content\/uploads\/factory-01.webp\"\/><\/p>\n<h3>Alumiiniumvarraste tootmise t\u00f6\u00f6koda<\/h3>\n<p><img decoding=\"async\" src=\"\/wp-content\/uploads\/factory-02.webp\"\/><\/p>\n<p><img decoding=\"async\" src=\"\/wp-content\/uploads\/factory-03.webp\"\/><\/p>\n<h3>hallituse ladustamise ladu<\/h3>\n<p><img decoding=\"async\" src=\"\/wp-content\/uploads\/factory-04.webp\"\/><\/p>\n<h3>43 alumiiniumi ekstrusiooniliini (500-5500 tonni)<\/h3>\n<p><img decoding=\"async\" src=\"\/wp-content\/uploads\/factory-05.webp\"\/><\/p>\n<p><img decoding=\"async\" src=\"\/wp-content\/uploads\/factory-06.webp\"\/><\/p>\n<p><img decoding=\"async\" src=\"\/wp-content\/uploads\/factory-07.webp\"\/><\/p>\n<h3>Pulberv\u00e4rvimise t\u00f6\u00f6koda<\/h3>\n<p><img decoding=\"async\" src=\"\/wp-content\/uploads\/factory-09.webp\"\/><\/p>\n<h3>Anodiseerimise t\u00f6\u00f6koda<\/h3>\n<p><img decoding=\"async\" src=\"\/wp-content\/uploads\/factory-10.webp\"\/><\/p>\n<h3>S\u00fcgavt\u00f6\u00f6tlemise t\u00f6\u00f6tuba<\/h3>\n<p><img decoding=\"async\" src=\"\/wp-content\/uploads\/factory-11.webp\"\/><\/p>\n<h3>CNC-t\u00e4ppist\u00f6\u00f6tlemise t\u00f6\u00f6koda<\/h3>\n<p><img decoding=\"async\" src=\"\/wp-content\/uploads\/factory-11.5.webp\"\/><\/p>\n<h3>Valmistoodete ja ekspordi ladu<\/h3>\n<p><img decoding=\"async\" src=\"\/wp-content\/uploads\/factory-12.webp\"\/><\/p>\n<p><img decoding=\"async\" src=\"\/wp-content\/uploads\/factory-13.webp\"\/><\/p>\n<p><img decoding=\"async\" src=\"\/wp-content\/uploads\/factory-14.webp\"\/><\/p>\n<h2>KKK<\/h2>\n<p><strong>1. Milliseid materjale kasutatakse alumiiniumist akukarbis?<\/strong><br \/>Korpus on valmistatud kvaliteetsest alumiiniumist, mis tagab vastupidavuse ja kerguse.<\/p>\n<p><strong>2. Kas alumiiniumist akukesta saab suuruse j\u00e4rgi kohandada?<\/strong><br \/>Jah, suurusi saab kohandada vastavalt kliendi spetsifikatsioonidele lahtiste tellimuste puhul.<\/p>\n<p><strong>3. Kas alumiiniumist akukest sobib elektriautode akude jaoks?<\/strong><br \/>Jah, see on m\u00f5eldud erinevate akut\u00fc\u00fcpide, sealhulgas elektris\u00f5idukite akude jaoks.<\/p>\n<p><strong>4. Kas korpus pakub soojusjuhtimise eeliseid?<\/strong><br \/>Jah, alumiiniummaterjal pakub suurep\u00e4raseid soojusjuhtimisomadusi, mis aitavad reguleerida aku temperatuuri.<\/p>\n<p><strong>5. Kas kliendid saavad oma kaubam\u00e4rgi logo alumiiniumist akukarbile kanda?<\/strong><br \/>Jah, OEM-tellimuste puhul on v\u00f5imalik kasutada br\u00e4ndi kujundamise v\u00f5imalusi, n\u00e4iteks logo tr\u00fckkimist.<\/p>\n<p><strong>6. Kas korrosioonikindlus on alumiiniumist akukorpuse omadus?<\/strong><br \/>Jah, see on v\u00e4ga korrosioonikindel, pikendades korpuse eluiga.<\/p>\n<p><strong>7. Kas te pakute alumiiniumist akukorpuse rahvusvahelist saatmist?<\/strong><br \/>Jah, me pakume rahvusvahelist laevandust koos tervikliku logistilise toetusega.<\/p>\n<p><\/p>","protected":false},"featured_media":10837,"template":"","categories":[68],"class_list":["post-10898","product","type-product","status-publish","has-post-thumbnail","hentry","category-cnc-machining-aluminum-profile"],"meta_box":{"hilight_text_group":[{"product_hilight_text":"<li>Engineered to provide superior protection and performance<\/li>\n<li>Lightweight design suitable for a variety of battery types<\/li>\n<li>Customizable size and finish to meet specific B2B requirements<\/li>\n<li>Designed for efficient thermal management<\/li>\n<li>Durable and resistant to corrosion and impacts<\/li>"}],"feature_list":[]},"_links":{"self":[{"href":"https:\/\/sinoextrud.com\/et\/wp-json\/wp\/v2\/product\/10898","targetHints":{"allow":["GET"]}}],"collection":[{"href":"https:\/\/sinoextrud.com\/et\/wp-json\/wp\/v2\/product"}],"about":[{"href":"https:\/\/sinoextrud.com\/et\/wp-json\/wp\/v2\/types\/product"}],"wp:featuredmedia":[{"embeddable":true,"href":"https:\/\/sinoextrud.com\/et\/wp-json\/wp\/v2\/media\/10837"}],"wp:attachment":[{"href":"https:\/\/sinoextrud.com\/et\/wp-json\/wp\/v2\/media?parent=10898"}],"wp:term":[{"taxonomy":"category","embeddable":true,"href":"https:\/\/sinoextrud.com\/et\/wp-json\/wp\/v2\/categories?post=10898"}],"curies":[{"name":"wp","href":"https:\/\/api.w.org\/{rel}","templated":true}]}}