{"id":10897,"date":"2025-08-01T03:11:55","date_gmt":"2025-08-01T03:11:55","guid":{"rendered":"https:\/\/sinoextrud.com\/product\/gold-anodized-aluminum-phone-holder\/"},"modified":"2025-08-01T03:11:55","modified_gmt":"2025-08-01T03:11:55","slug":"kullast-anodeeritud-alumiiniumist-telefonihoidja","status":"publish","type":"product","link":"https:\/\/sinoextrud.com\/et\/product\/gold-anodized-aluminum-phone-holder\/","title":{"rendered":"Kuldne anodeeritud alumiiniumist telefonihoidja"},"content":{"rendered":"<h2>Toodete \u00fcksikasjad<\/h2>\n<div class=\"product-table\">\n<div class=\"row\">\n<div class=\"cell label\">struktuur<\/div>\n<div class=\"cell value\">\u00dchepoolne klamber<\/div>\n<\/div>\n<div class=\"row\">\n<div class=\"cell label\">standardne v\u00f5i mittestandardne<\/div>\n<div class=\"cell value\">Standard<\/div>\n<\/div>\n<div class=\"row\">\n<div class=\"cell label\">Toote nimi<\/div>\n<div class=\"cell value\">Alumiiniumist mobiiltelefoni laua stendi hoidja v\u00f5i tahvelarvuti klamber<\/div>\n<\/div>\n<div class=\"row\">\n<div class=\"cell label\">Punkti<\/div>\n<div class=\"cell value\">metallist telefonihoidja<\/div>\n<\/div>\n<div class=\"row\">\n<div class=\"cell label\">Suurus<\/div>\n<div class=\"cell value\">Kliendi soov<\/div>\n<\/div>\n<div class=\"row\">\n<div class=\"cell label\">Sertifikaat<\/div>\n<div class=\"cell value\">ISO9001:2008<\/div>\n<\/div>\n<div class=\"row\">\n<div class=\"cell label\">Tehnoloogia<\/div>\n<div class=\"cell value\">13 aastat kogemust<\/div>\n<\/div>\n<div class=\"row\">\n<div class=\"cell label\">Teenus<\/div>\n<div class=\"cell value\">Kohandatud OEM<\/div>\n<\/div>\n<div class=\"row\">\n<div class=\"cell label\">Materjal<\/div>\n<div class=\"cell value\">alumiinium<\/div>\n<\/div>\n<div class=\"row\">\n<div class=\"cell label\">L\u00f5peta<\/div>\n<div class=\"cell value\">anodeeritud<\/div>\n<\/div>\n<div class=\"row\">\n<div class=\"cell label\">Protsess<\/div>\n<div class=\"cell value\">tembeldamine<\/div>\n<\/div>\n<div class=\"row\">\n<div class=\"cell label\">Sertifitseerimine<\/div>\n<div class=\"cell value\">ISO9001<\/div>\n<\/div>\n<div class=\"row\">\n<div class=\"cell label\">Pakendi \u00fcksikasjad<\/div>\n<div class=\"cell value\">Tehase otsem\u00fc\u00fck metallist stantsimine anodeeritud alumiiniumist Cell mobiiltelefoni tabelis seisma hoidja v\u00f5i Tablet Bracket<\/div>\n<\/div>\n<div class=\"row\">\n<div class=\"cell label\">L\u00e4hetussadam<\/div>\n<div class=\"cell value\">xiamen<\/div>\n<\/div>\n<div class=\"row\">\n<div class=\"cell label\">M\u00fc\u00fcvad \u00fcksused<\/div>\n<div class=\"cell value\">\u00dcksik ese<\/div>\n<\/div>\n<div class=\"row\">\n<div class=\"cell label\">\u00dche pakendi suurus<\/div>\n<div class=\"cell value\">12X11X8 cm<\/div>\n<\/div>\n<div class=\"row\">\n<div class=\"cell label\">\u00dchtne brutokaal<\/div>\n<div class=\"cell value\">0,080 KG<\/div>\n<\/div>\n<div class=\"row\">\n<div class=\"cell label\">Pakkumise v\u00f5ime<\/div>\n<div class=\"cell value\">100000 t\u00fckki kuus<\/div>\n<\/div>\n<\/div>\n<p><\/p>\n<h2>Meie tootmisbaas<\/h2>\n<h3>Tehase panoraam<\/h3>\n<p><img decoding=\"async\" src=\"\/wp-content\/uploads\/factory-01.webp\"\/><\/p>\n<h3>Alumiiniumvarraste tootmise t\u00f6\u00f6koda<\/h3>\n<p><img decoding=\"async\" src=\"\/wp-content\/uploads\/factory-02.webp\"\/><\/p>\n<p><img decoding=\"async\" src=\"\/wp-content\/uploads\/factory-03.webp\"\/><\/p>\n<h3>hallituse ladustamise ladu<\/h3>\n<p><img decoding=\"async\" src=\"\/wp-content\/uploads\/factory-04.webp\"\/><\/p>\n<h3>43 alumiiniumi ekstrusiooniliini (500-5500 tonni)<\/h3>\n<p><img decoding=\"async\" src=\"\/wp-content\/uploads\/factory-05.webp\"\/><\/p>\n<p><img decoding=\"async\" src=\"\/wp-content\/uploads\/factory-06.webp\"\/><\/p>\n<p><img decoding=\"async\" src=\"\/wp-content\/uploads\/factory-07.webp\"\/><\/p>\n<h3>Pulberv\u00e4rvimise t\u00f6\u00f6koda<\/h3>\n<p><img decoding=\"async\" src=\"\/wp-content\/uploads\/factory-09.webp\"\/><\/p>\n<h3>Anodiseerimise t\u00f6\u00f6koda<\/h3>\n<p><img decoding=\"async\" src=\"\/wp-content\/uploads\/factory-10.webp\"\/><\/p>\n<h3>S\u00fcgavt\u00f6\u00f6tlemise t\u00f6\u00f6tuba<\/h3>\n<p><img decoding=\"async\" src=\"\/wp-content\/uploads\/factory-11.webp\"\/><\/p>\n<h3>CNC-t\u00e4ppist\u00f6\u00f6tlemise t\u00f6\u00f6koda<\/h3>\n<p><img decoding=\"async\" src=\"\/wp-content\/uploads\/factory-11.5.webp\"\/><\/p>\n<h3>Valmistoodete ja ekspordi ladu<\/h3>\n<p><img decoding=\"async\" src=\"\/wp-content\/uploads\/factory-12.webp\"\/><\/p>\n<p><img decoding=\"async\" src=\"\/wp-content\/uploads\/factory-13.webp\"\/><\/p>\n<p><img decoding=\"async\" src=\"\/wp-content\/uploads\/factory-14.webp\"\/><\/p>\n<h2>KKK<\/h2>\n<p><strong>1. Kas kullast anodeeritud alumiiniumist telefonihoidja on reguleeritav?<\/strong><br \/>Jah, sellel on reguleeritav nurk, et saavutada parim vaatamisasend.<\/p>\n<p><strong>2. Millised telefonid sobivad selle hoidjaga?<\/strong><br \/>Hoidja on m\u00f5eldud enamiku nutitelefonide mudelite jaoks.<\/p>\n<p><strong>3. Kas telefonihoidja libiseb kergesti pindadel?<\/strong><br \/>Ei, sellel on libisemisvastane alus, mis tagab stabiilsuse erinevatel pindadel.<\/p>\n<p><strong>4. Kas telefonihoidikut saab kasutada nii p\u00fcst- kui ka r\u00f5htvaates?<\/strong><br \/>Jah, see toetab nii portree- kui ka maastikulist orientatsiooni.<\/p>\n<p><strong>5. Kas kullast anodeeritud alumiiniumist telefonihoidja on vastupidav?<\/strong><br \/>Jah, see on valmistatud vastupidavast kullaga anodeeritud alumiiniumist, mis tagab pikemaajalise kasutamise.<\/p>\n<p><strong>6. Kas hoidja j\u00e4tab telefonile kriimustusi?<\/strong><br \/>Ei, sellel on kaitsev polster, et v\u00e4ltida telefoni kriimustusi.<\/p>\n<p><strong>7. Kas ma saan telefoni hoidikut kasutada telefoni laadimise ajal?<\/strong><br \/>Jah, see on loodud nii, et laadimisportidele on lihtne juurdep\u00e4\u00e4s.<\/p>\n<p><\/p>","protected":false},"featured_media":10864,"template":"","categories":[68],"class_list":["post-10897","product","type-product","status-publish","has-post-thumbnail","hentry","category-cnc-machining-aluminum-profile"],"meta_box":{"hilight_text_group":[{"product_hilight_text":"<li>Constructed from durable gold anodized aluminum for long-lasting use<\/li>\n<li>Stylish design that complements any workspace or environment<\/li>\n<li>Adjustable angle to provide the best viewing experience<\/li>\n<li>Non-slip base to ensure the phone holder stays securely in place<\/li>\n<li>Compatible with a wide range of smartphone models<\/li>"}],"feature_list":[]},"_links":{"self":[{"href":"https:\/\/sinoextrud.com\/et\/wp-json\/wp\/v2\/product\/10897","targetHints":{"allow":["GET"]}}],"collection":[{"href":"https:\/\/sinoextrud.com\/et\/wp-json\/wp\/v2\/product"}],"about":[{"href":"https:\/\/sinoextrud.com\/et\/wp-json\/wp\/v2\/types\/product"}],"wp:featuredmedia":[{"embeddable":true,"href":"https:\/\/sinoextrud.com\/et\/wp-json\/wp\/v2\/media\/10864"}],"wp:attachment":[{"href":"https:\/\/sinoextrud.com\/et\/wp-json\/wp\/v2\/media?parent=10897"}],"wp:term":[{"taxonomy":"category","embeddable":true,"href":"https:\/\/sinoextrud.com\/et\/wp-json\/wp\/v2\/categories?post=10897"}],"curies":[{"name":"wp","href":"https:\/\/api.w.org\/{rel}","templated":true}]}}