{"id":10894,"date":"2025-08-01T03:11:48","date_gmt":"2025-08-01T03:11:48","guid":{"rendered":"https:\/\/sinoextrud.com\/product\/aluminium-profile-heatsink-for-custom-enclosures\/"},"modified":"2025-08-01T03:11:48","modified_gmt":"2025-08-01T03:11:48","slug":"alumiiniumprofiiliga-jahutusplaat-kohandatud-korpuste-jaoks","status":"publish","type":"product","link":"https:\/\/sinoextrud.com\/et\/product\/aluminium-profile-heatsink-for-custom-enclosures\/","title":{"rendered":"Alumiiniumprofiiliga jahutusplaat kohandatud korpuste jaoks"},"content":{"rendered":"<h2>Toodete \u00fcksikasjad<\/h2>\n<div class=\"product-table\">\n<div class=\"row\">\n<div class=\"cell label\">Hinne<\/div>\n<div class=\"cell value\">6000 seeria<\/div>\n<\/div>\n<div class=\"row\">\n<div class=\"cell label\">Sallivus<\/div>\n<div class=\"cell value\">\u00c2\u00b11%<\/div>\n<\/div>\n<div class=\"row\">\n<div class=\"cell label\">Tarneaeg<\/div>\n<div class=\"cell value\">22-30 p\u00e4eva<\/div>\n<\/div>\n<div class=\"row\">\n<div class=\"cell label\">Temper<\/div>\n<div class=\"cell value\">T3-T8<\/div>\n<\/div>\n<div class=\"row\">\n<div class=\"cell label\">Taotlus<\/div>\n<div class=\"cell value\">led\/elektroonika\/cpu\/t\u00f6\u00f6stus<\/div>\n<\/div>\n<div class=\"row\">\n<div class=\"cell label\">Kuju<\/div>\n<div class=\"cell value\">kohandatud<\/div>\n<\/div>\n<div class=\"row\">\n<div class=\"cell label\">Sulam v\u00f5i mitte<\/div>\n<div class=\"cell value\">Kas sulam on sulam<\/div>\n<\/div>\n<div class=\"row\">\n<div class=\"cell label\">T\u00f6\u00f6tlemisteenus<\/div>\n<div class=\"cell value\">Painutamine, keevitamine, keevitamine, stantsimine, l\u00f5ikamine<\/div>\n<\/div>\n<div class=\"row\">\n<div class=\"cell label\">Toote nimi<\/div>\n<div class=\"cell value\">Kohandatud alumiiniumist jahutusplaat<\/div>\n<\/div>\n<div class=\"row\">\n<div class=\"cell label\">Materjal<\/div>\n<div class=\"cell value\">6063 6061 6005 Alumiiniumsulam<\/div>\n<\/div>\n<div class=\"row\">\n<div class=\"cell label\">V\u00e4rv<\/div>\n<div class=\"cell value\">H\u00f5bedane, must, kuldne must ja nii edasi<\/div>\n<\/div>\n<div class=\"row\">\n<div class=\"cell label\">Pinnat\u00f6\u00f6tlus<\/div>\n<div class=\"cell value\">Mill Finish, anodeerimine, pulberv\u00e4rvimine<\/div>\n<\/div>\n<div class=\"row\">\n<div class=\"cell label\">Sertifitseerimine<\/div>\n<div class=\"cell value\">ISO9001:2008<\/div>\n<\/div>\n<div class=\"row\">\n<div class=\"cell label\">kuju<\/div>\n<div class=\"cell value\">Kohandatud<\/div>\n<\/div>\n<div class=\"row\">\n<div class=\"cell label\">Kasutamine<\/div>\n<div class=\"cell value\">Led\/elektroonika\/elektroonika\/pu\/t\u00f6\u00f6stus<\/div>\n<\/div>\n<div class=\"row\">\n<div class=\"cell label\">N\u00e4ide<\/div>\n<div class=\"cell value\">Tasuta proov<\/div>\n<\/div>\n<div class=\"row\">\n<div class=\"cell label\">Pikkus<\/div>\n<div class=\"cell value\">Kohandatud pikkus<\/div>\n<\/div>\n<div class=\"row\">\n<div class=\"cell label\">Teenus<\/div>\n<div class=\"cell value\">OEM ODM<\/div>\n<\/div>\n<div class=\"row\">\n<div class=\"cell label\">M\u00fc\u00fcvad \u00fcksused<\/div>\n<div class=\"cell value\">\u00dcksik ese<\/div>\n<\/div>\n<div class=\"row\">\n<div class=\"cell label\">\u00dche pakendi suurus<\/div>\n<div class=\"cell value\">30X20X20 cm<\/div>\n<\/div>\n<div class=\"row\">\n<div class=\"cell label\">\u00dchtne brutokaal<\/div>\n<div class=\"cell value\">3.000 KG<\/div>\n<\/div>\n<\/div>\n<p><\/p>\n<h2>Meie tootmisbaas<\/h2>\n<h3>Tehase panoraam<\/h3>\n<p><img decoding=\"async\" src=\"\/wp-content\/uploads\/factory-01.webp\"\/><\/p>\n<h3>Alumiiniumvarraste tootmise t\u00f6\u00f6koda<\/h3>\n<p><img decoding=\"async\" src=\"\/wp-content\/uploads\/factory-02.webp\"\/><\/p>\n<p><img decoding=\"async\" src=\"\/wp-content\/uploads\/factory-03.webp\"\/><\/p>\n<h3>hallituse ladustamise ladu<\/h3>\n<p><img decoding=\"async\" src=\"\/wp-content\/uploads\/factory-04.webp\"\/><\/p>\n<h3>43 alumiiniumi ekstrusiooniliini (500-5500 tonni)<\/h3>\n<p><img decoding=\"async\" src=\"\/wp-content\/uploads\/factory-05.webp\"\/><\/p>\n<p><img decoding=\"async\" src=\"\/wp-content\/uploads\/factory-06.webp\"\/><\/p>\n<p><img decoding=\"async\" src=\"\/wp-content\/uploads\/factory-07.webp\"\/><\/p>\n<h3>Pulberv\u00e4rvimise t\u00f6\u00f6koda<\/h3>\n<p><img decoding=\"async\" src=\"\/wp-content\/uploads\/factory-09.webp\"\/><\/p>\n<h3>Anodiseerimise t\u00f6\u00f6koda<\/h3>\n<p><img decoding=\"async\" src=\"\/wp-content\/uploads\/factory-10.webp\"\/><\/p>\n<h3>S\u00fcgavt\u00f6\u00f6tlemise t\u00f6\u00f6tuba<\/h3>\n<p><img decoding=\"async\" src=\"\/wp-content\/uploads\/factory-11.webp\"\/><\/p>\n<h3>CNC-t\u00e4ppist\u00f6\u00f6tlemise t\u00f6\u00f6koda<\/h3>\n<p><img decoding=\"async\" src=\"\/wp-content\/uploads\/factory-11.5.webp\"\/><\/p>\n<h3>Valmistoodete ja ekspordi ladu<\/h3>\n<p><img decoding=\"async\" src=\"\/wp-content\/uploads\/factory-12.webp\"\/><\/p>\n<p><img decoding=\"async\" src=\"\/wp-content\/uploads\/factory-13.webp\"\/><\/p>\n<p><img decoding=\"async\" src=\"\/wp-content\/uploads\/factory-14.webp\"\/><\/p>\n<h2>KKK<\/h2>\n<p><strong>1. Milliseid materjale kasutatakse alumiiniumprofiiliga jahutusradiaatoris?<\/strong><br \/>Jahutusradiaatorid on valmistatud peamiselt kvaliteetsest alumiiniumist, mis on tuntud oma suurep\u00e4rase soojusjuhtivuse ja kerguse poolest.<\/p>\n<p><strong>2. Kas alumiiniumprofiiliga jahutusradiaatorit saab kohandada vastavalt konkreetsetele vajadustele?<\/strong><br \/>Jah, me pakume kohandamisv\u00f5imalusi m\u00f5\u00f5tmete, kuju ja viimistluse osas.<\/p>\n<p><strong>3. Kas alumiiniumprofiiliga jahutusplaat sobib suure v\u00f5imsusega rakenduste jaoks?<\/strong><br \/>Jah, selle t\u00f5hus soojusjuhtimine muudab selle ideaalseks mitmesuguste suure v\u00f5imsusega elektroonikaseadmete jaoks.<\/p>\n<p><strong>4. Kas alumiiniumprofiiliga jahutusplaat toetab br\u00e4ndimist?<\/strong><br \/>Saadaval on br\u00e4ndimise v\u00f5imalused; saate lisada logod ja kohandatud kujunduse hulgitellimuste puhul.<\/p>\n<p><strong>5. Kas kohandatud jahutusradade puhul on minimaalsed tellimusn\u00f5uded?<\/strong><br \/>MOQ s\u00f5ltub spetsifikatsioonidest, kuid tavaliselt algab kohandatud tellimuste puhul 100 \u00fchikust.<\/p>\n<p><strong>6. Kas alumiiniumprofiiliga jahutusplaat on keskkonnas\u00f5bralik?<\/strong><br \/>Jah, see on valmistatud taaskasutatavatest materjalidest, toetades s\u00e4\u00e4stvaid tavasid.<\/p>\n<p><strong>7. Kas te pakute abi alumiiniumprofiiliga jahutusradade rahvusvahelisel kohaletoimetamisel?<\/strong><br \/>Jah, me pakume \u00fclemaailmseid veolahendusi ja tegeleme kogu vajaliku ekspordidokumentatsiooniga.<\/p>\n<p><\/p>","protected":false},"featured_media":10736,"template":"","categories":[72],"class_list":["post-10894","product","type-product","status-publish","has-post-thumbnail","hentry","category-extruded-aluminum-heatsink"],"meta_box":{"hilight_text_group":[{"product_hilight_text":"<li>Efficient thermal management for electronic devices<\/li>\n<li>Lightweight and corrosion-resistant aluminium material<\/li>\n<li>Customizable dimensions to fit specific device requirements<\/li>\n<li>Supports OEM and ODM customization options<\/li>\n<li>Sustainable and recyclable material choice<\/li>"}],"feature_list":[]},"_links":{"self":[{"href":"https:\/\/sinoextrud.com\/et\/wp-json\/wp\/v2\/product\/10894","targetHints":{"allow":["GET"]}}],"collection":[{"href":"https:\/\/sinoextrud.com\/et\/wp-json\/wp\/v2\/product"}],"about":[{"href":"https:\/\/sinoextrud.com\/et\/wp-json\/wp\/v2\/types\/product"}],"wp:featuredmedia":[{"embeddable":true,"href":"https:\/\/sinoextrud.com\/et\/wp-json\/wp\/v2\/media\/10736"}],"wp:attachment":[{"href":"https:\/\/sinoextrud.com\/et\/wp-json\/wp\/v2\/media?parent=10894"}],"wp:term":[{"taxonomy":"category","embeddable":true,"href":"https:\/\/sinoextrud.com\/et\/wp-json\/wp\/v2\/categories?post=10894"}],"curies":[{"name":"wp","href":"https:\/\/api.w.org\/{rel}","templated":true}]}}