{"id":10892,"date":"2025-08-01T03:11:43","date_gmt":"2025-08-01T03:11:43","guid":{"rendered":"https:\/\/sinoextrud.com\/product\/aluminium-heat-sink-for-superconducting-applications\/"},"modified":"2025-08-01T03:11:43","modified_gmt":"2025-08-01T03:11:43","slug":"alumiiniumist-soojusalvesti-ulijuhtivate-rakenduste-jaoks","status":"publish","type":"product","link":"https:\/\/sinoextrud.com\/et\/product\/aluminium-heat-sink-for-superconducting-applications\/","title":{"rendered":"Alumiiniumist soojusalvesti \u00fclijuhtivate rakenduste jaoks"},"content":{"rendered":"<h2>Toodete \u00fcksikasjad<\/h2>\n<div class=\"product-table\">\n<div class=\"row\">\n<div class=\"cell label\">Hinne<\/div>\n<div class=\"cell value\">6000 seeria<\/div>\n<\/div>\n<div class=\"row\">\n<div class=\"cell label\">Sallivus<\/div>\n<div class=\"cell value\">\u00c2\u00b110%<\/div>\n<\/div>\n<div class=\"row\">\n<div class=\"cell label\">Tarneaeg<\/div>\n<div class=\"cell value\">31-45 p\u00e4eva<\/div>\n<\/div>\n<div class=\"row\">\n<div class=\"cell label\">Temper<\/div>\n<div class=\"cell value\">T3-T8<\/div>\n<\/div>\n<div class=\"row\">\n<div class=\"cell label\">Taotlus<\/div>\n<div class=\"cell value\">Soojusp\u00fc\u00fcdja<\/div>\n<\/div>\n<div class=\"row\">\n<div class=\"cell label\">Kuju<\/div>\n<div class=\"cell value\">korter<\/div>\n<\/div>\n<div class=\"row\">\n<div class=\"cell label\">Sulam v\u00f5i mitte<\/div>\n<div class=\"cell value\">Mitteseotud<\/div>\n<\/div>\n<div class=\"row\">\n<div class=\"cell label\">T\u00f6\u00f6tlemisteenus<\/div>\n<div class=\"cell value\">Painutamine, keevitamine, keevitamine, stantsimine, l\u00f5ikamine<\/div>\n<\/div>\n<div class=\"row\">\n<div class=\"cell label\">Toote nimi<\/div>\n<div class=\"cell value\">Kohandatud veejahutusplaat Alumiiniumist vedeliku k\u00fclm plaat<\/div>\n<\/div>\n<div class=\"row\">\n<div class=\"cell label\">Materjal<\/div>\n<div class=\"cell value\">6063 alumiiniumisulam<\/div>\n<\/div>\n<div class=\"row\">\n<div class=\"cell label\">MOQ<\/div>\n<div class=\"cell value\">1tk<\/div>\n<\/div>\n<div class=\"row\">\n<div class=\"cell label\">Kasutamine<\/div>\n<div class=\"cell value\">vesijahutuss\u00fcsteem<\/div>\n<\/div>\n<div class=\"row\">\n<div class=\"cell label\">Sertifitseerimine<\/div>\n<div class=\"cell value\">ISO 9001\/ROHS<\/div>\n<\/div>\n<div class=\"row\">\n<div class=\"cell label\">Suurus<\/div>\n<div class=\"cell value\">Klientide joonistus<\/div>\n<\/div>\n<div class=\"row\">\n<div class=\"cell label\">M\u00e4rks\u00f5na<\/div>\n<div class=\"cell value\">jahutatud jahutusradiaator, veek\u00fclmutusplaat, vedelikjahutusplaat, veeplokk<\/div>\n<\/div>\n<div class=\"row\">\n<div class=\"cell label\">Pakett<\/div>\n<div class=\"cell value\">kohandatud pakend<\/div>\n<\/div>\n<div class=\"row\">\n<div class=\"cell label\">Tarneaeg<\/div>\n<div class=\"cell value\">20-45 p\u00e4eva<\/div>\n<\/div>\n<div class=\"row\">\n<div class=\"cell label\">Valmistamine<\/div>\n<div class=\"cell value\">CNC mehaaniline t\u00f6\u00f6tlemine jne<\/div>\n<\/div>\n<div class=\"row\">\n<div class=\"cell label\">M\u00fc\u00fcvad \u00fcksused<\/div>\n<div class=\"cell value\">\u00dcksik ese<\/div>\n<\/div>\n<div class=\"row\">\n<div class=\"cell label\">\u00dche pakendi suurus<\/div>\n<div class=\"cell value\">35X30X2 cm<\/div>\n<\/div>\n<div class=\"row\">\n<div class=\"cell label\">\u00dchtne brutokaal<\/div>\n<div class=\"cell value\">1.200 KG<\/div>\n<\/div>\n<\/div>\n<p><\/p>\n<h2>Meie tootmisbaas<\/h2>\n<h3>Tehase panoraam<\/h3>\n<p><img decoding=\"async\" src=\"\/wp-content\/uploads\/factory-01.webp\"\/><\/p>\n<h3>Alumiiniumvarraste tootmise t\u00f6\u00f6koda<\/h3>\n<p><img decoding=\"async\" src=\"\/wp-content\/uploads\/factory-02.webp\"\/><\/p>\n<p><img decoding=\"async\" src=\"\/wp-content\/uploads\/factory-03.webp\"\/><\/p>\n<h3>hallituse ladustamise ladu<\/h3>\n<p><img decoding=\"async\" src=\"\/wp-content\/uploads\/factory-04.webp\"\/><\/p>\n<h3>43 alumiiniumi ekstrusiooniliini (500-5500 tonni)<\/h3>\n<p><img decoding=\"async\" src=\"\/wp-content\/uploads\/factory-05.webp\"\/><\/p>\n<p><img decoding=\"async\" src=\"\/wp-content\/uploads\/factory-06.webp\"\/><\/p>\n<p><img decoding=\"async\" src=\"\/wp-content\/uploads\/factory-07.webp\"\/><\/p>\n<h3>Pulberv\u00e4rvimise t\u00f6\u00f6koda<\/h3>\n<p><img decoding=\"async\" src=\"\/wp-content\/uploads\/factory-09.webp\"\/><\/p>\n<h3>Anodiseerimise t\u00f6\u00f6koda<\/h3>\n<p><img decoding=\"async\" src=\"\/wp-content\/uploads\/factory-10.webp\"\/><\/p>\n<h3>S\u00fcgavt\u00f6\u00f6tlemise t\u00f6\u00f6tuba<\/h3>\n<p><img decoding=\"async\" src=\"\/wp-content\/uploads\/factory-11.webp\"\/><\/p>\n<h3>CNC-t\u00e4ppist\u00f6\u00f6tlemise t\u00f6\u00f6koda<\/h3>\n<p><img decoding=\"async\" src=\"\/wp-content\/uploads\/factory-11.5.webp\"\/><\/p>\n<h3>Valmistoodete ja ekspordi ladu<\/h3>\n<p><img decoding=\"async\" src=\"\/wp-content\/uploads\/factory-12.webp\"\/><\/p>\n<p><img decoding=\"async\" src=\"\/wp-content\/uploads\/factory-13.webp\"\/><\/p>\n<p><img decoding=\"async\" src=\"\/wp-content\/uploads\/factory-14.webp\"\/><\/p>\n<h2>KKK<\/h2>\n<p><strong>1. Milline on alumiiniumist soojusalvesti esmane funktsioon?<\/strong><br \/>Selle esmane \u00fclesanne on soojuse t\u00f5hus hajutamine \u00fclijuhtivate rakenduste puhul.<\/p>\n<p><strong>2. Kas alumiiniumist jahutusradiaatorit saab kohandada konkreetsete n\u00f5uete jaoks?<\/strong><br \/>Jah, seda saab kohandada vastavalt konkreetsele suurusele ja termilistele spetsifikatsioonidele.<\/p>\n<p><strong>3. Kas see alumiiniumist jahutusradiaator sobib igat t\u00fc\u00fcpi \u00fclijuhtivate s\u00fcsteemide jaoks?<\/strong><br \/>See on m\u00f5eldud keskmise temperatuuriga \u00fclijuhtivate s\u00fcsteemide jaoks, kuid seda saab kohandada ka muud t\u00fc\u00fcpi s\u00fcsteemide jaoks.<\/p>\n<p><strong>4. Kas see toetab integratsiooni olemasolevate jahutuss\u00fcsteemidega?<\/strong><br \/>Jah, see \u00fchildub erinevate jahutuss\u00fcsteemide ja vedelike sujuvaks integreerimiseks.<\/p>\n<p><strong>5. Milliseid materjale kasutatakse alumiiniumist jahutusaluses?<\/strong><br \/>See on valmistatud kvaliteetsest alumiiniumist, mis tagab suurep\u00e4rase soojusjuhtivuse ja korrosioonikindluse.<\/p>\n<p><strong>6. Kuidas aitab alumiiniumist jahutusalus kaasa s\u00fcsteemi t\u00f5hususele?<\/strong><br \/>T\u00f5husalt soojust hajutades suurendab see \u00fclijuhtivate s\u00fcsteemide \u00fcldist j\u00f5udlust ja usaldusv\u00e4\u00e4rsust.<\/p>\n<p><strong>7. Kas pakute tehnilist tuge paigaldamisel?<\/strong><br \/>Jah, k\u00f5ikeh\u00f5lmav paigaldus ja tehniline tugi on saadaval k\u00f5igile klientidele.<\/p>\n<p><\/p>","protected":false},"featured_media":10734,"template":"","categories":[72],"class_list":["post-10892","product","type-product","status-publish","has-post-thumbnail","hentry","category-extruded-aluminum-heatsink"],"meta_box":{"hilight_text_group":[{"product_hilight_text":"<li>Efficient thermal management for superconducting applications<\/li>\n<li>Customizable design to fit specific system requirements<\/li>\n<li>Lightweight construction for easy installation and handling<\/li>\n<li>Corrosion-resistant materials for long-term performance<\/li>\n<li>Compatible with various cooling fluids and systems<\/li>"}],"feature_list":[]},"_links":{"self":[{"href":"https:\/\/sinoextrud.com\/et\/wp-json\/wp\/v2\/product\/10892","targetHints":{"allow":["GET"]}}],"collection":[{"href":"https:\/\/sinoextrud.com\/et\/wp-json\/wp\/v2\/product"}],"about":[{"href":"https:\/\/sinoextrud.com\/et\/wp-json\/wp\/v2\/types\/product"}],"wp:featuredmedia":[{"embeddable":true,"href":"https:\/\/sinoextrud.com\/et\/wp-json\/wp\/v2\/media\/10734"}],"wp:attachment":[{"href":"https:\/\/sinoextrud.com\/et\/wp-json\/wp\/v2\/media?parent=10892"}],"wp:term":[{"taxonomy":"category","embeddable":true,"href":"https:\/\/sinoextrud.com\/et\/wp-json\/wp\/v2\/categories?post=10892"}],"curies":[{"name":"wp","href":"https:\/\/api.w.org\/{rel}","templated":true}]}}