{"id":10889,"date":"2025-08-01T03:11:36","date_gmt":"2025-08-01T03:11:36","guid":{"rendered":"https:\/\/sinoextrud.com\/product\/computer-stand-aluminum-heat-sink-for-cooling\/"},"modified":"2025-08-01T03:11:36","modified_gmt":"2025-08-01T03:11:36","slug":"arvuti-stendi-alumiiniumist-jahutusradiaator-jahutamiseks","status":"publish","type":"product","link":"https:\/\/sinoextrud.com\/et\/product\/computer-stand-aluminum-heat-sink-for-cooling\/","title":{"rendered":"Arvuti aluse alumiiniumist soojusalvestus jahutamiseks"},"content":{"rendered":"<h2>Toodete \u00fcksikasjad<\/h2>\n<div class=\"product-table\">\n<div class=\"row\">\n<div class=\"cell label\">t\u00fc\u00fcp<\/div>\n<div class=\"cell value\">Heatsink<\/div>\n<\/div>\n<div class=\"row\">\n<div class=\"cell label\">taotlus<\/div>\n<div class=\"cell value\">Puudub<\/div>\n<\/div>\n<div class=\"row\">\n<div class=\"cell label\">ventilaatori suurus<\/div>\n<div class=\"cell value\">Puudub<\/div>\n<\/div>\n<div class=\"row\">\n<div class=\"cell label\">v\u00f5imsus<\/div>\n<div class=\"cell value\">Puudub<\/div>\n<\/div>\n<div class=\"row\">\n<div class=\"cell label\">\u00f5humaht<\/div>\n<div class=\"cell value\">Puudub<\/div>\n<\/div>\n<div class=\"row\">\n<div class=\"cell label\">jahutusplaadi materjal<\/div>\n<div class=\"cell value\">Vask ja alumiinium<\/div>\n<\/div>\n<div class=\"row\">\n<div class=\"cell label\">elektriliides<\/div>\n<div class=\"cell value\">Puudub<\/div>\n<\/div>\n<div class=\"row\">\n<div class=\"cell label\">m\u00fcra<\/div>\n<div class=\"cell value\">Puudub<\/div>\n<\/div>\n<div class=\"row\">\n<div class=\"cell label\">ventilaatori kiiruse reguleerimine<\/div>\n<div class=\"cell value\">Puudub<\/div>\n<\/div>\n<div class=\"row\">\n<div class=\"cell label\">Materjal<\/div>\n<div class=\"cell value\">Alumiinium ja vask<\/div>\n<\/div>\n<div class=\"row\">\n<div class=\"cell label\">L\u00f5peta<\/div>\n<div class=\"cell value\">Erinevad anodiseerimine\/politseerimine\/harjamine\/katmine<\/div>\n<\/div>\n<div class=\"row\">\n<div class=\"cell label\">Kasutamine<\/div>\n<div class=\"cell value\">Kuumuse dispassion<\/div>\n<\/div>\n<div class=\"row\">\n<div class=\"cell label\">Suurus<\/div>\n<div class=\"cell value\">25*25*25\/ kliendi soovil<\/div>\n<\/div>\n<div class=\"row\">\n<div class=\"cell label\">V\u00e4rv<\/div>\n<div class=\"cell value\">H\u00f5bedane\/punane\/must\/kohandatud v\u00e4rv<\/div>\n<\/div>\n<div class=\"row\">\n<div class=\"cell label\">T\u00f6\u00f6tlemisteenus<\/div>\n<div class=\"cell value\">Painutamine, keevitamine, keevitamine, stantsimine, l\u00f5ikamine<\/div>\n<\/div>\n<div class=\"row\">\n<div class=\"cell label\">Teenus<\/div>\n<div class=\"cell value\">OEM&amp;ODM<\/div>\n<\/div>\n<div class=\"row\">\n<div class=\"cell label\">Hinne<\/div>\n<div class=\"cell value\">6000 seeria, 6063\/6061\/661\/6005\/6060 T5\/T6<\/div>\n<\/div>\n<div class=\"row\">\n<div class=\"cell label\">S\u00fcgav protsess<\/div>\n<div class=\"cell value\">CNC all<\/div>\n<\/div>\n<div class=\"row\">\n<div class=\"cell label\">L\u00e4hetussadam<\/div>\n<div class=\"cell value\">Shenzhen<\/div>\n<\/div>\n<div class=\"row\">\n<div class=\"cell label\">M\u00fc\u00fcvad \u00fcksused<\/div>\n<div class=\"cell value\">\u00dcksik ese<\/div>\n<\/div>\n<div class=\"row\">\n<div class=\"cell label\">\u00dche pakendi suurus<\/div>\n<div class=\"cell value\">25X25X25 cm<\/div>\n<\/div>\n<div class=\"row\">\n<div class=\"cell label\">\u00dchtne brutokaal<\/div>\n<div class=\"cell value\">0,600 KG<\/div>\n<\/div>\n<div class=\"row\">\n<div class=\"cell label\">Pakkumise v\u00f5ime<\/div>\n<div class=\"cell value\">30000 t\u00fckki n\u00e4dalas<\/div>\n<\/div>\n<\/div>\n<p><\/p>\n<h2>Meie tootmisbaas<\/h2>\n<h3>Tehase panoraam<\/h3>\n<p><img decoding=\"async\" src=\"\/wp-content\/uploads\/factory-01.webp\"\/><\/p>\n<h3>Alumiiniumvarraste tootmise t\u00f6\u00f6koda<\/h3>\n<p><img decoding=\"async\" src=\"\/wp-content\/uploads\/factory-02.webp\"\/><\/p>\n<p><img decoding=\"async\" src=\"\/wp-content\/uploads\/factory-03.webp\"\/><\/p>\n<h3>hallituse ladustamise ladu<\/h3>\n<p><img decoding=\"async\" src=\"\/wp-content\/uploads\/factory-04.webp\"\/><\/p>\n<h3>43 alumiiniumi ekstrusiooniliini (500-5500 tonni)<\/h3>\n<p><img decoding=\"async\" src=\"\/wp-content\/uploads\/factory-05.webp\"\/><\/p>\n<p><img decoding=\"async\" src=\"\/wp-content\/uploads\/factory-06.webp\"\/><\/p>\n<p><img decoding=\"async\" src=\"\/wp-content\/uploads\/factory-07.webp\"\/><\/p>\n<h3>Pulberv\u00e4rvimise t\u00f6\u00f6koda<\/h3>\n<p><img decoding=\"async\" src=\"\/wp-content\/uploads\/factory-09.webp\"\/><\/p>\n<h3>Anodiseerimise t\u00f6\u00f6koda<\/h3>\n<p><img decoding=\"async\" src=\"\/wp-content\/uploads\/factory-10.webp\"\/><\/p>\n<h3>S\u00fcgavt\u00f6\u00f6tlemise t\u00f6\u00f6tuba<\/h3>\n<p><img decoding=\"async\" src=\"\/wp-content\/uploads\/factory-11.webp\"\/><\/p>\n<h3>CNC-t\u00e4ppist\u00f6\u00f6tlemise t\u00f6\u00f6koda<\/h3>\n<p><img decoding=\"async\" src=\"\/wp-content\/uploads\/factory-11.5.webp\"\/><\/p>\n<h3>Valmistoodete ja ekspordi ladu<\/h3>\n<p><img decoding=\"async\" src=\"\/wp-content\/uploads\/factory-12.webp\"\/><\/p>\n<p><img decoding=\"async\" src=\"\/wp-content\/uploads\/factory-13.webp\"\/><\/p>\n<p><img decoding=\"async\" src=\"\/wp-content\/uploads\/factory-14.webp\"\/><\/p>\n<h2>KKK<\/h2>\n<p><strong>1. Millise suurusega s\u00fclearvutid sobivad selle arvutialusega?<\/strong><br \/>See statiiv sobib enamiku standardsete s\u00fclearvutite suurustega.<\/p>\n<p><strong>2. Kuidas parandab alumiiniumist jahutusradiaator arvuti j\u00f5udlust?<\/strong><br \/>Alumiiniumist jahutusradiaator parandab soojuse hajutamist, hoides seadmeid jahedamatena ja suurendades nende j\u00f5udlust.<\/p>\n<p><strong>3. Kas stendi saab kasutada kaubanduslikel eesm\u00e4rkidel?<\/strong><br \/>Jah, see on m\u00f5eldud nii isiklikuks kui ka professionaalseks kasutamiseks.<\/p>\n<p><strong>4. Kas on v\u00f5imalik kohandada arvuti stendi meie ettev\u00f5tte jaoks?<\/strong><br \/>Jah, saadaval on ettev\u00f5tte br\u00e4ndi kujundamise v\u00f5imalused, n\u00e4iteks logo tr\u00fckkimine.<\/p>\n<p><strong>5. Kas arvutialus toetab ergonoomilist kasutamist?<\/strong><br \/>Jah, selle ergonoomiline disain soodustab paremat kehahoiakut kasutamise ajal.<\/p>\n<p><strong>6. Millisest materjalist on valmistatud arvutialus?<\/strong><br \/>Statiiv on valmistatud kvaliteetsest alumiiniumist, mis tagab suurema vastupidavuse.<\/p>\n<p><strong>7. Kas te pakute lahtiste tellimuste puhul rahvusvahelist kohaletoimetamist?<\/strong><br \/>Jah, rahvusvaheline tarne on saadaval ja me saame aidata vajaliku logistikaga.<\/p>\n<p><\/p>","protected":false},"featured_media":10868,"template":"","categories":[55],"class_list":["post-10889","product","type-product","status-publish","has-post-thumbnail","hentry","category-extruded-aluminum-profiles"],"meta_box":{"hilight_text_group":[{"product_hilight_text":"<li>Enhanced heat dissipation to improve computer performance<\/li>\n<li>Durable aluminum construction for long-lasting use<\/li>\n<li>Ergonomic design to promote better posture<\/li>\n<li>Compatible with a wide range of laptop sizes<\/li>\n<li>Customizable design for corporate branding needs<\/li>"}],"feature_list":[]},"_links":{"self":[{"href":"https:\/\/sinoextrud.com\/et\/wp-json\/wp\/v2\/product\/10889","targetHints":{"allow":["GET"]}}],"collection":[{"href":"https:\/\/sinoextrud.com\/et\/wp-json\/wp\/v2\/product"}],"about":[{"href":"https:\/\/sinoextrud.com\/et\/wp-json\/wp\/v2\/types\/product"}],"wp:featuredmedia":[{"embeddable":true,"href":"https:\/\/sinoextrud.com\/et\/wp-json\/wp\/v2\/media\/10868"}],"wp:attachment":[{"href":"https:\/\/sinoextrud.com\/et\/wp-json\/wp\/v2\/media?parent=10889"}],"wp:term":[{"taxonomy":"category","embeddable":true,"href":"https:\/\/sinoextrud.com\/et\/wp-json\/wp\/v2\/categories?post=10889"}],"curies":[{"name":"wp","href":"https:\/\/api.w.org\/{rel}","templated":true}]}}