{"id":10887,"date":"2025-08-01T03:08:26","date_gmt":"2025-08-01T03:08:26","guid":{"rendered":"https:\/\/sinoextrud.com\/product\/precision-gold-anodized-aluminum-package-box\/"},"modified":"2025-08-01T03:08:57","modified_gmt":"2025-08-01T03:08:57","slug":"tapne-kullast-anodeeritud-alumiiniumist-pakendikarp","status":"publish","type":"product","link":"https:\/\/sinoextrud.com\/et\/product\/precision-gold-anodized-aluminum-package-box\/","title":{"rendered":"T\u00e4pne kullatud anodeeritud alumiiniumist pakendikarp"},"content":{"rendered":"<h2>Toodete \u00fcksikasjad<\/h2>\n<div class=\"product-table\">\n<div class=\"row\">\n<div class=\"cell label\">CNC-t\u00f6\u00f6tlus v\u00f5i mitte<\/div>\n<div class=\"cell value\">Cnc mehaaniline t\u00f6\u00f6tlemine<\/div>\n<\/div>\n<div class=\"row\">\n<div class=\"cell label\">Materjalide v\u00f5imekus<\/div>\n<div class=\"cell value\">Alumiinium, messing, pronks, vask, karastatud metallid, v\u00e4\u00e4rismetallid, roostevaba teras, terasesulamid, plastmassid<\/div>\n<\/div>\n<div class=\"row\">\n<div class=\"cell label\">T\u00fc\u00fcp<\/div>\n<div class=\"cell value\">Freesimine, Puurimine, Keemiline s\u00f6\u00f6vitus \/ keemiline t\u00f6\u00f6tlemine, Lasert\u00f6\u00f6tlus, Freesimine, Muud t\u00f6\u00f6tlemisteenused, Treimine, S\u00f6\u00f6vitust\u00f6\u00f6d, Kiirprotot\u00fc\u00fcpide valmistamine<\/div>\n<\/div>\n<div class=\"row\">\n<div class=\"cell label\">Mikrot\u00f6\u00f6tlemine v\u00f5i mitte<\/div>\n<div class=\"cell value\">Mitte mikrot\u00f6\u00f6tlus<\/div>\n<\/div>\n<div class=\"row\">\n<div class=\"cell label\">Punkti<\/div>\n<div class=\"cell value\">CNC mehaaniline freesimine metallist korpus<\/div>\n<\/div>\n<div class=\"row\">\n<div class=\"cell label\">Ettev\u00f5tte ohutus<\/div>\n<div class=\"cell value\">NDA kaitstud, online kaubanduse kindlustamise tellimus<\/div>\n<\/div>\n<div class=\"row\">\n<div class=\"cell label\">Meie t\u00f6\u00f6kohad<\/div>\n<div class=\"cell value\">Kohandatud metallitootmine<\/div>\n<\/div>\n<div class=\"row\">\n<div class=\"cell label\">Materjalide v\u00f5imekus<\/div>\n<div class=\"cell value\">Teras, roostevaba teras, alumiinium, vask, messing, tsinksulam, titaan jne.<\/div>\n<\/div>\n<div class=\"row\">\n<div class=\"cell label\">T\u00f6\u00f6tlemine<\/div>\n<div class=\"cell value\">Tembeldamine, s\u00fcgav t\u00f5mbamine, CNC-t\u00f6\u00f6tlemine, treimine, keevitamine, survevalu jne.<\/div>\n<\/div>\n<div class=\"row\">\n<div class=\"cell label\">Pinna t\u00f6\u00f6tlemine<\/div>\n<div class=\"cell value\">Pulbriga katmine, poleerimine, harjamine, katmine, anodeerimine, PVD-kate jne.<\/div>\n<\/div>\n<div class=\"row\">\n<div class=\"cell label\">Sertifikaadid<\/div>\n<div class=\"cell value\">ISO9001:2008,TS16949,ROHS<\/div>\n<\/div>\n<div class=\"row\">\n<div class=\"cell label\">Kohandatud teenus<\/div>\n<div class=\"cell value\">OEM ODM<\/div>\n<\/div>\n<div class=\"row\">\n<div class=\"cell label\">Teenindatavad t\u00f6\u00f6stusharud<\/div>\n<div class=\"cell value\">Autot\u00f6\u00f6stus, ehitus, HAVC, seadmed, meditsiin, elektrooniline, masin jne.<\/div>\n<\/div>\n<div class=\"row\">\n<div class=\"cell label\">Kvaliteedikontroll<\/div>\n<div class=\"cell value\">100% Range kontroll algusest l\u00f5puni<\/div>\n<\/div>\n<div class=\"row\">\n<div class=\"cell label\">M\u00fc\u00fcvad \u00fcksused<\/div>\n<div class=\"cell value\">\u00dcksik ese<\/div>\n<\/div>\n<div class=\"row\">\n<div class=\"cell label\">\u00dche pakendi suurus<\/div>\n<div class=\"cell value\">12X6X2 cm<\/div>\n<\/div>\n<div class=\"row\">\n<div class=\"cell label\">\u00dchtne brutokaal<\/div>\n<div class=\"cell value\">0,100 KG<\/div>\n<\/div>\n<\/div>\n<p><\/p>\n<h2>Meie tootmisbaas<\/h2>\n<h3>Tehase panoraam<\/h3>\n<p><img decoding=\"async\" src=\"\/wp-content\/uploads\/factory-01.webp\"\/><\/p>\n<h3>Alumiiniumvarraste tootmise t\u00f6\u00f6koda<\/h3>\n<p><img decoding=\"async\" src=\"\/wp-content\/uploads\/factory-02.webp\"\/><\/p>\n<\/p>\n<p><img decoding=\"async\" src=\"\/wp-content\/uploads\/factory-03.webp\"\/><\/p>\n<h3>hallituse ladustamise ladu<\/h3>\n<p><img decoding=\"async\" src=\"\/wp-content\/uploads\/factory-04.webp\"\/><\/p>\n<h3>43 alumiiniumi ekstrusiooniliini (500-5500 tonni)<\/h3>\n<p><img decoding=\"async\" src=\"\/wp-content\/uploads\/factory-05.webp\"\/><\/p>\n<p><img decoding=\"async\" src=\"\/wp-content\/uploads\/factory-06.webp\"\/><\/p>\n<p><img decoding=\"async\" src=\"\/wp-content\/uploads\/factory-07.webp\"\/><\/p>\n<h3>Pulberv\u00e4rvimise t\u00f6\u00f6koda<\/h3>\n<p><img decoding=\"async\" src=\"\/wp-content\/uploads\/factory-09.webp\"\/><\/p>\n<h3>Anodiseerimise t\u00f6\u00f6koda<\/h3>\n<p><img decoding=\"async\" src=\"\/wp-content\/uploads\/factory-10.webp\"\/><\/p>\n<h3>S\u00fcgavt\u00f6\u00f6tlemise t\u00f6\u00f6tuba<\/h3>\n<p><img decoding=\"async\" src=\"\/wp-content\/uploads\/factory-11.webp\"\/><\/p>\n<h3>CNC-t\u00e4ppist\u00f6\u00f6tlemise t\u00f6\u00f6koda<\/h3>\n<p><img decoding=\"async\" src=\"\/wp-content\/uploads\/factory-11.5.webp\"\/><\/p>\n<h3>Valmistoodete ja ekspordi ladu<\/h3>\n<p><img decoding=\"async\" src=\"\/wp-content\/uploads\/factory-12.webp\"\/><\/p>\n<p><img decoding=\"async\" src=\"\/wp-content\/uploads\/factory-13.webp\"\/><\/p>\n<p><img decoding=\"async\" src=\"\/wp-content\/uploads\/factory-14.webp\"\/><\/p>\n<h2>KKK<\/h2>\n<p><strong>1. Mis on kasti peamine materjal?<\/strong><br \/>Karbi on valmistatud kvaliteetsest kullaga anodeeritud alumiiniumist, mis tagab vastupidavuse ja esteetilise v\u00e4limuse.<\/p>\n<p><strong>2. Kas kasti suurust saab kohandada?<\/strong><br \/>Jah, me pakume kohandatavaid m\u00f5\u00f5tmeid, mis sobivad erinevate tootevajadustega.<\/p>\n<p><strong>3. Kas see toode sobib luksusbr\u00e4ndidele?<\/strong><br \/>Kindlasti on see t\u00e4nu k\u00f5rgekvaliteedilisele viimistlusele ja tugevale konstruktsioonile ideaalne luksuspakendite jaoks.<\/p>\n<p><strong>4. Kas anodeeritud viimistlus pakub korrosioonikindlust?<\/strong><br \/>Jah, kuldne anodeeritud viimistlus tagab suurep\u00e4rase korrosioonikindluse.<\/p>\n<p><strong>5. Kas me saame lisada oma logo kasti?<\/strong><br \/>Jah, logo kohandamine on saadaval hulgitellimuste puhul, et suurendada br\u00e4ndi n\u00e4htavust.<\/p>\n<p><strong>6. Kas see toode on saadaval erinevates v\u00e4rvides?<\/strong><br \/>Kuigi kuld on standard, on soovi korral saadaval ka kohandatud v\u00e4rvivalikud.<\/p>\n<p><strong>7. Kas te pakute keskkonnas\u00f5braliku pakendi v\u00f5imalusi?<\/strong><br \/>Jah, keskkonnas\u00f5bralikke pakendilahendusi saab arutada, et t\u00e4ita keskkonnastandardeid.<\/p>\n<p><\/p>","protected":false},"featured_media":10870,"template":"","categories":[68],"class_list":["post-10887","product","type-product","status-publish","has-post-thumbnail","hentry","category-cnc-machining-aluminum-profile"],"meta_box":{"hilight_text_group":[],"feature_list":[]},"_links":{"self":[{"href":"https:\/\/sinoextrud.com\/et\/wp-json\/wp\/v2\/product\/10887","targetHints":{"allow":["GET"]}}],"collection":[{"href":"https:\/\/sinoextrud.com\/et\/wp-json\/wp\/v2\/product"}],"about":[{"href":"https:\/\/sinoextrud.com\/et\/wp-json\/wp\/v2\/types\/product"}],"wp:featuredmedia":[{"embeddable":true,"href":"https:\/\/sinoextrud.com\/et\/wp-json\/wp\/v2\/media\/10870"}],"wp:attachment":[{"href":"https:\/\/sinoextrud.com\/et\/wp-json\/wp\/v2\/media?parent=10887"}],"wp:term":[{"taxonomy":"category","embeddable":true,"href":"https:\/\/sinoextrud.com\/et\/wp-json\/wp\/v2\/categories?post=10887"}],"curies":[{"name":"wp","href":"https:\/\/api.w.org\/{rel}","templated":true}]}}