{"id":10886,"date":"2025-08-01T03:08:24","date_gmt":"2025-08-01T03:08:24","guid":{"rendered":"https:\/\/sinoextrud.com\/product\/aluminium-end-plate-for-ev-battery-modules\/"},"modified":"2025-08-01T03:08:24","modified_gmt":"2025-08-01T03:08:24","slug":"alumiiniumist-otsaplaat-ev-akumoodulite-jaoks","status":"publish","type":"product","link":"https:\/\/sinoextrud.com\/et\/product\/aluminium-end-plate-for-ev-battery-modules\/","title":{"rendered":"Alumiiniumist l\u00f5pp-plaat EV akumoodulite jaoks"},"content":{"rendered":"<h2>Toodete \u00fcksikasjad<\/h2>\n<div class=\"product-table\">\n<div class=\"row\">\n<div class=\"cell label\">Hinne<\/div>\n<div class=\"cell value\">6063 seeria<\/div>\n<\/div>\n<div class=\"row\">\n<div class=\"cell label\">Sallivus<\/div>\n<div class=\"cell value\">\u00c2\u00b11%<\/div>\n<\/div>\n<div class=\"row\">\n<div class=\"cell label\">Tarneaeg<\/div>\n<div class=\"cell value\">8-14 p\u00e4eva<\/div>\n<\/div>\n<div class=\"row\">\n<div class=\"cell label\">Temper<\/div>\n<div class=\"cell value\">O-H112<\/div>\n<\/div>\n<div class=\"row\">\n<div class=\"cell label\">T\u00fc\u00fcp<\/div>\n<div class=\"cell value\">Alumiiniumplaat<\/div>\n<\/div>\n<div class=\"row\">\n<div class=\"cell label\">Taotlus<\/div>\n<div class=\"cell value\">Liitium aku moodulipakett<\/div>\n<\/div>\n<div class=\"row\">\n<div class=\"cell label\">Laius<\/div>\n<div class=\"cell value\">175mm<\/div>\n<\/div>\n<div class=\"row\">\n<div class=\"cell label\">Pinnat\u00f6\u00f6tlus<\/div>\n<div class=\"cell value\">plasti pihustamine v\u00f5i liivapritsimine<\/div>\n<\/div>\n<div class=\"row\">\n<div class=\"cell label\">Sulam v\u00f5i mitte<\/div>\n<div class=\"cell value\">Kas sulam on sulam<\/div>\n<\/div>\n<div class=\"row\">\n<div class=\"cell label\">Toote nimi<\/div>\n<div class=\"cell value\">Alumiiniumsulamist otsaplaat<\/div>\n<\/div>\n<div class=\"row\">\n<div class=\"cell label\">Materjal<\/div>\n<div class=\"cell value\">Alumiiniumsulam<\/div>\n<\/div>\n<div class=\"row\">\n<div class=\"cell label\">Suurus<\/div>\n<div class=\"cell value\">16.7*175*19.5mm<\/div>\n<\/div>\n<div class=\"row\">\n<div class=\"cell label\">M\u00fc\u00fcvad \u00fcksused<\/div>\n<div class=\"cell value\">\u00dcksik ese<\/div>\n<\/div>\n<\/div>\n<p><\/p>\n<h2>Meie tootmisbaas<\/h2>\n<h3>Tehase panoraam<\/h3>\n<p><img decoding=\"async\" src=\"\/wp-content\/uploads\/factory-01.webp\"\/><\/p>\n<h3>Alumiiniumvarraste tootmise t\u00f6\u00f6koda<\/h3>\n<p><img decoding=\"async\" src=\"\/wp-content\/uploads\/factory-02.webp\"\/><\/p>\n<p><img decoding=\"async\" src=\"\/wp-content\/uploads\/factory-03.webp\"\/><\/p>\n<h3>hallituse ladustamise ladu<\/h3>\n<p><img decoding=\"async\" src=\"\/wp-content\/uploads\/factory-04.webp\"\/><\/p>\n<h3>43 alumiiniumi ekstrusiooniliini (500-5500 tonni)<\/h3>\n<p><img decoding=\"async\" src=\"\/wp-content\/uploads\/factory-05.webp\"\/><\/p>\n<p><img decoding=\"async\" src=\"\/wp-content\/uploads\/factory-06.webp\"\/><\/p>\n<p><img decoding=\"async\" src=\"\/wp-content\/uploads\/factory-07.webp\"\/><\/p>\n<h3>Pulberv\u00e4rvimise t\u00f6\u00f6koda<\/h3>\n<p><img decoding=\"async\" src=\"\/wp-content\/uploads\/factory-09.webp\"\/><\/p>\n<h3>Anodiseerimise t\u00f6\u00f6koda<\/h3>\n<p><img decoding=\"async\" src=\"\/wp-content\/uploads\/factory-10.webp\"\/><\/p>\n<h3>S\u00fcgavt\u00f6\u00f6tlemise t\u00f6\u00f6tuba<\/h3>\n<p><img decoding=\"async\" src=\"\/wp-content\/uploads\/factory-11.webp\"\/><\/p>\n<h3>CNC-t\u00e4ppist\u00f6\u00f6tlemise t\u00f6\u00f6koda<\/h3>\n<p><img decoding=\"async\" src=\"\/wp-content\/uploads\/factory-11.5.webp\"\/><\/p>\n<h3>Valmistoodete ja ekspordi ladu<\/h3>\n<p><img decoding=\"async\" src=\"\/wp-content\/uploads\/factory-12.webp\"\/><\/p>\n<p><img decoding=\"async\" src=\"\/wp-content\/uploads\/factory-13.webp\"\/><\/p>\n<p><img decoding=\"async\" src=\"\/wp-content\/uploads\/factory-14.webp\"\/><\/p>\n<h2>KKK<\/h2>\n<p><strong>1. Millist materjali kasutatakse l\u00f5pp-plaadi puhul?<\/strong><br \/>See on valmistatud kvaliteetsest alumiiniumist, mis tagab vastupidavuse ja j\u00f5udluse.<\/p>\n<p><strong>2. Kuidas on alumiiniumist l\u00f5pp-plaadist kasu EV-akudele?<\/strong><br \/>See pakub t\u00e4iustatud soojusjuhtimist ja struktuurilist tuge.<\/p>\n<p><strong>3. Kas see l\u00f5pp-plaat sobib erinevatele EV akumoodulitele?<\/strong><br \/>Jah, seda saab kohandada mitmesuguste akumoodulite suuruse j\u00e4rgi.<\/p>\n<p><strong>4. Kas alumiiniumist otsaplaat on korrosioonikindel?<\/strong><br \/>Jah, see tagab suurep\u00e4rase korrosioonikindluse, pikendades selle kasutusiga.<\/p>\n<p><strong>5. Milline on selle alumiiniumist otsaplaadi esmane kasutusotstarve?<\/strong><br \/>See on m\u00f5eldud spetsiaalselt kasutamiseks EV akumoodulites.<\/p>\n<p><strong>6. Kas l\u00f5pp-plaat aitab kaasa EVde energiat\u00f5hususele?<\/strong><br \/>Jah, selle kerge konstruktsioon aitab parandada elektris\u00f5idukite \u00fcldist t\u00f5husust.<\/p>\n<p><strong>7. Kas seda toodet on v\u00f5imalik integreerida OEM-akus\u00fcsteemidega?<\/strong><br \/>Jah, alumiiniumist otsaplaat \u00fchildub OEM-s\u00fcsteemidega, et seda oleks lihtne integreerida.<\/p>\n<p><\/p>","protected":false},"featured_media":10732,"template":"","categories":[55],"class_list":["post-10886","product","type-product","status-publish","has-post-thumbnail","hentry","category-extruded-aluminum-profiles"],"meta_box":{"hilight_text_group":[{"product_hilight_text":"<li>Tailored for electric vehicle battery modules<\/li>\n<li>Lightweight construction enhancing vehicle efficiency<\/li>\n<li>High thermal conductivity ensuring optimal battery performance<\/li>\n<li>Offers superior corrosion resistance for longer lifespan<\/li>\n<li>Flexible design accommodating various battery sizes<\/li>"}],"feature_list":[]},"_links":{"self":[{"href":"https:\/\/sinoextrud.com\/et\/wp-json\/wp\/v2\/product\/10886","targetHints":{"allow":["GET"]}}],"collection":[{"href":"https:\/\/sinoextrud.com\/et\/wp-json\/wp\/v2\/product"}],"about":[{"href":"https:\/\/sinoextrud.com\/et\/wp-json\/wp\/v2\/types\/product"}],"wp:featuredmedia":[{"embeddable":true,"href":"https:\/\/sinoextrud.com\/et\/wp-json\/wp\/v2\/media\/10732"}],"wp:attachment":[{"href":"https:\/\/sinoextrud.com\/et\/wp-json\/wp\/v2\/media?parent=10886"}],"wp:term":[{"taxonomy":"category","embeddable":true,"href":"https:\/\/sinoextrud.com\/et\/wp-json\/wp\/v2\/categories?post=10886"}],"curies":[{"name":"wp","href":"https:\/\/api.w.org\/{rel}","templated":true}]}}