{"id":10885,"date":"2025-08-01T03:08:22","date_gmt":"2025-08-01T03:08:22","guid":{"rendered":"https:\/\/sinoextrud.com\/product\/aluminium-circle-parts-for-cnc-machining\/"},"modified":"2025-08-01T03:08:22","modified_gmt":"2025-08-01T03:08:22","slug":"alumiiniumist-ringdetailid-cnc-tootluseks","status":"publish","type":"product","link":"https:\/\/sinoextrud.com\/et\/product\/aluminium-circle-parts-for-cnc-machining\/","title":{"rendered":"Alumiiniumist ringdetailid CNC-t\u00f6\u00f6tlemiseks"},"content":{"rendered":"<h2>Toodete \u00fcksikasjad<\/h2>\n<div class=\"product-table\">\n<div class=\"row\">\n<div class=\"cell label\">Hinne<\/div>\n<div class=\"cell value\">6000 seeria<\/div>\n<\/div>\n<div class=\"row\">\n<div class=\"cell label\">Sallivus<\/div>\n<div class=\"cell value\">\u00c2\u00b11%<\/div>\n<\/div>\n<div class=\"row\">\n<div class=\"cell label\">Tarneaeg<\/div>\n<div class=\"cell value\">15-21 p\u00e4eva<\/div>\n<\/div>\n<div class=\"row\">\n<div class=\"cell label\">Temper<\/div>\n<div class=\"cell value\">T3-T8<\/div>\n<\/div>\n<div class=\"row\">\n<div class=\"cell label\">Taotlus<\/div>\n<div class=\"cell value\">Kaunistused<\/div>\n<\/div>\n<div class=\"row\">\n<div class=\"cell label\">Kuju<\/div>\n<div class=\"cell value\">kujuline<\/div>\n<\/div>\n<div class=\"row\">\n<div class=\"cell label\">Sulam v\u00f5i mitte<\/div>\n<div class=\"cell value\">Kas sulam on sulam<\/div>\n<\/div>\n<div class=\"row\">\n<div class=\"cell label\">T\u00f6\u00f6tlemisteenus<\/div>\n<div class=\"cell value\">L\u00f5hkamine, l\u00f5ikamine, CNC, freesimine<\/div>\n<\/div>\n<div class=\"row\">\n<div class=\"cell label\">Materjal<\/div>\n<div class=\"cell value\">Sulam 6000 seeria<\/div>\n<\/div>\n<div class=\"row\">\n<div class=\"cell label\">Pinnat\u00f6\u00f6tlus<\/div>\n<div class=\"cell value\">kohandatud<\/div>\n<\/div>\n<div class=\"row\">\n<div class=\"cell label\">V\u00e4rv<\/div>\n<div class=\"cell value\">kohandatud<\/div>\n<\/div>\n<div class=\"row\">\n<div class=\"cell label\">Kasutamine<\/div>\n<div class=\"cell value\">majapidamine<\/div>\n<\/div>\n<div class=\"row\">\n<div class=\"cell label\">Pikkus<\/div>\n<div class=\"cell value\">Kohandatud pikkus<\/div>\n<\/div>\n<div class=\"row\">\n<div class=\"cell label\">MOQ<\/div>\n<div class=\"cell value\">1 t\u00fckk<\/div>\n<\/div>\n<div class=\"row\">\n<div class=\"cell label\">Teenus<\/div>\n<div class=\"cell value\">OEM ODM Kohandatud<\/div>\n<\/div>\n<div class=\"row\">\n<div class=\"cell label\">Makset\u00e4htaeg<\/div>\n<div class=\"cell value\">30% Hoius 70% Saldo<\/div>\n<\/div>\n<div class=\"row\">\n<div class=\"cell label\">S\u00fcgav protsess<\/div>\n<div class=\"cell value\">Punching puurimine Precison Cutting CNC<\/div>\n<\/div>\n<div class=\"row\">\n<div class=\"cell label\">Pakkimine<\/div>\n<div class=\"cell value\">Klientide erin\u00f5uded<\/div>\n<\/div>\n<div class=\"row\">\n<div class=\"cell label\">M\u00fc\u00fcvad \u00fcksused<\/div>\n<div class=\"cell value\">\u00dcksik ese<\/div>\n<\/div>\n<div class=\"row\">\n<div class=\"cell label\">\u00dche pakendi suurus<\/div>\n<div class=\"cell value\">20X15X10 cm<\/div>\n<\/div>\n<div class=\"row\">\n<div class=\"cell label\">\u00dchtne brutokaal<\/div>\n<div class=\"cell value\">1.000 KG<\/div>\n<\/div>\n<\/div>\n<p><\/p>\n<h2>Meie tootmisbaas<\/h2>\n<h3>Tehase panoraam<\/h3>\n<p><img decoding=\"async\" src=\"\/wp-content\/uploads\/factory-01.webp\"\/><\/p>\n<h3>Alumiiniumvarraste tootmise t\u00f6\u00f6koda<\/h3>\n<p><img decoding=\"async\" src=\"\/wp-content\/uploads\/factory-02.webp\"\/><\/p>\n<p><img decoding=\"async\" src=\"\/wp-content\/uploads\/factory-03.webp\"\/><\/p>\n<h3>hallituse ladustamise ladu<\/h3>\n<p><img decoding=\"async\" src=\"\/wp-content\/uploads\/factory-04.webp\"\/><\/p>\n<h3>43 alumiiniumi ekstrusiooniliini (500-5500 tonni)<\/h3>\n<p><img decoding=\"async\" src=\"\/wp-content\/uploads\/factory-05.webp\"\/><\/p>\n<p><img decoding=\"async\" src=\"\/wp-content\/uploads\/factory-06.webp\"\/><\/p>\n<p><img decoding=\"async\" src=\"\/wp-content\/uploads\/factory-07.webp\"\/><\/p>\n<h3>Pulberv\u00e4rvimise t\u00f6\u00f6koda<\/h3>\n<p><img decoding=\"async\" src=\"\/wp-content\/uploads\/factory-09.webp\"\/><\/p>\n<h3>Anodiseerimise t\u00f6\u00f6koda<\/h3>\n<p><img decoding=\"async\" src=\"\/wp-content\/uploads\/factory-10.webp\"\/><\/p>\n<h3>S\u00fcgavt\u00f6\u00f6tlemise t\u00f6\u00f6tuba<\/h3>\n<p><img decoding=\"async\" src=\"\/wp-content\/uploads\/factory-11.webp\"\/><\/p>\n<h3>CNC-t\u00e4ppist\u00f6\u00f6tlemise t\u00f6\u00f6koda<\/h3>\n<p><img decoding=\"async\" src=\"\/wp-content\/uploads\/factory-11.5.webp\"\/><\/p>\n<h3>Valmistoodete ja ekspordi ladu<\/h3>\n<p><img decoding=\"async\" src=\"\/wp-content\/uploads\/factory-12.webp\"\/><\/p>\n<p><img decoding=\"async\" src=\"\/wp-content\/uploads\/factory-13.webp\"\/><\/p>\n<p><img decoding=\"async\" src=\"\/wp-content\/uploads\/factory-14.webp\"\/><\/p>\n<h2>KKK<\/h2>\n<p><strong>1. Kas alumiiniumist ringikujulisi osi saab kohandada konkreetsete rakenduste jaoks?<\/strong><br \/>Jah, pakume t\u00e4ielikku kohandamist, sealhulgas suuruse, paksuse ja mehaanilise t\u00f6\u00f6tlemise v\u00f5imalusi.<\/p>\n<p><strong>2. Millised t\u00f6\u00f6stusharud kasutavad tavaliselt alumiiniumist ringikujulisi osi?<\/strong><br \/>Neid kasutatakse laialdaselt auto-, elektroonika-, k\u00f6\u00f6gi- ja kosmoset\u00f6\u00f6stuses.<\/p>\n<p><strong>3. Kas te pakute alumiiniumist ringiosade suurtele tellimustele hulgiallahindlusi?<\/strong><br \/>Jah, hulgiostude puhul on saadaval konkurentsiv\u00f5imelised hinnad.<\/p>\n<p><strong>4. Kas alumiiniumringi osad on korrosioonikindlad?<\/strong><br \/>Jah, need on valmistatud korrosioonikindlast alumiiniumist, mis tagab nende vastupidavuse.<\/p>\n<p><strong>5. Kas ma saan alumiiniumist ringikujulise osa n\u00e4idist enne lahtise tellimuse esitamist?<\/strong><br \/>Jah, kvaliteedi ja sobivuse hindamiseks on saadaval n\u00e4idised.<\/p>\n<p><strong>6. Milline on alumiiniumist ringdetailide tarneaeg p\u00e4rast tellimuse esitamist?<\/strong><br \/>Tarneaeg varieerub, kuid tavaliselt on see 2 kuni 4 n\u00e4dalat, s\u00f5ltuvalt tellimuse mahust.<\/p>\n<p><strong>7. Kas te aitate alumiiniumist ringvaruosade saatmisel rahvusvaheliselt?<\/strong><br \/>Jah, me pakume rahvusvahelist saatmist ja logistilist tuge k\u00f5ikidele tellimustele.<\/p>\n<p><\/p>","protected":false},"featured_media":10831,"template":"","categories":[55],"class_list":["post-10885","product","type-product","status-publish","has-post-thumbnail","hentry","category-extruded-aluminum-profiles"],"meta_box":{"hilight_text_group":[{"product_hilight_text":"<li>Highly versatile for a range of industrial applications<\/li>\n<li>Available in various sizes and thicknesses to meet specific needs<\/li>\n<li>Made from high-quality aluminium for enhanced durability and strength<\/li>\n<li>Custom machining options available for OEM and ODM services<\/li>\n<li>Corrosion-resistant properties ensure long-lasting performance<\/li>"}],"feature_list":[]},"_links":{"self":[{"href":"https:\/\/sinoextrud.com\/et\/wp-json\/wp\/v2\/product\/10885","targetHints":{"allow":["GET"]}}],"collection":[{"href":"https:\/\/sinoextrud.com\/et\/wp-json\/wp\/v2\/product"}],"about":[{"href":"https:\/\/sinoextrud.com\/et\/wp-json\/wp\/v2\/types\/product"}],"wp:featuredmedia":[{"embeddable":true,"href":"https:\/\/sinoextrud.com\/et\/wp-json\/wp\/v2\/media\/10831"}],"wp:attachment":[{"href":"https:\/\/sinoextrud.com\/et\/wp-json\/wp\/v2\/media?parent=10885"}],"wp:term":[{"taxonomy":"category","embeddable":true,"href":"https:\/\/sinoextrud.com\/et\/wp-json\/wp\/v2\/categories?post=10885"}],"curies":[{"name":"wp","href":"https:\/\/api.w.org\/{rel}","templated":true}]}}