{"id":10884,"date":"2025-08-01T03:08:20","date_gmt":"2025-08-01T03:08:20","guid":{"rendered":"https:\/\/sinoextrud.com\/product\/aluminium-extruded-radiator-for-thermal-systems\/"},"modified":"2025-08-01T03:08:20","modified_gmt":"2025-08-01T03:08:20","slug":"alumiiniumist-pressitud-radiaator-soojussusteemide-jaoks","status":"publish","type":"product","link":"https:\/\/sinoextrud.com\/et\/product\/aluminium-extruded-radiator-for-thermal-systems\/","title":{"rendered":"Alumiiniumist ekstrudeeritud radiaator soojuss\u00fcsteemidele"},"content":{"rendered":"<h2>Toodete \u00fcksikasjad<\/h2>\n<div class=\"product-table\">\n<div class=\"row\">\n<div class=\"cell label\">Hinne<\/div>\n<div class=\"cell value\">6000 seeria<\/div>\n<\/div>\n<div class=\"row\">\n<div class=\"cell label\">Sallivus<\/div>\n<div class=\"cell value\">\u00c2\u00b11%<\/div>\n<\/div>\n<div class=\"row\">\n<div class=\"cell label\">Tarneaeg<\/div>\n<div class=\"cell value\">22-30 p\u00e4eva<\/div>\n<\/div>\n<div class=\"row\">\n<div class=\"cell label\">Temper<\/div>\n<div class=\"cell value\">T3-T8<\/div>\n<\/div>\n<div class=\"row\">\n<div class=\"cell label\">Taotlus<\/div>\n<div class=\"cell value\">Soojusp\u00fc\u00fcdja<\/div>\n<\/div>\n<div class=\"row\">\n<div class=\"cell label\">Kuju<\/div>\n<div class=\"cell value\">Kohandatud<\/div>\n<\/div>\n<div class=\"row\">\n<div class=\"cell label\">Sulam v\u00f5i mitte<\/div>\n<div class=\"cell value\">Kas sulam on sulam<\/div>\n<\/div>\n<div class=\"row\">\n<div class=\"cell label\">T\u00f6\u00f6tlemisteenus<\/div>\n<div class=\"cell value\">Painutamine, keevitamine, keevitamine, stantsimine, l\u00f5ikamine<\/div>\n<\/div>\n<div class=\"row\">\n<div class=\"cell label\">Toote nimi<\/div>\n<div class=\"cell value\">Anodeeritud korpus 6063 T\u00f6\u00f6stuslik soojusalvesti<\/div>\n<\/div>\n<div class=\"row\">\n<div class=\"cell label\">Materjal<\/div>\n<div class=\"cell value\">Sulam 6063\/6061\/661\/6005\/6060 T5\/T6<\/div>\n<\/div>\n<div class=\"row\">\n<div class=\"cell label\">Pinnat\u00f6\u00f6tlus<\/div>\n<div class=\"cell value\">Pulbriga katmine, anodeeritud<\/div>\n<\/div>\n<div class=\"row\">\n<div class=\"cell label\">V\u00e4rv<\/div>\n<div class=\"cell value\">Kliendi taotlus<\/div>\n<\/div>\n<div class=\"row\">\n<div class=\"cell label\">Sertifitseerimine<\/div>\n<div class=\"cell value\">ISO9001:2008<\/div>\n<\/div>\n<div class=\"row\">\n<div class=\"cell label\">Taotlus<\/div>\n<div class=\"cell value\">T\u00f6\u00f6stuslikud seadmed<\/div>\n<\/div>\n<div class=\"row\">\n<div class=\"cell label\">S\u00fcgav protsess<\/div>\n<div class=\"cell value\">CNC mehaaniline t\u00f6\u00f6tlemine<\/div>\n<\/div>\n<div class=\"row\">\n<div class=\"cell label\">Teenus<\/div>\n<div class=\"cell value\">OEM ODM Kohandatud<\/div>\n<\/div>\n<div class=\"row\">\n<div class=\"cell label\">Makset\u00e4htaeg<\/div>\n<div class=\"cell value\">T\/T<\/div>\n<\/div>\n<div class=\"row\">\n<div class=\"cell label\">M\u00fc\u00fcvad \u00fcksused<\/div>\n<div class=\"cell value\">\u00dcksik ese<\/div>\n<\/div>\n<div class=\"row\">\n<div class=\"cell label\">\u00dche pakendi suurus<\/div>\n<div class=\"cell value\">600X4X10 cm<\/div>\n<\/div>\n<div class=\"row\">\n<div class=\"cell label\">\u00dchtne brutokaal<\/div>\n<div class=\"cell value\">2.000 KG<\/div>\n<\/div>\n<\/div>\n<p><\/p>\n<h2>Meie tootmisbaas<\/h2>\n<h3>Tehase panoraam<\/h3>\n<p><img decoding=\"async\" src=\"\/wp-content\/uploads\/factory-01.webp\"\/><\/p>\n<h3>Alumiiniumvarraste tootmise t\u00f6\u00f6koda<\/h3>\n<p><img decoding=\"async\" src=\"\/wp-content\/uploads\/factory-02.webp\"\/><\/p>\n<p><img decoding=\"async\" src=\"\/wp-content\/uploads\/factory-03.webp\"\/><\/p>\n<h3>hallituse ladustamise ladu<\/h3>\n<p><img decoding=\"async\" src=\"\/wp-content\/uploads\/factory-04.webp\"\/><\/p>\n<h3>43 alumiiniumi ekstrusiooniliini (500-5500 tonni)<\/h3>\n<p><img decoding=\"async\" src=\"\/wp-content\/uploads\/factory-05.webp\"\/><\/p>\n<p><img decoding=\"async\" src=\"\/wp-content\/uploads\/factory-06.webp\"\/><\/p>\n<p><img decoding=\"async\" src=\"\/wp-content\/uploads\/factory-07.webp\"\/><\/p>\n<h3>Pulberv\u00e4rvimise t\u00f6\u00f6koda<\/h3>\n<p><img decoding=\"async\" src=\"\/wp-content\/uploads\/factory-09.webp\"\/><\/p>\n<h3>Anodiseerimise t\u00f6\u00f6koda<\/h3>\n<p><img decoding=\"async\" src=\"\/wp-content\/uploads\/factory-10.webp\"\/><\/p>\n<h3>S\u00fcgavt\u00f6\u00f6tlemise t\u00f6\u00f6tuba<\/h3>\n<p><img decoding=\"async\" src=\"\/wp-content\/uploads\/factory-11.webp\"\/><\/p>\n<h3>CNC-t\u00e4ppist\u00f6\u00f6tlemise t\u00f6\u00f6koda<\/h3>\n<p><img decoding=\"async\" src=\"\/wp-content\/uploads\/factory-11.5.webp\"\/><\/p>\n<h3>Valmistoodete ja ekspordi ladu<\/h3>\n<p><img decoding=\"async\" src=\"\/wp-content\/uploads\/factory-12.webp\"\/><\/p>\n<p><img decoding=\"async\" src=\"\/wp-content\/uploads\/factory-13.webp\"\/><\/p>\n<p><img decoding=\"async\" src=\"\/wp-content\/uploads\/factory-14.webp\"\/><\/p>\n<h2>KKK<\/h2>\n<p><strong>1. Millised on alumiiniumist pressitud radiaatori kasutamise eelised?<\/strong><br \/>Alumiiniumist ekstrudeeritud radiaatorid pakuvad suurep\u00e4rast soojuse hajutamist ja korrosioonikindlust, mist\u00f5ttu on need ideaalsed t\u00f5husad jahutuslahendused.<\/p>\n<p><strong>2. Kas alumiiniumist ekstrudeeritud radiaatorit saab suuruse j\u00e4rgi kohandada?<\/strong><br \/>Jah, radiaatorit saab kohandada eri s\u00fcsteemidele sobiva suurusega.<\/p>\n<p><strong>3. Kas alumiiniumist ekstrudeeritud radiaator sobib kasutamiseks v\u00e4listingimustes?<\/strong><br \/>Jah, selle korrosioonikindlad omadused muudavad selle sobivaks v\u00e4litingimustes kasutamiseks.<\/p>\n<p><strong>4. Millised t\u00f6\u00f6stusharud kasutavad tavaliselt alumiiniumist pressitud radiaatoreid?<\/strong><br \/>Neid kasutatakse laialdaselt auto-, elektroonika- ja HVAC-t\u00f6\u00f6stuses t\u00f5husaks soojusjuhtimiseks.<\/p>\n<p><strong>5. Kuidas on alumiiniumi soojusjuhtivus kasulik radiaatorite j\u00f5udlusele?<\/strong><br \/>K\u00f5rge soojusjuhtivus tagab kiire soojus\u00fclekande, suurendades radiaatori jahutuse t\u00f5husust.<\/p>\n<p><strong>6. Kas alumiiniumist ekstrudeeritud radiaatorite puhul on erinevaid v\u00e4rvivalikuid?<\/strong><br \/>Jah, esteetiliste n\u00f5uete t\u00e4itmiseks on saadaval mitu viimistlusv\u00f5imalust, sealhulgas v\u00e4rvid ja anodeerimine.<\/p>\n<p><strong>7. Kas te pakute alumiiniumist pressitud radiaatori paigaldamise toetust?<\/strong><br \/>Kuigi me pakume juhiseid ja tuge, teostavad paigaldamist tavaliselt sertifitseeritud spetsialistid.<\/p>\n<p><\/p>","protected":false},"featured_media":10872,"template":"","categories":[55],"class_list":["post-10884","product","type-product","status-publish","has-post-thumbnail","hentry","category-extruded-aluminum-profiles"],"meta_box":{"hilight_text_group":[{"product_hilight_text":"<li>Designed for efficient heat dissipation in various applications<\/li>\n<li>Lightweight yet durable with high thermal conductivity<\/li>\n<li>Customizable dimensions for specific installation requirements<\/li>\n<li>Corrosion-resistant for longevity and reliability<\/li>\n<li>Available in multiple finishes and colors to suit industry standards<\/li>"}],"feature_list":[]},"_links":{"self":[{"href":"https:\/\/sinoextrud.com\/et\/wp-json\/wp\/v2\/product\/10884","targetHints":{"allow":["GET"]}}],"collection":[{"href":"https:\/\/sinoextrud.com\/et\/wp-json\/wp\/v2\/product"}],"about":[{"href":"https:\/\/sinoextrud.com\/et\/wp-json\/wp\/v2\/types\/product"}],"wp:featuredmedia":[{"embeddable":true,"href":"https:\/\/sinoextrud.com\/et\/wp-json\/wp\/v2\/media\/10872"}],"wp:attachment":[{"href":"https:\/\/sinoextrud.com\/et\/wp-json\/wp\/v2\/media?parent=10884"}],"wp:term":[{"taxonomy":"category","embeddable":true,"href":"https:\/\/sinoextrud.com\/et\/wp-json\/wp\/v2\/categories?post=10884"}],"curies":[{"name":"wp","href":"https:\/\/api.w.org\/{rel}","templated":true}]}}