{"id":10877,"date":"2025-08-01T02:41:42","date_gmt":"2025-08-01T02:41:42","guid":{"rendered":"https:\/\/sinoextrud.com\/product\/3d-printing-aluminium-heat-sink-for-custom-projects\/"},"modified":"2025-08-01T02:41:42","modified_gmt":"2025-08-01T02:41:42","slug":"3d-printimine-alumiiniumist-soojusjuhtmete-jaoks-kohandatud-projektide-jaoks","status":"publish","type":"product","link":"https:\/\/sinoextrud.com\/et\/product\/3d-printing-aluminium-heat-sink-for-custom-projects\/","title":{"rendered":"3D printimine Alumiiniumist soojusalvestus kohandatud projektide jaoks"},"content":{"rendered":"<h2>Toodete \u00fcksikasjad<\/h2>\n<div class=\"product-table\">\n<div class=\"row\">\n<div class=\"cell label\">Hinne<\/div>\n<div class=\"cell value\">6000 seeria<\/div>\n<\/div>\n<div class=\"row\">\n<div class=\"cell label\">Sallivus<\/div>\n<div class=\"cell value\">\u00c2\u00b11%<\/div>\n<\/div>\n<div class=\"row\">\n<div class=\"cell label\">Tarneaeg<\/div>\n<div class=\"cell value\">15-21 p\u00e4eva<\/div>\n<\/div>\n<div class=\"row\">\n<div class=\"cell label\">Temper<\/div>\n<div class=\"cell value\">T3-T8<\/div>\n<\/div>\n<div class=\"row\">\n<div class=\"cell label\">Taotlus<\/div>\n<div class=\"cell value\">Arhitektuur, t\u00f6\u00f6stus, dekoratsioon, energeetika, transport jne.<\/div>\n<\/div>\n<div class=\"row\">\n<div class=\"cell label\">Kuju<\/div>\n<div class=\"cell value\">Kohandatud<\/div>\n<\/div>\n<div class=\"row\">\n<div class=\"cell label\">Sulam v\u00f5i mitte<\/div>\n<div class=\"cell value\">Kas sulam on sulam<\/div>\n<\/div>\n<div class=\"row\">\n<div class=\"cell label\">T\u00f6\u00f6tlemisteenus<\/div>\n<div class=\"cell value\">Painutamine, keevitamine, keevitamine, stantsimine, l\u00f5ikamine, CNC-t\u00f6\u00f6tlemine.<\/div>\n<\/div>\n<div class=\"row\">\n<div class=\"cell label\">Toote nimi<\/div>\n<div class=\"cell value\">Alumiiniumist jahutusplaat<\/div>\n<\/div>\n<div class=\"row\">\n<div class=\"cell label\">Materjal<\/div>\n<div class=\"cell value\">6063, 6061,6082,6463,6005,6060<\/div>\n<\/div>\n<div class=\"row\">\n<div class=\"cell label\">MOQ<\/div>\n<div class=\"cell value\">100tk<\/div>\n<\/div>\n<div class=\"row\">\n<div class=\"cell label\">Sadam<\/div>\n<div class=\"cell value\">Guangzhou\/Shenzhen<\/div>\n<\/div>\n<div class=\"row\">\n<div class=\"cell label\">V\u00e4rv<\/div>\n<div class=\"cell value\">H\u00f5be\/must\/punane\/sinine ja kohandatud<\/div>\n<\/div>\n<div class=\"row\">\n<div class=\"cell label\">Pinnat\u00f6\u00f6tlus<\/div>\n<div class=\"cell value\">Veski, anodeerimine, pulberv\u00e4rvimine, puidumass, kroom, pintsel jne.<\/div>\n<\/div>\n<div class=\"row\">\n<div class=\"cell label\">N\u00e4ide<\/div>\n<div class=\"cell value\">Tasuta proovi<\/div>\n<\/div>\n<div class=\"row\">\n<div class=\"cell label\">S\u00fcgav protsess<\/div>\n<div class=\"cell value\">Punching puurimine Precison Cutting CNC<\/div>\n<\/div>\n<div class=\"row\">\n<div class=\"cell label\">Paksus<\/div>\n<div class=\"cell value\">Kohandatud<\/div>\n<\/div>\n<div class=\"row\">\n<div class=\"cell label\">Pikkus<\/div>\n<div class=\"cell value\">Kohandatud pikkus<\/div>\n<\/div>\n<div class=\"row\">\n<div class=\"cell label\">M\u00fc\u00fcvad \u00fcksused<\/div>\n<div class=\"cell value\">\u00dcksik ese<\/div>\n<\/div>\n<div class=\"row\">\n<div class=\"cell label\">\u00dche pakendi suurus<\/div>\n<div class=\"cell value\">50X5X5 cm<\/div>\n<\/div>\n<div class=\"row\">\n<div class=\"cell label\">\u00dchtne brutokaal<\/div>\n<div class=\"cell value\">3.000 KG<\/div>\n<\/div>\n<\/div>\n<p><\/p>\n<h2>Meie tootmisbaas<\/h2>\n<h3>Tehase panoraam<\/h3>\n<p><img decoding=\"async\" src=\"\/wp-content\/uploads\/factory-01.webp\"\/><\/p>\n<h3>Alumiiniumvarraste tootmise t\u00f6\u00f6koda<\/h3>\n<p><img decoding=\"async\" src=\"\/wp-content\/uploads\/factory-02.webp\"\/><\/p>\n<p><img decoding=\"async\" src=\"\/wp-content\/uploads\/factory-03.webp\"\/><\/p>\n<h3>hallituse ladustamise ladu<\/h3>\n<p><img decoding=\"async\" src=\"\/wp-content\/uploads\/factory-04.webp\"\/><\/p>\n<h3>43 alumiiniumi ekstrusiooniliini (500-5500 tonni)<\/h3>\n<p><img decoding=\"async\" src=\"\/wp-content\/uploads\/factory-05.webp\"\/><\/p>\n<p><img decoding=\"async\" src=\"\/wp-content\/uploads\/factory-06.webp\"\/><\/p>\n<p><img decoding=\"async\" src=\"\/wp-content\/uploads\/factory-07.webp\"\/><\/p>\n<h3>Pulberv\u00e4rvimise t\u00f6\u00f6koda<\/h3>\n<p><img decoding=\"async\" src=\"\/wp-content\/uploads\/factory-09.webp\"\/><\/p>\n<h3>Anodiseerimise t\u00f6\u00f6koda<\/h3>\n<p><img decoding=\"async\" src=\"\/wp-content\/uploads\/factory-10.webp\"\/><\/p>\n<h3>S\u00fcgavt\u00f6\u00f6tlemise t\u00f6\u00f6tuba<\/h3>\n<p><img decoding=\"async\" src=\"\/wp-content\/uploads\/factory-11.webp\"\/><\/p>\n<h3>CNC-t\u00e4ppist\u00f6\u00f6tlemise t\u00f6\u00f6koda<\/h3>\n<p><img decoding=\"async\" src=\"\/wp-content\/uploads\/factory-11.5.webp\"\/><\/p>\n<h3>Valmistoodete ja ekspordi ladu<\/h3>\n<p><img decoding=\"async\" src=\"\/wp-content\/uploads\/factory-12.webp\"\/><\/p>\n<p><img decoding=\"async\" src=\"\/wp-content\/uploads\/factory-13.webp\"\/><\/p>\n<p><img decoding=\"async\" src=\"\/wp-content\/uploads\/factory-14.webp\"\/><\/p>\n<h2>KKK<\/h2>\n<p><strong>1. Millised rakendused sobivad alumiiniumist 3D-printimise soojusalvestuse jaoks?<\/strong><br \/>See jahutusradiaator sobib ideaalselt kasutamiseks elektroonika-, auto- ja arvutiseadmetes t\u00f5husa soojusjuhtimise eesm\u00e4rgil.<\/p>\n<p><strong>2. Kas jahutuselemendi konstruktsioon on kohandatav?<\/strong><br \/>Jah, me pakume kohandatud konstruktsioone, mis vastavad konkreetsetele termilistele ja ruumilistele n\u00f5uetele.<\/p>\n<p><strong>3. Millised on alumiiniumi kasutamise eelised jahutusradiaatorite puhul?<\/strong><br \/>Alumiinium pakub suurep\u00e4rast soojusjuhtivust, mist\u00f5ttu on see ideaalne soojuse t\u00f5husaks hajutamiseks.<\/p>\n<p><strong>4. Kas 3D-tr\u00fckitud jahutusradiaator saab hakkama suure v\u00f5imsusega elektroonikakomponentidega?<\/strong><br \/>Jah, see on m\u00f5eldud suure v\u00f5imsusega komponentide soojuse t\u00f5husaks juhtimiseks.<\/p>\n<p><strong>5. Kuidas on 3D-printimisprotsessist kasu soojusradiaatorite tootmisel?<\/strong><br \/>3D-printimine v\u00f5imaldab keerukat geomeetriat ja t\u00e4pset valmistamist, et parandada soojuse hajutamise t\u00f5husust.<\/p>\n<p><strong>6. Milline on tavap\u00e4rane tarneaeg kohandatud jahutusradiaatorite tellimiseks?<\/strong><br \/>Tarneaeg s\u00f5ltub disaini keerukusest, kuid on \u00fcldiselt 2-4 n\u00e4dalat.<\/p>\n<p><strong>7. Kas pakute toetust olemasolevatesse s\u00fcsteemidesse integreerimiseks?<\/strong><br \/>Jah, me pakume tehnilist tuge, et integreerida see sujuvalt teie s\u00fcsteemidesse.<\/p>\n<p><\/p>","protected":false},"featured_media":10871,"template":"","categories":[72],"class_list":["post-10877","product","type-product","status-publish","has-post-thumbnail","hentry","category-extruded-aluminum-heatsink"],"meta_box":{"hilight_text_group":[],"feature_list":[]},"_links":{"self":[{"href":"https:\/\/sinoextrud.com\/et\/wp-json\/wp\/v2\/product\/10877","targetHints":{"allow":["GET"]}}],"collection":[{"href":"https:\/\/sinoextrud.com\/et\/wp-json\/wp\/v2\/product"}],"about":[{"href":"https:\/\/sinoextrud.com\/et\/wp-json\/wp\/v2\/types\/product"}],"wp:featuredmedia":[{"embeddable":true,"href":"https:\/\/sinoextrud.com\/et\/wp-json\/wp\/v2\/media\/10871"}],"wp:attachment":[{"href":"https:\/\/sinoextrud.com\/et\/wp-json\/wp\/v2\/media?parent=10877"}],"wp:term":[{"taxonomy":"category","embeddable":true,"href":"https:\/\/sinoextrud.com\/et\/wp-json\/wp\/v2\/categories?post=10877"}],"curies":[{"name":"wp","href":"https:\/\/api.w.org\/{rel}","templated":true}]}}