{"id":10875,"date":"2025-08-01T02:41:38","date_gmt":"2025-08-01T02:41:38","guid":{"rendered":"https:\/\/sinoextrud.com\/product\/20mm-round-heat-sink-for-compact-modules\/"},"modified":"2025-08-01T02:41:38","modified_gmt":"2025-08-01T02:41:38","slug":"20mm-ummargune-jahutusradiaator-kompaktsete-moodulite-jaoks","status":"publish","type":"product","link":"https:\/\/sinoextrud.com\/et\/product\/20mm-round-heat-sink-for-compact-modules\/","title":{"rendered":"20mm \u00fcmmargune soojuss\u00f5lm kompaktsete moodulite jaoks"},"content":{"rendered":"<h2>Toodete \u00fcksikasjad<\/h2>\n<div class=\"product-table\">\n<div class=\"row\">\n<div class=\"cell label\">Pinnat\u00f6\u00f6tlus<\/div>\n<div class=\"cell value\">Anodeerimine<\/div>\n<\/div>\n<div class=\"row\">\n<div class=\"cell label\">Kuju<\/div>\n<div class=\"cell value\">\u00dcMBER<\/div>\n<\/div>\n<div class=\"row\">\n<div class=\"cell label\">Korpuse materjal<\/div>\n<div class=\"cell value\">Alumiiniumsulam<\/div>\n<\/div>\n<div class=\"row\">\n<div class=\"cell label\">T\u00fc\u00fcp<\/div>\n<div class=\"cell value\">Soojusp\u00fc\u00fcdjad<\/div>\n<\/div>\n<div class=\"row\">\n<div class=\"cell label\">Valgustuslahenduste teenus<\/div>\n<div class=\"cell value\">Valgustuse ja elektriskeemide projekteerimine, DIALux evo paigutus, LitePro DLX paigutus, Agi32 paigutus, automaatne CAD paigutus, kohapealne m\u00f5\u00f5tmine, projekti paigaldus.<\/div>\n<\/div>\n<div class=\"row\">\n<div class=\"cell label\">Valgust\u00f5husus (lm\/w)<\/div>\n<div class=\"cell value\">50<\/div>\n<\/div>\n<div class=\"row\">\n<div class=\"cell label\">Toote kaal\uff08kg\uff09<\/div>\n<div class=\"cell value\">0.6<\/div>\n<\/div>\n<div class=\"row\">\n<div class=\"cell label\">Garantii (aasta)<\/div>\n<div class=\"cell value\">1 aasta<\/div>\n<\/div>\n<div class=\"row\">\n<div class=\"cell label\">Protsess<\/div>\n<div class=\"cell value\">Sepistamine<\/div>\n<\/div>\n<div class=\"row\">\n<div class=\"cell label\">IP-klassifikatsioon<\/div>\n<div class=\"cell value\">ip55<\/div>\n<\/div>\n<div class=\"row\">\n<div class=\"cell label\">Keha v\u00e4rvus<\/div>\n<div class=\"cell value\">Must<\/div>\n<\/div>\n<div class=\"row\">\n<div class=\"cell label\">k\u00f5rgus<\/div>\n<div class=\"cell value\">60mm<\/div>\n<\/div>\n<div class=\"row\">\n<div class=\"cell label\">l\u00e4bim\u00f5\u00f5t<\/div>\n<div class=\"cell value\">110mm<\/div>\n<\/div>\n<div class=\"row\">\n<div class=\"cell label\">Taotlus<\/div>\n<div class=\"cell value\">Led soojuss\u00f5lm<\/div>\n<\/div>\n<div class=\"row\">\n<div class=\"cell label\">Materjal<\/div>\n<div class=\"cell value\">AL1070<\/div>\n<\/div>\n<div class=\"row\">\n<div class=\"cell label\">L\u00f5peta<\/div>\n<div class=\"cell value\">Anodeeritud alumiinium<\/div>\n<\/div>\n<div class=\"row\">\n<div class=\"cell label\">Teenus<\/div>\n<div class=\"cell value\">OEM ODM Kohandatud<\/div>\n<\/div>\n<div class=\"row\">\n<div class=\"cell label\">S\u00fcgav protsess<\/div>\n<div class=\"cell value\">CNC all<\/div>\n<\/div>\n<div class=\"row\">\n<div class=\"cell label\">T\u00fc\u00fcp<\/div>\n<div class=\"cell value\">100% QC testimine<\/div>\n<\/div>\n<div class=\"row\">\n<div class=\"cell label\">Pakett<\/div>\n<div class=\"cell value\">Kartongkast<\/div>\n<\/div>\n<div class=\"row\">\n<div class=\"cell label\">V\u00f5tke joonistus vastu<\/div>\n<div class=\"cell value\">AutoCAD(dxf<\/div>\n<\/div>\n<div class=\"row\">\n<div class=\"cell label\">L\u00e4hetussadam<\/div>\n<div class=\"cell value\">Shanghai\/Ningbo<\/div>\n<\/div>\n<div class=\"row\">\n<div class=\"cell label\">M\u00fc\u00fcvad \u00fcksused<\/div>\n<div class=\"cell value\">\u00dcksik ese<\/div>\n<\/div>\n<div class=\"row\">\n<div class=\"cell label\">\u00dche pakendi suurus<\/div>\n<div class=\"cell value\">10X10X10 cm<\/div>\n<\/div>\n<div class=\"row\">\n<div class=\"cell label\">\u00dchtne brutokaal<\/div>\n<div class=\"cell value\">4.000 KG<\/div>\n<\/div>\n<div class=\"row\">\n<div class=\"cell label\">Pakkumise v\u00f5ime<\/div>\n<div class=\"cell value\">100000 \u00fchikut kuus<\/div>\n<\/div>\n<\/div>\n<p><\/p>\n<h2>Meie tootmisbaas<\/h2>\n<h3>Tehase panoraam<\/h3>\n<p><img decoding=\"async\" src=\"\/wp-content\/uploads\/factory-01.webp\"\/><\/p>\n<h3>Alumiiniumvarraste tootmise t\u00f6\u00f6koda<\/h3>\n<p><img decoding=\"async\" src=\"\/wp-content\/uploads\/factory-02.webp\"\/><\/p>\n<p><img decoding=\"async\" src=\"\/wp-content\/uploads\/factory-03.webp\"\/><\/p>\n<h3>hallituse ladustamise ladu<\/h3>\n<p><img decoding=\"async\" src=\"\/wp-content\/uploads\/factory-04.webp\"\/><\/p>\n<h3>43 alumiiniumi ekstrusiooniliini (500-5500 tonni)<\/h3>\n<p><img decoding=\"async\" src=\"\/wp-content\/uploads\/factory-05.webp\"\/><\/p>\n<p><img decoding=\"async\" src=\"\/wp-content\/uploads\/factory-06.webp\"\/><\/p>\n<p><img decoding=\"async\" src=\"\/wp-content\/uploads\/factory-07.webp\"\/><\/p>\n<h3>Pulberv\u00e4rvimise t\u00f6\u00f6koda<\/h3>\n<p><img decoding=\"async\" src=\"\/wp-content\/uploads\/factory-09.webp\"\/><\/p>\n<h3>Anodiseerimise t\u00f6\u00f6koda<\/h3>\n<p><img decoding=\"async\" src=\"\/wp-content\/uploads\/factory-10.webp\"\/><\/p>\n<h3>S\u00fcgavt\u00f6\u00f6tlemise t\u00f6\u00f6tuba<\/h3>\n<p><img decoding=\"async\" src=\"\/wp-content\/uploads\/factory-11.webp\"\/><\/p>\n<h3>CNC-t\u00e4ppist\u00f6\u00f6tlemise t\u00f6\u00f6koda<\/h3>\n<p><img decoding=\"async\" src=\"\/wp-content\/uploads\/factory-11.5.webp\"\/><\/p>\n<h3>Valmistoodete ja ekspordi ladu<\/h3>\n<p><img decoding=\"async\" src=\"\/wp-content\/uploads\/factory-12.webp\"\/><\/p>\n<p><img decoding=\"async\" src=\"\/wp-content\/uploads\/factory-13.webp\"\/><\/p>\n<p><img decoding=\"async\" src=\"\/wp-content\/uploads\/factory-14.webp\"\/><\/p>\n<h2>KKK<\/h2>\n<p><strong>1. Mis on 20 mm \u00fcmmarguse soojussalvesti peamine materjal?<\/strong><br \/>Peamiseks materjaliks on kvaliteetne alumiinium, mis tagab t\u00f5husa soojuse hajutamise.<\/p>\n<p><strong>2. Kas 20 mm \u00fcmmargune jahutusalus saab kasutada LEDide jahutamiseks?<\/strong><br \/>Jah, see on m\u00f5eldud LED-rakenduste soojuse t\u00f5husaks juhtimiseks.<\/p>\n<p><strong>3. Kas 20 mm \u00fcmmarguse soojuskaabri jaoks on saadaval kohandamine?<\/strong><br \/>Jah, pakume suurtel tellimustel suuruse ja viimistluse kohandamist.<\/p>\n<p><strong>4. Millised on 20 mm \u00fcmmarguse jahutusaluse m\u00f5\u00f5tmed?<\/strong><br \/>Jahutusradiaatori l\u00e4bim\u00f5\u00f5t on 20 mm, mis on m\u00f5eldud kompaktsete ruumide jaoks.<\/p>\n<p><strong>5. Kas ma v\u00f5in kasutada 20 mm \u00fcmmarguse soojuskaabitsat koos protsessoritega?<\/strong><br \/>See sobib rakendusteks, mis n\u00f5uavad kompaktseid jahutusaluseid; kontrollige \u00fchilduvust oma protsessori spetsifikatsioonidega.<\/p>\n<p><strong>6. Kas 20 mm \u00fcmmargune jahutusalus vajab mingit erilist hooldust?<\/strong><br \/>Erilist hooldust ei ole vaja, kuid regulaarne puhastamine v\u00f5ib suurendada j\u00f5udlust.<\/p>\n<p><strong>7. Kas 20 mm \u00fcmmarguse soojuskaabli ostmisel on minimaalne tellimuse kogus?<\/strong><br \/>Jah, MOQ kehtib kohandatud tellimuste puhul; v\u00f5tke meiega \u00fchendust \u00fcksikasjade saamiseks.<\/p>\n<p><\/p>","protected":false},"featured_media":10857,"template":"","categories":[72],"class_list":["post-10875","product","type-product","status-publish","has-post-thumbnail","hentry","category-extruded-aluminum-heatsink"],"meta_box":{"hilight_text_group":[],"feature_list":[]},"_links":{"self":[{"href":"https:\/\/sinoextrud.com\/et\/wp-json\/wp\/v2\/product\/10875","targetHints":{"allow":["GET"]}}],"collection":[{"href":"https:\/\/sinoextrud.com\/et\/wp-json\/wp\/v2\/product"}],"about":[{"href":"https:\/\/sinoextrud.com\/et\/wp-json\/wp\/v2\/types\/product"}],"wp:featuredmedia":[{"embeddable":true,"href":"https:\/\/sinoextrud.com\/et\/wp-json\/wp\/v2\/media\/10857"}],"wp:attachment":[{"href":"https:\/\/sinoextrud.com\/et\/wp-json\/wp\/v2\/media?parent=10875"}],"wp:term":[{"taxonomy":"category","embeddable":true,"href":"https:\/\/sinoextrud.com\/et\/wp-json\/wp\/v2\/categories?post=10875"}],"curies":[{"name":"wp","href":"https:\/\/api.w.org\/{rel}","templated":true}]}}