{"id":10683,"date":"2025-07-28T11:42:23","date_gmt":"2025-07-28T03:42:23","guid":{"rendered":"https:\/\/sinoextrud.com\/product\/vapor-chamber-heat-sink-for-efficient-thermal-management\/"},"modified":"2025-07-28T11:42:23","modified_gmt":"2025-07-28T03:42:23","slug":"aurukambriga-soojusvork-tohusaks-soojusjuhtimiseks","status":"publish","type":"product","link":"https:\/\/sinoextrud.com\/et\/product\/vapor-chamber-heat-sink-for-efficient-thermal-management\/","title":{"rendered":"Aurukambriga soojussalvesti t\u00f5husaks soojusjuhtimiseks"},"content":{"rendered":"<h2>Toodete \u00fcksikasjad<\/h2>\n<table class=\"custom-table\">\n<tr>\n<td class=\"label\">CNC-t\u00f6\u00f6tlus v\u00f5i mitte<\/td>\n<td>Cnc mehaaniline t\u00f6\u00f6tlemine<\/td>\n<\/tr>\n<tr>\n<td class=\"label\">Materjalide v\u00f5imekus<\/td>\n<td>Alumiinium, messing, pronks, vask, karastatud metallid, v\u00e4\u00e4rismetallid, roostevaba teras, terasesulamid<\/td>\n<\/tr>\n<tr>\n<td class=\"label\">T\u00fc\u00fcp<\/td>\n<td>Freesimine, Puurimine, Keemiline s\u00f6\u00f6vitus \/ keemiline t\u00f6\u00f6tlemine, Lasert\u00f6\u00f6tlus, Freesimine, Muud t\u00f6\u00f6tlemisteenused, Treimine, S\u00f6\u00f6vitust\u00f6\u00f6d, Kiirprotot\u00fc\u00fcpide valmistamine<\/td>\n<\/tr>\n<tr>\n<td class=\"label\">Mikrot\u00f6\u00f6tlemine v\u00f5i mitte<\/td>\n<td>Mikrot\u00f6\u00f6tlemine<\/td>\n<\/tr>\n<tr>\n<td class=\"label\">Toote nimi<\/td>\n<td>Alumiiniumist ekstrusioonist jahutusradiaator<\/td>\n<\/tr>\n<tr>\n<td class=\"label\">Pinnat\u00f6\u00f6tlus<\/td>\n<td>Must anodeerimine<\/td>\n<\/tr>\n<tr>\n<td class=\"label\">MOQ<\/td>\n<td>100tk<\/td>\n<\/tr>\n<tr>\n<td class=\"label\">Sertifitseerimine<\/td>\n<td>ISO9001:2015<\/td>\n<\/tr>\n<tr>\n<td class=\"label\">V\u00e4rv<\/td>\n<td>Must<\/td>\n<\/tr>\n<tr>\n<td class=\"label\">Protsess<\/td>\n<td>CNC, ekstrudeerimine jne.<\/td>\n<\/tr>\n<tr>\n<td class=\"label\">Pakkimine<\/td>\n<td>Sisemine PP kott v\u00e4limine puidust kast<\/td>\n<\/tr>\n<tr>\n<td class=\"label\">Funktsioon<\/td>\n<td>Kerge kaal ja k\u00f5rge efektiivsusega kiirgamine<\/td>\n<\/tr>\n<tr>\n<td class=\"label\">OEM teenus<\/td>\n<td>Jah<\/td>\n<\/tr>\n<tr>\n<td class=\"label\">Suurus<\/td>\n<td>Kohandatud<\/td>\n<\/tr>\n<tr>\n<td class=\"label\">M\u00fc\u00fcvad \u00fcksused<\/td>\n<td>\u00dcksik ese<\/td>\n<\/tr>\n<tr>\n<td class=\"label\">\u00dche pakendi suurus<\/td>\n<td>1X1X1 cm<\/td>\n<\/tr>\n<tr>\n<td class=\"label\">\u00dchtne brutokaal<\/td>\n<td>1.000 KG<\/td>\n<\/tr>\n<\/table>\n<h2>Meie tootmisbaas<\/h2>\n<h3>Tehase panoraam<\/h3>\n<p><img decoding=\"async\" src=\"\/wp-content\/uploads\/factory-01.webp\"\/><\/p>\n<h3>Alumiiniumvarraste tootmise t\u00f6\u00f6koda<\/h3>\n<p><img decoding=\"async\" src=\"\/wp-content\/uploads\/factory-02.webp\"\/><\/p>\n<p><img decoding=\"async\" src=\"\/wp-content\/uploads\/factory-03.webp\"\/><\/p>\n<h3>hallituse ladustamise ladu<\/h3>\n<p><img decoding=\"async\" src=\"\/wp-content\/uploads\/factory-04.webp\"\/><\/p>\n<h3>43 alumiiniumi ekstrusiooniliini (500-5500 tonni)<\/h3>\n<p><img decoding=\"async\" src=\"\/wp-content\/uploads\/factory-05.webp\"\/><\/p>\n<p><img decoding=\"async\" src=\"\/wp-content\/uploads\/factory-06.webp\"\/><\/p>\n<p><img decoding=\"async\" src=\"\/wp-content\/uploads\/factory-07.webp\"\/><\/p>\n<h3>Pulberv\u00e4rvimise t\u00f6\u00f6koda<\/h3>\n<p><img decoding=\"async\" src=\"\/wp-content\/uploads\/factory-09.webp\"\/><\/p>\n<h3>Anodiseerimise t\u00f6\u00f6koda<\/h3>\n<p><img decoding=\"async\" src=\"\/wp-content\/uploads\/factory-10.webp\"\/><\/p>\n<h3>S\u00fcgavt\u00f6\u00f6tlemise t\u00f6\u00f6tuba<\/h3>\n<p><img decoding=\"async\" src=\"\/wp-content\/uploads\/factory-11.webp\"\/><\/p>\n<h3>CNC-t\u00e4ppist\u00f6\u00f6tlemise t\u00f6\u00f6koda<\/h3>\n<p><img decoding=\"async\" src=\"\/wp-content\/uploads\/factory-11.5.webp\"\/><\/p>\n<h3>Valmistoodete ja ekspordi ladu<\/h3>\n<p><img decoding=\"async\" src=\"\/wp-content\/uploads\/factory-12.webp\"\/><\/p>\n<p><img decoding=\"async\" src=\"\/wp-content\/uploads\/factory-13.webp\"\/><\/p>\n<p><img decoding=\"async\" src=\"\/wp-content\/uploads\/factory-14.webp\"\/><\/p>\n<h2>KKK<\/h2>\n<p><p><b>1.Mis on aurukambriline soojuskaev ja kuidas see parandab soojusjuhtimist?<\/b><\/p>\n<p>Vapor Chamber Heat Sink kasutab suletud vaakumkambrit soojuse kiireks levitamiseks ja hajutamiseks, pakkudes elektroonikale v\u00e4ga t\u00f5husat soojusjuhtimist.<br \/>\n<\/p><br \/>\n<br \/>\n<p><b>2.Mille poolest erineb aurukamber traditsioonilistest jahutusradiaatoritest?<\/b><\/p>\n<p>Erinevalt traditsioonilistest jahutusradiaatoritest kasutatakse aurukambrite puhul faasimuutustehnoloogiat, mis v\u00f5imaldab soojuse kiiremat levikut, suurendades suure v\u00f5imsusega seadmete jahutuse t\u00f5husust.<br \/>\n<\/p><br \/>\n<br \/>\n<p><b>3.Millised on aurukambrite peamised rakendused?<\/b><\/p>\n<p>Vapor Chamber Heat Sinks kasutatakse laialdaselt CPU-des, GPU-des, toitemoodulites ja kompaktsetes elektroonikaseadmetes, mis vajavad t\u00f5husaid termilisi lahendusi.<br \/>\n<\/p><br \/>\n<br \/>\n<p><b>4.Kas aurukambrilised jahutusradiaatorid sobivad k\u00f5rgj\u00f5udlusega arvutite jaoks?<\/b><\/p>\n<p>Jah, aurukambrilised jahutusradiaatorid sobivad ideaalselt suure j\u00f5udlusega arvutite jaoks, kuna nad saavad hakkama suure soojusvooga ja parandavad \u00fcldist soojapidavust.<br \/>\n<\/p><br \/>\n<br \/>\n<p><b>5.Kas aurukambrite jahutusradiaatorid on v\u00f5imalik kohandada konkreetsete seadmete jaoks?<\/b><\/p>\n<p>Vapor Chamber Heat Sinks'i kuju ja suurust saab kohandada vastavalt konkreetsetele rakendustele, tagades optimaalse soojusjuhtimise.<br \/>\n<\/p><br \/>\n<br \/>\n<p><b>6.Kas aurukambrite jahutusradiaatoritel on liikuvad osad?<\/b><\/p>\n<p>Ei, Vapor Chamber Heat Sinks on passiivsed jahutusseadmed, millel puuduvad liikuvad osad, mis tagavad vaikse ja hooldusvaba t\u00f6\u00f6.<br \/>\n<\/p><br \/>\n<br \/>\n<p><b>7.Millised on aurukambri kasutamise eelised soojuse hajutamiseks?<\/b><\/p>\n<p>Aurukambri kasutamine tagab kiire soojus\u00fclekande, \u00fchtlase temperatuuri jaotumise ja s\u00fcsteemi suurema t\u00f6\u00f6kindluse, v\u00e4ltides kuumade kohtade tekkimist.<br \/>\n<\/p><br \/>\n<br \/>\n<p><b>8.Kas aurukambrite jahutusradiaatorid on v\u00f5rreldes traditsiooniliste lahendustega kerged?<\/b><\/p>\n<p>Jah, aurukambrilised jahutusradiaatorid on tavaliselt kergemad ja \u00f5hemad kui tavap\u00e4rased lahendused, mist\u00f5ttu sobivad need piiratud ruumiga rakendustesse.<br \/>\n<\/p><br \/><\/p>","protected":false},"featured_media":10682,"template":"","categories":[74],"class_list":["post-10683","product","type-product","status-publish","has-post-thumbnail","hentry","category-vapor-chamber"],"meta_box":{"hilight_text_group":{"product_hilight_text":"<li>Ultra-thin vapor chamber design enables compact system integration<\/li>\r\n<li>Superior heat spreading for high-power electronic components<\/li>\r\n<li>Enhanced thermal performance with rapid heat dissipation<\/li>\r\n<li>Ideal for CPUs, GPUs, and power ICs in demanding applications<\/li>\r\n<li>Customizable sizes and shapes for diverse industrial needs<\/li>\r\n<li>Lightweight and passive cooling solution with no moving parts<\/li>\r\n<li>Improves system reliability by preventing thermal throttling<\/li>","product_chanpin_chanpin":"<ul>\r\n<li><a href=\"https:\/\/sinoextrud.com\/product\/aluminium-extrusion-6061-6082-7075-aluminum-alloy-profiles\/\" target=\"_blank\">6061 aluminum extrusion<\/a><\/li>\r\n<li><a href=\"https:\/\/sinoextrud.com\/product\/oval-aluminum-extrud-profile\/\" target=\"_blank\">oval aluminum extrusion<\/a><\/li>\r\n<li><a href=\"https:\/\/sinoextrud.com\/product\/aluminium-extrusion-anodised-aluminium-tube\/\" target=\"_blank\">anodised aluminium tube<\/a><\/li>\r\n<li><a href=\"https:\/\/sinoextrud.com\/product\/c-shaped-closed-linear-ceiling-system\/\" target=\"_blank\">linear closed ceilings<\/a><\/li>\r\n<li><a href=\"https:\/\/sinoextrud.com\/product\/the-new-perforated-ceiling-system\/\" target=\"_blank\">perforated french ceilings<\/a><\/li>\r\n<li><a href=\"https:\/\/sinoextrud.com\/product\/aluminum-extrusion-7003-7005-7020\/\" target=\"_blank\">7020 aluminum<\/a><\/li>\r\n<\/ul>","product_chanpin_blog":"<ul>\r\n<li><a href=\"https:\/\/sinoextrud.com\/t-slot-v-slot-differences\/\" target=\"_blank\">t slot vs v slot<\/a><\/li>\r\n<li><a href=\"https:\/\/sinoextrud.com\/what-is-4040-aluminium-extrud\/\" target=\"_blank\">4040 aluminium extrusion<\/a><\/li>\r\n<li><a href=\"https:\/\/sinoextrud.com\/what-is-4040-aluminium-extrud\/\" target=\"_blank\">aluminum extrusions for industrial racks<\/a><\/li>\r\n<li><a href=\"https:\/\/sinoextrud.com\/powder-coating-aluminium-process\/\" target=\"_blank\">powder coating aluminium<\/a><\/li>\r\n<li><a href=\"https:\/\/sinoextrud.com\/what-is-an-aluminium-strip-ceiling\/\" target=\"_blank\">aluminium strip ceiling<\/a><\/li>\r\n<li><a href=\"https:\/\/sinoextrud.com\/what-is-a-heat-sink\/\" target=\"_blank\">what is a heat sink<\/a><\/li>\r\n<\/ul>"},"feature_list":[]},"_links":{"self":[{"href":"https:\/\/sinoextrud.com\/et\/wp-json\/wp\/v2\/product\/10683","targetHints":{"allow":["GET"]}}],"collection":[{"href":"https:\/\/sinoextrud.com\/et\/wp-json\/wp\/v2\/product"}],"about":[{"href":"https:\/\/sinoextrud.com\/et\/wp-json\/wp\/v2\/types\/product"}],"wp:featuredmedia":[{"embeddable":true,"href":"https:\/\/sinoextrud.com\/et\/wp-json\/wp\/v2\/media\/10682"}],"wp:attachment":[{"href":"https:\/\/sinoextrud.com\/et\/wp-json\/wp\/v2\/media?parent=10683"}],"wp:term":[{"taxonomy":"category","embeddable":true,"href":"https:\/\/sinoextrud.com\/et\/wp-json\/wp\/v2\/categories?post=10683"}],"curies":[{"name":"wp","href":"https:\/\/api.w.org\/{rel}","templated":true}]}}