{"id":10671,"date":"2025-07-25T08:05:55","date_gmt":"2025-07-25T08:05:55","guid":{"rendered":"https:\/\/sinoextrud.com\/product\/black-anodized-electronic-heatsink-custom-design\/"},"modified":"2025-07-25T08:05:55","modified_gmt":"2025-07-25T08:05:55","slug":"must-anodeeritud-elektrooniline-jahutusradiaator-kohandatud-disainiga","status":"publish","type":"product","link":"https:\/\/sinoextrud.com\/et\/product\/black-anodized-electronic-heatsink-custom-design\/","title":{"rendered":"Must anodeeritud elektrooniline jahutusplaat Custom Design"},"content":{"rendered":"<h2>Toodete \u00fcksikasjad<\/h2>\n<table class=\"custom-table\">\n<tr>\n<td class=\"label\">Hinne<\/td>\n<td>2000 seeria<\/td>\n<\/tr>\n<tr>\n<td class=\"label\">Sallivus<\/td>\n<td>\u00b11%<\/td>\n<\/tr>\n<tr>\n<td class=\"label\">Tarneaeg<\/td>\n<td>7 p\u00e4eva jooksul<\/td>\n<\/tr>\n<tr>\n<td class=\"label\">Temper<\/td>\n<td>T3-T8<\/td>\n<\/tr>\n<tr>\n<td class=\"label\">Taotlus<\/td>\n<td>led\/elektroonika\/cpu<\/td>\n<\/tr>\n<tr>\n<td class=\"label\">Kuju<\/td>\n<td>kohandatud<\/td>\n<\/tr>\n<tr>\n<td class=\"label\">Sulam v\u00f5i mitte<\/td>\n<td>Kas sulam on sulam<\/td>\n<\/tr>\n<tr>\n<td class=\"label\">T\u00f6\u00f6tlemisteenus<\/td>\n<td>Painutamine, keevitamine, keevitamine, stantsimine, l\u00f5ikamine<\/td>\n<\/tr>\n<tr>\n<td class=\"label\">Toote nimi<\/td>\n<td>Uus disain must anodeeritud elektrooniline jahutusradiaator<\/td>\n<\/tr>\n<tr>\n<td class=\"label\">Materjal<\/td>\n<td>6063 6061 6005 Alumiiniumsulam<\/td>\n<\/tr>\n<tr>\n<td class=\"label\">V\u00e4rv<\/td>\n<td>h\u00f5bedane, must, kuldne must ja nii edasi<\/td>\n<\/tr>\n<tr>\n<td class=\"label\">Pinnat\u00f6\u00f6tlus<\/td>\n<td>Mill Finish, anodeerimine, pulberv\u00e4rvimine<\/td>\n<\/tr>\n<tr>\n<td class=\"label\">Sertifitseerimine<\/td>\n<td>ISO9001:2008<\/td>\n<\/tr>\n<tr>\n<td class=\"label\">kuju<\/td>\n<td>kohandatud<\/td>\n<\/tr>\n<tr>\n<td class=\"label\">Kasutamine<\/td>\n<td>led\/elektroonika\/cpu<\/td>\n<\/tr>\n<tr>\n<td class=\"label\">N\u00e4ide<\/td>\n<td>Tasuta proov<\/td>\n<\/tr>\n<tr>\n<td class=\"label\">Pikkus<\/td>\n<td>Kohandatud pikkus<\/td>\n<\/tr>\n<tr>\n<td class=\"label\">Teenus<\/td>\n<td>OEM ODM<\/td>\n<\/tr>\n<tr>\n<td class=\"label\">Pakendi \u00fcksikasjad<\/td>\n<td>kohandatud pakkimine vastavalt kliendi soovile, tavaliselt: <br \/>\nV: Valmisviimistlus, plastikust kokkut\u00f5mbekile. <br \/>\nB: anodeerimine v\u00f5i v\u00f5imsuskate, sisemine pakitud plastist kaitsekile + PE-vaht + kokkut\u00f5mbekile v\u00f5i veekindel j\u00f5upaber . <br \/>\nC:Kui v\u00e4ike cnc osa, EPE vaht+kartongid. <br \/>\nD: Kui kliendil on erisoov, saame pakkuda puidust kasti.<\/td>\n<\/tr>\n<tr>\n<td class=\"label\">L\u00e4hetussadam<\/td>\n<td>Tianjini sadam, Qingdao sadam<\/td>\n<\/tr>\n<tr>\n<td class=\"label\">M\u00fc\u00fcvad \u00fcksused<\/td>\n<td>\u00dcksik ese<\/td>\n<\/tr>\n<tr>\n<td class=\"label\">\u00dche pakendi suurus<\/td>\n<td>30X20X20 cm<\/td>\n<\/tr>\n<tr>\n<td class=\"label\">\u00dchtne brutokaal<\/td>\n<td>3.000 KG<\/td>\n<\/tr>\n<tr>\n<td class=\"label\">Pakkumise v\u00f5ime<\/td>\n<td>3000 tonni kuus kohandatud alumiiniumist jahutusprofiil<\/td>\n<\/tr>\n<\/table>\n<h2>Meie tootmisbaas<\/h2>\n<h3>Tehase panoraam<\/h3>\n<p><img decoding=\"async\" src=\"\/wp-content\/uploads\/factory-01.webp\"\/><\/p>\n<h3>Alumiiniumvarraste tootmise t\u00f6\u00f6koda<\/h3>\n<p><img decoding=\"async\" src=\"\/wp-content\/uploads\/factory-02.webp\"\/><\/p>\n<p><img decoding=\"async\" src=\"\/wp-content\/uploads\/factory-03.webp\"\/><\/p>\n<h3>hallituse ladustamise ladu<\/h3>\n<p><img decoding=\"async\" src=\"\/wp-content\/uploads\/factory-04.webp\"\/><\/p>\n<h3>43 alumiiniumi ekstrusiooniliini (500-5500 tonni)<\/h3>\n<p><img decoding=\"async\" src=\"\/wp-content\/uploads\/factory-05.webp\"\/><\/p>\n<p><img decoding=\"async\" src=\"\/wp-content\/uploads\/factory-06.webp\"\/><\/p>\n<p><img decoding=\"async\" src=\"\/wp-content\/uploads\/factory-07.webp\"\/><\/p>\n<h3>Pulberv\u00e4rvimise t\u00f6\u00f6koda<\/h3>\n<p><img decoding=\"async\" src=\"\/wp-content\/uploads\/factory-09.webp\"\/><\/p>\n<h3>Anodiseerimise t\u00f6\u00f6koda<\/h3>\n<p><img decoding=\"async\" src=\"\/wp-content\/uploads\/factory-10.webp\"\/><\/p>\n<h3>S\u00fcgavt\u00f6\u00f6tlemise t\u00f6\u00f6tuba<\/h3>\n<p><img decoding=\"async\" src=\"\/wp-content\/uploads\/factory-11.webp\"\/><\/p>\n<h3>CNC-t\u00e4ppist\u00f6\u00f6tlemise t\u00f6\u00f6koda<\/h3>\n<p><img decoding=\"async\" src=\"\/wp-content\/uploads\/factory-11.5.webp\"\/><\/p>\n<h3>Valmistoodete ja ekspordi ladu<\/h3>\n<p><img decoding=\"async\" src=\"\/wp-content\/uploads\/factory-12.webp\"\/><\/p>\n<p><img decoding=\"async\" src=\"\/wp-content\/uploads\/factory-13.webp\"\/><\/p>\n<p><img decoding=\"async\" src=\"\/wp-content\/uploads\/factory-14.webp\"\/><\/p>\n<h2>KKK<\/h2>\n<p><p><b>1.Mis on musta anodeeritud elektroonilise jahutusplaadi materjal?<\/b><\/p>\n<p>Jahutusplaat on valmistatud kvaliteetsest alumiiniumist, mis on tuntud oma suurep\u00e4rase soojusjuhtivuse ja kerguse poolest.<br \/>\n<\/p><br \/>\n<br \/>\n<p><b>2.Miks on jahutusplaat anodeeritud mustaks?<\/b><\/p>\n<p>Must anodeeritud kate suurendab soojuskiirgust ja korrosioonikindlust ning annab professionaalse v\u00e4limuse.<br \/>\n<\/p><br \/>\n<br \/>\n<p><b>3.Kas ma saan selle elektroonilise jahutusplaadi disaini kohandada?<\/b><\/p>\n<p>Jah, me pakume t\u00e4ielikku OEM\/ODM kohandamist, et vastata konkreetsele suurusele, uime paigutusele ja paigaldusvajadustele.<br \/>\n<\/p><br \/>\n<br \/>\n<p><b>4.Millised on selle kohandatud elektroonilise jahutusplaadi rakendused?<\/b><\/p>\n<p>Seda kasutatakse j\u00f5uelektroonikas, LED-moodulites, v\u00f5imendites ja mitmesugustes elektroonilistes jahutuss\u00fcsteemides.<br \/>\n<\/p><br \/>\n<br \/>\n<p><b>5.Kas see jahutusplaat sobib passiivseks ja aktiivseks jahutuseks?<\/b><\/p>\n<p>Jah, see toetab nii passiivset loomulikku konvektsiooni kui ka aktiivset jahutuslahendust ventilaatoritega.<br \/>\n<\/p><br \/>\n<br \/>\n<p><b>6.Kuidas see jahutusplaat parandab elektroonilist j\u00f5udlust?<\/b><\/p>\n<p>Hoides madalamat temperatuuri, kaitseb see elektroonikakomponente ja pikendab nende kasutusiga.<br \/>\n<\/p><br \/>\n<br \/>\n<p><b>7.Kas anodeeritud pind on elektriliselt isoleeriv?<\/b><\/p>\n<p>Jah, anodeerimine loob mittejuhtiva kihi, mis lisab elektriisolatsiooni ja pinnakaitse.<br \/>\n<\/p><br \/>\n<br \/>\n<p><b>8.Kas jahutusplaat toetab integreerimist kompaktsetesse seadmetesse?<\/b><\/p>\n<p>Jah, selle kerge ja t\u00e4pne kohandatud konstruktsioon muudab selle ideaalseks piiratud ruumiga elektroonikas\u00fcsteemide jaoks.<br \/>\n<\/p><br \/><\/p>","protected":false},"featured_media":10670,"template":"","categories":[72],"class_list":["post-10671","product","type-product","status-publish","has-post-thumbnail","hentry","category-extruded-aluminum-heatsink"],"meta_box":{"hilight_text_group":{"product_hilight_text":"<li>Black anodized surface enhances thermal radiation and corrosion resistance<\/li>\r\n<li>Custom design options available for diverse electronic cooling requirements<\/li>\r\n<li>Made from high thermal conductivity aluminum for efficient heat dissipation<\/li>\r\n<li>Lightweight and durable, ideal for compact electronic devices<\/li>\r\n<li>Supports passive and active cooling system integration<\/li>\r\n<li>OEM\/ODM services for tailored dimensions, fin structures, and mounting features<\/li>\r\n<li>Improves reliability and lifespan of electronic components<\/li>","product_chanpin_chanpin":"<ul>\r\n<li><a href=\"https:\/\/sinoextrud.com\/product\/aluminium-extrusion-6061-6082-7075-aluminum-alloy-profiles\/\" target=\"_blank\">6061 aluminum extrusion<\/a><\/li>\r\n<li><a href=\"https:\/\/sinoextrud.com\/product\/oval-aluminum-extrud-profile\/\" target=\"_blank\">oval aluminum extrusion<\/a><\/li>\r\n<li><a href=\"https:\/\/sinoextrud.com\/product\/aluminium-extrusion-anodised-aluminium-tube\/\" target=\"_blank\">anodised aluminium tube<\/a><\/li>\r\n<li><a href=\"https:\/\/sinoextrud.com\/product\/c-shaped-closed-linear-ceiling-system\/\" target=\"_blank\">linear closed ceilings<\/a><\/li>\r\n<li><a href=\"https:\/\/sinoextrud.com\/product\/the-new-perforated-ceiling-system\/\" target=\"_blank\">perforated french ceilings<\/a><\/li>\r\n<li><a href=\"https:\/\/sinoextrud.com\/product\/aluminum-extrusion-7003-7005-7020\/\" target=\"_blank\">7020 aluminum<\/a><\/li>\r\n<\/ul>","product_chanpin_blog":"<ul>\r\n<li><a href=\"https:\/\/sinoextrud.com\/t-slot-v-slot-differences\/\" target=\"_blank\">t slot vs v slot<\/a><\/li>\r\n<li><a href=\"https:\/\/sinoextrud.com\/what-is-4040-aluminium-extrud\/\" target=\"_blank\">4040 aluminium extrusion<\/a><\/li>\r\n<li><a href=\"https:\/\/sinoextrud.com\/what-is-4040-aluminium-extrud\/\" target=\"_blank\">aluminum extrusions for industrial racks<\/a><\/li>\r\n<li><a href=\"https:\/\/sinoextrud.com\/powder-coating-aluminium-process\/\" target=\"_blank\">powder coating aluminium<\/a><\/li>\r\n<li><a href=\"https:\/\/sinoextrud.com\/what-is-an-aluminium-strip-ceiling\/\" target=\"_blank\">aluminium strip ceiling<\/a><\/li>\r\n<li><a href=\"https:\/\/sinoextrud.com\/what-is-a-heat-sink\/\" target=\"_blank\">what is a heat sink<\/a><\/li>\r\n<\/ul>"},"feature_list":[]},"_links":{"self":[{"href":"https:\/\/sinoextrud.com\/et\/wp-json\/wp\/v2\/product\/10671","targetHints":{"allow":["GET"]}}],"collection":[{"href":"https:\/\/sinoextrud.com\/et\/wp-json\/wp\/v2\/product"}],"about":[{"href":"https:\/\/sinoextrud.com\/et\/wp-json\/wp\/v2\/types\/product"}],"wp:featuredmedia":[{"embeddable":true,"href":"https:\/\/sinoextrud.com\/et\/wp-json\/wp\/v2\/media\/10670"}],"wp:attachment":[{"href":"https:\/\/sinoextrud.com\/et\/wp-json\/wp\/v2\/media?parent=10671"}],"wp:term":[{"taxonomy":"category","embeddable":true,"href":"https:\/\/sinoextrud.com\/et\/wp-json\/wp\/v2\/categories?post=10671"}],"curies":[{"name":"wp","href":"https:\/\/api.w.org\/{rel}","templated":true}]}}