{"id":10669,"date":"2025-07-25T08:04:03","date_gmt":"2025-07-25T08:04:03","guid":{"rendered":"https:\/\/sinoextrud.com\/product\/custom-round-led-aluminum-heatsink-extrusion-fin-design\/"},"modified":"2025-07-25T08:04:03","modified_gmt":"2025-07-25T08:04:03","slug":"kohandatud-ummargune-led-alumiiniumist-jahutusradade-ekstrusiooni-fin-disain","status":"publish","type":"product","link":"https:\/\/sinoextrud.com\/et\/product\/custom-round-led-aluminum-heatsink-extrusion-fin-design\/","title":{"rendered":"Kohandatud \u00fcmmargune LED alumiiniumist jahutusradade ekstrusiooni fin disain"},"content":{"rendered":"<h2>Toodete \u00fcksikasjad<\/h2>\n<table class=\"custom-table\">\n<tr>\n<td class=\"label\">Hinne<\/td>\n<td>6000 seeria<\/td>\n<\/tr>\n<tr>\n<td class=\"label\">Sallivus<\/td>\n<td>\u00b11%<\/td>\n<\/tr>\n<tr>\n<td class=\"label\">Tarneaeg<\/td>\n<td>7 p\u00e4eva jooksul<\/td>\n<\/tr>\n<tr>\n<td class=\"label\">Temper<\/td>\n<td>T3-T8<\/td>\n<\/tr>\n<tr>\n<td class=\"label\">Taotlus<\/td>\n<td>led\/elektroonika\/cpu<\/td>\n<\/tr>\n<tr>\n<td class=\"label\">Kuju<\/td>\n<td>kohandatud<\/td>\n<\/tr>\n<tr>\n<td class=\"label\">Sulam v\u00f5i mitte<\/td>\n<td>Kas sulam on sulam<\/td>\n<\/tr>\n<tr>\n<td class=\"label\">T\u00f6\u00f6tlemisteenus<\/td>\n<td>Painutamine, keevitamine, keevitamine, stantsimine, l\u00f5ikamine<\/td>\n<\/tr>\n<tr>\n<td class=\"label\">Toote nimi<\/td>\n<td>lamellide jahutusradiaator v\u00e4ljapressitud alumiiniumist jahutusradiaator<\/td>\n<\/tr>\n<tr>\n<td class=\"label\">M\u00fc\u00fcvad \u00fcksused<\/td>\n<td>\u00dcksik ese<\/td>\n<\/tr>\n<tr>\n<td class=\"label\">\u00dche pakendi suurus<\/td>\n<td>30X20X20 cm<\/td>\n<\/tr>\n<tr>\n<td class=\"label\">\u00dchtne brutokaal<\/td>\n<td>3.000 KG<\/td>\n<\/tr>\n<\/table>\n<h2>Meie tootmisbaas<\/h2>\n<h3>Tehase panoraam<\/h3>\n<p><img decoding=\"async\" src=\"\/wp-content\/uploads\/factory-01.webp\"\/><\/p>\n<h3>Alumiiniumvarraste tootmise t\u00f6\u00f6koda<\/h3>\n<p><img decoding=\"async\" src=\"\/wp-content\/uploads\/factory-02.webp\"\/><\/p>\n<p><img decoding=\"async\" src=\"\/wp-content\/uploads\/factory-03.webp\"\/><\/p>\n<h3>hallituse ladustamise ladu<\/h3>\n<p><img decoding=\"async\" src=\"\/wp-content\/uploads\/factory-04.webp\"\/><\/p>\n<h3>43 alumiiniumi ekstrusiooniliini (500-5500 tonni)<\/h3>\n<p><img decoding=\"async\" src=\"\/wp-content\/uploads\/factory-05.webp\"\/><\/p>\n<p><img decoding=\"async\" src=\"\/wp-content\/uploads\/factory-06.webp\"\/><\/p>\n<p><img decoding=\"async\" src=\"\/wp-content\/uploads\/factory-07.webp\"\/><\/p>\n<h3>Pulberv\u00e4rvimise t\u00f6\u00f6koda<\/h3>\n<p><img decoding=\"async\" src=\"\/wp-content\/uploads\/factory-09.webp\"\/><\/p>\n<h3>Anodiseerimise t\u00f6\u00f6koda<\/h3>\n<p><img decoding=\"async\" src=\"\/wp-content\/uploads\/factory-10.webp\"\/><\/p>\n<h3>S\u00fcgavt\u00f6\u00f6tlemise t\u00f6\u00f6tuba<\/h3>\n<p><img decoding=\"async\" src=\"\/wp-content\/uploads\/factory-11.webp\"\/><\/p>\n<h3>CNC-t\u00e4ppist\u00f6\u00f6tlemise t\u00f6\u00f6koda<\/h3>\n<p><img decoding=\"async\" src=\"\/wp-content\/uploads\/factory-11.5.webp\"\/><\/p>\n<h3>Valmistoodete ja ekspordi ladu<\/h3>\n<p><img decoding=\"async\" src=\"\/wp-content\/uploads\/factory-12.webp\"\/><\/p>\n<p><img decoding=\"async\" src=\"\/wp-content\/uploads\/factory-13.webp\"\/><\/p>\n<p><img decoding=\"async\" src=\"\/wp-content\/uploads\/factory-14.webp\"\/><\/p>\n<h2>KKK<\/h2>\n<p><p><b>1.Mis on kohandatud \u00fcmmarguse LED alumiiniumist jahutusplaadi kuju?<\/b><\/p>\n<p>Sellel on \u00fcmmargune ekstrusioonikujundus, mis on optimeeritud \u00fcmmarguste LED-valgustite jaoks.<br \/>\n<\/p><br \/>\n<br \/>\n<p><b>2.Miks kasutada LED-jahutusradade jaoks pressitud alumiiniumi?<\/b><\/p>\n<p>Pressitud alumiinium pakub suurt soojusjuhtivust, on kerge ja v\u00f5imaldab paindlikku vooderdistruktuuri parema jahutuse tagamiseks.<br \/>\n<\/p><br \/>\n<br \/>\n<p><b>3.Can see \u00fcmmargune LED-jahutusalus saab kohandada?<\/b><\/p>\n<p>Jah, me pakume OEM kohandamist m\u00f5\u00f5tmete, uime paigutuse, pinnat\u00f6\u00f6tluse ja paigaldusliidese osas.<br \/>\n<\/p><br \/>\n<br \/>\n<p><b>4.Millised on selle jahutusplaadi ribide konstruktsiooni eelised?<\/b><\/p>\n<p>Lamellide konstruktsioon suurendab pindala ja \u00f5huvoolu, parandades passiivset soojuse hajutamist ja jahutuse t\u00f5husust.<br \/>\n<\/p><br \/>\n<br \/>\n<p><b>5.Millistele LED-toodetele see jahuti sobib?<\/b><\/p>\n<p>See sobib ideaalselt \u00fcmmarguste LED-valgustite, n\u00e4iteks allvalgustite, kohtvalgustite ja arhitektuursete valgustite jaoks.<br \/>\n<\/p><br \/>\n<br \/>\n<p><b>6.Kas jahutusplaat parandab LED-i eluiga?<\/b><\/p>\n<p>Jah, t\u00e4nu t\u00f5husale soojusjuhtimisele aitab see s\u00e4ilitada stabiilse LEDide j\u00f5udluse ja pikendab nende kasutusiga.<br \/>\n<\/p><br \/>\n<br \/>\n<p><b>7.Kas jahutusplaat \u00fchildub passiivse ja aktiivse jahutusega?<\/b><\/p>\n<p>Jah, see toetab nii loomulikku konvektsiooni kui ka vajaduse korral aktiivse jahutuss\u00fcsteemi integreerimist.<br \/>\n<\/p><br \/>\n<br \/>\n<p><b>8.Millised viimistlusv\u00f5imalused on selle jahutusplaadi jaoks saadaval?<\/b><\/p>\n<p>Korrosioonikindluse ja toote esteetilisuse parandamiseks on saadaval eri v\u00e4rvi anodeeritud viimistlus.<br \/>\n<\/p><br \/><\/p>","protected":false},"featured_media":10668,"template":"","categories":[72],"class_list":["post-10669","product","type-product","status-publish","has-post-thumbnail","hentry","category-extruded-aluminum-heatsink"],"meta_box":{"hilight_text_group":{"product_hilight_text":"<li>Custom round profile optimized for LED thermal management<\/li>\r\n<li>Extruded aluminum construction ensures lightweight and efficient heat dissipation<\/li>\r\n<li>Fin design maximizes surface area for improved airflow and passive cooling<\/li>\r\n<li>Ideal for downlights, spotlights, and other circular LED housings<\/li>\r\n<li>Supports OEM customization in size, fin geometry, and mounting features<\/li>\r\n<li>Durable and corrosion-resistant anodized finish available<\/li>\r\n<li>Designed to enhance LED performance and extend service life<\/li>","product_chanpin_chanpin":"<ul>\r\n<li><a href=\"https:\/\/sinoextrud.com\/product\/aluminium-extrusion-6061-6082-7075-aluminum-alloy-profiles\/\" target=\"_blank\">6061 aluminum extrusion<\/a><\/li>\r\n<li><a href=\"https:\/\/sinoextrud.com\/product\/oval-aluminum-extrud-profile\/\" target=\"_blank\">oval aluminum extrusion<\/a><\/li>\r\n<li><a href=\"https:\/\/sinoextrud.com\/product\/aluminium-extrusion-anodised-aluminium-tube\/\" target=\"_blank\">anodised aluminium tube<\/a><\/li>\r\n<li><a href=\"https:\/\/sinoextrud.com\/product\/c-shaped-closed-linear-ceiling-system\/\" target=\"_blank\">linear closed ceilings<\/a><\/li>\r\n<li><a href=\"https:\/\/sinoextrud.com\/product\/the-new-perforated-ceiling-system\/\" target=\"_blank\">perforated french ceilings<\/a><\/li>\r\n<li><a href=\"https:\/\/sinoextrud.com\/product\/aluminum-extrusion-7003-7005-7020\/\" target=\"_blank\">7020 aluminum<\/a><\/li>\r\n<\/ul>","product_chanpin_blog":"<ul>\r\n<li><a href=\"https:\/\/sinoextrud.com\/t-slot-v-slot-differences\/\" target=\"_blank\">t slot vs v slot<\/a><\/li>\r\n<li><a href=\"https:\/\/sinoextrud.com\/what-is-4040-aluminium-extrud\/\" target=\"_blank\">4040 aluminium extrusion<\/a><\/li>\r\n<li><a href=\"https:\/\/sinoextrud.com\/what-is-4040-aluminium-extrud\/\" target=\"_blank\">aluminum extrusions for industrial racks<\/a><\/li>\r\n<li><a href=\"https:\/\/sinoextrud.com\/powder-coating-aluminium-process\/\" target=\"_blank\">powder coating aluminium<\/a><\/li>\r\n<li><a href=\"https:\/\/sinoextrud.com\/what-is-an-aluminium-strip-ceiling\/\" target=\"_blank\">aluminium strip ceiling<\/a><\/li>\r\n<li><a href=\"https:\/\/sinoextrud.com\/what-is-a-heat-sink\/\" target=\"_blank\">what is a heat sink<\/a><\/li>\r\n<\/ul>"},"feature_list":[]},"_links":{"self":[{"href":"https:\/\/sinoextrud.com\/et\/wp-json\/wp\/v2\/product\/10669","targetHints":{"allow":["GET"]}}],"collection":[{"href":"https:\/\/sinoextrud.com\/et\/wp-json\/wp\/v2\/product"}],"about":[{"href":"https:\/\/sinoextrud.com\/et\/wp-json\/wp\/v2\/types\/product"}],"wp:featuredmedia":[{"embeddable":true,"href":"https:\/\/sinoextrud.com\/et\/wp-json\/wp\/v2\/media\/10668"}],"wp:attachment":[{"href":"https:\/\/sinoextrud.com\/et\/wp-json\/wp\/v2\/media?parent=10669"}],"wp:term":[{"taxonomy":"category","embeddable":true,"href":"https:\/\/sinoextrud.com\/et\/wp-json\/wp\/v2\/categories?post=10669"}],"curies":[{"name":"wp","href":"https:\/\/api.w.org\/{rel}","templated":true}]}}