{"id":10667,"date":"2025-07-25T08:03:16","date_gmt":"2025-07-25T08:03:16","guid":{"rendered":"https:\/\/sinoextrud.com\/product\/oem-skived-fin-aluminum-heat-sink-supplier\/"},"modified":"2025-07-25T08:03:16","modified_gmt":"2025-07-25T08:03:16","slug":"oem-skived-fin-alumiiniumist-jahutusradiaator-tarnija","status":"publish","type":"product","link":"https:\/\/sinoextrud.com\/et\/product\/oem-skived-fin-aluminum-heat-sink-supplier\/","title":{"rendered":"OEM Skived Fin alumiiniumist soojusalvestuse tarnija"},"content":{"rendered":"<h2>Toodete \u00fcksikasjad<\/h2>\n<table class=\"custom-table\">\n<tr>\n<td class=\"label\">masinate katseprotokoll<\/td>\n<td>Edastatud<\/td>\n<\/tr>\n<tr>\n<td class=\"label\">video v\u00e4ljaminev inspektsioon<\/td>\n<td>Edastatud<\/td>\n<\/tr>\n<tr>\n<td class=\"label\">garantii<\/td>\n<td>2 aastat<\/td>\n<\/tr>\n<tr>\n<td class=\"label\">taotlus<\/td>\n<td>K\u00fclmutusseadmete osad<\/td>\n<\/tr>\n<tr>\n<td class=\"label\">t\u00fc\u00fcp<\/td>\n<td>Soojusvaheti osad<\/td>\n<\/tr>\n<tr>\n<td class=\"label\">Toote nimi<\/td>\n<td>skived fin soojusalveste tarnija OEM alumiiniumist soojusalveste<\/td>\n<\/tr>\n<tr>\n<td class=\"label\">Suurus<\/td>\n<td>Custom &amp; Stock<\/td>\n<\/tr>\n<tr>\n<td class=\"label\">Materjal<\/td>\n<td>Alumiinium + vasktoru<\/td>\n<\/tr>\n<tr>\n<td class=\"label\">V\u00e4rv<\/td>\n<td>Loodus<\/td>\n<\/tr>\n<tr>\n<td class=\"label\">L\u00f5peta<\/td>\n<td>Mill Finish, poleeritud<\/td>\n<\/tr>\n<tr>\n<td class=\"label\">Protsess<\/td>\n<td>CNC freesimine + h\u00f5\u00f5rdkeevitus<\/td>\n<\/tr>\n<tr>\n<td class=\"label\">Sallivus<\/td>\n<td>+\/-0.01mm<\/td>\n<\/tr>\n<tr>\n<td class=\"label\">Teenus<\/td>\n<td>ODM OEM<\/td>\n<\/tr>\n<tr>\n<td class=\"label\">MOQ<\/td>\n<td>1 t\u00fckk<\/td>\n<\/tr>\n<tr>\n<td class=\"label\">Pakkimine<\/td>\n<td>Pol\u00fcepuust korpus<\/td>\n<\/tr>\n<tr>\n<td class=\"label\">Pakendi \u00fcksikasjad<\/td>\n<td>kohandatud pakkimine vastavalt kliendi soovile, tavaliselt: <br \/>\nV: Valmisviimistlus, plastikust kokkut\u00f5mbekile.  <br \/>\nB: anodeerimine v\u00f5i v\u00f5imsuskate, sisemine pakitud plastist kaitsekile + PE-vaht + kokkut\u00f5mbekile v\u00f5i veekindel j\u00f5upaber .<br \/>\nC:Kui v\u00e4ike cnc osa, EPE vaht+kartongid.  <br \/>\nD: Kui kliendil on erisoov, saame pakkuda puidust kasti.<\/td>\n<\/tr>\n<tr>\n<td class=\"label\">M\u00fc\u00fcvad \u00fcksused<\/td>\n<td>\u00dcksik ese<\/td>\n<\/tr>\n<tr>\n<td class=\"label\">\u00dche pakendi suurus<\/td>\n<td>30X10X10 cm<\/td>\n<\/tr>\n<tr>\n<td class=\"label\">\u00dchtne brutokaal<\/td>\n<td>1.000 KG<\/td>\n<\/tr>\n<\/table>\n<h2>Meie tootmisbaas<\/h2>\n<h3>Tehase panoraam<\/h3>\n<p><img decoding=\"async\" src=\"\/wp-content\/uploads\/factory-01.webp\"\/><\/p>\n<h3>Alumiiniumvarraste tootmise t\u00f6\u00f6koda<\/h3>\n<p><img decoding=\"async\" src=\"\/wp-content\/uploads\/factory-02.webp\"\/><\/p>\n<p><img decoding=\"async\" src=\"\/wp-content\/uploads\/factory-03.webp\"\/><\/p>\n<h3>hallituse ladustamise ladu<\/h3>\n<p><img decoding=\"async\" src=\"\/wp-content\/uploads\/factory-04.webp\"\/><\/p>\n<h3>43 alumiiniumi ekstrusiooniliini (500-5500 tonni)<\/h3>\n<p><img decoding=\"async\" src=\"\/wp-content\/uploads\/factory-05.webp\"\/><\/p>\n<p><img decoding=\"async\" src=\"\/wp-content\/uploads\/factory-06.webp\"\/><\/p>\n<p><img decoding=\"async\" src=\"\/wp-content\/uploads\/factory-07.webp\"\/><\/p>\n<h3>Pulberv\u00e4rvimise t\u00f6\u00f6koda<\/h3>\n<p><img decoding=\"async\" src=\"\/wp-content\/uploads\/factory-09.webp\"\/><\/p>\n<h3>Anodiseerimise t\u00f6\u00f6koda<\/h3>\n<p><img decoding=\"async\" src=\"\/wp-content\/uploads\/factory-10.webp\"\/><\/p>\n<h3>S\u00fcgavt\u00f6\u00f6tlemise t\u00f6\u00f6tuba<\/h3>\n<p><img decoding=\"async\" src=\"\/wp-content\/uploads\/factory-11.webp\"\/><\/p>\n<h3>CNC-t\u00e4ppist\u00f6\u00f6tlemise t\u00f6\u00f6koda<\/h3>\n<p><img decoding=\"async\" src=\"\/wp-content\/uploads\/factory-11.5.webp\"\/><\/p>\n<h3>Valmistoodete ja ekspordi ladu<\/h3>\n<p><img decoding=\"async\" src=\"\/wp-content\/uploads\/factory-12.webp\"\/><\/p>\n<p><img decoding=\"async\" src=\"\/wp-content\/uploads\/factory-13.webp\"\/><\/p>\n<p><img decoding=\"async\" src=\"\/wp-content\/uploads\/factory-14.webp\"\/><\/p>\n<h2>KKK<\/h2>\n<p><p><b>1.Mis on alumiiniumist soojusradiaator?<\/b><\/p>\n<p>Soojustatud lamellidega jahutusradiaator on valmistatud viilutades ja moodustades lamellid otse \u00fchest alumiiniumplokist, mis pakub paremat soojus\u00fclekannet.<br \/>\n<\/p><br \/>\n<br \/>\n<p><b>2.Miks valida traditsiooniliste liimitud uimedega uime asemel nahklihviku konstruktsioon?<\/b><\/p>\n<p>Karmid tagavad parema soojapidavuse t\u00e4nu pidevale materjalivoolule ja v\u00e4iksemale soojustakistusele.<br \/>\n<\/p><br \/>\n<br \/>\n<p><b>3.Kas OEM Skived Fin alumiiniumist soojusalvesti on kohandatav?<\/b><\/p>\n<p>Jah, me pakume t\u00e4ielikku OEM-kohandamist, sealhulgas suuruse, uime k\u00f5rguse, sammu ja aluse paksuse kohandamist.<br \/>\n<\/p><br \/>\n<br \/>\n<p><b>4.Millised t\u00f6\u00f6stusharud kasutavad alumiiniumist soojusradiaatorit?<\/b><\/p>\n<p>Neid kasutatakse laialdaselt j\u00f5uelektroonikas, kommunikatsiooniseadmetes, serverites ja elektris\u00f5idukites.<br \/>\n<\/p><br \/>\n<br \/>\n<p><b>5.Millist materjali kasutatakse teie skiveeritud jahutusradade puhul?<\/b><\/p>\n<p>Meie soojusradiaatorid on valmistatud k\u00f5rge elektrijuhtivusega alumiiniumist, mis tagab maksimaalse termilise t\u00f5hususe.<br \/>\n<\/p><br \/>\n<br \/>\n<p><b>6.Kas ribade jahutusalused v\u00f5ivad toetada aktiivset jahutust?<\/b><\/p>\n<p>Jah, need \u00fchilduvad ventilaatorite v\u00f5i vedelikjahutuss\u00fcsteemidega, mis tagavad parema soojapidavuse.<br \/>\n<\/p><br \/>\n<br \/>\n<p><b>7.Kas \u00fcheosaline konstruktsioon parandab t\u00f6\u00f6kindlust?<\/b><\/p>\n<p>Jah, see k\u00f5rvaldab liidese vastupidavuse ja parandab konstruktsiooni tugevust, tagades pikaajalise t\u00f6\u00f6kindluse.<br \/>\n<\/p><br \/>\n<br \/>\n<p><b>8.Kas teie ribak\u00fcttepaneelid sobivad suure tihedusega komponentide jaoks?<\/b><\/p>\n<p>Kindlasti on nende kompaktne konstruktsioon ja suur ribide tihedus ideaalne tiheda elektroonika jahutamiseks.<br \/>\n<\/p><br \/><\/p>","protected":false},"featured_media":10666,"template":"","categories":[72],"class_list":["post-10667","product","type-product","status-publish","has-post-thumbnail","hentry","category-extruded-aluminum-heatsink"],"meta_box":{"hilight_text_group":{"product_hilight_text":"<li>High-efficiency skived fin technology enhances surface area and heat dissipation<\/li>\r\n<li>Manufactured from high-conductivity aluminum for superior thermal performance<\/li>\r\n<li>OEM support with custom size, fin density, and base thickness options<\/li>\r\n<li>Single-piece construction ensures better thermal resistance and mechanical strength<\/li>\r\n<li>Ideal for high-power electronics, IGBTs, and data center cooling applications<\/li>\r\n<li>Lightweight design suitable for compact and space-constrained systems<\/li>\r\n<li>Scalable production for small to large batch orders with consistent quality<\/li>","product_chanpin_chanpin":"<ul>\r\n<li><a href=\"https:\/\/sinoextrud.com\/product\/aluminium-extrusion-6061-6082-7075-aluminum-alloy-profiles\/\" target=\"_blank\">6061 aluminum extrusion<\/a><\/li>\r\n<li><a href=\"https:\/\/sinoextrud.com\/product\/oval-aluminum-extrud-profile\/\" target=\"_blank\">oval aluminum extrusion<\/a><\/li>\r\n<li><a href=\"https:\/\/sinoextrud.com\/product\/aluminium-extrusion-anodised-aluminium-tube\/\" target=\"_blank\">anodised aluminium tube<\/a><\/li>\r\n<li><a href=\"https:\/\/sinoextrud.com\/product\/c-shaped-closed-linear-ceiling-system\/\" target=\"_blank\">linear closed ceilings<\/a><\/li>\r\n<li><a href=\"https:\/\/sinoextrud.com\/product\/the-new-perforated-ceiling-system\/\" target=\"_blank\">perforated french ceilings<\/a><\/li>\r\n<li><a href=\"https:\/\/sinoextrud.com\/product\/aluminum-extrusion-7003-7005-7020\/\" target=\"_blank\">7020 aluminum<\/a><\/li>\r\n<\/ul>","product_chanpin_blog":"<ul>\r\n<li><a href=\"https:\/\/sinoextrud.com\/t-slot-v-slot-differences\/\" target=\"_blank\">t slot vs v slot<\/a><\/li>\r\n<li><a href=\"https:\/\/sinoextrud.com\/what-is-4040-aluminium-extrud\/\" target=\"_blank\">4040 aluminium extrusion<\/a><\/li>\r\n<li><a href=\"https:\/\/sinoextrud.com\/what-is-4040-aluminium-extrud\/\" target=\"_blank\">aluminum extrusions for industrial racks<\/a><\/li>\r\n<li><a href=\"https:\/\/sinoextrud.com\/powder-coating-aluminium-process\/\" target=\"_blank\">powder coating aluminium<\/a><\/li>\r\n<li><a href=\"https:\/\/sinoextrud.com\/what-is-an-aluminium-strip-ceiling\/\" target=\"_blank\">aluminium strip ceiling<\/a><\/li>\r\n<li><a href=\"https:\/\/sinoextrud.com\/what-is-a-heat-sink\/\" target=\"_blank\">what is a heat sink<\/a><\/li>\r\n<\/ul>"},"feature_list":[]},"_links":{"self":[{"href":"https:\/\/sinoextrud.com\/et\/wp-json\/wp\/v2\/product\/10667","targetHints":{"allow":["GET"]}}],"collection":[{"href":"https:\/\/sinoextrud.com\/et\/wp-json\/wp\/v2\/product"}],"about":[{"href":"https:\/\/sinoextrud.com\/et\/wp-json\/wp\/v2\/types\/product"}],"wp:featuredmedia":[{"embeddable":true,"href":"https:\/\/sinoextrud.com\/et\/wp-json\/wp\/v2\/media\/10666"}],"wp:attachment":[{"href":"https:\/\/sinoextrud.com\/et\/wp-json\/wp\/v2\/media?parent=10667"}],"wp:term":[{"taxonomy":"category","embeddable":true,"href":"https:\/\/sinoextrud.com\/et\/wp-json\/wp\/v2\/categories?post=10667"}],"curies":[{"name":"wp","href":"https:\/\/api.w.org\/{rel}","templated":true}]}}