{"id":10665,"date":"2025-07-25T08:01:48","date_gmt":"2025-07-25T08:01:48","guid":{"rendered":"https:\/\/sinoextrud.com\/product\/oem-black-anodized-led-aluminum-heatsink-radiator\/"},"modified":"2025-07-25T08:01:48","modified_gmt":"2025-07-25T08:01:48","slug":"oem-must-anodeeritud-led-alumiiniumist-jahutusradiaator","status":"publish","type":"product","link":"https:\/\/sinoextrud.com\/et\/product\/oem-black-anodized-led-aluminum-heatsink-radiator\/","title":{"rendered":"OEM must anodeeritud LED alumiiniumist jahutusradiaator"},"content":{"rendered":"<h2>Toodete \u00fcksikasjad<\/h2>\n<table class=\"custom-table\">\n<tr>\n<td class=\"label\">Hinne<\/td>\n<td>6000 seeria<\/td>\n<\/tr>\n<tr>\n<td class=\"label\">Sallivus<\/td>\n<td>\u00b11%<\/td>\n<\/tr>\n<tr>\n<td class=\"label\">Tarneaeg<\/td>\n<td>7 p\u00e4eva jooksul<\/td>\n<\/tr>\n<tr>\n<td class=\"label\">Temper<\/td>\n<td>T3-T8<\/td>\n<\/tr>\n<tr>\n<td class=\"label\">Taotlus<\/td>\n<td>led\/elektroonika\/cpu<\/td>\n<\/tr>\n<tr>\n<td class=\"label\">Kuju<\/td>\n<td>kohandatud<\/td>\n<\/tr>\n<tr>\n<td class=\"label\">Sulam v\u00f5i mitte<\/td>\n<td>Kas sulam on sulam<\/td>\n<\/tr>\n<tr>\n<td class=\"label\">T\u00f6\u00f6tlemisteenus<\/td>\n<td>Painutamine, keevitamine, keevitamine, stantsimine, l\u00f5ikamine<\/td>\n<\/tr>\n<tr>\n<td class=\"label\">Toote nimi<\/td>\n<td>Mustast anodeeritud alumiiniumist ekstrudeeritud LED-jahuti<\/td>\n<\/tr>\n<tr>\n<td class=\"label\">M\u00fc\u00fcvad \u00fcksused<\/td>\n<td>\u00dcksik ese<\/td>\n<\/tr>\n<tr>\n<td class=\"label\">\u00dche pakendi suurus<\/td>\n<td>30X20X20 cm<\/td>\n<\/tr>\n<tr>\n<td class=\"label\">\u00dchtne brutokaal<\/td>\n<td>30.000 KG<\/td>\n<\/tr>\n<\/table>\n<h2>Meie tootmisbaas<\/h2>\n<h3>Tehase panoraam<\/h3>\n<p><img decoding=\"async\" src=\"\/wp-content\/uploads\/factory-01.webp\"\/><\/p>\n<h3>Alumiiniumvarraste tootmise t\u00f6\u00f6koda<\/h3>\n<p><img decoding=\"async\" src=\"\/wp-content\/uploads\/factory-02.webp\"\/><\/p>\n<p><img decoding=\"async\" src=\"\/wp-content\/uploads\/factory-03.webp\"\/><\/p>\n<h3>hallituse ladustamise ladu<\/h3>\n<p><img decoding=\"async\" src=\"\/wp-content\/uploads\/factory-04.webp\"\/><\/p>\n<h3>43 alumiiniumi ekstrusiooniliini (500-5500 tonni)<\/h3>\n<p><img decoding=\"async\" src=\"\/wp-content\/uploads\/factory-05.webp\"\/><\/p>\n<p><img decoding=\"async\" src=\"\/wp-content\/uploads\/factory-06.webp\"\/><\/p>\n<p><img decoding=\"async\" src=\"\/wp-content\/uploads\/factory-07.webp\"\/><\/p>\n<h3>Pulberv\u00e4rvimise t\u00f6\u00f6koda<\/h3>\n<p><img decoding=\"async\" src=\"\/wp-content\/uploads\/factory-09.webp\"\/><\/p>\n<h3>Anodiseerimise t\u00f6\u00f6koda<\/h3>\n<p><img decoding=\"async\" src=\"\/wp-content\/uploads\/factory-10.webp\"\/><\/p>\n<h3>S\u00fcgavt\u00f6\u00f6tlemise t\u00f6\u00f6tuba<\/h3>\n<p><img decoding=\"async\" src=\"\/wp-content\/uploads\/factory-11.webp\"\/><\/p>\n<h3>CNC-t\u00e4ppist\u00f6\u00f6tlemise t\u00f6\u00f6koda<\/h3>\n<p><img decoding=\"async\" src=\"\/wp-content\/uploads\/factory-11.5.webp\"\/><\/p>\n<h3>Valmistoodete ja ekspordi ladu<\/h3>\n<p><img decoding=\"async\" src=\"\/wp-content\/uploads\/factory-12.webp\"\/><\/p>\n<p><img decoding=\"async\" src=\"\/wp-content\/uploads\/factory-13.webp\"\/><\/p>\n<p><img decoding=\"async\" src=\"\/wp-content\/uploads\/factory-14.webp\"\/><\/p>\n<h2>KKK<\/h2>\n<p><p><b>1.Mis materjali kasutatakse OEM Black Anodized LED Aluminum Heatsink Radiator?<\/b><\/p>\n<p>See on valmistatud k\u00f5rgekvaliteedilisest alumiiniumist, mis pakub suurt soojusjuhtivust ja struktuurilist tugevust.<br \/>\n<\/p><br \/>\n<br \/>\n<p><b>2.Miks on jahutusplaat anodeeritud mustaks?<\/b><\/p>\n<p>Must anodeeritud viimistlus parandab soojuskiirgust, suurendab korrosioonikindlust ja lisab elegantset v\u00e4limust.<br \/>\n<\/p><br \/>\n<br \/>\n<p><b>3.Kas LED alumiiniumist jahutusradiaatorit saab kohandada?<\/b><\/p>\n<p>Jah, me pakume OEM kohandamist m\u00f5\u00f5tmete, vindi disaini ja paigaldusliideste osas.<br \/>\n<\/p><br \/>\n<br \/>\n<p><b>4.Millised on selle LED-jahuti peamised rakendused?<\/b><\/p>\n<p>See on m\u00f5eldud LED-valgustuss\u00fcsteemide, sealhulgas kohtvalgustite, pro\u017eektorite ja t\u00f6\u00f6stusvalgustite jaoks.<br \/>\n<\/p><br \/>\n<br \/>\n<p><b>5.Kas see jahutusplaat sobib passiivseks jahutuseks?<\/b><\/p>\n<p>Jah, vooderduse struktuur ja pinnat\u00f6\u00f6tlus muudavad selle ideaalseks passiivseks soojuse hajutamiseks.<br \/>\n<\/p><br \/>\n<br \/>\n<p><b>6.Kuidas see toode parandab LED-i eluiga?<\/b><\/p>\n<p>See hoiab LEDide liitekoha temperatuuri madalal, mis v\u00e4hendab termilist koormust ja pikendab kasutusiga.<br \/>\n<\/p><br \/>\n<br \/>\n<p><b>7.Kas jahutusplaat \u00fchildub aktiivsete jahutuss\u00fcsteemidega?<\/b><\/p>\n<p>Jah, seda saab integreerida ventilaatorite v\u00f5i termopadjadega, et suurendada jahutusj\u00f5udlust.<br \/>\n<\/p><br \/>\n<br \/>\n<p><b>8.Kas must anodeeritud viimistlus m\u00f5jutab elektriisolatsiooni?<\/b><\/p>\n<p>Jah, anodeerimine annab mittejuhtiva pinnakihi, mis parandab elektriisolatsiooni ja ohutust.<br \/>\n<\/p><br \/><\/p>","protected":false},"featured_media":10664,"template":"","categories":[72],"class_list":["post-10665","product","type-product","status-publish","has-post-thumbnail","hentry","category-extruded-aluminum-heatsink"],"meta_box":{"hilight_text_group":{"product_hilight_text":"<li>Black anodized surface improves thermal radiation and corrosion resistance<\/li>\r\n<li>Made from high-quality aluminum for excellent heat dissipation<\/li>\r\n<li>Designed specifically for LED lighting systems and thermal control<\/li>\r\n<li>OEM customization available for size, shape, and mounting features<\/li>\r\n<li>Lightweight, durable construction for easy integration into LED housings<\/li>\r\n<li>Supports both passive and active cooling methods<\/li>\r\n<li>Enhances LED performance and extends service life<\/li>","product_chanpin_chanpin":"<ul>\r\n<li><a href=\"https:\/\/sinoextrud.com\/product\/aluminium-extrusion-6061-6082-7075-aluminum-alloy-profiles\/\" target=\"_blank\">6061 aluminum extrusion<\/a><\/li>\r\n<li><a href=\"https:\/\/sinoextrud.com\/product\/oval-aluminum-extrud-profile\/\" target=\"_blank\">oval aluminum extrusion<\/a><\/li>\r\n<li><a href=\"https:\/\/sinoextrud.com\/product\/aluminium-extrusion-anodised-aluminium-tube\/\" target=\"_blank\">anodised aluminium tube<\/a><\/li>\r\n<li><a href=\"https:\/\/sinoextrud.com\/product\/c-shaped-closed-linear-ceiling-system\/\" target=\"_blank\">linear closed ceilings<\/a><\/li>\r\n<li><a href=\"https:\/\/sinoextrud.com\/product\/the-new-perforated-ceiling-system\/\" target=\"_blank\">perforated french ceilings<\/a><\/li>\r\n<li><a href=\"https:\/\/sinoextrud.com\/product\/aluminum-extrusion-7003-7005-7020\/\" target=\"_blank\">7020 aluminum<\/a><\/li>\r\n<\/ul>","product_chanpin_blog":"<ul>\r\n<li><a href=\"https:\/\/sinoextrud.com\/t-slot-v-slot-differences\/\" target=\"_blank\">t slot vs v slot<\/a><\/li>\r\n<li><a href=\"https:\/\/sinoextrud.com\/what-is-4040-aluminium-extrud\/\" target=\"_blank\">4040 aluminium extrusion<\/a><\/li>\r\n<li><a href=\"https:\/\/sinoextrud.com\/what-is-4040-aluminium-extrud\/\" target=\"_blank\">aluminum extrusions for industrial racks<\/a><\/li>\r\n<li><a href=\"https:\/\/sinoextrud.com\/powder-coating-aluminium-process\/\" target=\"_blank\">powder coating aluminium<\/a><\/li>\r\n<li><a href=\"https:\/\/sinoextrud.com\/what-is-an-aluminium-strip-ceiling\/\" target=\"_blank\">aluminium strip ceiling<\/a><\/li>\r\n<li><a href=\"https:\/\/sinoextrud.com\/what-is-a-heat-sink\/\" target=\"_blank\">what is a heat sink<\/a><\/li>\r\n<\/ul>"},"feature_list":[]},"_links":{"self":[{"href":"https:\/\/sinoextrud.com\/et\/wp-json\/wp\/v2\/product\/10665","targetHints":{"allow":["GET"]}}],"collection":[{"href":"https:\/\/sinoextrud.com\/et\/wp-json\/wp\/v2\/product"}],"about":[{"href":"https:\/\/sinoextrud.com\/et\/wp-json\/wp\/v2\/types\/product"}],"wp:featuredmedia":[{"embeddable":true,"href":"https:\/\/sinoextrud.com\/et\/wp-json\/wp\/v2\/media\/10664"}],"wp:attachment":[{"href":"https:\/\/sinoextrud.com\/et\/wp-json\/wp\/v2\/media?parent=10665"}],"wp:term":[{"taxonomy":"category","embeddable":true,"href":"https:\/\/sinoextrud.com\/et\/wp-json\/wp\/v2\/categories?post=10665"}],"curies":[{"name":"wp","href":"https:\/\/api.w.org\/{rel}","templated":true}]}}