{"id":10663,"date":"2025-07-25T08:00:55","date_gmt":"2025-07-25T08:00:55","guid":{"rendered":"https:\/\/sinoextrud.com\/product\/anodized-aluminum-heatsink-parts-6000-series-custom-sizes\/"},"modified":"2025-07-25T08:00:55","modified_gmt":"2025-07-25T08:00:55","slug":"anodeeritud-alumiiniumist-jahutusradiaatorite-osad-6000-seeria-kohandatud-suurused","status":"publish","type":"product","link":"https:\/\/sinoextrud.com\/et\/product\/anodized-aluminum-heatsink-parts-6000-series-custom-sizes\/","title":{"rendered":"Anodeeritud alumiiniumist jahutusradiaatorite osad 6000 seeria, kohandatud suurused"},"content":{"rendered":"<h2>Toodete \u00fcksikasjad<\/h2>\n<table class=\"custom-table\">\n<tr>\n<td class=\"label\">Hinne<\/td>\n<td>6000 seeria<\/td>\n<\/tr>\n<tr>\n<td class=\"label\">Sallivus<\/td>\n<td>\u00b11%<\/td>\n<\/tr>\n<tr>\n<td class=\"label\">Tarneaeg<\/td>\n<td>22-30 p\u00e4eva<\/td>\n<\/tr>\n<tr>\n<td class=\"label\">Temper<\/td>\n<td>T3-T8<\/td>\n<\/tr>\n<tr>\n<td class=\"label\">Taotlus<\/td>\n<td>led\/elektroonika\/cpu\/t\u00f6\u00f6stus<\/td>\n<\/tr>\n<tr>\n<td class=\"label\">Kuju<\/td>\n<td>kohandatud<\/td>\n<\/tr>\n<tr>\n<td class=\"label\">Sulam v\u00f5i mitte<\/td>\n<td>Kas sulam on sulam<\/td>\n<\/tr>\n<tr>\n<td class=\"label\">T\u00f6\u00f6tlemisteenus<\/td>\n<td>Painutamine, keevitamine, keevitamine, stantsimine, l\u00f5ikamine<\/td>\n<\/tr>\n<tr>\n<td class=\"label\">Toote nimi<\/td>\n<td>Kohandatud alumiiniumist jahutusplaat<\/td>\n<\/tr>\n<tr>\n<td class=\"label\">M\u00fc\u00fcvad \u00fcksused<\/td>\n<td>\u00dcksik ese<\/td>\n<\/tr>\n<tr>\n<td class=\"label\">\u00dche pakendi suurus<\/td>\n<td>30X20X20 cm<\/td>\n<\/tr>\n<tr>\n<td class=\"label\">\u00dchtne brutokaal<\/td>\n<td>3.000 KG<\/td>\n<\/tr>\n<\/table>\n<h2>Meie tootmisbaas<\/h2>\n<h3>Tehase panoraam<\/h3>\n<p><img decoding=\"async\" src=\"\/wp-content\/uploads\/factory-01.webp\"\/><\/p>\n<h3>Alumiiniumvarraste tootmise t\u00f6\u00f6koda<\/h3>\n<p><img decoding=\"async\" src=\"\/wp-content\/uploads\/factory-02.webp\"\/><\/p>\n<p><img decoding=\"async\" src=\"\/wp-content\/uploads\/factory-03.webp\"\/><\/p>\n<h3>hallituse ladustamise ladu<\/h3>\n<p><img decoding=\"async\" src=\"\/wp-content\/uploads\/factory-04.webp\"\/><\/p>\n<h3>43 alumiiniumi ekstrusiooniliini (500-5500 tonni)<\/h3>\n<p><img decoding=\"async\" src=\"\/wp-content\/uploads\/factory-05.webp\"\/><\/p>\n<p><img decoding=\"async\" src=\"\/wp-content\/uploads\/factory-06.webp\"\/><\/p>\n<p><img decoding=\"async\" src=\"\/wp-content\/uploads\/factory-07.webp\"\/><\/p>\n<h3>Pulberv\u00e4rvimise t\u00f6\u00f6koda<\/h3>\n<p><img decoding=\"async\" src=\"\/wp-content\/uploads\/factory-09.webp\"\/><\/p>\n<h3>Anodiseerimise t\u00f6\u00f6koda<\/h3>\n<p><img decoding=\"async\" src=\"\/wp-content\/uploads\/factory-10.webp\"\/><\/p>\n<h3>S\u00fcgavt\u00f6\u00f6tlemise t\u00f6\u00f6tuba<\/h3>\n<p><img decoding=\"async\" src=\"\/wp-content\/uploads\/factory-11.webp\"\/><\/p>\n<h3>CNC-t\u00e4ppist\u00f6\u00f6tlemise t\u00f6\u00f6koda<\/h3>\n<p><img decoding=\"async\" src=\"\/wp-content\/uploads\/factory-11.5.webp\"\/><\/p>\n<h3>Valmistoodete ja ekspordi ladu<\/h3>\n<p><img decoding=\"async\" src=\"\/wp-content\/uploads\/factory-12.webp\"\/><\/p>\n<p><img decoding=\"async\" src=\"\/wp-content\/uploads\/factory-13.webp\"\/><\/p>\n<p><img decoding=\"async\" src=\"\/wp-content\/uploads\/factory-14.webp\"\/><\/p>\n<h2>KKK<\/h2>\n<p><p><b>1.Mis materjalist on anodeeritud alumiiniumist jahutusradiaatorite osad valmistatud?<\/b><\/p>\n<p>Need on valmistatud kvaliteetsest 6000-seeria alumiiniumist, mis tagab suurep\u00e4rase soojusjuhtivuse ja mehaanilise tugevuse.<br \/>\n<\/p><br \/>\n<br \/>\n<p><b>2.Miks kasutatakse anodeerimist alumiiniumist jahutusradiaatorite osadel?<\/b><\/p>\n<p>Anodeerimine suurendab korrosioonikindlust, pinna k\u00f5vadust ja soojuskiirguse t\u00f5husust.<br \/>\n<\/p><br \/>\n<br \/>\n<p><b>3.Kas neid alumiiniumist jahutusradiaatorite osi saab kohandada?<\/b><\/p>\n<p>Jah, me toetame kohandatud suurusi, kujundeid ja viimistlusi, et vastata konkreetsetele rakendusn\u00f5uetele.<br \/>\n<\/p><br \/>\n<br \/>\n<p><b>4.Millised on nende jahutusplaatide t\u00fc\u00fcpilised rakendused?<\/b><\/p>\n<p>Neid kasutatakse elektroonikas, LED-valgustuses, muundurites ja t\u00f6\u00f6stuslikes jahutuss\u00fcsteemides.<br \/>\n<\/p><br \/>\n<br \/>\n<p><b>5.Kas anodeeritud alumiinium sobib karmidesse keskkondadesse?<\/b><\/p>\n<p>Jah, anodeeritud pind kaitseb jahutusplaati korrosiooni eest, mist\u00f5ttu on see ideaalne n\u00f5udlikes tingimustes.<br \/>\n<\/p><br \/>\n<br \/>\n<p><b>6.Kas need jahutusradade osad \u00fchilduvad aktiivsete jahutuss\u00fcsteemidega?<\/b><\/p>\n<p>Jah, neid saab integreerida ventilaatorite v\u00f5i muude aktiivsete jahutuskomponentidega, et suurendada nende j\u00f5udlust.<br \/>\n<\/p><br \/>\n<br \/>\n<p><b>7.Kas te pakute nende osade jaoks OEM- v\u00f5i ODM-teenuseid?<\/b><\/p>\n<p>Kindlasti pakume t\u00e4ielikku OEM\/ODM kohandamist, et toetada teie projekti vajadusi.<br \/>\n<\/p><br \/>\n<br \/>\n<p><b>8.Kuidas parandab 6000-seeria alumiinium jahutusradade j\u00f5udlust?<\/b><\/p>\n<p>6000-seeria alumiinium pakub suurep\u00e4rast tasakaalu soojusjuhtivuse, tugevuse ja t\u00f6\u00f6deldavuse vahel, mist\u00f5ttu on see ideaalne soojusjuhtimiseks.<br \/>\n<\/p><br \/><\/p>","protected":false},"featured_media":10662,"template":"","categories":[72],"class_list":["post-10663","product","type-product","status-publish","has-post-thumbnail","hentry","category-extruded-aluminum-heatsink"],"meta_box":{"hilight_text_group":{"product_hilight_text":"<li>Made from durable 6000 series aluminum for high thermal conductivity and strength<\/li>\r\n<li>Anodized surface enhances corrosion resistance and improves heat dissipation<\/li>\r\n<li>Supports fully customizable sizes, shapes, and mounting designs<\/li>\r\n<li>Ideal for electronics, power modules, and LED thermal management<\/li>\r\n<li>Lightweight and easy to integrate into compact system designs<\/li>\r\n<li>Suitable for both passive and active cooling configurations<\/li>\r\n<li>OEM\/ODM service available for tailored thermal solutions<\/li>","product_chanpin_chanpin":"<ul>\r\n<li><a href=\"https:\/\/sinoextrud.com\/product\/aluminium-extrusion-6061-6082-7075-aluminum-alloy-profiles\/\" target=\"_blank\">6061 aluminum extrusion<\/a><\/li>\r\n<li><a href=\"https:\/\/sinoextrud.com\/product\/oval-aluminum-extrud-profile\/\" target=\"_blank\">oval aluminum extrusion<\/a><\/li>\r\n<li><a href=\"https:\/\/sinoextrud.com\/product\/aluminium-extrusion-anodised-aluminium-tube\/\" target=\"_blank\">anodised aluminium tube<\/a><\/li>\r\n<li><a href=\"https:\/\/sinoextrud.com\/product\/c-shaped-closed-linear-ceiling-system\/\" target=\"_blank\">linear closed ceilings<\/a><\/li>\r\n<li><a href=\"https:\/\/sinoextrud.com\/product\/the-new-perforated-ceiling-system\/\" target=\"_blank\">perforated french ceilings<\/a><\/li>\r\n<li><a href=\"https:\/\/sinoextrud.com\/product\/aluminum-extrusion-7003-7005-7020\/\" target=\"_blank\">7020 aluminum<\/a><\/li>\r\n<\/ul>","product_chanpin_blog":"<ul>\r\n<li><a href=\"https:\/\/sinoextrud.com\/t-slot-v-slot-differences\/\" target=\"_blank\">t slot vs v slot<\/a><\/li>\r\n<li><a href=\"https:\/\/sinoextrud.com\/what-is-4040-aluminium-extrud\/\" target=\"_blank\">4040 aluminium extrusion<\/a><\/li>\r\n<li><a href=\"https:\/\/sinoextrud.com\/what-is-4040-aluminium-extrud\/\" target=\"_blank\">aluminum extrusions for industrial racks<\/a><\/li>\r\n<li><a href=\"https:\/\/sinoextrud.com\/powder-coating-aluminium-process\/\" target=\"_blank\">powder coating aluminium<\/a><\/li>\r\n<li><a href=\"https:\/\/sinoextrud.com\/what-is-an-aluminium-strip-ceiling\/\" target=\"_blank\">aluminium strip ceiling<\/a><\/li>\r\n<li><a href=\"https:\/\/sinoextrud.com\/what-is-a-heat-sink\/\" target=\"_blank\">what is a heat sink<\/a><\/li>\r\n<\/ul>"},"feature_list":[]},"_links":{"self":[{"href":"https:\/\/sinoextrud.com\/et\/wp-json\/wp\/v2\/product\/10663","targetHints":{"allow":["GET"]}}],"collection":[{"href":"https:\/\/sinoextrud.com\/et\/wp-json\/wp\/v2\/product"}],"about":[{"href":"https:\/\/sinoextrud.com\/et\/wp-json\/wp\/v2\/types\/product"}],"wp:featuredmedia":[{"embeddable":true,"href":"https:\/\/sinoextrud.com\/et\/wp-json\/wp\/v2\/media\/10662"}],"wp:attachment":[{"href":"https:\/\/sinoextrud.com\/et\/wp-json\/wp\/v2\/media?parent=10663"}],"wp:term":[{"taxonomy":"category","embeddable":true,"href":"https:\/\/sinoextrud.com\/et\/wp-json\/wp\/v2\/categories?post=10663"}],"curies":[{"name":"wp","href":"https:\/\/api.w.org\/{rel}","templated":true}]}}