{"id":10661,"date":"2025-07-25T08:00:08","date_gmt":"2025-07-25T08:00:08","guid":{"rendered":"https:\/\/sinoextrud.com\/product\/cnc-machined-aluminum-heat-sink-for-electronics-6000-series\/"},"modified":"2025-07-25T08:00:08","modified_gmt":"2025-07-25T08:00:08","slug":"cnc-toodeldud-alumiiniumist-soojusalvesti-elektroonika-6000-seeria-jaoks","status":"publish","type":"product","link":"https:\/\/sinoextrud.com\/et\/product\/cnc-machined-aluminum-heat-sink-for-electronics-6000-series\/","title":{"rendered":"CNC-t\u00f6\u00f6deldud alumiiniumist soojusalvesti elektroonika 6000-seeria jaoks"},"content":{"rendered":"<h2>Toodete \u00fcksikasjad<\/h2>\n<table class=\"custom-table\">\n<tr>\n<td class=\"label\">Hinne<\/td>\n<td>6000 seeria<\/td>\n<\/tr>\n<tr>\n<td class=\"label\">Sallivus<\/td>\n<td>\u00b11%<\/td>\n<\/tr>\n<tr>\n<td class=\"label\">Tarneaeg<\/td>\n<td>22-30 p\u00e4eva<\/td>\n<\/tr>\n<tr>\n<td class=\"label\">Temper<\/td>\n<td>T3-T8<\/td>\n<\/tr>\n<tr>\n<td class=\"label\">Taotlus<\/td>\n<td>led\/elektroonika\/cpu\/t\u00f6\u00f6stus<\/td>\n<\/tr>\n<tr>\n<td class=\"label\">Kuju<\/td>\n<td>kohandatud<\/td>\n<\/tr>\n<tr>\n<td class=\"label\">Sulam v\u00f5i mitte<\/td>\n<td>Kas sulam on sulam<\/td>\n<\/tr>\n<tr>\n<td class=\"label\">T\u00f6\u00f6tlemisteenus<\/td>\n<td>Painutamine, keevitamine, keevitamine, stantsimine, l\u00f5ikamine<\/td>\n<\/tr>\n<tr>\n<td class=\"label\">Toote nimi<\/td>\n<td>Kohandatud alumiiniumist jahutusplaat<\/td>\n<\/tr>\n<tr>\n<td class=\"label\">M\u00fc\u00fcvad \u00fcksused<\/td>\n<td>\u00dcksik ese<\/td>\n<\/tr>\n<tr>\n<td class=\"label\">\u00dche pakendi suurus<\/td>\n<td>30X30X50 cm<\/td>\n<\/tr>\n<tr>\n<td class=\"label\">\u00dchtne brutokaal<\/td>\n<td>5.000 KG<\/td>\n<\/tr>\n<\/table>\n<h2>Meie tootmisbaas<\/h2>\n<h3>Tehase panoraam<\/h3>\n<p><img decoding=\"async\" src=\"\/wp-content\/uploads\/factory-01.webp\"\/><\/p>\n<h3>Alumiiniumvarraste tootmise t\u00f6\u00f6koda<\/h3>\n<p><img decoding=\"async\" src=\"\/wp-content\/uploads\/factory-02.webp\"\/><\/p>\n<p><img decoding=\"async\" src=\"\/wp-content\/uploads\/factory-03.webp\"\/><\/p>\n<h3>hallituse ladustamise ladu<\/h3>\n<p><img decoding=\"async\" src=\"\/wp-content\/uploads\/factory-04.webp\"\/><\/p>\n<h3>43 alumiiniumi ekstrusiooniliini (500-5500 tonni)<\/h3>\n<p><img decoding=\"async\" src=\"\/wp-content\/uploads\/factory-05.webp\"\/><\/p>\n<p><img decoding=\"async\" src=\"\/wp-content\/uploads\/factory-06.webp\"\/><\/p>\n<p><img decoding=\"async\" src=\"\/wp-content\/uploads\/factory-07.webp\"\/><\/p>\n<h3>Pulberv\u00e4rvimise t\u00f6\u00f6koda<\/h3>\n<p><img decoding=\"async\" src=\"\/wp-content\/uploads\/factory-09.webp\"\/><\/p>\n<h3>Anodiseerimise t\u00f6\u00f6koda<\/h3>\n<p><img decoding=\"async\" src=\"\/wp-content\/uploads\/factory-10.webp\"\/><\/p>\n<h3>S\u00fcgavt\u00f6\u00f6tlemise t\u00f6\u00f6tuba<\/h3>\n<p><img decoding=\"async\" src=\"\/wp-content\/uploads\/factory-11.webp\"\/><\/p>\n<h3>CNC-t\u00e4ppist\u00f6\u00f6tlemise t\u00f6\u00f6koda<\/h3>\n<p><img decoding=\"async\" src=\"\/wp-content\/uploads\/factory-11.5.webp\"\/><\/p>\n<h3>Valmistoodete ja ekspordi ladu<\/h3>\n<p><img decoding=\"async\" src=\"\/wp-content\/uploads\/factory-12.webp\"\/><\/p>\n<p><img decoding=\"async\" src=\"\/wp-content\/uploads\/factory-13.webp\"\/><\/p>\n<p><img decoding=\"async\" src=\"\/wp-content\/uploads\/factory-14.webp\"\/><\/p>\n<h2>KKK<\/h2>\n<p><p><b>1.Mis materjali kasutatakse CNC-t\u00f6\u00f6deldud alumiiniumist soojusalvesti elektroonika jaoks?<\/b><\/p>\n<p>See on valmistatud 6000-seeria alumiiniumist, mis on tuntud k\u00f5rge soojusjuhtivuse ja mehaanilise tugevuse poolest.<br \/>\n<\/p><br \/>\n<br \/>\n<p><b>2.Miks on CNC-t\u00f6\u00f6tlemine jahutusradiaatorite puhul oluline?<\/b><\/p>\n<p>CNC-t\u00f6\u00f6tlus tagab elektroonikarakenduste jaoks suure m\u00f5\u00f5tmete t\u00e4psuse, sileda pinna ja \u00fchtlase kvaliteedi.<br \/>\n<\/p><br \/>\n<br \/>\n<p><b>3.Millised on alumiiniumist jahutusradiaatorite kasutamise eelised elektroonikas?<\/b><\/p>\n<p>Alumiinium pakub suurep\u00e4rast soojuse hajutamist, kerget struktuuri ja korrosioonikindlust, mis tagab usaldusv\u00e4\u00e4rse soojusjuhtimise.<br \/>\n<\/p><br \/>\n<br \/>\n<p><b>4.Kas jahutusradiaatorit saab kohandada erinevate elektroonikaseadmete jaoks?<\/b><\/p>\n<p>Jah, pakume OEM\/ODM kohandamist suuruse, paigalduse ja viimistluse osas vastavalt teie seadme n\u00f5uetele.<br \/>\n<\/p><br \/>\n<br \/>\n<p><b>5.Kas see alumiiniumist jahutusradiaator sobib passiivseks jahutuseks?<\/b><\/p>\n<p>Jah, see on m\u00f5eldud nii passiivse kui ka aktiivse jahutuse seadistamiseks erinevates elektroonikaseadmetes.<br \/>\n<\/p><br \/>\n<br \/>\n<p><b>6.Kuidas parandab 6000-seeria alumiinium tulemuslikkust?<\/b><\/p>\n<p>6000-seeria alumiinium pakub tasakaalustatud soojapidavust, mehaanilist t\u00f6\u00f6deldavust ja korrosioonikindlust, mis sobib ideaalselt elektroonika jaoks.<br \/>\n<\/p><br \/>\n<br \/>\n<p><b>7. millist t\u00fc\u00fcpi elektroonika v\u00f5ib kasutada seda jahutusradiaatorit?<\/b><\/p>\n<p>See jahutusalus sobib ideaalselt toitemoodulite, tr\u00fckkplaatide, LED-draiverite, v\u00f5imendite ja muu soojusetundliku elektroonika jaoks.<br \/>\n<\/p><br \/>\n<br \/>\n<p><b>8.Kas jahutusradiaator on vastupidav keskkonnateguritele?<\/b><\/p>\n<p>Jah, korrosioonikindel pind tagab usaldusv\u00e4\u00e4rse toimimise erinevates t\u00f6\u00f6keskkondades.<br \/>\n<\/p><br \/><\/p>","protected":false},"featured_media":10660,"template":"","categories":[72],"class_list":["post-10661","product","type-product","status-publish","has-post-thumbnail","hentry","category-extruded-aluminum-heatsink"],"meta_box":{"hilight_text_group":{"product_hilight_text":"<li>Made from high-performance 6000 series aluminum for excellent heat conductivity<\/li>\r\n<li>CNC machined for high precision, consistency, and perfect fit in electronic assemblies<\/li>\r\n<li>Designed to effectively dissipate heat from power electronics and circuit boards<\/li>\r\n<li>Lightweight and strong, ideal for compact and portable electronic devices<\/li>\r\n<li>Customizable shapes, mounting holes, and surface treatments available<\/li>\r\n<li>Corrosion-resistant surface ensures long-term reliability in varied environments<\/li>\r\n<li>Supports passive and active cooling applications in industrial electronics<\/li>","product_chanpin_chanpin":"<ul>\r\n<li><a href=\"https:\/\/sinoextrud.com\/product\/aluminium-extrusion-6061-6082-7075-aluminum-alloy-profiles\/\" target=\"_blank\">6061 aluminum extrusion<\/a><\/li>\r\n<li><a href=\"https:\/\/sinoextrud.com\/product\/oval-aluminum-extrud-profile\/\" target=\"_blank\">oval aluminum extrusion<\/a><\/li>\r\n<li><a href=\"https:\/\/sinoextrud.com\/product\/aluminium-extrusion-anodised-aluminium-tube\/\" target=\"_blank\">anodised aluminium tube<\/a><\/li>\r\n<li><a href=\"https:\/\/sinoextrud.com\/product\/c-shaped-closed-linear-ceiling-system\/\" target=\"_blank\">linear closed ceilings<\/a><\/li>\r\n<li><a href=\"https:\/\/sinoextrud.com\/product\/the-new-perforated-ceiling-system\/\" target=\"_blank\">perforated french ceilings<\/a><\/li>\r\n<li><a href=\"https:\/\/sinoextrud.com\/product\/aluminum-extrusion-7003-7005-7020\/\" target=\"_blank\">7020 aluminum<\/a><\/li>\r\n<\/ul>","product_chanpin_blog":"<ul>\r\n<li><a href=\"https:\/\/sinoextrud.com\/t-slot-v-slot-differences\/\" target=\"_blank\">t slot vs v slot<\/a><\/li>\r\n<li><a href=\"https:\/\/sinoextrud.com\/what-is-4040-aluminium-extrud\/\" target=\"_blank\">4040 aluminium extrusion<\/a><\/li>\r\n<li><a href=\"https:\/\/sinoextrud.com\/what-is-4040-aluminium-extrud\/\" target=\"_blank\">aluminum extrusions for industrial racks<\/a><\/li>\r\n<li><a href=\"https:\/\/sinoextrud.com\/powder-coating-aluminium-process\/\" target=\"_blank\">powder coating aluminium<\/a><\/li>\r\n<li><a href=\"https:\/\/sinoextrud.com\/what-is-an-aluminium-strip-ceiling\/\" target=\"_blank\">aluminium strip ceiling<\/a><\/li>\r\n<li><a href=\"https:\/\/sinoextrud.com\/what-is-a-heat-sink\/\" target=\"_blank\">what is a heat sink<\/a><\/li>\r\n<\/ul>"},"feature_list":[]},"_links":{"self":[{"href":"https:\/\/sinoextrud.com\/et\/wp-json\/wp\/v2\/product\/10661","targetHints":{"allow":["GET"]}}],"collection":[{"href":"https:\/\/sinoextrud.com\/et\/wp-json\/wp\/v2\/product"}],"about":[{"href":"https:\/\/sinoextrud.com\/et\/wp-json\/wp\/v2\/types\/product"}],"wp:featuredmedia":[{"embeddable":true,"href":"https:\/\/sinoextrud.com\/et\/wp-json\/wp\/v2\/media\/10660"}],"wp:attachment":[{"href":"https:\/\/sinoextrud.com\/et\/wp-json\/wp\/v2\/media?parent=10661"}],"wp:term":[{"taxonomy":"category","embeddable":true,"href":"https:\/\/sinoextrud.com\/et\/wp-json\/wp\/v2\/categories?post=10661"}],"curies":[{"name":"wp","href":"https:\/\/api.w.org\/{rel}","templated":true}]}}