{"id":10654,"date":"2025-07-25T07:55:41","date_gmt":"2025-07-25T07:55:41","guid":{"rendered":"https:\/\/sinoextrud.com\/product\/large-custom-extruded-industrial-aluminum-heatsink\/"},"modified":"2025-07-25T07:55:41","modified_gmt":"2025-07-25T07:55:41","slug":"suur-kohandatud-pressitud-toostuslik-alumiiniumist-jahutusradiaator","status":"publish","type":"product","link":"https:\/\/sinoextrud.com\/et\/product\/large-custom-extruded-industrial-aluminum-heatsink\/","title":{"rendered":"Suur kohandatud ekstrudeeritud t\u00f6\u00f6stuslik alumiiniumist jahutusradiaator"},"content":{"rendered":"<h2>Toodete \u00fcksikasjad<\/h2>\n<table class=\"custom-table\">\n<tr>\n<td class=\"label\">Hinne<\/td>\n<td>6000 seeria<\/td>\n<\/tr>\n<tr>\n<td class=\"label\">Sallivus<\/td>\n<td>\u00b11%<\/td>\n<\/tr>\n<tr>\n<td class=\"label\">Tarneaeg<\/td>\n<td>22-30 p\u00e4eva<\/td>\n<\/tr>\n<tr>\n<td class=\"label\">Temper<\/td>\n<td>T3-T8<\/td>\n<\/tr>\n<tr>\n<td class=\"label\">Taotlus<\/td>\n<td>led\/elektroonika\/cpu\/t\u00f6\u00f6stus<\/td>\n<\/tr>\n<tr>\n<td class=\"label\">Kuju<\/td>\n<td>kohandatud<\/td>\n<\/tr>\n<tr>\n<td class=\"label\">Sulam v\u00f5i mitte<\/td>\n<td>Kas sulam on sulam<\/td>\n<\/tr>\n<tr>\n<td class=\"label\">T\u00f6\u00f6tlemisteenus<\/td>\n<td>Painutamine, keevitamine, keevitamine, stantsimine, l\u00f5ikamine<\/td>\n<\/tr>\n<tr>\n<td class=\"label\">Toote nimi<\/td>\n<td>Kohandatud alumiiniumist jahutusplaat<\/td>\n<\/tr>\n<tr>\n<td class=\"label\">M\u00fc\u00fcvad \u00fcksused<\/td>\n<td>\u00dcksik ese<\/td>\n<\/tr>\n<tr>\n<td class=\"label\">\u00dche pakendi suurus<\/td>\n<td>30X20X20 cm<\/td>\n<\/tr>\n<tr>\n<td class=\"label\">\u00dchtne brutokaal<\/td>\n<td>3.000 KG<\/td>\n<\/tr>\n<\/table>\n<h2>Meie tootmisbaas<\/h2>\n<h3>Tehase panoraam<\/h3>\n<p><img decoding=\"async\" src=\"\/wp-content\/uploads\/factory-01.webp\"\/><\/p>\n<h3>Alumiiniumvarraste tootmise t\u00f6\u00f6koda<\/h3>\n<p><img decoding=\"async\" src=\"\/wp-content\/uploads\/factory-02.webp\"\/><\/p>\n<p><img decoding=\"async\" src=\"\/wp-content\/uploads\/factory-03.webp\"\/><\/p>\n<h3>hallituse ladustamise ladu<\/h3>\n<p><img decoding=\"async\" src=\"\/wp-content\/uploads\/factory-04.webp\"\/><\/p>\n<h3>43 alumiiniumi ekstrusiooniliini (500-5500 tonni)<\/h3>\n<p><img decoding=\"async\" src=\"\/wp-content\/uploads\/factory-05.webp\"\/><\/p>\n<p><img decoding=\"async\" src=\"\/wp-content\/uploads\/factory-06.webp\"\/><\/p>\n<p><img decoding=\"async\" src=\"\/wp-content\/uploads\/factory-07.webp\"\/><\/p>\n<h3>Pulberv\u00e4rvimise t\u00f6\u00f6koda<\/h3>\n<p><img decoding=\"async\" src=\"\/wp-content\/uploads\/factory-09.webp\"\/><\/p>\n<h3>Anodiseerimise t\u00f6\u00f6koda<\/h3>\n<p><img decoding=\"async\" src=\"\/wp-content\/uploads\/factory-10.webp\"\/><\/p>\n<h3>S\u00fcgavt\u00f6\u00f6tlemise t\u00f6\u00f6tuba<\/h3>\n<p><img decoding=\"async\" src=\"\/wp-content\/uploads\/factory-11.webp\"\/><\/p>\n<h3>CNC-t\u00e4ppist\u00f6\u00f6tlemise t\u00f6\u00f6koda<\/h3>\n<p><img decoding=\"async\" src=\"\/wp-content\/uploads\/factory-11.5.webp\"\/><\/p>\n<h3>Valmistoodete ja ekspordi ladu<\/h3>\n<p><img decoding=\"async\" src=\"\/wp-content\/uploads\/factory-12.webp\"\/><\/p>\n<p><img decoding=\"async\" src=\"\/wp-content\/uploads\/factory-13.webp\"\/><\/p>\n<p><img decoding=\"async\" src=\"\/wp-content\/uploads\/factory-14.webp\"\/><\/p>\n<h2>KKK<\/h2>\n<p><p><b>1.Mis on suur kohandatud ekstrudeeritud t\u00f6\u00f6stuslik alumiiniumist jahutusradiaator, mida kasutatakse?<\/b><\/p>\n<p>Seda kasutatakse suure t\u00f5hususega jahutamiseks t\u00f6\u00f6stuslikes rakendustes, n\u00e4iteks j\u00f5uelektroonikas, automaatikas\u00fcsteemides ja energiaseadmetes.<br \/>\n<\/p><br \/>\n<br \/>\n<p><b>2.Kas pressitud alumiiniumist jahutusradiaatorit saab kohandada?<\/b><\/p>\n<p>Jah, me pakume t\u00e4ielikku kohandamist suuruse, uime tiheduse, paigaldusavade ja pinnat\u00f6\u00f6tluse osas, et see vastaks teie t\u00e4psetele n\u00f5uetele.<br \/>\n<\/p><br \/>\n<br \/>\n<p><b>3.Millised on ekstrudeeritud alumiiniumi eelised jahutusradiaatorites?<\/b><\/p>\n<p>Sulatatud alumiinium pakub suurep\u00e4rast soojusjuhtivust, kerget struktuuri ja mastaapset tootmist kulut\u00f5husaks jahutuseks.<br \/>\n<\/p><br \/>\n<br \/>\n<p><b>4.Kas see jahutusplaat sobib passiivseks jahutuseks?<\/b><\/p>\n<p>Jah, suur pindala ja optimeeritud ribid muudavad selle ideaalseks passiivseks jahutuseks v\u00f5i aktiivsete s\u00fcsteemide jaoks v\u00f5ib seda \u00fchendada ventilaatoritega.<br \/>\n<\/p><br \/>\n<br \/>\n<p><b>5.Millised t\u00f6\u00f6stusharud kasutavad tavaliselt seda t\u00fc\u00fcpi jahutusradiaatorit?<\/b><\/p>\n<p>Sellised t\u00f6\u00f6stusharud nagu t\u00f6\u00f6stusautomaatika, elektrienergia, taastuvenergia ja telekommunikatsioon kasutavad tavaliselt neid suuri alumiiniumist jahutusradiaatorite k\u00fcttekehasid.<br \/>\n<\/p><br \/>\n<br \/>\n<p><b>6.Kuidas parandab jahutusplaat seadmete j\u00f5udlust?<\/b><\/p>\n<p>See hajutab t\u00f5husalt soojust, takistades soojuse kuhjumist ning suurendades kriitiliste komponentide j\u00f5udlust ja kasutusiga.<br \/>\n<\/p><br \/>\n<br \/>\n<p><b>7.Kas alumiiniumist jahutusplaat on korrosioonikindel?<\/b><\/p>\n<p>Jah, see on varustatud kaitsva viimistlusega, nagu anodeerimine v\u00f5i pulberv\u00e4rvimine, mis tagab vastupidavuse t\u00f6\u00f6stuskeskkonnas.<br \/>\n<\/p><br \/>\n<br \/>\n<p><b>8.Kas jahutusplaat toetab OEM- ja ODM-projekte?<\/b><\/p>\n<p>Loomulikult toetame nii OEM- kui ka ODM-lahendusi, mis on kohandatud vastavalt teie tehnilistele ja rakenduslikele vajadustele.<br \/>\n<\/p><br \/><\/p>","protected":false},"featured_media":10653,"template":"","categories":[72],"class_list":["post-10654","product","type-product","status-publish","has-post-thumbnail","hentry","category-extruded-aluminum-heatsink"],"meta_box":{"hilight_text_group":{"product_hilight_text":"<li>Large extruded profile designed for high-performance industrial cooling<\/li>\r\n<li>Made from high thermal conductivity aluminum for efficient heat dissipation<\/li>\r\n<li>Fully customizable dimensions, fin structure, and mounting options<\/li>\r\n<li>Ideal for power electronics, automation systems, and renewable energy devices<\/li>\r\n<li>Supports both passive and forced-air cooling configurations<\/li>\r\n<li>Durable and corrosion-resistant finish for long-term industrial use<\/li>\r\n<li>OEM\/ODM services available for tailored thermal solutions<\/li>","product_chanpin_chanpin":"<ul>\r\n<li><a href=\"https:\/\/sinoextrud.com\/product\/aluminium-extrusion-6061-6082-7075-aluminum-alloy-profiles\/\" target=\"_blank\">6061 aluminum extrusion<\/a><\/li>\r\n<li><a href=\"https:\/\/sinoextrud.com\/product\/oval-aluminum-extrud-profile\/\" target=\"_blank\">oval aluminum extrusion<\/a><\/li>\r\n<li><a href=\"https:\/\/sinoextrud.com\/product\/aluminium-extrusion-anodised-aluminium-tube\/\" target=\"_blank\">anodised aluminium tube<\/a><\/li>\r\n<li><a href=\"https:\/\/sinoextrud.com\/product\/c-shaped-closed-linear-ceiling-system\/\" target=\"_blank\">linear closed ceilings<\/a><\/li>\r\n<li><a href=\"https:\/\/sinoextrud.com\/product\/the-new-perforated-ceiling-system\/\" target=\"_blank\">perforated french ceilings<\/a><\/li>\r\n<li><a href=\"https:\/\/sinoextrud.com\/product\/aluminum-extrusion-7003-7005-7020\/\" target=\"_blank\">7020 aluminum<\/a><\/li>\r\n<\/ul>","product_chanpin_blog":"<ul>\r\n<li><a href=\"https:\/\/sinoextrud.com\/t-slot-v-slot-differences\/\" target=\"_blank\">t slot vs v slot<\/a><\/li>\r\n<li><a href=\"https:\/\/sinoextrud.com\/what-is-4040-aluminium-extrud\/\" target=\"_blank\">4040 aluminium extrusion<\/a><\/li>\r\n<li><a href=\"https:\/\/sinoextrud.com\/what-is-4040-aluminium-extrud\/\" target=\"_blank\">aluminum extrusions for industrial racks<\/a><\/li>\r\n<li><a href=\"https:\/\/sinoextrud.com\/powder-coating-aluminium-process\/\" target=\"_blank\">powder coating aluminium<\/a><\/li>\r\n<li><a href=\"https:\/\/sinoextrud.com\/what-is-an-aluminium-strip-ceiling\/\" target=\"_blank\">aluminium strip ceiling<\/a><\/li>\r\n<li><a href=\"https:\/\/sinoextrud.com\/what-is-a-heat-sink\/\" target=\"_blank\">what is a heat sink<\/a><\/li>\r\n<\/ul>"},"feature_list":[]},"_links":{"self":[{"href":"https:\/\/sinoextrud.com\/et\/wp-json\/wp\/v2\/product\/10654","targetHints":{"allow":["GET"]}}],"collection":[{"href":"https:\/\/sinoextrud.com\/et\/wp-json\/wp\/v2\/product"}],"about":[{"href":"https:\/\/sinoextrud.com\/et\/wp-json\/wp\/v2\/types\/product"}],"wp:featuredmedia":[{"embeddable":true,"href":"https:\/\/sinoextrud.com\/et\/wp-json\/wp\/v2\/media\/10653"}],"wp:attachment":[{"href":"https:\/\/sinoextrud.com\/et\/wp-json\/wp\/v2\/media?parent=10654"}],"wp:term":[{"taxonomy":"category","embeddable":true,"href":"https:\/\/sinoextrud.com\/et\/wp-json\/wp\/v2\/categories?post=10654"}],"curies":[{"name":"wp","href":"https:\/\/api.w.org\/{rel}","templated":true}]}}