{"id":10648,"date":"2025-07-25T04:04:35","date_gmt":"2025-07-25T04:04:35","guid":{"rendered":"https:\/\/sinoextrud.com\/product\/thick-water-cooling-aluminum-cold-plate-copper-tubes\/"},"modified":"2025-07-25T04:04:35","modified_gmt":"2025-07-25T04:04:35","slug":"paks-veejahutus-alumiiniumist-kulmast-plaadist-vasktorud","status":"publish","type":"product","link":"https:\/\/sinoextrud.com\/et\/product\/thick-water-cooling-aluminum-cold-plate-copper-tubes\/","title":{"rendered":"Paksud veejahutusega alumiiniumist k\u00fclma plaadi vasktorud"},"content":{"rendered":"<h2>Toodete \u00fcksikasjad<\/h2>\n<table class=\"custom-table\">\n<tr>\n<td class=\"label\">masinate katseprotokoll<\/td>\n<td>Edastatud<\/td>\n<\/tr>\n<tr>\n<td class=\"label\">video v\u00e4ljaminev inspektsioon<\/td>\n<td>Edastatud<\/td>\n<\/tr>\n<tr>\n<td class=\"label\">Materjal<\/td>\n<td>Vask, alumiiniumsulam<\/td>\n<\/tr>\n<tr>\n<td class=\"label\">garantii<\/td>\n<td>5 aastat<\/td>\n<\/tr>\n<tr>\n<td class=\"label\">taotlus<\/td>\n<td>IGBG moodulid, elektroonilised seadmed, laserid<\/td>\n<\/tr>\n<tr>\n<td class=\"label\">t\u00fc\u00fcp<\/td>\n<td>Soojusvaheti<\/td>\n<\/tr>\n<tr>\n<td class=\"label\">kaal (kg)<\/td>\n<td>3.5<\/td>\n<\/tr>\n<tr>\n<td class=\"label\">Materjal<\/td>\n<td>Alumiinium + Cooper toru<\/td>\n<\/tr>\n<tr>\n<td class=\"label\">P\u00e4rast garantiiteenust<\/td>\n<td>Veebip\u00f5hine tugi<\/td>\n<\/tr>\n<tr>\n<td class=\"label\">Sertifitseerimine<\/td>\n<td>RoHS<\/td>\n<\/tr>\n<tr>\n<td class=\"label\">M\u00fc\u00fcvad \u00fcksused<\/td>\n<td>\u00dcksik ese<\/td>\n<\/tr>\n<tr>\n<td class=\"label\">\u00dche pakendi suurus<\/td>\n<td>25X20X5 cm<\/td>\n<\/tr>\n<tr>\n<td class=\"label\">\u00dchtne brutokaal<\/td>\n<td>4.000 KG<\/td>\n<\/tr>\n<\/table>\n<h2>Meie tootmisbaas<\/h2>\n<h3>Tehase panoraam<\/h3>\n<p><img decoding=\"async\" src=\"\/wp-content\/uploads\/factory-01.webp\"\/><\/p>\n<h3>Alumiiniumvarraste tootmise t\u00f6\u00f6koda<\/h3>\n<p><img decoding=\"async\" src=\"\/wp-content\/uploads\/factory-02.webp\"\/><\/p>\n<p><img decoding=\"async\" src=\"\/wp-content\/uploads\/factory-03.webp\"\/><\/p>\n<h3>hallituse ladustamise ladu<\/h3>\n<p><img decoding=\"async\" src=\"\/wp-content\/uploads\/factory-04.webp\"\/><\/p>\n<h3>43 alumiiniumi ekstrusiooniliini (500-5500 tonni)<\/h3>\n<p><img decoding=\"async\" src=\"\/wp-content\/uploads\/factory-05.webp\"\/><\/p>\n<p><img decoding=\"async\" src=\"\/wp-content\/uploads\/factory-06.webp\"\/><\/p>\n<p><img decoding=\"async\" src=\"\/wp-content\/uploads\/factory-07.webp\"\/><\/p>\n<h3>Pulberv\u00e4rvimise t\u00f6\u00f6koda<\/h3>\n<p><img decoding=\"async\" src=\"\/wp-content\/uploads\/factory-09.webp\"\/><\/p>\n<h3>Anodiseerimise t\u00f6\u00f6koda<\/h3>\n<p><img decoding=\"async\" src=\"\/wp-content\/uploads\/factory-10.webp\"\/><\/p>\n<h3>S\u00fcgavt\u00f6\u00f6tlemise t\u00f6\u00f6tuba<\/h3>\n<p><img decoding=\"async\" src=\"\/wp-content\/uploads\/factory-11.webp\"\/><\/p>\n<h3>CNC-t\u00e4ppist\u00f6\u00f6tlemise t\u00f6\u00f6koda<\/h3>\n<p><img decoding=\"async\" src=\"\/wp-content\/uploads\/factory-11.5.webp\"\/><\/p>\n<h3>Valmistoodete ja ekspordi ladu<\/h3>\n<p><img decoding=\"async\" src=\"\/wp-content\/uploads\/factory-12.webp\"\/><\/p>\n<p><img decoding=\"async\" src=\"\/wp-content\/uploads\/factory-13.webp\"\/><\/p>\n<p><img decoding=\"async\" src=\"\/wp-content\/uploads\/factory-14.webp\"\/><\/p>\n<h2>KKK<\/h2>\n<p><p><b>1.Mis on paks veejahutusega alumiiniumist k\u00fclma plaadi suurus?<\/b><\/p>\n<p>K\u00fclmutusplaadi m\u00f5\u00f5tmed on 180\u00d7220\u00d730 mm, mis pakub suurt soojuskontaktpinda suure j\u00f5udlusega jahutuseks.<br \/>\n<\/p><br \/>\n<br \/>\n<p><b>2.Miks kasutada 20 mm vasktorusid k\u00fclmas plaadis?<\/b><\/p>\n<p>20 mm vasktorud tagavad t\u00f5husa veevoolu ja suurep\u00e4rase soojus\u00fclekande, suurendades \u00fcldist jahutusv\u00f5imet.<br \/>\n<\/p><br \/>\n<br \/>\n<p><b>3.Kas 30 mm paksus on kasulik soojapidavusele?<\/b><\/p>\n<p>Jah, 30 mm paksune alumiiniumist alus suurendab soojusmassi, mis v\u00f5imaldab paremat soojuse absorbeerimist ja hajutamist.<br \/>\n<\/p><br \/>\n<br \/>\n<p><b>4.Millised rakendused sobivad selle k\u00fclma plaadi jaoks?<\/b><\/p>\n<p>See k\u00fclmutusplaat on ideaalne suure v\u00f5imsusega elektroonika, inverterite, t\u00f6\u00f6stuslike ajamite ja suure koormusega jahutust n\u00f5udvate termiliste katsestendide jaoks.<br \/>\n<\/p><br \/>\n<br \/>\n<p><b>5.Kas alumiiniumist k\u00fclma plaati saab kohandada?<\/b><\/p>\n<p>Jah, alumiiniumist k\u00fclmutusplaati saab kohandada paigalduse, sisse- ja v\u00e4ljalaskeavade paigutuse ja torude konfiguratsiooni poolest OEM-integratsiooni jaoks.<br \/>\n<\/p><br \/>\n<br \/>\n<p><b>6.Kas toode on korrosioonikindel?<\/b><\/p>\n<p>Jah, paks alumiiniumplaat ja vasktorud on t\u00f6\u00f6deldud korrosioonikindlaks, tagades usaldusv\u00e4\u00e4rse pikaajalise t\u00f6\u00f6.<br \/>\n<\/p><br \/>\n<br \/>\n<p><b>7.Kuidas see toode parandab jahutuse t\u00f5husust?<\/b><\/p>\n<p>Selle suur pindala, paks alus ja sisseehitatud 20 mm vasktorud v\u00f5imaldavad t\u00f5husat soojuse v\u00e4ljavoolu ja kiiret soojus\u00fclekannet.<br \/>\n<\/p><br \/>\n<br \/>\n<p><b>8.Milliseid eeliseid see pakub v\u00f5rreldes tavaliste k\u00fclmutusplaatidega?<\/b><\/p>\n<p>V\u00f5rreldes tavaliste plaatidega tagab see suurema soojuskoormuse talumise, parema voolavuse ja parema struktuurilise j\u00e4ikuse.<br \/>\n<\/p><br \/><\/p>","protected":false},"featured_media":10647,"template":"","categories":[73],"class_list":["post-10648","product","type-product","status-publish","has-post-thumbnail","hentry","category-water-cooling-plate"],"meta_box":{"hilight_text_group":{"product_hilight_text":"<li>Robust 30mm thick aluminum cold plate ensures superior thermal capacity for heavy-duty cooling<\/li>\r\n<li>Integrated 20mm copper tubes offer enhanced heat transfer efficiency<\/li>\r\n<li>Large 180\u00c3\u2014220mm surface area ideal for high-power component coverage<\/li>\r\n<li>Durable aluminum body provides long-lasting performance in industrial environments<\/li>\r\n<li>Customizable for OEM applications across power electronics and thermal management systems<\/li>","product_chanpin_chanpin":"<ul>\r\n<li><a href=\"https:\/\/sinoextrud.com\/product\/aluminium-extrusion-6061-6082-7075-aluminum-alloy-profiles\/\" target=\"_blank\">6061 aluminum extrusion<\/a><\/li>\r\n<li><a href=\"https:\/\/sinoextrud.com\/product\/oval-aluminum-extrud-profile\/\" target=\"_blank\">oval aluminum extrusion<\/a><\/li>\r\n<li><a href=\"https:\/\/sinoextrud.com\/product\/aluminium-extrusion-anodised-aluminium-tube\/\" target=\"_blank\">anodised aluminium tube<\/a><\/li>\r\n<li><a href=\"https:\/\/sinoextrud.com\/product\/c-shaped-closed-linear-ceiling-system\/\" target=\"_blank\">linear closed ceilings<\/a><\/li>\r\n<li><a href=\"https:\/\/sinoextrud.com\/product\/the-new-perforated-ceiling-system\/\" target=\"_blank\">perforated french ceilings<\/a><\/li>\r\n<li><a href=\"https:\/\/sinoextrud.com\/product\/aluminum-extrusion-7003-7005-7020\/\" target=\"_blank\">7020 aluminum<\/a><\/li>\r\n<\/ul>","product_chanpin_blog":"<ul>\r\n<li><a href=\"https:\/\/sinoextrud.com\/t-slot-v-slot-differences\/\" target=\"_blank\">t slot vs v slot<\/a><\/li>\r\n<li><a href=\"https:\/\/sinoextrud.com\/what-is-4040-aluminium-extrud\/\" target=\"_blank\">4040 aluminium extrusion<\/a><\/li>\r\n<li><a href=\"https:\/\/sinoextrud.com\/what-is-4040-aluminium-extrud\/\" target=\"_blank\">aluminum extrusions for industrial racks<\/a><\/li>\r\n<li><a href=\"https:\/\/sinoextrud.com\/powder-coating-aluminium-process\/\" target=\"_blank\">powder coating aluminium<\/a><\/li>\r\n<li><a href=\"https:\/\/sinoextrud.com\/what-is-an-aluminium-strip-ceiling\/\" target=\"_blank\">aluminium strip ceiling<\/a><\/li>\r\n<li><a href=\"https:\/\/sinoextrud.com\/what-is-a-heat-sink\/\" target=\"_blank\">what is a heat sink<\/a><\/li>\r\n<\/ul>"},"feature_list":[]},"_links":{"self":[{"href":"https:\/\/sinoextrud.com\/et\/wp-json\/wp\/v2\/product\/10648","targetHints":{"allow":["GET"]}}],"collection":[{"href":"https:\/\/sinoextrud.com\/et\/wp-json\/wp\/v2\/product"}],"about":[{"href":"https:\/\/sinoextrud.com\/et\/wp-json\/wp\/v2\/types\/product"}],"wp:featuredmedia":[{"embeddable":true,"href":"https:\/\/sinoextrud.com\/et\/wp-json\/wp\/v2\/media\/10647"}],"wp:attachment":[{"href":"https:\/\/sinoextrud.com\/et\/wp-json\/wp\/v2\/media?parent=10648"}],"wp:term":[{"taxonomy":"category","embeddable":true,"href":"https:\/\/sinoextrud.com\/et\/wp-json\/wp\/v2\/categories?post=10648"}],"curies":[{"name":"wp","href":"https:\/\/api.w.org\/{rel}","templated":true}]}}