{"id":10646,"date":"2025-07-25T04:02:40","date_gmt":"2025-07-25T04:02:40","guid":{"rendered":"https:\/\/sinoextrud.com\/product\/custom-water-cooling-aluminum-cold-plate-with-copper-tubes\/"},"modified":"2025-07-25T04:02:40","modified_gmt":"2025-07-25T04:02:40","slug":"kohandatud-vesijahutusega-alumiiniumist-kulm-plaat-koos-vasktorudega","status":"publish","type":"product","link":"https:\/\/sinoextrud.com\/et\/product\/custom-water-cooling-aluminum-cold-plate-with-copper-tubes\/","title":{"rendered":"Kohandatud vesijahutusega alumiiniumist k\u00fclm plaat koos vasktorudega"},"content":{"rendered":"<h2>Toodete \u00fcksikasjad<\/h2>\n<table class=\"custom-table\">\n<tr>\n<td class=\"label\">masinate katseprotokoll<\/td>\n<td>Edastatud<\/td>\n<\/tr>\n<tr>\n<td class=\"label\">video v\u00e4ljaminev inspektsioon<\/td>\n<td>Edastatud<\/td>\n<\/tr>\n<tr>\n<td class=\"label\">Materjal<\/td>\n<td>Alumiiniumsulam, vask<\/td>\n<\/tr>\n<tr>\n<td class=\"label\">garantii<\/td>\n<td>5 aastat<\/td>\n<\/tr>\n<tr>\n<td class=\"label\">taotlus<\/td>\n<td>IGBG moodulid, elektroonilised seadmed, laserid<\/td>\n<\/tr>\n<tr>\n<td class=\"label\">t\u00fc\u00fcp<\/td>\n<td>Soojusvaheti toru<\/td>\n<\/tr>\n<tr>\n<td class=\"label\">kaal (kg)<\/td>\n<td>1<\/td>\n<\/tr>\n<tr>\n<td class=\"label\">P\u00e4rast garantiiteenust<\/td>\n<td>Veebip\u00f5hine tugi<\/td>\n<\/tr>\n<tr>\n<td class=\"label\">M\u00fc\u00fcgij\u00e4rgne teenindus<\/td>\n<td>Veebip\u00f5hine tugi<\/td>\n<\/tr>\n<tr>\n<td class=\"label\">Kohaldatavad t\u00f6\u00f6stusharud<\/td>\n<td>Tootmistehas<\/td>\n<\/tr>\n<tr>\n<td class=\"label\">M\u00fc\u00fcvad \u00fcksused<\/td>\n<td>\u00dcksik ese<\/td>\n<\/tr>\n<tr>\n<td class=\"label\">\u00dche pakendi suurus<\/td>\n<td>21X15X1,5 cm<\/td>\n<\/tr>\n<tr>\n<td class=\"label\">\u00dchtne brutokaal<\/td>\n<td>1.000 KG<\/td>\n<\/tr>\n<\/table>\n<h2>Meie tootmisbaas<\/h2>\n<h3>Tehase panoraam<\/h3>\n<p><img decoding=\"async\" src=\"\/wp-content\/uploads\/factory-01.webp\"\/><\/p>\n<h3>Alumiiniumvarraste tootmise t\u00f6\u00f6koda<\/h3>\n<p><img decoding=\"async\" src=\"\/wp-content\/uploads\/factory-02.webp\"\/><\/p>\n<p><img decoding=\"async\" src=\"\/wp-content\/uploads\/factory-03.webp\"\/><\/p>\n<h3>hallituse ladustamise ladu<\/h3>\n<p><img decoding=\"async\" src=\"\/wp-content\/uploads\/factory-04.webp\"\/><\/p>\n<h3>43 alumiiniumi ekstrusiooniliini (500-5500 tonni)<\/h3>\n<p><img decoding=\"async\" src=\"\/wp-content\/uploads\/factory-05.webp\"\/><\/p>\n<p><img decoding=\"async\" src=\"\/wp-content\/uploads\/factory-06.webp\"\/><\/p>\n<p><img decoding=\"async\" src=\"\/wp-content\/uploads\/factory-07.webp\"\/><\/p>\n<h3>Pulberv\u00e4rvimise t\u00f6\u00f6koda<\/h3>\n<p><img decoding=\"async\" src=\"\/wp-content\/uploads\/factory-09.webp\"\/><\/p>\n<h3>Anodiseerimise t\u00f6\u00f6koda<\/h3>\n<p><img decoding=\"async\" src=\"\/wp-content\/uploads\/factory-10.webp\"\/><\/p>\n<h3>S\u00fcgavt\u00f6\u00f6tlemise t\u00f6\u00f6tuba<\/h3>\n<p><img decoding=\"async\" src=\"\/wp-content\/uploads\/factory-11.webp\"\/><\/p>\n<h3>CNC-t\u00e4ppist\u00f6\u00f6tlemise t\u00f6\u00f6koda<\/h3>\n<p><img decoding=\"async\" src=\"\/wp-content\/uploads\/factory-11.5.webp\"\/><\/p>\n<h3>Valmistoodete ja ekspordi ladu<\/h3>\n<p><img decoding=\"async\" src=\"\/wp-content\/uploads\/factory-12.webp\"\/><\/p>\n<p><img decoding=\"async\" src=\"\/wp-content\/uploads\/factory-13.webp\"\/><\/p>\n<p><img decoding=\"async\" src=\"\/wp-content\/uploads\/factory-14.webp\"\/><\/p>\n<h2>KKK<\/h2>\n<p><p><b>1.Mis on kohandatud vesijahutusega alumiiniumist k\u00fclmplaat koos vasktorudega?<\/b><\/p>\n<p>See on suure j\u00f5udlusega termiline lahendus, mis \u00fchendab alumiiniumplaadid ja sisseehitatud vasktorud, et t\u00f5husalt hajutada soojust kohandatud jahutuss\u00fcsteemides.<br \/>\n<\/p><br \/>\n<br \/>\n<p><b>2.Miks kasutada vasktorusid alumiiniumist k\u00fclma plaadi sees?<\/b><\/p>\n<p>Vasktorud tagavad parema soojusjuhtivuse, suurendades alumiiniumist k\u00fclmutusplaadi \u00fcldist jahutust\u00f5husust.<br \/>\n<\/p><br \/>\n<br \/>\n<p><b>3.Kas alumiiniumist k\u00fclmast plaadist saab kohandada erinevate rakenduste jaoks?<\/b><\/p>\n<p>Jah, alumiiniumist k\u00fclmast plaadist saab kohandada kuju, suurust ja torude paigutust, et t\u00e4ita konkreetseid termilisi ja mehaanilisi n\u00f5udeid.<br \/>\n<\/p><br \/>\n<br \/>\n<p><b>4.Kuidas parandab see k\u00fclm plaat soojusjuhtimist?<\/b><\/p>\n<p>Kombineerides vase k\u00f5rge elektrijuhtivuse ja alumiiniumi kerged omadused, tagab k\u00fclmutusplaat kiire soojus\u00fclekande ja usaldusv\u00e4\u00e4rse jahutuse.<br \/>\n<\/p><br \/>\n<br \/>\n<p><b>5.Millised t\u00f6\u00f6stusharud kasutavad tavaliselt seda t\u00fc\u00fcpi k\u00fclmutusplaati?<\/b><\/p>\n<p>Sellised t\u00f6\u00f6stusharud nagu j\u00f5uelektroonika, EV-s\u00fcsteemid, laserid ja meditsiiniseadmed kasutavad sageli kohandatud vesijahutusega alumiiniumist k\u00fclmaplaate koos vasktorudega soojusjuhtimiseks.<br \/>\n<\/p><br \/>\n<br \/>\n<p><b>6.Kas see toode on korrosioonikindel?<\/b><\/p>\n<p>Jah, alumiiniumist alus ja vasktorud on t\u00f6\u00f6deldud suurep\u00e4rase korrosioonikindlusega, mis muudab need sobivaks pikaajaliseks kasutamiseks karmides tingimustes.<br \/>\n<\/p><br \/>\n<br \/>\n<p><b>7.Kuidas on sellest k\u00fclmast plaadist kasu algseadmete tootjatele?<\/b><\/p>\n<p>OEM-firmad saavad kasu disaini paindlikkusest, t\u00f5husast soojuse hajutamisest ja lihtsast integreerimisest keerukatesse soojuss\u00fcsteemidesse, kasutades kohandatud vesijahutusega alumiiniumist k\u00fclmaplaate koos vasktorudega.<br \/>\n<\/p><br \/>\n<br \/>\n<p><b>8.Kas see sobib suure v\u00f5imsusega rakenduste jaoks?<\/b><\/p>\n<p>Jah, alumiinium- ja vasktorude kombineeritud kasutamine muudab selle ideaalseks suure v\u00f5imsusega elektroonika jaoks, mis n\u00f5uab t\u00f5husat ja usaldusv\u00e4\u00e4rset jahutust.<br \/>\n<\/p><br \/><\/p>","protected":false},"featured_media":10645,"template":"","categories":[73],"class_list":["post-10646","product","type-product","status-publish","has-post-thumbnail","hentry","category-water-cooling-plate"],"meta_box":{"hilight_text_group":{"product_hilight_text":"<li>High-efficiency heat dissipation with copper tube integration for optimal cooling performance<\/li>\r\n<li>Customizable aluminum cold plate design tailored to specific thermal management needs<\/li>\r\n<li>Excellent corrosion resistance and durability for long-term industrial use<\/li>\r\n<li>Lightweight aluminum base ensures easy installation and reduced system weight<\/li>\r\n<li>Supports high-precision machining for tight thermal interface control<\/li>","product_chanpin_chanpin":"<ul>\r\n<li><a href=\"https:\/\/sinoextrud.com\/product\/aluminium-extrusion-6061-6082-7075-aluminum-alloy-profiles\/\" target=\"_blank\">6061 aluminum extrusion<\/a><\/li>\r\n<li><a href=\"https:\/\/sinoextrud.com\/product\/oval-aluminum-extrud-profile\/\" target=\"_blank\">oval aluminum extrusion<\/a><\/li>\r\n<li><a href=\"https:\/\/sinoextrud.com\/product\/aluminium-extrusion-anodised-aluminium-tube\/\" target=\"_blank\">anodised aluminium tube<\/a><\/li>\r\n<li><a href=\"https:\/\/sinoextrud.com\/product\/c-shaped-closed-linear-ceiling-system\/\" target=\"_blank\">linear closed ceilings<\/a><\/li>\r\n<li><a href=\"https:\/\/sinoextrud.com\/product\/the-new-perforated-ceiling-system\/\" target=\"_blank\">perforated french ceilings<\/a><\/li>\r\n<li><a href=\"https:\/\/sinoextrud.com\/product\/aluminum-extrusion-7003-7005-7020\/\" target=\"_blank\">7020 aluminum<\/a><\/li>\r\n<\/ul>","product_chanpin_blog":"<ul>\r\n<li><a href=\"https:\/\/sinoextrud.com\/t-slot-v-slot-differences\/\" target=\"_blank\">t slot vs v slot<\/a><\/li>\r\n<li><a href=\"https:\/\/sinoextrud.com\/what-is-4040-aluminium-extrud\/\" target=\"_blank\">4040 aluminium extrusion<\/a><\/li>\r\n<li><a href=\"https:\/\/sinoextrud.com\/what-is-4040-aluminium-extrud\/\" target=\"_blank\">aluminum extrusions for industrial racks<\/a><\/li>\r\n<li><a href=\"https:\/\/sinoextrud.com\/powder-coating-aluminium-process\/\" target=\"_blank\">powder coating aluminium<\/a><\/li>\r\n<li><a href=\"https:\/\/sinoextrud.com\/what-is-an-aluminium-strip-ceiling\/\" target=\"_blank\">aluminium strip ceiling<\/a><\/li>\r\n<li><a href=\"https:\/\/sinoextrud.com\/what-is-a-heat-sink\/\" target=\"_blank\">what is a heat sink<\/a><\/li>\r\n<\/ul>"},"feature_list":[]},"_links":{"self":[{"href":"https:\/\/sinoextrud.com\/et\/wp-json\/wp\/v2\/product\/10646","targetHints":{"allow":["GET"]}}],"collection":[{"href":"https:\/\/sinoextrud.com\/et\/wp-json\/wp\/v2\/product"}],"about":[{"href":"https:\/\/sinoextrud.com\/et\/wp-json\/wp\/v2\/types\/product"}],"wp:featuredmedia":[{"embeddable":true,"href":"https:\/\/sinoextrud.com\/et\/wp-json\/wp\/v2\/media\/10645"}],"wp:attachment":[{"href":"https:\/\/sinoextrud.com\/et\/wp-json\/wp\/v2\/media?parent=10646"}],"wp:term":[{"taxonomy":"category","embeddable":true,"href":"https:\/\/sinoextrud.com\/et\/wp-json\/wp\/v2\/categories?post=10646"}],"curies":[{"name":"wp","href":"https:\/\/api.w.org\/{rel}","templated":true}]}}