{"id":10616,"date":"2025-07-24T03:26:24","date_gmt":"2025-07-24T03:26:24","guid":{"rendered":"https:\/\/sinoextrud.com\/product\/red-anodized-pcb-aluminum-heatsink\/"},"modified":"2025-07-24T03:26:24","modified_gmt":"2025-07-24T03:26:24","slug":"punane-anodeeritud-pcb-alumiiniumist-jahutusradiaator","status":"publish","type":"product","link":"https:\/\/sinoextrud.com\/et\/product\/red-anodized-pcb-aluminum-heatsink\/","title":{"rendered":"Punane anodeeritud PCB alumiiniumist jahutusalus"},"content":{"rendered":"<h2>Toodete \u00fcksikasjad<\/h2>\n<table class=\"custom-table\">\n<tr>\n<td class=\"label\">Hinne<\/td>\n<td>6000 seeria<\/td>\n<\/tr>\n<tr>\n<td class=\"label\">Sallivus<\/td>\n<td>GB\/T 3190-2008,GB\/T 14846-2008,ISO 2768<\/td>\n<\/tr>\n<tr>\n<td class=\"label\">Tarneaeg<\/td>\n<td>22-30 p\u00e4eva<\/td>\n<\/tr>\n<tr>\n<td class=\"label\">Temper<\/td>\n<td>T3-T8<\/td>\n<\/tr>\n<tr>\n<td class=\"label\">Taotlus<\/td>\n<td>Soojusp\u00fc\u00fcdja<\/td>\n<\/tr>\n<tr>\n<td class=\"label\">Kuju<\/td>\n<td>Kohandatud<\/td>\n<\/tr>\n<tr>\n<td class=\"label\">Sulam v\u00f5i mitte<\/td>\n<td>Kas sulam on sulam<\/td>\n<\/tr>\n<tr>\n<td class=\"label\">T\u00f6\u00f6tlemisteenus<\/td>\n<td>Keevitamine, stantsimine, l\u00f5ikamine, CNC-t\u00f6\u00f6tlemine<\/td>\n<\/tr>\n<tr>\n<td class=\"label\">Pitch<\/td>\n<td>4,3 mm<\/td>\n<\/tr>\n<tr>\n<td class=\"label\">M\u00fc\u00fcvad \u00fcksused<\/td>\n<td>\u00dcksik ese<\/td>\n<\/tr>\n<tr>\n<td class=\"label\">\u00dche pakendi suurus<\/td>\n<td>5X5X5 cm<\/td>\n<\/tr>\n<tr>\n<td class=\"label\">\u00dchtne brutokaal<\/td>\n<td>0,050 KG<\/td>\n<\/tr>\n<\/table>\n<h2>Meie tootmisbaas<\/h2>\n<h3>Tehase panoraam<\/h3>\n<p><img decoding=\"async\" src=\"\/wp-content\/uploads\/factory-01.webp\"\/><\/p>\n<h3>Alumiiniumvarraste tootmise t\u00f6\u00f6koda<\/h3>\n<p><img decoding=\"async\" src=\"\/wp-content\/uploads\/factory-02.webp\"\/><\/p>\n<p><img decoding=\"async\" src=\"\/wp-content\/uploads\/factory-03.webp\"\/><\/p>\n<h3>hallituse ladustamise ladu<\/h3>\n<p><img decoding=\"async\" src=\"\/wp-content\/uploads\/factory-04.webp\"\/><\/p>\n<h3>43 alumiiniumi ekstrusiooniliini (500-5500 tonni)<\/h3>\n<p><img decoding=\"async\" src=\"\/wp-content\/uploads\/factory-05.webp\"\/><\/p>\n<p><img decoding=\"async\" src=\"\/wp-content\/uploads\/factory-06.webp\"\/><\/p>\n<p><img decoding=\"async\" src=\"\/wp-content\/uploads\/factory-07.webp\"\/><\/p>\n<h3>Pulberv\u00e4rvimise t\u00f6\u00f6koda<\/h3>\n<p><img decoding=\"async\" src=\"\/wp-content\/uploads\/factory-09.webp\"\/><\/p>\n<h3>Anodiseerimise t\u00f6\u00f6koda<\/h3>\n<p><img decoding=\"async\" src=\"\/wp-content\/uploads\/factory-10.webp\"\/><\/p>\n<h3>S\u00fcgavt\u00f6\u00f6tlemise t\u00f6\u00f6tuba<\/h3>\n<p><img decoding=\"async\" src=\"\/wp-content\/uploads\/factory-11.webp\"\/><\/p>\n<h3>CNC-t\u00e4ppist\u00f6\u00f6tlemise t\u00f6\u00f6koda<\/h3>\n<p><img decoding=\"async\" src=\"\/wp-content\/uploads\/factory-11.5.webp\"\/><\/p>\n<h3>Valmistoodete ja ekspordi ladu<\/h3>\n<p><img decoding=\"async\" src=\"\/wp-content\/uploads\/factory-12.webp\"\/><\/p>\n<p><img decoding=\"async\" src=\"\/wp-content\/uploads\/factory-13.webp\"\/><\/p>\n<p><img decoding=\"async\" src=\"\/wp-content\/uploads\/factory-14.webp\"\/><\/p>\n<h2>KKK<\/h2>\n<p><p><b>1.Mis on punane anodeeritud PCB alumiiniumist jahutusplaat?<\/b><\/p>\n<p>See on punase anodeeritud viimistlusega alumiiniumist valmistatud jahutusalus, mis on m\u00f5eldud PCB komponentide soojuse t\u00f5husaks hajutamiseks.<br \/>\n<\/p><br \/>\n<br \/>\n<p><b>2.Miks valida punane anodeeritud viimistlus?<\/b><\/p>\n<p>Punane anodeeritud kate pakub paremat korrosioonikindlust ja parandab alumiiniumist jahutusradiaatori vastupidavust.<br \/>\n<\/p><br \/>\n<br \/>\n<p><b>3.Kuidas parandab alumiiniumist jahutusplaadi j\u00f5udlust?<\/b><\/p>\n<p>Alumiiniumist jahutusplaat tagab t\u00f5husa soojusjuhtimise, v\u00e4hendades komponentide temperatuuri ja pikendades tr\u00fckkplaadi eluiga.<br \/>\n<\/p><br \/>\n<br \/>\n<p><b>4.Kas punane anodeeritud PCB alumiiniumist jahutusplaat on kohandatav?<\/b><\/p>\n<p>Jah, seda saab kohandada kuju, suuruse ja kinnitusfunktsioonide poolest, et see sobiks erinevate PCB-konfiguratsioonidega.<br \/>\n<\/p><br \/>\n<br \/>\n<p><b>5.Kas see jahutusplaat sobib suure v\u00f5imsusega elektroonika jaoks?<\/b><\/p>\n<p>Jah, see on ideaalne suure v\u00f5imsusega rakenduste jaoks, mis n\u00f5uavad t\u00f5husat soojuse hajutamist kompaktsetel tr\u00fckkplaatidel.<br \/>\n<\/p><br \/>\n<br \/>\n<p><b>6.Kuidas on jahutusplaadile paigaldatud jahutusplaat?<\/b><\/p>\n<p>Seda saab paigaldada termoliimi, kruvide v\u00f5i klambrite abil, s\u00f5ltuvalt konstruktsioonin\u00f5uetest.<br \/>\n<\/p><br \/>\n<br \/>\n<p><b>7.Kas v\u00e4rv m\u00f5jutab soojapidavust?<\/b><\/p>\n<p>Punane anodeeritud v\u00e4rvus on peamiselt korrosioonikindluseks ja visuaalseks tuvastamiseks, m\u00f5jutades minimaalselt soojapidavust.<br \/>\n<\/p><br \/>\n<br \/>\n<p><b>8.Kas seda jahutusplaati saab kasutada v\u00e4litingimustes?<\/b><\/p>\n<p>Jah, anodeeritud alumiiniumpind suurendab ilmastiku- ja korrosioonikindlust, mist\u00f5ttu sobib see v\u00e4litingimustesse.<br \/>\n<\/p><br \/><\/p>","protected":false},"featured_media":10615,"template":"","categories":[72],"class_list":["post-10616","product","type-product","status-publish","has-post-thumbnail","hentry","category-extruded-aluminum-heatsink"],"meta_box":{"hilight_text_group":{"product_hilight_text":"<li>Efficient thermal conductivity for PCB heat dissipation<\/li>\r\n<li>Red anodized finish enhances corrosion resistance<\/li>\r\n<li>Lightweight aluminum ensures structural integrity with minimal weight<\/li>\r\n<li>Customizable dimensions for diverse PCB layouts<\/li>\r\n<li>Improves overall device performance and lifespan<\/li>","product_chanpin_chanpin":"<ul>\r\n<li><a href=\"https:\/\/sinoextrud.com\/product\/aluminium-extrusion-6061-6082-7075-aluminum-alloy-profiles\/\" target=\"_blank\">6061 aluminum extrusion<\/a><\/li>\r\n<li><a href=\"https:\/\/sinoextrud.com\/product\/oval-aluminum-extrud-profile\/\" target=\"_blank\">oval aluminum extrusion<\/a><\/li>\r\n<li><a href=\"https:\/\/sinoextrud.com\/product\/aluminium-extrusion-anodised-aluminium-tube\/\" target=\"_blank\">anodised aluminium tube<\/a><\/li>\r\n<li><a href=\"https:\/\/sinoextrud.com\/product\/c-shaped-closed-linear-ceiling-system\/\" target=\"_blank\">linear closed ceilings<\/a><\/li>\r\n<li><a href=\"https:\/\/sinoextrud.com\/product\/the-new-perforated-ceiling-system\/\" target=\"_blank\">perforated french ceilings<\/a><\/li>\r\n<li><a href=\"https:\/\/sinoextrud.com\/product\/aluminum-extrusion-7003-7005-7020\/\" target=\"_blank\">7020 aluminum<\/a><\/li>\r\n<\/ul>","product_chanpin_blog":"<ul>\r\n<li><a href=\"https:\/\/sinoextrud.com\/t-slot-v-slot-differences\/\" target=\"_blank\">t slot vs v slot<\/a><\/li>\r\n<li><a href=\"https:\/\/sinoextrud.com\/what-is-4040-aluminium-extrud\/\" target=\"_blank\">4040 aluminium extrusion<\/a><\/li>\r\n<li><a href=\"https:\/\/sinoextrud.com\/what-is-4040-aluminium-extrud\/\" target=\"_blank\">aluminum extrusions for industrial racks<\/a><\/li>\r\n<li><a href=\"https:\/\/sinoextrud.com\/powder-coating-aluminium-process\/\" target=\"_blank\">powder coating aluminium<\/a><\/li>\r\n<li><a href=\"https:\/\/sinoextrud.com\/what-is-an-aluminium-strip-ceiling\/\" target=\"_blank\">aluminium strip ceiling<\/a><\/li>\r\n<li><a href=\"https:\/\/sinoextrud.com\/what-is-a-heat-sink\/\" target=\"_blank\">what is a heat sink<\/a><\/li>\r\n<\/ul>"},"feature_list":[]},"_links":{"self":[{"href":"https:\/\/sinoextrud.com\/et\/wp-json\/wp\/v2\/product\/10616","targetHints":{"allow":["GET"]}}],"collection":[{"href":"https:\/\/sinoextrud.com\/et\/wp-json\/wp\/v2\/product"}],"about":[{"href":"https:\/\/sinoextrud.com\/et\/wp-json\/wp\/v2\/types\/product"}],"wp:featuredmedia":[{"embeddable":true,"href":"https:\/\/sinoextrud.com\/et\/wp-json\/wp\/v2\/media\/10615"}],"wp:attachment":[{"href":"https:\/\/sinoextrud.com\/et\/wp-json\/wp\/v2\/media?parent=10616"}],"wp:term":[{"taxonomy":"category","embeddable":true,"href":"https:\/\/sinoextrud.com\/et\/wp-json\/wp\/v2\/categories?post=10616"}],"curies":[{"name":"wp","href":"https:\/\/api.w.org\/{rel}","templated":true}]}}