{"id":10610,"date":"2025-07-24T03:07:14","date_gmt":"2025-07-24T03:07:14","guid":{"rendered":"https:\/\/sinoextrud.com\/product\/factory-price-custom-aluminum-extrusion-heatsink\/"},"modified":"2025-07-24T03:07:14","modified_gmt":"2025-07-24T03:07:14","slug":"tehase-hind-kohandatud-alumiiniumist-ekstrusioonist-jahutusradiaator","status":"publish","type":"product","link":"https:\/\/sinoextrud.com\/et\/product\/factory-price-custom-aluminum-extrusion-heatsink\/","title":{"rendered":"Tehase hind kohandatud alumiiniumist ekstrusioonist jahutusradiaator"},"content":{"rendered":"<h2>Toodete \u00fcksikasjad<\/h2>\n<table class=\"custom-table\">\n<tr>\n<td class=\"label\">Hinne<\/td>\n<td>6000 seeria<\/td>\n<\/tr>\n<tr>\n<td class=\"label\">Sallivus<\/td>\n<td>GB\/T 3190-2008,GB\/T 14846-2008,ISO 2768<\/td>\n<\/tr>\n<tr>\n<td class=\"label\">Tarneaeg<\/td>\n<td>15-21 p\u00e4eva<\/td>\n<\/tr>\n<tr>\n<td class=\"label\">Temper<\/td>\n<td>T3-T8<\/td>\n<\/tr>\n<tr>\n<td class=\"label\">Taotlus<\/td>\n<td>Soojusp\u00fc\u00fcdja<\/td>\n<\/tr>\n<tr>\n<td class=\"label\">Kuju<\/td>\n<td>Ristk\u00fclikukujuline<\/td>\n<\/tr>\n<tr>\n<td class=\"label\">Sulam v\u00f5i mitte<\/td>\n<td>Kas sulam on sulam<\/td>\n<\/tr>\n<tr>\n<td class=\"label\">T\u00f6\u00f6tlemisteenus<\/td>\n<td>L\u00f5ikamine, puurimine, keermestamine, CNC t\u00f6\u00f6tlemine, anodeerimine<\/td>\n<\/tr>\n<tr>\n<td class=\"label\">Pitch<\/td>\n<td>3,5 mm<\/td>\n<\/tr>\n<tr>\n<td class=\"label\">M\u00fc\u00fcvad \u00fcksused<\/td>\n<td>\u00dcksik ese<\/td>\n<\/tr>\n<tr>\n<td class=\"label\">\u00dche pakendi suurus<\/td>\n<td>13X12X4 cm<\/td>\n<\/tr>\n<tr>\n<td class=\"label\">\u00dchtne brutokaal<\/td>\n<td>0,700 KG<\/td>\n<\/tr>\n<\/table>\n<h2>Meie tootmisbaas<\/h2>\n<h3>Tehase panoraam<\/h3>\n<p><img decoding=\"async\" src=\"\/wp-content\/uploads\/factory-01.webp\"\/><\/p>\n<h3>Alumiiniumvarraste tootmise t\u00f6\u00f6koda<\/h3>\n<p><img decoding=\"async\" src=\"\/wp-content\/uploads\/factory-02.webp\"\/><\/p>\n<p><img decoding=\"async\" src=\"\/wp-content\/uploads\/factory-03.webp\"\/><\/p>\n<h3>hallituse ladustamise ladu<\/h3>\n<p><img decoding=\"async\" src=\"\/wp-content\/uploads\/factory-04.webp\"\/><\/p>\n<h3>43 alumiiniumi ekstrusiooniliini (500-5500 tonni)<\/h3>\n<p><img decoding=\"async\" src=\"\/wp-content\/uploads\/factory-05.webp\"\/><\/p>\n<p><img decoding=\"async\" src=\"\/wp-content\/uploads\/factory-06.webp\"\/><\/p>\n<p><img decoding=\"async\" src=\"\/wp-content\/uploads\/factory-07.webp\"\/><\/p>\n<h3>Pulberv\u00e4rvimise t\u00f6\u00f6koda<\/h3>\n<p><img decoding=\"async\" src=\"\/wp-content\/uploads\/factory-09.webp\"\/><\/p>\n<h3>Anodiseerimise t\u00f6\u00f6koda<\/h3>\n<p><img decoding=\"async\" src=\"\/wp-content\/uploads\/factory-10.webp\"\/><\/p>\n<h3>S\u00fcgavt\u00f6\u00f6tlemise t\u00f6\u00f6tuba<\/h3>\n<p><img decoding=\"async\" src=\"\/wp-content\/uploads\/factory-11.webp\"\/><\/p>\n<h3>CNC-t\u00e4ppist\u00f6\u00f6tlemise t\u00f6\u00f6koda<\/h3>\n<p><img decoding=\"async\" src=\"\/wp-content\/uploads\/factory-11.5.webp\"\/><\/p>\n<h3>Valmistoodete ja ekspordi ladu<\/h3>\n<p><img decoding=\"async\" src=\"\/wp-content\/uploads\/factory-12.webp\"\/><\/p>\n<p><img decoding=\"async\" src=\"\/wp-content\/uploads\/factory-13.webp\"\/><\/p>\n<p><img decoding=\"async\" src=\"\/wp-content\/uploads\/factory-14.webp\"\/><\/p>\n<h2>KKK<\/h2>\n<p><p><b>1.Mis on tehase hind kohandatud alumiiniumist ekstrusioonist jahutusradiaator?<\/b><\/p>\n<p>See on kohandatav alumiiniumist jahutusplaat, mida toodetakse tehase otsehindadega ja mis pakub termilisi lahendusi erinevatele t\u00f6\u00f6stusharudele.<br \/>\n<\/p><br \/>\n<br \/>\n<p><b>2.Millised on alumiiniumi ekstrusiooni eelised jahutusradade puhul?<\/b><\/p>\n<p>Ekstrusioon v\u00f5imaldab keerukaid lamellide konstruktsioone ja t\u00f5husat soojus\u00fclekannet, hoides samal ajal jahutusplaadi kerge ja kuluefektiivsena.<br \/>\n<\/p><br \/>\n<br \/>\n<p><b>3.Kas seda jahutusplaati saab minu rakenduse jaoks kohandada?<\/b><\/p>\n<p>Jah, me pakume OEM kohandamist kuju, suuruse, paigaldusomaduste ja pinnat\u00f6\u00f6tluse osas.<br \/>\n<\/p><br \/>\n<br \/>\n<p><b>4.Kas see alumiiniumist jahutusplaat sobib nii passiivseks kui ka aktiivseks jahutuseks?<\/b><\/p>\n<p>Jah, see t\u00f6\u00f6tab h\u00e4sti koos loomuliku konvektsiooniga ja seda saab kombineerida ka ventilaatorite v\u00f5i vedelikjahutuss\u00fcsteemidega.<br \/>\n<\/p><br \/>\n<br \/>\n<p><b>5.Millised rakendused kasutavad kohandatud alumiiniumist ekstrusiooni jahutusradiaatorit?<\/b><\/p>\n<p>Neid kasutatakse laialdaselt LED-valgustuses, j\u00f5uelektroonikas, telekommunikatsioonis ja t\u00f6\u00f6stuslikes masinates.<br \/>\n<\/p><br \/>\n<br \/>\n<p><b>6.Kas jahutusplaat on varustatud kaitsva pinnakattega?<\/b><\/p>\n<p>Jah, korrosioonikindluse ja esteetilise v\u00e4limuse parandamiseks on saadaval anodeerimine ja muud pinnakatted.<br \/>\n<\/p><br \/>\n<br \/>\n<p><b>7.Kuidas on tehase hinnakujundus kasulik ostjatele?<\/b><\/p>\n<p>Tehase hinnakujundus v\u00e4hendab hankekulusid ja l\u00fchendab tarneaega, kuna v\u00e4listab vahendajad.<br \/>\n<\/p><br \/>\n<br \/>\n<p><b>8.Kas ekstrusiooni jahutusplaat sobib suure v\u00f5imsusega elektrooniliste seadmetega?<\/b><\/p>\n<p>Jah, k\u00f5rge soojusjuhtivus ja kohandatavad ribistruktuurid muudavad selle sobivaks suure v\u00f5imsusega ja soojustundlike komponentide jaoks.<br \/>\n<\/p><br \/><\/p>","protected":false},"featured_media":10609,"template":"","categories":[72],"class_list":["post-10610","product","type-product","status-publish","has-post-thumbnail","hentry","category-extruded-aluminum-heatsink"],"meta_box":{"hilight_text_group":{"product_hilight_text":"<li>Factory-direct pricing ensures cost-effective thermal management solutions<\/li>\r\n<li>Made from high thermal conductivity aluminum for efficient heat dissipation<\/li>\r\n<li>Fully customizable extrusion profiles to meet diverse application needs<\/li>\r\n<li>Lightweight and durable structure ideal for industrial and consumer electronics<\/li>\r\n<li>Available in various surface finishes including anodizing for enhanced protection<\/li>\r\n<li>Supports OEM\/ODM services for tailored heatsink designs<\/li>\r\n<li>Suitable for passive and active cooling configurations<\/li>","product_chanpin_chanpin":"<ul>\r\n<li><a href=\"https:\/\/sinoextrud.com\/product\/aluminium-extrusion-6061-6082-7075-aluminum-alloy-profiles\/\" target=\"_blank\">6061 aluminum extrusion<\/a><\/li>\r\n<li><a href=\"https:\/\/sinoextrud.com\/product\/oval-aluminum-extrud-profile\/\" target=\"_blank\">oval aluminum extrusion<\/a><\/li>\r\n<li><a href=\"https:\/\/sinoextrud.com\/product\/aluminium-extrusion-anodised-aluminium-tube\/\" target=\"_blank\">anodised aluminium tube<\/a><\/li>\r\n<li><a href=\"https:\/\/sinoextrud.com\/product\/c-shaped-closed-linear-ceiling-system\/\" target=\"_blank\">linear closed ceilings<\/a><\/li>\r\n<li><a href=\"https:\/\/sinoextrud.com\/product\/the-new-perforated-ceiling-system\/\" target=\"_blank\">perforated french ceilings<\/a><\/li>\r\n<li><a href=\"https:\/\/sinoextrud.com\/product\/aluminum-extrusion-7003-7005-7020\/\" target=\"_blank\">7020 aluminum<\/a><\/li>\r\n<\/ul>","product_chanpin_blog":"<ul>\r\n<li><a href=\"https:\/\/sinoextrud.com\/t-slot-v-slot-differences\/\" target=\"_blank\">t slot vs v slot<\/a><\/li>\r\n<li><a href=\"https:\/\/sinoextrud.com\/what-is-4040-aluminium-extrud\/\" target=\"_blank\">4040 aluminium extrusion<\/a><\/li>\r\n<li><a href=\"https:\/\/sinoextrud.com\/what-is-4040-aluminium-extrud\/\" target=\"_blank\">aluminum extrusions for industrial racks<\/a><\/li>\r\n<li><a href=\"https:\/\/sinoextrud.com\/powder-coating-aluminium-process\/\" target=\"_blank\">powder coating aluminium<\/a><\/li>\r\n<li><a href=\"https:\/\/sinoextrud.com\/what-is-an-aluminium-strip-ceiling\/\" target=\"_blank\">aluminium strip ceiling<\/a><\/li>\r\n<li><a href=\"https:\/\/sinoextrud.com\/what-is-a-heat-sink\/\" target=\"_blank\">what is a heat sink<\/a><\/li>\r\n<\/ul>"},"feature_list":[]},"_links":{"self":[{"href":"https:\/\/sinoextrud.com\/et\/wp-json\/wp\/v2\/product\/10610","targetHints":{"allow":["GET"]}}],"collection":[{"href":"https:\/\/sinoextrud.com\/et\/wp-json\/wp\/v2\/product"}],"about":[{"href":"https:\/\/sinoextrud.com\/et\/wp-json\/wp\/v2\/types\/product"}],"wp:featuredmedia":[{"embeddable":true,"href":"https:\/\/sinoextrud.com\/et\/wp-json\/wp\/v2\/media\/10609"}],"wp:attachment":[{"href":"https:\/\/sinoextrud.com\/et\/wp-json\/wp\/v2\/media?parent=10610"}],"wp:term":[{"taxonomy":"category","embeddable":true,"href":"https:\/\/sinoextrud.com\/et\/wp-json\/wp\/v2\/categories?post=10610"}],"curies":[{"name":"wp","href":"https:\/\/api.w.org\/{rel}","templated":true}]}}