{"id":10078,"date":"2025-07-10T09:19:30","date_gmt":"2025-07-10T09:19:30","guid":{"rendered":"https:\/\/sinoextrud.com\/?post_type=product&#038;p=10078"},"modified":"2025-07-10T09:28:16","modified_gmt":"2025-07-10T09:28:16","slug":"alumiiniumklaasist-u-kanalid","status":"publish","type":"product","link":"https:\/\/sinoextrud.com\/et\/product\/aluminum-glass-u-channels\/","title":{"rendered":"Alumiinium klaasist U-kanalid"},"content":{"rendered":"<ul>\n<li>\n    <a href=\"\/et\/toode\/alumiiniumprofiil-klaasist-piirdele\/\"><br \/>\n      <img decoding=\"async\" src=\"\/wp-content\/uploads\/Aluminium-Profile-For-Glass-Railing.webp\" alt=\"Alumiiniumprofiil klaasist r\u00f5dude jaoks\" width=\"200\"><br \/>\n      Alumiiniumprofiil klaasist r\u00f5dude jaoks<br \/>\n    <\/a>\n  <\/li>\n<li>\n    <a href=\"\/et\/toode\/alumiiniumklaasist-kanal\/\"><br \/>\n      <img decoding=\"async\" src=\"\/wp-content\/uploads\/Aluminum-Glass-Channel.webp\" alt=\"Alumiinium klaasikanal\" width=\"200\"><br \/>\n      Alumiinium klaasikanal<br \/>\n    <\/a>\n  <\/li>\n<li>\n    <a href=\"\/et\/toode\/alumiiniumprofiil-klaasist-kasipuude-jaoks\/\"><br \/>\n      <img decoding=\"async\" src=\"\/wp-content\/uploads\/Aluminum-Profile-For-Glass-Railings.webp\" alt=\"Alumiiniumprofiil klaasist piirded\" width=\"200\"><br \/>\n      Alumiiniumprofiil klaasist piirded<br \/>\n    <\/a>\n  <\/li>\n<li>\n    <a href=\"\/et\/toode\/klaasist-alumiiniumprofiilid\/\"><br \/>\n      <img decoding=\"async\" src=\"\/wp-content\/uploads\/Aluminum-Profiles-For-Glass.webp\" alt=\"Alumiiniumprofiilid klaasi jaoks\" width=\"200\"><br \/>\n      Alumiiniumprofiilid klaasi jaoks<br \/>\n    <\/a>\n  <\/li>\n<li>\n    <a href=\"\/et\/toode\/alumiiniumprofiiliga-klaasist-kardinaseina-susteem\/\"><br \/>\n      <img decoding=\"async\" src=\"\/wp-content\/uploads\/Aluminum-Profile-Glass-Curtain-Wall-System.webp\" alt=\"Alumiiniumprofiili klaasist kardinaseina s\u00fcsteem\" width=\"200\"><br \/>\n      Alumiiniumprofiili klaasist kardinaseina s\u00fcsteem<br \/>\n    <\/a>\n  <\/li>\n<li>\n    <a href=\"\/et\/toode\/uusim-stabiilne-pressitud-alumiiniumist-u-kanaliprofiil-raamita-klaasist-piirdesusteem-koos-balustraadiga-kasipuude-liitmikega\/\"><br \/>\n      <img decoding=\"async\" src=\"\/wp-content\/uploads\/Newest-Stable-Extruded-Aluminum-U-Channel-Profile-Frameless-Glass-Railing-System-With-Balustrade-Handrail-Fittings.webp\" alt=\"Uusim stabiilne ekstrudeeritud alumiiniumist U-kanaliprofiil raamita klaasist reelingu s\u00fcsteem koos balustraadiga k\u00e4sipuu liitmikega\" width=\"200\"><br \/>\n      Uusim stabiilne ekstrudeeritud alumiiniumist U-kanaliprofiil raamita klaasist reelingu s\u00fcsteem koos balustraadiga k\u00e4sipuu liitmikega<br \/>\n    <\/a>\n  <\/li>\n<li>\n    <a href=\"\/et\/toode\/alumiiniumist-u-profiil-klaasist-piirded\/\"><br \/>\n      <img decoding=\"async\" src=\"\/wp-content\/uploads\/Aluminum-U-profile-Glass-Railing.webp\" alt=\"Alumiiniumist U-profiil klaasist r\u00f5dud\" width=\"200\"><br \/>\n      Alumiiniumist U-profiil klaasist r\u00f5dud<br \/>\n    <\/a>\n  <\/li>\n<li>\n    <a href=\"\/et\/toode\/alumiiniumprofiiliga-klaasist-kardinaseina-susteem-2\/\"><br \/>\n      <img decoding=\"async\" src=\"\/wp-content\/uploads\/Aluminium-Profile-Glass-Curtain-Wall-System.webp\" alt=\"Alumiiniumprofiiliga klaasist kardinaseina s\u00fcsteem\" width=\"200\"><br \/>\n      Alumiiniumprofiiliga klaasist kardinaseina s\u00fcsteem<br \/>\n    <\/a>\n  <\/li>\n<li>\n    <a href=\"\/et\/toode\/alumiiniumkanal-pleksiklaasi-jaoks\/\"><br \/>\n      <img decoding=\"async\" src=\"\/wp-content\/uploads\/Aluminum-Channel-For-Plexiglass.webp\" alt=\"Alumiinium kanal pleksiklaasi jaoks\" width=\"200\"><br \/>\n      Alumiinium kanal pleksiklaasi jaoks<br \/>\n    <\/a>\n  <\/li>\n<li>\n    <a href=\"\/et\/toode\/66-mm-alumiiniumist-klaasist-rodule-juhitud-riba-u-kanali-trepikasipuude-jaoks\/\"><br \/>\n      <img decoding=\"async\" src=\"\/wp-content\/uploads\/66-MM-Aluminum-Glass-Railing-For-Balcony-LED-Strip-U-Channel-Stair-Railings.webp\" alt=\"6 + 6 MM alumiiniumist klaasist r\u00f5dule LED ribad U-kanali trepik\u00e4sipuude jaoks\" width=\"200\"><br \/>\n      6 + 6 MM alumiiniumist klaasist r\u00f5dule LED ribad U-kanali trepik\u00e4sipuude jaoks<br \/>\n    <\/a>\n  <\/li>\n<li>\n    <a href=\"\/et\/toode\/l-alumiiniumprofiil-klaasist-piirdele\/\"><br \/>\n      <img decoding=\"async\" src=\"\/wp-content\/uploads\/L-Aluminum-Profile-For-Glass-Railing.webp\" alt=\"L Alumiiniumprofiil klaasist r\u00f5dude jaoks\" width=\"200\"><br \/>\n      L Alumiiniumprofiil klaasist r\u00f5dude jaoks<br \/>\n    <\/a>\n  <\/li>\n<li>\n    <a href=\"\/et\/toode\/helikindlad-alumiiniumklaasist-lukandaknad-ja-uksed-alumiiniumprofiil-hoonete-lamellide-susteemi-jaoks\/\"><br \/>\n      <img decoding=\"async\" src=\"\/wp-content\/uploads\/Sound-proof-Aluminum-Glass-Casement-Windows-Sliding-Windows-And-Doors-Aluminum-Profile-For-Buildings-Louver-System.webp\" alt=\"Helikindel alumiinium klaasist aknad liugaknad ja uksed Alumiinium profiil hoonete jaoks Louver s\u00fcsteemi\" width=\"200\"><br \/>\n      Helikindel alumiinium klaasist aknad liugaknad ja uksed Alumiinium profiil hoonete jaoks Louver s\u00fcsteemi<br \/>\n    <\/a>\n  <\/li>\n<li>\n    <a href=\"\/et\/toode\/alumiiniumist-klaasist-paigalduskanal\/\"><br \/>\n      <img decoding=\"async\" src=\"\/wp-content\/uploads\/Aluminium-Glass-Fitting-Channel.webp\" alt=\"Alumiiniumist klaasist paigalduskanal\" width=\"200\"><br \/>\n      Alumiiniumist klaasist paigalduskanal<br \/>\n    <\/a>\n  <\/li>\n<li>\n    <a href=\"\/et\/toode\/alumiiniumklaasist-profiil\/\"><br \/>\n      <img decoding=\"async\" src=\"\/wp-content\/uploads\/Aluminium-Glass-Profile.webp\" alt=\"Alumiinium klaasist profiil\" width=\"200\"><br \/>\n      Alumiinium klaasist profiil<br \/>\n    <\/a>\n  <\/li>\n<li>\n    <a href=\"\/et\/toode\/alumiiniumist-klaasraami-ekstrusioon\/\"><br \/>\n      <img decoding=\"async\" src=\"\/wp-content\/uploads\/Aluminum-Glass-Frame-Extrusion.webp\" alt=\"Alumiinium klaasraami ekstrusioon\" width=\"200\"><br \/>\n      Alumiinium klaasraami ekstrusioon<br \/>\n    <\/a>\n  <\/li>\n<li>\n    <a href=\"\/et\/toode\/alumiiniumist-liuguks-prantsuse-stiilis-kahest-kokkupandava-klaasist-seinauksega-energiasaastlik-soojusisolatsioon\/\"><br \/>\n      <img decoding=\"async\" src=\"\/wp-content\/uploads\/Aluminium-Sliding-Door-With-French-Style-Bi-folding-Glass-Wall-Door-Energy-Saving-Heat-Insulation.webp\" alt=\"Alumiiniumist liuguks Prantsuse stiilis kahekordse klaasist kokkupandava seinauksega energias\u00e4\u00e4stu soojusisolatsiooniga\" width=\"200\"><br \/>\n      Alumiiniumist liuguks Prantsuse stiilis kahekordse klaasist kokkupandava seinauksega energias\u00e4\u00e4stu soojusisolatsiooniga<br \/>\n    <\/a>\n  <\/li>\n<li>\n    <a href=\"\/et\/toode\/12-kuni-20-mm-klaasist-alumiiniumist-klaasist-piirded-hind-uhe-jala-kohta\/\"><br \/>\n      <img decoding=\"async\" src=\"\/wp-content\/uploads\/12-To-20-MM-Glass-Aluminum-Glass-Railing-Price-Per-Foot.webp\" alt=\"12 kuni 20 MM klaasist alumiiniumist klaasist r\u00f5dude hind \u00fche jala kohta\" width=\"200\"><br \/>\n      12 kuni 20 MM klaasist alumiiniumist klaasist r\u00f5dude hind \u00fche jala kohta<br \/>\n    <\/a>\n  <\/li>\n<li>\n    <a href=\"\/et\/toode\/kaubanduslikud-klaasist-alumiiniumist-piirdesusteemid\/\"><br \/>\n      <img decoding=\"async\" src=\"\/wp-content\/uploads\/Commercial-Glass-Aluminium-Railing-Systems.webp\" alt=\"Kommertsklaasist alumiiniumkaitses\u00fcsteemid\" width=\"200\"><br \/>\n      Kommertsklaasist alumiiniumkaitses\u00fcsteemid<br \/>\n    <\/a>\n  <\/li>\n<li>\n    <a href=\"\/et\/toode\/alumiiniumprofiil-klaasist-katuse-jaoks\/\"><br \/>\n      <img decoding=\"async\" src=\"\/wp-content\/uploads\/Aluminium-Profile-For-Glass-Roof.webp\" alt=\"Alumiiniumprofiil klaasist katuse jaoks\" width=\"200\"><br \/>\n      Alumiiniumprofiil klaasist katuse jaoks<br \/>\n    <\/a>\n  <\/li>\n<li>\n    <a href=\"\/et\/toode\/klaasist-rodude-rodu-alumiiniumist-u-kanali-disain\/\"><br \/>\n      <img decoding=\"async\" src=\"\/wp-content\/uploads\/Glass-Balcony-Railing-Aluminum-U-Channel-Design.webp\" alt=\"Klaasist r\u00f5dule alumiiniumist U-kanali disain\" width=\"200\"><br \/>\n      Klaasist r\u00f5dule alumiiniumist U-kanali disain<br \/>\n    <\/a>\n  <\/li>\n<li>\n    <a href=\"\/et\/toode\/helikindlad-veekindlad\/\"><br \/>\n      <img decoding=\"async\" src=\"\/wp-content\/uploads\/PVDF-Coating-Aluminum-profile-Curtain-Wall.webp\" alt=\"Helikindel veekindel tuulekindel okultatsiooniraam pulbriga kaetud fassaadi fassaadi katte ja klaasseina alumiiniumprofiiliga\" width=\"200\"><br \/>\n      Helikindel veekindel tuulekindel okultatsiooniraam pulbriga kaetud fassaadi fassaadi katte ja klaasseina alumiiniumprofiiliga<br \/>\n    <\/a>\n  <\/li>\n<li>\n    <a href=\"\/et\/toode\/ekstrudeeritud-alumiiniumisulamist-profiil-klaasist-porandakanalile\/\"><br \/>\n      <img decoding=\"async\" src=\"\/wp-content\/uploads\/Extruded-Aluminum-Alloy-Profile-For-Glass-Floor-Channel.webp\" alt=\"Ekstrudeeritud alumiiniumsulamist profiil klaasist p\u00f5randakanalile\" width=\"200\"><br \/>\n      Ekstrudeeritud alumiiniumsulamist profiil klaasist p\u00f5randakanalile<br \/>\n    <\/a>\n  <\/li>\n<li>\n    <a href=\"\/et\/toode\/alumiinium-ekstrusioon-raamita-klaasist-piirded-alumiinium-profiilid\/\"><br \/>\n      <img decoding=\"async\" src=\"\/wp-content\/uploads\/Aluminium-Extrusion-Frameless-Glass-Railing-Aluminum-Profiles.webp\" alt=\"Alumiinium ekstrusioon raamita klaasist r\u00f5dude alumiiniumprofiilid\" width=\"200\"><br \/>\n      Alumiinium ekstrusioon raamita klaasist r\u00f5dude alumiiniumprofiilid<br \/>\n    <\/a>\n  <\/li>\n<\/ul>\n<h2>KKK<\/h2>\n<p><b>1.Mis on alumiiniumklaasist U-kanal?<\/b><\/p>\n<p>Alumiiniumklaasist U-kanal on struktuuriprofiil, mis on m\u00f5eldud klaaspaneelide hoidmiseks ja kinnitamiseks, mida tavaliselt kasutatakse raamita paigaldustes.\n<\/p>\n<p><\/p>\n<p><b>2.Millised on alumiiniumist U-kanalite kasutamise eelised klaasi jaoks?<\/b><\/p>\n<p>Alumiiniumist U-kanalid pakuvad tugevat tuge, korrosioonikindlust ja kaasaegset v\u00e4limust, mist\u00f5ttu sobivad need ideaalselt nii elamu- kui ka \u00e4riruumidesse.\n<\/p>\n<p><\/p>\n<p><b>3.Kas alumiiniumklaasist U-kanalid sobivad v\u00e4litingimustes kasutamiseks?<\/b><\/p>\n<p>Jah, alumiiniumklaasist U-kanalid on valmistatud korrosioonikindlast alumiiniumist, mis sobib ideaalselt nii sise- kui ka v\u00e4liskeskkondadesse.\n<\/p>\n<p><\/p>\n<p><b>4.Millise klaasi paksusega saab alumiiniumist U-kanalid mahutada?<\/b><\/p>\n<p>Enamik alumiiniumklaasist U-kanaleid toetavad klaasi paksust vahemikus 6 mm kuni 12 mm, s\u00f5ltuvalt profiili konstruktsioonist.\n<\/p>\n<p><\/p>\n<p><b>5.Kui lihtne on paigaldada alumiiniumklaasist U-kanalit?<\/b><\/p>\n<p>Alumiiniumklaasist U-kanalid on m\u00f5eldud kiireks ja lihtsaks paigaldamiseks, v\u00e4hendades t\u00f6\u00f6aega ja -kulusid.\n<\/p>\n<p><\/p>\n<p><b>6.Kas ma saan alumiiniumist U-kanalite jaoks kohandatud suurusi v\u00f5i viimistlusi?<\/b><\/p>\n<p>Jah, alumiiniumklaasist U-kanalid on saadaval kohandatud pikkuse ja viimistlusega, et need vastaksid teie konkreetsetele projektin\u00f5uetele.\n<\/p>\n<p><\/p>\n<p><b>7.Kas alumiiniumklaasist U-kanalid vajavad hooldust?<\/b><\/p>\n<p>T\u00e4nu nende vastupidavatele ja korrosioonikindlatele omadustele on hooldust\u00f6\u00f6d minimaalselt vajalikud.\n<\/p>\n<p><\/p>\n<p><b>8.Kas alumiiniumist U-kanalid sobivad karastatud v\u00f5i lamineeritud klaasiga?<\/b><\/p>\n<p>Jah, alumiiniumklaasi U-kanalid sobivad h\u00e4sti nii karastatud kui ka lamineeritud klaasiga, pakkudes turvalist tuge ja puhast v\u00e4limust.\n<\/p>\n<p><\/p>","protected":false},"featured_media":7756,"template":"","categories":[57],"class_list":["post-10078","product","type-product","status-publish","has-post-thumbnail","hentry","category-anodized-aluminum-profile"],"meta_box":{"hilight_text_group":{"product_hilight_text":"<li>Durable aluminum construction ensures long-lasting structural integrity<\/li>\r\n<li>Ideal for frameless glass installations in commercial projects<\/li>\r\n<li>Sleek modern design enhances architectural aesthetics<\/li>\r\n<li>Corrosion-resistant finish suitable for indoor and outdoor use<\/li>\r\n<li>Compatible with various glass thicknesses for flexible applications<\/li>\r\n<li>Easy installation reduces labor time and costs<\/li>\r\n<li>Custom lengths and finishes available for project-specific needs<\/li>"},"feature_list":[]},"_links":{"self":[{"href":"https:\/\/sinoextrud.com\/et\/wp-json\/wp\/v2\/product\/10078","targetHints":{"allow":["GET"]}}],"collection":[{"href":"https:\/\/sinoextrud.com\/et\/wp-json\/wp\/v2\/product"}],"about":[{"href":"https:\/\/sinoextrud.com\/et\/wp-json\/wp\/v2\/types\/product"}],"wp:featuredmedia":[{"embeddable":true,"href":"https:\/\/sinoextrud.com\/et\/wp-json\/wp\/v2\/media\/7756"}],"wp:attachment":[{"href":"https:\/\/sinoextrud.com\/et\/wp-json\/wp\/v2\/media?parent=10078"}],"wp:term":[{"taxonomy":"category","embeddable":true,"href":"https:\/\/sinoextrud.com\/et\/wp-json\/wp\/v2\/categories?post=10078"}],"curies":[{"name":"wp","href":"https:\/\/api.w.org\/{rel}","templated":true}]}}