{"id":175,"date":"2024-10-18T10:36:17","date_gmt":"2024-10-18T10:36:17","guid":{"rendered":"https:\/\/sinoextrud.com\/?page_id=175"},"modified":"2025-05-06T04:02:09","modified_gmt":"2025-05-06T04:02:09","slug":"autor","status":"publish","type":"page","link":"https:\/\/sinoextrud.com\/et\/author\/","title":{"rendered":"Autor"},"content":{"rendered":"<h2 class=\"wp-block-heading\">Sinoextrudi asutamislugu: Sintrudis: tehasest globaalse alumiiniumist ekstrusioonitootja: tehasest globaalse alumiiniumist ekstrusioonitootja<\/h2>\n\n\n\n<p>2014. aastal l\u00f5petasin kolled\u017ei ja asusin t\u00f6\u00f6le oma onu alumiiniumi ekstrusioonitehases. Traditsioonilise Hiina alumiiniumi ekstrusioonitehasena piirdus meie \u00e4ri sel ajal siseturuga, ilma eksporditegevuseta. Alguses t\u00f6\u00f6tasin ma tellimuste t\u00e4itjana. Need kaks aastat tellimuste j\u00e4lgimise kogemust tutvustasid mulle alumiiniumprofiilit\u00f6\u00f6stuse k\u00f5iki aspekte. Alates vormide avamisest, n\u00e4idiste proovimisest, tootmisest, pinnat\u00f6\u00f6tlusest, pakkimisest ja saatmisest p\u00e4rast klientide tellimusi, olin isiklikult kaasatud protsessi igasse sammu, puutusin kokku igasuguste probleemidega ja lahendasin neid korduvalt. See kogumisperiood andis mulle p\u00f5hjaliku arusaamise alumiiniumprofiilit\u00f6\u00f6stusest, mis pani kindla aluse Sinoextrudi l\u00f5plikule loomisele.<\/p>\n\n\n\n<figure class=\"wp-block-gallery has-nested-images columns-default is-cropped wp-block-gallery-1 is-layout-flex wp-block-gallery-is-layout-flex\">\n<figure class=\"wp-block-image size-large\"><img alt=\"\" loading=\"lazy\" decoding=\"async\" width=\"640\" height=\"858\" data-id=\"1675\" src=\"https:\/\/sinoextrud.com\/wp-content\/uploads\/eva_university_life.jpg\" class=\"wp-image-1675\" srcset=\"https:\/\/sinoextrud.com\/wp-content\/uploads\/eva_university_life.jpg 640w, https:\/\/sinoextrud.com\/wp-content\/uploads\/eva_university_life-600x804.jpg 600w\" sizes=\"auto, (max-width: 640px) 100vw, 640px\" \/><\/figure>\n\n\n\n<figure class=\"wp-block-image size-large\"><img alt=\"\" loading=\"lazy\" decoding=\"async\" width=\"640\" height=\"960\" data-id=\"1676\" src=\"https:\/\/sinoextrud.com\/wp-content\/uploads\/graduated-from-university.jpg\" class=\"wp-image-1676\" srcset=\"https:\/\/sinoextrud.com\/wp-content\/uploads\/graduated-from-university.jpg 640w, https:\/\/sinoextrud.com\/wp-content\/uploads\/graduated-from-university-600x900.jpg 600w\" sizes=\"auto, (max-width: 640px) 100vw, 640px\" \/><\/figure>\n<\/figure>\n\n\n\n<p>Kaks aastat hiljem l\u00e4ksin ma \u00fcle m\u00fc\u00fcgit\u00f6\u00f6le ja hakkasin klientidega isiklikult tegelema, juhtides kogu projekti. Need neli aastat m\u00fc\u00fcgit\u00f6\u00f6s v\u00f5imaldasid mul kohtuda paljude klientidega ja aidata neil viia l\u00f5pule nii suuri kui ka v\u00e4ikeseid projekte. Meie alumiiniumtoodete kasutusalad ulatuvad v\u00e4ikestest isiklikest ruumide kaunistustest ja taustaseinte paigaldustest kuni suurte projektideni, nagu Zhongchuani lennujaam Gansus, Hiinas. Iga projekt t\u00e4idab mind uhkustundega ja ma h\u00fc\u00fcan sageli, et on t\u00f5eline au n\u00e4ha, kuidas minu tooted saavad osaks ehitistest.<\/p>\n\n\n\n<h2 class=\"wp-block-heading\">V\u00f5imalus siseneda v\u00e4liskaubandusturule: Esimene v\u00e4liskaubandustellimus<\/h2>\n\n\n\n<p>2020. aastal tuli \u00fcks v\u00e4liskaubanduse klient, kes muutis minu karj\u00e4\u00e4riredelit. Kolled\u017eis\u00f5ber tutvustas mind L\u00f5una-Ameerikast p\u00e4rit kliendile, kes oli juba Guangzhousse saabunud. Kahtlemata s\u00f5itsin Guangzhousse, tervitasin klienti ja viisin ta otse meie tehast k\u00fclastama. Klient j\u00e4i kolmeks p\u00e4evaks, \u00f5ppides rohkem meie toodete ja tootmisprotsessi kohta. L\u00f5puks tegid nad tellimuse 930 000 j\u00fcaani v\u00e4\u00e4rtuses valmis akende ja uste kohta, millest piisab kahe 40-jalase konteineri t\u00e4itmiseks. See ei olnud mitte ainult minu esimene eksporditellimus, vaid ka m\u00e4rkimisv\u00e4\u00e4rne tellimus, mis pani aluse minu j\u00e4rgnevale \u00e4ritegevusele.<\/p>\n\n\n\n<figure class=\"wp-block-image size-full\"><img loading=\"lazy\" decoding=\"async\" width=\"554\" height=\"416\" src=\"https:\/\/sinoextrud.com\/wp-content\/uploads\/image.png\" alt=\"Minu esimene globaalne tellimus-klient k\u00fclastab tehast \" class=\"wp-image-1660\"\/><figcaption class=\"wp-element-caption\">Minu esimene globaalne tellimus-klient k\u00fclastab tehast<\/figcaption><\/figure>\n\n\n\n<p>P\u00e4rast toodete k\u00e4ttesaamist kiitis klient meie kvaliteeti. Sellest ajast alates alustasime pikaajalist koost\u00f6\u00f6d ja t\u00e4naseni oleme tihedad partnerid. Iga kord, kui ta Hiinat k\u00fclastab, peatub ta tehases ja meist on saanud s\u00f5brad. See usaldus ja toetus mitte ainult ei edendanud meie \u00e4ritegevust, vaid tugevdas ka minu otsustavust siseneda rahvusvahelisele turule.<\/p>\n\n\n\n<h2 class=\"wp-block-heading\">Kriisist usalduseni: $400,000 tellimus Korea kliendilt<\/h2>\n\n\n\n<p>Olen oma v\u00e4liskaubanduse teekonnal seisnud silmitsi paljude v\u00e4ljakutsete ja h\u00e4daolukordadega, millest \u00fcks meeldej\u00e4\u00e4vamaid oli $400,000 suurune tellimus Korea kliendilt. Sellel kliendil olid ranged ajalised n\u00f5uded ja ta soovis, et esimene konteiner saadetaks n\u00e4dala jooksul, andes ainult n\u00e4idiseid, ilma et tal oleks olnud v\u00f5imalust proovide kinnitamiseks. Meie tehas j\u00e4rgib aga ranget tootmisprotsessi ja klient pidi enne masstootmist allkirjaga kinnitama, et n\u00e4idised on vastuv\u00f5etavad.<\/p>\n\n\n\n<figure class=\"wp-block-image size-full\"><img alt=\"\" loading=\"lazy\" decoding=\"async\" width=\"554\" height=\"416\" src=\"https:\/\/sinoextrud.com\/wp-content\/uploads\/image-1.png\" class=\"wp-image-1661\"\/><figcaption class=\"wp-element-caption\">Korea kliendi k\u00fclastamine<\/figcaption><\/figure>\n\n\n\n<p>Aega oli v\u00e4he, kuid me ei saanud endale kompromisse lubada. Meil \u00f5nnestus vorm avada kolme-nelja p\u00e4evaga ja n\u00e4idis oli valmis viiendal p\u00e4eval. Et k\u00f5ik sujuks t\u00f5rgeteta, lendasime kolleegidega kohe L\u00f5una-Koreasse, et n\u00e4idiseid isiklikult esitleda. Klient juhtis t\u00e4helepanu v\u00e4iksematele probleemidele, mida me kohe lahendasime. Kolme Koreas veedetud p\u00e4eva jooksul tegime tihedat koost\u00f6\u00f6d kodumaise meeskonnaga, et valmistada muudetud n\u00e4idis. Klient oli parandustega v\u00e4ga rahul ja allkirjastas kinnituse, mis v\u00f5imaldas meil j\u00e4tkata masstootmist.<\/p>\n\n\n\n<figure class=\"wp-block-image size-full\"><img alt=\"\" loading=\"lazy\" decoding=\"async\" width=\"550\" height=\"413\" src=\"https:\/\/sinoextrud.com\/wp-content\/uploads\/image-2.png\" class=\"wp-image-1662\"\/><figcaption class=\"wp-element-caption\">K\u00fclastage koos Korea klientidega vaatamisv\u00e4\u00e4rsusi.<\/figcaption><\/figure>\n\n\n\n<p>Kui me oleksime j\u00e4tnud proovi kinnitamise protsessi vahele ja alustanud otse tootmist, oleks see v\u00f5inud kaasa tuua m\u00e4rkimisv\u00e4\u00e4rseid kahjusid. See kogemus kinnitas taas, et olenemata sellest, kui kiire on tellimus, peab kvaliteet ja kliendi rahulolu olema alati esikohal.<\/p>\n\n\n\n<h2 class=\"wp-block-heading\">Sinoextrudi rahvusvahelistumine<\/h2>\n\n\n\n<p>Kuna meie v\u00e4liskaubandusettev\u00f5te k\u00fcpses, hakkasin k\u00fclastama kliente \u00fcle kogu maailma. Aastal 2023 k\u00fclastasin Euroopat, kus veetsin pool kuud, kohtudes paljude pikaajaliste partneritega, kellega ma polnud kunagi isiklikult kohtunud. See reis mitte ainult ei rikastanud minu elu, vaid tugevdas ka usaldust ja m\u00f5istmist minu ja klientide vahel.<\/p>\n\n\n\n<figure class=\"wp-block-gallery has-nested-images columns-default is-cropped wp-block-gallery-2 is-layout-flex wp-block-gallery-is-layout-flex\">\n<figure class=\"wp-block-image size-full\"><img alt=\"\" loading=\"lazy\" decoding=\"async\" width=\"550\" height=\"413\" data-id=\"1668\" src=\"https:\/\/sinoextrud.com\/wp-content\/uploads\/visiting-in-Italy.png\" class=\"wp-image-1668\"\/><\/figure>\n\n\n\n<figure class=\"wp-block-image size-full\"><img alt=\"\" loading=\"lazy\" decoding=\"async\" width=\"553\" height=\"633\" data-id=\"1669\" src=\"https:\/\/sinoextrud.com\/wp-content\/uploads\/Enjoy-the-Mona-Lisas-smile-at-the-Louvre.png\" class=\"wp-image-1669\"\/><\/figure>\n\n\n\n<figure class=\"wp-block-image size-full\"><img alt=\"\" loading=\"lazy\" decoding=\"async\" width=\"553\" height=\"737\" data-id=\"1670\" src=\"https:\/\/sinoextrud.com\/wp-content\/uploads\/Tour-of-the-Arc-de-Triomphe-after-visiting-customers.png\" class=\"wp-image-1670\"\/><\/figure>\n\n\n\n<figure class=\"wp-block-image size-full\"><img alt=\"\" loading=\"lazy\" decoding=\"async\" width=\"552\" height=\"689\" data-id=\"1671\" src=\"https:\/\/sinoextrud.com\/wp-content\/uploads\/visiting-client-in-German.png\" class=\"wp-image-1671\"\/><\/figure>\n\n\n\n<figure class=\"wp-block-image size-full\"><img alt=\"\" loading=\"lazy\" decoding=\"async\" width=\"551\" height=\"735\" data-id=\"1672\" src=\"https:\/\/sinoextrud.com\/wp-content\/uploads\/visiting-client-in-Paris.png\" class=\"wp-image-1672\"\/><\/figure>\n<\/figure>\n\n\n\n<p>Tagasi vaadates olen t\u00e4nulik oma varajase m\u00fc\u00fcgikogemuse eest, mis aitas mul saada hindamatuid teadmisi ja valmistas mind ette, et tulla toime pidevalt muutuvate turuprobleemidega. Meie tehas pakub kvaliteetseid tooteid konkurentsiv\u00f5imeliste hindadega ja kuna \u00fclemaailmne n\u00f5udlus alumiiniumprofiilide j\u00e4rele kasvab, asutasin Sinoextrudi, et pakkuda klientidele kogu maailmas kvaliteetseid alumiiniumprofiilitooteid ja -lahendusi.<\/p>\n\n\n\n<h2 class=\"wp-block-heading\">Tulevikku vaadates<\/h2>\n\n\n\n<p>J\u00e4rgmise viie kuni k\u00fcmne aasta jooksul loodan juhtida Sinoextrudi meeskonda edasi rahvusvaheliseks muutumise teel, edendades meie tooteid kogu maailmas ja j\u00e4ttes oma j\u00e4lje kogu maailmas. Sinoextrud ei ole lihtsalt kaubam\u00e4rk; see on platvorm, mis kannab minu unistusi ja j\u00f5upingutusi. Iga edukas projekt on tunnistus meeskonnat\u00f6\u00f6st ja klientide usaldusest.<\/p>\n\n\n\n<p>Olen kindel, et olen kindel, et meie toodete ja teenuste kvaliteet toob meile rohkem kliente ja laiendab meie turgu, \u00fcksk\u00f5ik millised v\u00e4ljakutsed ka ees ei seisaks. Ma loodan, et Sinoextrudi lugu inspireerib teisi nagu mina, et nad j\u00e4rgiksid oma unistusi ja astuksid globaalsele areenile.<\/p>\n\n\n\n<p>See on minu teekond - kohaliku tehase m\u00fc\u00fcjast Sinoextrudi asutajaks - tee, mis on t\u00e4is v\u00e4ljakutseid, rahuldust ja ootusi. Tulevikus j\u00e4tkab Sinoextrud rahvusvahelisel turul s\u00e4rada, tuues meie kvaliteetsed tooted veelgi enamate klientideni.<\/p>\n\n\n\n<p><\/p>","protected":false},"excerpt":{"rendered":"<p>Sinoextrud&#8217;s Founding Story: From Factory to Global Aluminum Extrusion Manufacturer In 2014, I graduated from college and joined my uncle&#8217;s aluminum extrusion factory. As a traditional Chinese aluminum extrusion factory, our business at that time was limited to the domestic market without any export business. At the beginning, I worked as an order follower. These [&hellip;]<\/p>\n","protected":false},"author":3,"featured_media":0,"parent":0,"menu_order":0,"comment_status":"closed","ping_status":"closed","template":"","meta":{"_seopress_robots_primary_cat":"","_seopress_titles_title":"","_seopress_titles_desc":"","_seopress_robots_index":"","footnotes":""},"class_list":["post-175","page","type-page","status-publish","hentry"],"meta_box":[],"_links":{"self":[{"href":"https:\/\/sinoextrud.com\/et\/wp-json\/wp\/v2\/pages\/175","targetHints":{"allow":["GET"]}}],"collection":[{"href":"https:\/\/sinoextrud.com\/et\/wp-json\/wp\/v2\/pages"}],"about":[{"href":"https:\/\/sinoextrud.com\/et\/wp-json\/wp\/v2\/types\/page"}],"author":[{"embeddable":true,"href":"https:\/\/sinoextrud.com\/et\/wp-json\/wp\/v2\/users\/3"}],"replies":[{"embeddable":true,"href":"https:\/\/sinoextrud.com\/et\/wp-json\/wp\/v2\/comments?post=175"}],"version-history":[{"count":0,"href":"https:\/\/sinoextrud.com\/et\/wp-json\/wp\/v2\/pages\/175\/revisions"}],"wp:attachment":[{"href":"https:\/\/sinoextrud.com\/et\/wp-json\/wp\/v2\/media?parent=175"}],"curies":[{"name":"wp","href":"https:\/\/api.w.org\/{rel}","templated":true}]}}