{"id":8601,"date":"2025-06-17T03:50:06","date_gmt":"2025-06-17T03:50:06","guid":{"rendered":"https:\/\/sinoextrud.com\/product\/controller-shell-instrument-box-industrial-aluminum-profile-electromechanical-shell\/"},"modified":"2025-06-24T06:34:30","modified_gmt":"2025-06-24T06:34:30","slug":"carcasa-de-controlador-caja-de-instrumentos-perfil-de-aluminio-industrial-carcasa-electromecanica","status":"publish","type":"product","link":"https:\/\/sinoextrud.com\/es\/product\/controller-shell-instrument-box-industrial-aluminum-profile-electromechanical-shell\/","title":{"rendered":"Caja de control para instrumentos Caja electromec\u00e1nica industrial de perfil de aluminio"},"content":{"rendered":"<h2>Productos<\/h2>\n<table class=\"custom-table\">\n<tr>\n<td class=\"label\">Art\u00edculo:<\/td>\n<td>carcasa de controlador caja de instrumentos perfil de aluminio industrial carcasa electromec\u00e1nica<\/td>\n<\/tr>\n<tr>\n<td class=\"label\">Temperamento:<\/td>\n<td>6063-T5<\/td>\n<\/tr>\n<tr>\n<td class=\"label\">Forma:<\/td>\n<td>Canal en forma de U<\/td>\n<\/tr>\n<tr>\n<td class=\"label\">Tolerancia:<\/td>\n<td>\u00b10,5%<\/td>\n<\/tr>\n<tr>\n<td class=\"label\">Est\u00e1ndar:<\/td>\n<td>calidad media y alta<\/td>\n<\/tr>\n<tr>\n<td class=\"label\">Plazo de entrega:<\/td>\n<td>25-30 d\u00edas<\/td>\n<\/tr>\n<tr>\n<td class=\"label\">Plazo de pago:<\/td>\n<td>T\/T(30% Dep\u00f3sito), L\/C<\/td>\n<\/tr>\n<tr>\n<td class=\"label\">Puerto:<\/td>\n<td>Guangzhou, Shenzhen<\/td>\n<\/tr>\n<tr>\n<td class=\"label\">Grado:<\/td>\n<td>Serie 6000 6063<\/td>\n<\/tr>\n<tr>\n<td class=\"label\">Lugar de origen:<\/td>\n<td>Foshan, Guangdong<\/td>\n<\/tr>\n<tr>\n<td class=\"label\">De aleaci\u00f3n o no:<\/td>\n<td>Aleaci\u00f3n Alunimun<\/td>\n<\/tr>\n<tr>\n<td class=\"label\">Marca:<\/td>\n<td>Sinoextrud, Sinoextrud<\/td>\n<\/tr>\n<tr>\n<td class=\"label\">Tratamiento de la superficie:<\/td>\n<td>pintura en polvo, electroforesis, grano de madera, anodizado, cepillado, pulido<\/td>\n<\/tr>\n<tr>\n<td class=\"label\">MOQ:<\/td>\n<td>200KGs<\/td>\n<\/tr>\n<tr>\n<td class=\"label\">Servicio de tramitaci\u00f3n:<\/td>\n<td>Plegado, desenrollado, soldadura, punzonado, corte<\/td>\n<\/tr>\n<tr>\n<td class=\"label\">Longitud::<\/td>\n<td>1-9m o personalizado<\/td>\n<\/tr>\n<\/table>\n<h2>Nuestra base de fabricaci\u00f3n<\/h2>\n<h3>Panorama de la f\u00e1brica<\/h3>\n<p><img decoding=\"async\" src=\"\/wp-content\/uploads\/factory-01.webp\"\/><\/p>\n<h3>Taller de fabricaci\u00f3n de barras de aluminio<\/h3>\n<p><img decoding=\"async\" src=\"\/wp-content\/uploads\/factory-02.webp\"\/><\/p>\n<p><img decoding=\"async\" src=\"\/wp-content\/uploads\/factory-03.webp\"\/><\/p>\n<h3>Almac\u00e9n de moldes<\/h3>\n<p><img decoding=\"async\" src=\"\/wp-content\/uploads\/factory-04.webp\"\/><\/p>\n<h3>43 l\u00edneas de extrusi\u00f3n de aluminio (500-5500 toneladas)<\/h3>\n<p><img decoding=\"async\" src=\"\/wp-content\/uploads\/factory-05.webp\"\/><\/p>\n<p><img decoding=\"async\" src=\"\/wp-content\/uploads\/factory-06.webp\"\/><\/p>\n<p><img decoding=\"async\" src=\"\/wp-content\/uploads\/factory-07.webp\"\/><\/p>\n<h3>Taller de pintura en polvo<\/h3>\n<p><img decoding=\"async\" src=\"\/wp-content\/uploads\/factory-09.webp\"\/><\/p>\n<h3>Taller de anodizado<\/h3>\n<p><img decoding=\"async\" src=\"\/wp-content\/uploads\/factory-10.webp\"\/><\/p>\n<h3>Taller de procesamiento profundo<\/h3>\n<p><img decoding=\"async\" src=\"\/wp-content\/uploads\/factory-11.webp\"\/><\/p>\n<h3>Taller de mecanizado de precisi\u00f3n CNC<\/h3>\n<p><img decoding=\"async\" src=\"\/wp-content\/uploads\/factory-11.5.webp\"\/><\/p>\n<h3>Almac\u00e9n de productos acabados y de exportaci\u00f3n<\/h3>\n<p><img decoding=\"async\" src=\"\/wp-content\/uploads\/factory-12.webp\"\/><\/p>\n<p><img decoding=\"async\" src=\"\/wp-content\/uploads\/factory-13.webp\"\/><\/p>\n<p><img decoding=\"async\" src=\"\/wp-content\/uploads\/factory-14.webp\"\/><\/p>\n<h2>PREGUNTAS FRECUENTES<\/h2>\n<p><p><b>1.\u00bfQu\u00e9 es una Caja de Instrumentos de Concha Controladora de Perfil de Aluminio Industrial?<\/b><\/p>\n<p>Se trata de una caja de protecci\u00f3n fabricada con perfil de aluminio industrial, dise\u00f1ada para alojar de forma segura sistemas electromec\u00e1nicos e instrumentos de control.<br \/>\n<\/p><br \/>\n<br \/>\n<p><b>2.\u00bfCu\u00e1les son las principales ventajas de utilizar una carcasa de perfil de aluminio para los controladores?<\/b><\/p>\n<p>Las carcasas de perfil de aluminio ofrecen una resistencia superior, una construcci\u00f3n ligera y una excelente gesti\u00f3n t\u00e9rmica para aplicaciones de controladores.<br \/>\n<\/p><br \/>\n<br \/>\n<p><b>3. \u00bfEs la carcasa electromec\u00e1nica adecuada para entornos dif\u00edciles?<\/b><\/p>\n<p>S\u00ed, el perfil de aluminio es resistente a la corrosi\u00f3n y duradero, por lo que es ideal para uso industrial y en exteriores.<br \/>\n<\/p><br \/>\n<br \/>\n<p><b>4.\u00bfSe puede personalizar esta caja de instrumentos para dispositivos espec\u00edficos?<\/b><\/p>\n<p>S\u00ed, el dise\u00f1o modular de aluminio permite personalizar el tama\u00f1o, la forma y las caracter\u00edsticas de montaje para adaptarse a diversos dispositivos y componentes.<br \/>\n<\/p><br \/>\n<br \/>\n<p><b>5. \u00bfPermite la carcasa una disipaci\u00f3n eficaz del calor?<\/b><\/p>\n<p>S\u00ed, el perfil de aluminio industrial est\u00e1 dise\u00f1ado para disipar eficazmente el calor de los sistemas electr\u00f3nicos y electromec\u00e1nicos.<br \/>\n<\/p><br \/>\n<br \/>\n<p><b>6.\u00bfEs c\u00f3moda la instalaci\u00f3n de componentes en el interior de la carcasa?<\/b><\/p>\n<p>S\u00ed, las ranuras de montaje y los ra\u00edles gu\u00eda integrados permiten una instalaci\u00f3n r\u00e1pida y segura de placas de circuito impreso, conectores y m\u00f3dulos.<br \/>\n<\/p><br \/>\n<br \/>\n<p><b>7.\u00bfQu\u00e9 industrias utilizan habitualmente este tipo de carcasa de aluminio?<\/b><\/p>\n<p>Estas carcasas electromec\u00e1nicas de aluminio se utilizan ampliamente en aplicaciones de automatizaci\u00f3n, rob\u00f3tica, sistemas de energ\u00eda y paneles de control.<br \/>\n<\/p><br \/>\n<br \/>\n<p><b>8.\u00bfC\u00f3mo ayuda este producto al ciclo de vida y mantenimiento del producto?<\/b><\/p>\n<p>El dise\u00f1o duradero y la estructura de f\u00e1cil acceso permiten un uso a largo plazo y simplifican el mantenimiento o la actualizaci\u00f3n de componentes.<br \/>\n<\/p><br \/><\/p>","protected":false},"featured_media":8600,"template":"","categories":[68],"class_list":["post-8601","product","type-product","status-publish","has-post-thumbnail","hentry","category-cnc-machining-aluminum-profile"],"meta_box":{"hilight_text_group":{"product_hilight_text":"<li>Robust industrial aluminum profile ensures structural strength and long service life<\/li>\r\r\n<li>Modular design allows easy customization for different electromechanical applications<\/li>\r\r\n<li>Excellent heat dissipation suitable for high-performance controllers and instruments<\/li>\r\r\n<li>Lightweight and corrosion-resistant aluminum ideal for harsh industrial environments<\/li>\r\r\n<li>Integrated mounting slots simplify assembly of electronic components and PCBs<\/li>","product_chanpin_blog":"<ul>\r\r\n<li><a href=\"https:\/\/sinoextrud.com\/t-slot-v-slot-differences\/\" target=\"_blank\">t slot vs v slot<\/a><\/li>\r\r\n<li><a href=\"https:\/\/sinoextrud.com\/what-is-4040-aluminium-extrud\/\" target=\"_blank\">4040 aluminium extrusion<\/a><\/li>\r\r\n<li><a href=\"https:\/\/sinoextrud.com\/what-is-4040-aluminium-extrud\/\" target=\"_blank\">aluminum extrusions for industrial racks<\/a><\/li>\r\r\n<li><a href=\"https:\/\/sinoextrud.com\/powder-coating-aluminium-process\/\" target=\"_blank\">powder coating aluminium<\/a><\/li>\r\r\n<li><a href=\"https:\/\/sinoextrud.com\/what-is-an-aluminium-strip-ceiling\/\" target=\"_blank\">aluminium strip ceiling<\/a><\/li>\r\r\n<li><a href=\"https:\/\/sinoextrud.com\/what-is-a-heat-sink\/\" target=\"_blank\">what is a heat sink<\/a><\/li>\r\r\n<\/ul>","product_chanpin_chanpin":"<li><a href=\"https:\/\/sinoextrud.com\/product\/aluminium-extrusion-hinge\/\" target=\"_blank\">Aluminium Extrusion Hinge<\/a><\/li>\r\n<li><a href=\"https:\/\/sinoextrud.com\/product\/cnc-aluminium\/\" target=\"_blank\">Cnc Aluminium<\/a><\/li>\r\n<li><a href=\"https:\/\/sinoextrud.com\/product\/aluminium-profile-accessories\/\" target=\"_blank\">Aluminium Profile Accessories<\/a><\/li>\r\n<li><a href=\"https:\/\/sinoextrud.com\/product\/round-aluminum-extrusion-tubular-cnc-bending\/\" target=\"_blank\">Round Aluminum Extrusion Tubular Cnc Bending<\/a><\/li>\r\n<li><a href=\"https:\/\/sinoextrud.com\/product\/controller-shell-instrument-box-industrial-aluminum-profile-electromechanical-shell\/\" target=\"_blank\">Controller Shell Instrument Box Industrial Aluminum Profile Electromechanical Shell<\/a><\/li>\r\n<li><a href=\"https:\/\/sinoextrud.com\/product\/lay-in-tile-ceiling-system\/\" target=\"_blank\">Lay-in Tile Ceiling System<\/a><\/li>\r\n<li><a href=\"https:\/\/sinoextrud.com\/product\/clip-in-tile-ceiling-system\/\" target=\"_blank\">Clip-in Tile Ceiling System<\/a><\/li>\r\n<li><a href=\"https:\/\/sinoextrud.com\/product\/triangle-ceiling-system\/\" target=\"_blank\">Triangle Ceiling System (Triangle Ceiling)<\/a><\/li>\r\n<li><a href=\"https:\/\/sinoextrud.com\/product\/the-hexagonal-type-ceiling-system\/\" target=\"_blank\">The Hexagonal Type Ceiling System (Hexagonal Ceiling)<\/a><\/li>\r\n<li><a href=\"https:\/\/sinoextrud.com\/product\/v-slot-rail-aluminum-profile-extrusion\/\" target=\"_blank\">V Slot Rail Aluminum Profile Extrusion<\/a><\/li>\r\n<li><a href=\"https:\/\/sinoextrud.com\/product\/customized-6063-extruded-aluminum-flat-bar\/\" target=\"_blank\">Customized 6063 Extruded Aluminum Flat Bar<\/a><\/li>"},"feature_list":[]},"_links":{"self":[{"href":"https:\/\/sinoextrud.com\/es\/wp-json\/wp\/v2\/product\/8601","targetHints":{"allow":["GET"]}}],"collection":[{"href":"https:\/\/sinoextrud.com\/es\/wp-json\/wp\/v2\/product"}],"about":[{"href":"https:\/\/sinoextrud.com\/es\/wp-json\/wp\/v2\/types\/product"}],"wp:featuredmedia":[{"embeddable":true,"href":"https:\/\/sinoextrud.com\/es\/wp-json\/wp\/v2\/media\/8600"}],"wp:attachment":[{"href":"https:\/\/sinoextrud.com\/es\/wp-json\/wp\/v2\/media?parent=8601"}],"wp:term":[{"taxonomy":"category","embeddable":true,"href":"https:\/\/sinoextrud.com\/es\/wp-json\/wp\/v2\/categories?post=8601"}],"curies":[{"name":"wp","href":"https:\/\/api.w.org\/{rel}","templated":true}]}}