{"id":8599,"date":"2025-06-17T03:47:28","date_gmt":"2025-06-17T03:47:28","guid":{"rendered":"https:\/\/sinoextrud.com\/product\/round-aluminum-extrusion-tubular-cnc-bending\/"},"modified":"2025-06-24T06:34:29","modified_gmt":"2025-06-24T06:34:29","slug":"extrusion-redonda-de-aluminio-tubular-curvado-cnc","status":"publish","type":"product","link":"https:\/\/sinoextrud.com\/es\/product\/round-aluminum-extrusion-tubular-cnc-bending\/","title":{"rendered":"Extrusi\u00f3n de aluminio redondo Tubular Cnc Doblado"},"content":{"rendered":"<h2>Productos<\/h2>\n<table class=\"custom-table\">\n<tr>\n<td class=\"label\">Art\u00edculo<\/td>\n<td>Extrusi\u00f3n redonda de aluminio tubularcnc plegado punzonado<\/td>\n<\/tr>\n<tr>\n<td class=\"label\">Nombre de la empresa<\/td>\n<td> Sinoextrud<\/td>\n<\/tr>\n<tr>\n<td class=\"label\">Aleaci\u00f3n de aluminio<\/td>\n<td>6063-T5, o a medida<\/td>\n<\/tr>\n<tr>\n<td class=\"label\">Marca<\/td>\n<td>Sinoextrud \/ Sinoextrud \/ Sinoextrud Aluminio<\/td>\n<\/tr>\n<tr>\n<td class=\"label\">Certificado<\/td>\n<td>CE, SONCAP, ISO, CIQ, RoHS, TUV, etc.<\/td>\n<\/tr>\n<tr>\n<td class=\"label\">Calidad del material<\/td>\n<td>6061, 6063, 6005A, 6005, 6082, 6463, etc.<\/td>\n<\/tr>\n<tr>\n<td class=\"label\">Longitud<\/td>\n<td>1-9m, o personalizaci\u00f3n<\/td>\n<\/tr>\n<tr>\n<td class=\"label\">MOQ<\/td>\n<td>200KGS para cada art\u00edculo \/ color<\/td>\n<\/tr>\n<tr>\n<td class=\"label\">Tratamiento de superficies<\/td>\n<td>Acabado fresado, anodizado, pintura en polvo, electroforesis, fluorocarbono (PVDF), veteado de madera, pulido, cepillado, chorro de arena, etc.<\/td>\n<\/tr>\n<tr>\n<td class=\"label\">Proceso CNC<\/td>\n<td>Taladrado, plegado, soldadura, roscado, corte, punzonado, etc.<\/td>\n<\/tr>\n<tr>\n<td class=\"label\">Color<\/td>\n<td>Muchos colores, o personalizaci\u00f3n<\/td>\n<\/tr>\n<tr>\n<td class=\"label\">Control de calidad<\/td>\n<td>Los clientes son bienvenidos a nuestra f\u00e1brica para probar el producto uno por uno antes del pago del saldo.<\/td>\n<\/tr>\n<tr>\n<td class=\"label\">Paquete<\/td>\n<td>Interior con pel\u00edcula protectora, pl\u00e1stico retr\u00e1ctil o espuma de PE. Exterior con caja, cart\u00f3n o marco de madera, o personalizaci\u00f3n.<\/td>\n<\/tr>\n<tr>\n<td class=\"label\">Plazo de entrega<\/td>\n<td>Die desarrollo y prueba de la muestra es12-18days, entonces la duraci\u00f3n de la producci\u00f3n es 25-30days despu\u00e9s de la recepci\u00f3n del dep\u00f3sito del comprador.<\/td>\n<\/tr>\n<\/table>\n<h2>Nuestra base de fabricaci\u00f3n<\/h2>\n<h3>Panorama de la f\u00e1brica<\/h3>\n<p><img decoding=\"async\" src=\"\/wp-content\/uploads\/factory-01.webp\"\/><\/p>\n<h3>Taller de fabricaci\u00f3n de barras de aluminio<\/h3>\n<p><img decoding=\"async\" src=\"\/wp-content\/uploads\/factory-02.webp\"\/><\/p>\n<\/p>\n<p><img decoding=\"async\" src=\"\/wp-content\/uploads\/factory-03.webp\"\/><\/p>\n<h3>Almac\u00e9n de moldes<\/h3>\n<p><img decoding=\"async\" src=\"\/wp-content\/uploads\/factory-04.webp\"\/><\/p>\n<h3>43 L\u00c3neas de extrusi\u00c3\u00b3n de aluminio (500\u00e2\u20ac\"5500 toneladas)<\/h3>\n<p><img decoding=\"async\" src=\"\/wp-content\/uploads\/factory-05.webp\"\/><\/p>\n<p><img decoding=\"async\" src=\"\/wp-content\/uploads\/factory-06.webp\"\/><\/p>\n<p><img decoding=\"async\" src=\"\/wp-content\/uploads\/factory-07.webp\"\/><\/p>\n<h3>Taller de pintura en polvo<\/h3>\n<p><img decoding=\"async\" src=\"\/wp-content\/uploads\/factory-09.webp\"\/><\/p>\n<h3>Taller de anodizado<\/h3>\n<p><img decoding=\"async\" src=\"\/wp-content\/uploads\/factory-10.webp\"\/><\/p>\n<h3>Taller de procesamiento profundo<\/h3>\n<p><img decoding=\"async\" src=\"\/wp-content\/uploads\/factory-11.webp\"\/><\/p>\n<h3>Taller de mecanizado de precisi\u00f3n CNC<\/h3>\n<p><img decoding=\"async\" src=\"\/wp-content\/uploads\/factory-11.5.webp\"\/><\/p>\n<h3>Almac\u00e9n de productos acabados y de exportaci\u00f3n<\/h3>\n<p><img decoding=\"async\" src=\"\/wp-content\/uploads\/factory-12.webp\"\/><\/p>\n<p><img decoding=\"async\" src=\"\/wp-content\/uploads\/factory-13.webp\"\/><\/p>\n<p><img decoding=\"async\" src=\"\/wp-content\/uploads\/factory-14.webp\"\/><\/p>\n<h2>PREGUNTAS FRECUENTES<\/h2>\n<p><b>1. \u00bfQu\u00e9 es el curvado CNC de tubos de extrusi\u00f3n de aluminio redondo?<\/b><\/p>\n<p>Se trata de un proceso de fabricaci\u00f3n que da forma a tubos redondos de aluminio mediante m\u00e1quinas curvadoras controladas por CNC para garantizar la precisi\u00f3n y la repetibilidad.\n<\/p>\n<p><\/p>\n<p><b>2.\u00bfCu\u00e1les son las principales ventajas del curvado CNC para extrusi\u00f3n de aluminio redondo?<\/b><\/p>\n<p>El plegado CNC ofrece una gran precisi\u00f3n, curvas suaves y resultados repetibles, que son esenciales para las aplicaciones industriales y arquitect\u00f3nicas del aluminio.\n<\/p>\n<p><\/p>\n<p><b>3. \u00bfEs la extrusi\u00f3n de aluminio redonda ligera y duradera?<\/b><\/p>\n<p>S\u00ed, las extrusiones de aluminio son conocidas por ser ligeras y muy duraderas, lo que las hace ideales para aplicaciones estructurales y de transporte.\n<\/p>\n<p><\/p>\n<p><b>4.\u00bfPuedo personalizar el tama\u00f1o del tubo redondo de extrusi\u00f3n de aluminio?<\/b><\/p>\n<p>S\u00ed, la longitud, el grosor de pared y el di\u00e1metro del tubo pueden personalizarse para adaptarse a los requisitos espec\u00edficos del proyecto.\n<\/p>\n<p><\/p>\n<p><b>5.\u00bfEste producto es apto para su uso en exteriores?<\/b><\/p>\n<p>S\u00ed, los productos de curvado CNC de tubos redondos de extrusi\u00f3n de aluminio son resistentes a la corrosi\u00f3n y funcionan bien en entornos exteriores.\n<\/p>\n<p><\/p>\n<p><b>6.\u00bfC\u00f3mo mejora el plegado CNC la eficacia de la producci\u00f3n?<\/b><\/p>\n<p>El curvado CNC reduce el trabajo manual, minimiza los errores y permite conformar tubos a alta velocidad y de forma uniforme para la fabricaci\u00f3n a gran escala.\n<\/p>\n<p><\/p>\n<p><b>7.\u00bfPueden utilizarse estos tubos de aluminio en dise\u00f1os de sistemas modulares?<\/b><\/p>\n<p>S\u00ed, la extrusi\u00f3n redonda de aluminio es compatible con otros perfiles modulares de aluminio, lo que permite un dise\u00f1o flexible y escalable del sistema.<\/p>\n<p><\/p>","protected":false},"featured_media":8598,"template":"","categories":[68],"class_list":["post-8599","product","type-product","status-publish","has-post-thumbnail","hentry","category-cnc-machining-aluminum-profile"],"meta_box":{"hilight_text_group":{"product_hilight_text":"<li>High-precision CNC bending ensures consistent tube curvature for industrial applications<\/li>\r\r\n<li>Lightweight yet strong round aluminum extrusion ideal for structural components<\/li>\r\r\n<li>Customizable tube lengths and diameters to meet specific project needs<\/li>\r\r\n<li>Corrosion-resistant aluminum suitable for outdoor and high-humidity environments<\/li>\r\r\n<li>Seamless integration with other aluminum profiles for modular system design<\/li>","product_chanpin_blog":"<ul>\r\r\n<li><a href=\"https:\/\/sinoextrud.com\/t-slot-v-slot-differences\/\" target=\"_blank\">t slot vs v slot<\/a><\/li>\r\r\n<li><a href=\"https:\/\/sinoextrud.com\/what-is-4040-aluminium-extrud\/\" target=\"_blank\">4040 aluminium extrusion<\/a><\/li>\r\r\n<li><a href=\"https:\/\/sinoextrud.com\/what-is-4040-aluminium-extrud\/\" target=\"_blank\">aluminum extrusions for industrial racks<\/a><\/li>\r\r\n<li><a href=\"https:\/\/sinoextrud.com\/powder-coating-aluminium-process\/\" target=\"_blank\">powder coating aluminium<\/a><\/li>\r\r\n<li><a href=\"https:\/\/sinoextrud.com\/what-is-an-aluminium-strip-ceiling\/\" target=\"_blank\">aluminium strip ceiling<\/a><\/li>\r\r\n<li><a href=\"https:\/\/sinoextrud.com\/what-is-a-heat-sink\/\" target=\"_blank\">what is a heat sink<\/a><\/li>\r\r\n<\/ul>","product_chanpin_chanpin":"<li><a href=\"https:\/\/sinoextrud.com\/product\/extruded-aluminum-brackets\/\" target=\"_blank\">Extruded Aluminum Brackets<\/a><\/li>\r\n<li><a href=\"https:\/\/sinoextrud.com\/product\/aluminium-extrusion-hinge\/\" target=\"_blank\">Aluminium Extrusion Hinge<\/a><\/li>\r\n<li><a href=\"https:\/\/sinoextrud.com\/product\/cnc-aluminium\/\" target=\"_blank\">Cnc Aluminium<\/a><\/li>\r\n<li><a href=\"https:\/\/sinoextrud.com\/product\/aluminium-profile-accessories\/\" target=\"_blank\">Aluminium Profile Accessories<\/a><\/li>\r\n<li><a href=\"https:\/\/sinoextrud.com\/product\/round-aluminum-extrusion-tubular-cnc-bending\/\" target=\"_blank\">Round Aluminum Extrusion Tubular Cnc Bending<\/a><\/li>\r\n<li><a href=\"https:\/\/sinoextrud.com\/product\/controller-shell-instrument-box-industrial-aluminum-profile-electromechanical-shell\/\" target=\"_blank\">Controller Shell Instrument Box Industrial Aluminum Profile Electromechanical Shell<\/a><\/li>\r\n<li><a href=\"https:\/\/sinoextrud.com\/product\/lay-in-tile-ceiling-system\/\" target=\"_blank\">Lay-in Tile Ceiling System<\/a><\/li>\r\n<li><a href=\"https:\/\/sinoextrud.com\/product\/clip-in-tile-ceiling-system\/\" target=\"_blank\">Clip-in Tile Ceiling System<\/a><\/li>\r\n<li><a href=\"https:\/\/sinoextrud.com\/product\/triangle-ceiling-system\/\" target=\"_blank\">Triangle Ceiling System (Triangle Ceiling)<\/a><\/li>\r\n<li><a href=\"https:\/\/sinoextrud.com\/product\/extruded-aluminum-tubing-round-in-stock\/\" target=\"_blank\">Extruded Aluminum Tubing Round In Stock<\/a><\/li>\r\n<li><a href=\"https:\/\/sinoextrud.com\/product\/aluminum-extrusion-aluminum-edge-trim-for-truck-body-cabins-profiles\/\" target=\"_blank\">Aluminum Extrusion Aluminum Edge Trim For Truck Body Cabins Profiles<\/a><\/li>"},"feature_list":[]},"_links":{"self":[{"href":"https:\/\/sinoextrud.com\/es\/wp-json\/wp\/v2\/product\/8599","targetHints":{"allow":["GET"]}}],"collection":[{"href":"https:\/\/sinoextrud.com\/es\/wp-json\/wp\/v2\/product"}],"about":[{"href":"https:\/\/sinoextrud.com\/es\/wp-json\/wp\/v2\/types\/product"}],"wp:featuredmedia":[{"embeddable":true,"href":"https:\/\/sinoextrud.com\/es\/wp-json\/wp\/v2\/media\/8598"}],"wp:attachment":[{"href":"https:\/\/sinoextrud.com\/es\/wp-json\/wp\/v2\/media?parent=8599"}],"wp:term":[{"taxonomy":"category","embeddable":true,"href":"https:\/\/sinoextrud.com\/es\/wp-json\/wp\/v2\/categories?post=8599"}],"curies":[{"name":"wp","href":"https:\/\/api.w.org\/{rel}","templated":true}]}}