{"id":8587,"date":"2025-06-17T03:37:24","date_gmt":"2025-06-17T03:37:24","guid":{"rendered":"https:\/\/sinoextrud.com\/product\/machined-aluminum-extrusion\/"},"modified":"2025-06-24T06:34:27","modified_gmt":"2025-06-24T06:34:27","slug":"extrusion-de-aluminio-mecanizado","status":"publish","type":"product","link":"https:\/\/sinoextrud.com\/es\/product\/machined-aluminum-extrusion\/","title":{"rendered":"Extrusi\u00f3n de aluminio mecanizado"},"content":{"rendered":"<h2>Productos<\/h2>\n<table class=\"custom-table\">\n<tbody>\n<tr>\n<td> T\u00edtulo<\/td>\n<td> Extrusi\u00f3n de aluminio mecanizado<\/td>\n<\/tr>\n<tr>\n<td> Categor\u00eda<\/td>\n<td> Perfil de aluminio<\/td>\n<\/tr>\n<tr>\n<td> Material<\/td>\n<td> Aleaci\u00f3n de aluminio (6063, 6061,6464,6082)<\/td>\n<\/tr>\n<tr>\n<td> Temple<\/td>\n<td> T5<\/td>\n<\/tr>\n<tr>\n<td> Talla<\/td>\n<td> A petici\u00f3n del cliente<\/td>\n<\/tr>\n<tr>\n<td> Forma<\/td>\n<td> Tri\u00e1ngulo o extruido seg\u00fan plano del cliente<\/td>\n<\/tr>\n<tr>\n<td> Tratamiento de superficies<\/td>\n<td> Anodizado, Chorro de arena, Pulido, Electroforesis, Recubrimiento el\u00e9ctrico<\/td>\n<\/tr>\n<tr>\n<td> Color<\/td>\n<td> Champ\u00e1n y personalizado est\u00e1 disponible<\/td>\n<\/tr>\n<tr>\n<td> Certificado<\/td>\n<td> TUV, ASTM, GB<\/td>\n<\/tr>\n<tr>\n<td> En<\/td>\n<td> Guangdong, China<\/td>\n<\/tr>\n<\/tbody>\n<\/table>\n<h2>Nuestra base de fabricaci\u00f3n<\/h2>\n<h3>Panorama de la f\u00e1brica<\/h3>\n<p><img decoding=\"async\" src=\"\/wp-content\/uploads\/factory-01.webp\"\/><\/p>\n<h3>Taller de fabricaci\u00f3n de barras de aluminio<\/h3>\n<p><img decoding=\"async\" src=\"\/wp-content\/uploads\/factory-02.webp\"\/><\/p>\n<p><img decoding=\"async\" src=\"\/wp-content\/uploads\/factory-03.webp\"\/><\/p>\n<h3>Almac\u00e9n de moldes<\/h3>\n<p><img decoding=\"async\" src=\"\/wp-content\/uploads\/factory-04.webp\"\/><\/p>\n<h3>43 L\u00c3neas de extrusi\u00c3\u00b3n de aluminio (500\u00e2\u20ac\"5500 toneladas)<\/h3>\n<p><img decoding=\"async\" src=\"\/wp-content\/uploads\/factory-05.webp\"\/><\/p>\n<p><img decoding=\"async\" src=\"\/wp-content\/uploads\/factory-06.webp\"\/><\/p>\n<p><img decoding=\"async\" src=\"\/wp-content\/uploads\/factory-07.webp\"\/><\/p>\n<h3>Taller de pintura en polvo<\/h3>\n<p><img decoding=\"async\" src=\"\/wp-content\/uploads\/factory-09.webp\"\/><\/p>\n<h3>Taller de anodizado<\/h3>\n<p><img decoding=\"async\" src=\"\/wp-content\/uploads\/factory-10.webp\"\/><\/p>\n<h3>Taller de procesamiento profundo<\/h3>\n<p><img decoding=\"async\" src=\"\/wp-content\/uploads\/factory-11.webp\"\/><\/p>\n<h3>Taller de mecanizado de precisi\u00f3n CNC<\/h3>\n<p><img decoding=\"async\" src=\"\/wp-content\/uploads\/factory-11.5.webp\"\/><\/p>\n<h3>Almac\u00e9n de productos acabados y de exportaci\u00f3n<\/h3>\n<p><img decoding=\"async\" src=\"\/wp-content\/uploads\/factory-12.webp\"\/><\/p>\n<p><img decoding=\"async\" src=\"\/wp-content\/uploads\/factory-13.webp\"\/><\/p>\n<p><img decoding=\"async\" src=\"\/wp-content\/uploads\/factory-14.webp\"\/><\/p>\n<h2>PREGUNTAS FRECUENTES<\/h2>\n<p><p><b>1. \u00bfQu\u00e9 es la extrusi\u00f3n de aluminio mecanizado?<\/b><\/p>\n<p>La extrusi\u00f3n de aluminio mecanizado hace referencia a los perfiles de aluminio que se moldean y mecanizan mediante procesos de precisi\u00f3n para crear componentes personalizados para diversas aplicaciones industriales.<br \/>\n<\/p><br \/>\n<br \/>\n<p><b>2.\u00bfPor qu\u00e9 elegir extrusiones de aluminio mecanizado?<\/b><\/p>\n<p>Las extrusiones de aluminio mecanizado ofrecen alta precisi\u00f3n, versatilidad en el dise\u00f1o y excelente durabilidad, lo que las hace ideales para piezas a medida utilizadas en los sectores de automoci\u00f3n, aeroespacial y electr\u00f3nico.<br \/>\n<\/p><br \/>\n<br \/>\n<p><b>3. \u00bfCu\u00e1l es la precisi\u00f3n de las extrusiones de aluminio mecanizadas?<\/b><\/p>\n<p>Las extrusiones de aluminio mecanizadas se fabrican con gran precisi\u00f3n, lo que garantiza tolerancias estrechas y una exactitud dimensional superior para dise\u00f1os complejos y aplicaciones cr\u00edticas.<br \/>\n<\/p><br \/>\n<br \/>\n<p><b>4. \u00bfSe pueden personalizar las extrusiones de aluminio mecanizado?<\/b><\/p>\n<p>S\u00ed, las extrusiones de aluminio mecanizadas pueden personalizarse f\u00e1cilmente en cuanto a tama\u00f1o, forma y dise\u00f1o para satisfacer los requisitos espec\u00edficos de cada proyecto, lo que ofrece flexibilidad para diversos usos.<br \/>\n<\/p><br \/>\n<br \/>\n<p><b>5. \u00bfQu\u00e9 industrias se benefician de las extrusiones de aluminio mecanizado?<\/b><\/p>\n<p>Industrias como la automovil\u00edstica, la aeroespacial, la electr\u00f3nica y la manufacturera se benefician de las extrusiones de aluminio mecanizado por su ligereza, solidez y resistencia a la corrosi\u00f3n.<br \/>\n<\/p><br \/>\n<br \/>\n<p><b>6. \u00bfCon qu\u00e9 rapidez se pueden producir extrusiones de aluminio mecanizadas?<\/b><\/p>\n<p>Las extrusiones de aluminio mecanizadas pueden producirse r\u00e1pidamente, con procesos de mecanizado eficientes que permiten plazos de entrega r\u00e1pidos, manteniendo al mismo tiempo unos est\u00e1ndares de alta calidad.<br \/>\n<\/p><br \/>\n<br \/>\n<p><b>7.\u00bfSon rentables las extrusiones de aluminio mecanizado?<\/b><\/p>\n<p>S\u00ed, las extrusiones de aluminio mecanizadas proporcionan una soluci\u00f3n rentable para componentes personalizados, ofreciendo un excelente rendimiento a precios competitivos tanto para peque\u00f1as como para grandes series de producci\u00f3n.<br \/>\n<\/p><br \/><\/p>","protected":false},"featured_media":8586,"template":"","categories":[68],"class_list":["post-8587","product","type-product","status-publish","has-post-thumbnail","hentry","category-cnc-machining-aluminum-profile"],"meta_box":{"hilight_text_group":{"product_hilight_text":"<li>High precision machining for customized aluminum extrusions<\/li>\r\r\n<li>Versatile design options for a wide range of industrial applications<\/li>\r\r\n<li>Lightweight, strong, and corrosion-resistant aluminum material<\/li>\r\r\n<li>Cost-effective and efficient production with quick lead times<\/li>\r\r\n<li>Superior dimensional accuracy and surface finish<\/li>\r\r\n<li>Ideal for industries such as automotive, aerospace, and electronics<\/li>","product_chanpin_blog":"<ul>\r\r\n<li><a href=\"https:\/\/sinoextrud.com\/t-slot-v-slot-differences\/\" target=\"_blank\">t slot vs v slot<\/a><\/li>\r\r\n<li><a href=\"https:\/\/sinoextrud.com\/what-is-4040-aluminium-extrud\/\" target=\"_blank\">4040 aluminium extrusion<\/a><\/li>\r\r\n<li><a href=\"https:\/\/sinoextrud.com\/what-is-4040-aluminium-extrud\/\" target=\"_blank\">aluminum extrusions for industrial racks<\/a><\/li>\r\r\n<li><a href=\"https:\/\/sinoextrud.com\/powder-coating-aluminium-process\/\" target=\"_blank\">powder coating aluminium<\/a><\/li>\r\r\n<li><a href=\"https:\/\/sinoextrud.com\/what-is-an-aluminium-strip-ceiling\/\" target=\"_blank\">aluminium strip ceiling<\/a><\/li>\r\r\n<li><a href=\"https:\/\/sinoextrud.com\/what-is-a-heat-sink\/\" target=\"_blank\">what is a heat sink<\/a><\/li>\r\r\n<\/ul>","product_chanpin_chanpin":"<li><a href=\"https:\/\/sinoextrud.com\/product\/cnc-aluminium-extrusion\/\" target=\"_blank\">CNC Aluminium Extrusion<\/a><\/li>\r\n<li><a href=\"https:\/\/sinoextrud.com\/product\/extruded-aluminum-housing\/\" target=\"_blank\">Extruded Aluminum Housing<\/a><\/li>\r\n<li><a href=\"https:\/\/sinoextrud.com\/product\/aluminum-machining-round-tube-processing-by-aluminum-profile-cad-vs-aluminium-alloy-customized-anodized\/\" target=\"_blank\">aluminum machining round tube processing by aluminum profile cad  vs aluminium alloy Customized Anodized<\/a><\/li>\r\n<li><a href=\"https:\/\/sinoextrud.com\/product\/aluminium-profile-rail\/\" target=\"_blank\">Aluminium Profile Rail<\/a><\/li>\r\n<li><a href=\"https:\/\/sinoextrud.com\/product\/machined-aluminum-extrusion\/\" target=\"_blank\">Machined Aluminum Extrusion<\/a><\/li>\r\n<li><a href=\"https:\/\/sinoextrud.com\/product\/aluminum-extrusion-accessories\/\" target=\"_blank\">Aluminum Extrusion Accessories<\/a><\/li>\r\n<li><a href=\"https:\/\/sinoextrud.com\/product\/extruded-aluminum-brackets\/\" target=\"_blank\">Extruded Aluminum Brackets<\/a><\/li>\r\n<li><a href=\"https:\/\/sinoextrud.com\/product\/aluminium-extrusion-hinge\/\" target=\"_blank\">Aluminium Extrusion Hinge<\/a><\/li>\r\n<li><a href=\"https:\/\/sinoextrud.com\/product\/cnc-aluminium\/\" target=\"_blank\">Cnc Aluminium<\/a><\/li>\r\n<li><a href=\"https:\/\/sinoextrud.com\/product\/aluminum-trailer-door-frame-extrusions\/\" target=\"_blank\">Aluminum Trailer Door Frame Extrusions<\/a><\/li>\r\n<li><a href=\"https:\/\/sinoextrud.com\/product\/anodized-extruded-aluminum-j-channel\/\" target=\"_blank\">Anodized Extruded Aluminum J Channel<\/a><\/li>"},"feature_list":[]},"_links":{"self":[{"href":"https:\/\/sinoextrud.com\/es\/wp-json\/wp\/v2\/product\/8587","targetHints":{"allow":["GET"]}}],"collection":[{"href":"https:\/\/sinoextrud.com\/es\/wp-json\/wp\/v2\/product"}],"about":[{"href":"https:\/\/sinoextrud.com\/es\/wp-json\/wp\/v2\/types\/product"}],"wp:featuredmedia":[{"embeddable":true,"href":"https:\/\/sinoextrud.com\/es\/wp-json\/wp\/v2\/media\/8586"}],"wp:attachment":[{"href":"https:\/\/sinoextrud.com\/es\/wp-json\/wp\/v2\/media?parent=8587"}],"wp:term":[{"taxonomy":"category","embeddable":true,"href":"https:\/\/sinoextrud.com\/es\/wp-json\/wp\/v2\/categories?post=8587"}],"curies":[{"name":"wp","href":"https:\/\/api.w.org\/{rel}","templated":true}]}}