{"id":8585,"date":"2025-06-17T03:33:19","date_gmt":"2025-06-17T03:33:19","guid":{"rendered":"https:\/\/sinoextrud.com\/product\/aluminium-profile-rail\/"},"modified":"2025-06-24T06:34:27","modified_gmt":"2025-06-24T06:34:27","slug":"perfil-de-aluminio-4","status":"publish","type":"product","link":"https:\/\/sinoextrud.com\/es\/product\/aluminium-profile-rail\/","title":{"rendered":"Perfil de aluminio"},"content":{"rendered":"<h2>Productos<\/h2>\n<table class=\"custom-table\">\n<tr>\n<td class=\"label\">Art\u00edculo:<\/td>\n<td> Barandilla de perfil de aluminio<\/td>\n<\/tr>\n<tr>\n<td class=\"label\">Tipo:<\/td>\n<td> Perfil de aluminio decorativo<\/td>\n<\/tr>\n<tr>\n<td class=\"label\">Grado:<\/td>\n<td> Serie 6000<\/td>\n<\/tr>\n<tr>\n<td class=\"label\">Acabado superficial:<\/td>\n<td> Pulverizaci\u00f3n de polvo<\/td>\n<\/tr>\n<tr>\n<td class=\"label\">Certificaci\u00f3n:<\/td>\n<td> CE, ISO, RoHS, TUV<\/td>\n<\/tr>\n<tr>\n<td class=\"label\">Procesamiento en profundidad:<\/td>\n<td> Cortar, perforar, estampar, doblar, lijar, pulir, cepillar, etc.<\/td>\n<\/tr>\n<tr>\n<td class=\"label\">Tama\u00f1o:<\/td>\n<td> seg\u00fan dibujo o a medida<\/td>\n<\/tr>\n<tr>\n<td class=\"label\">Paquete de transporte:<\/td>\n<td> Cart\u00f3n, papel craft, retractilado<\/td>\n<\/tr>\n<tr>\n<td class=\"label\">Origen:<\/td>\n<td> Foshan, Guangdong<\/td>\n<\/tr>\n<tr>\n<td class=\"label\">Forma:<\/td>\n<td> A medida<\/td>\n<\/tr>\n<tr>\n<td class=\"label\">Temperamento:<\/td>\n<td> T3-T8<\/td>\n<\/tr>\n<tr>\n<td class=\"label\">Aleaci\u00f3n:<\/td>\n<td> Aleaci\u00f3n<\/td>\n<\/tr>\n<tr>\n<td class=\"label\">Ingrediente de aleaci\u00f3n:<\/td>\n<td> 6063<\/td>\n<\/tr>\n<tr>\n<td class=\"label\">Tratamiento de la superficie:<\/td>\n<td> Anodizado, grano de madera, recubrimiento en polvo, electroforesis, etc.<\/td>\n<\/tr>\n<tr>\n<td class=\"label\">Color:<\/td>\n<td> Plata, oro, bronce, negro, blanco, etc.<\/td>\n<\/tr>\n<tr>\n<td class=\"label\">Marca registrada:<\/td>\n<td> Sinoextrud<\/td>\n<\/tr>\n<tr>\n<td class=\"label\">Especificaci\u00f3n:<\/td>\n<td> SGS<\/td>\n<\/tr>\n<tr>\n<td class=\"label\">C\u00f3digo SA:<\/td>\n<td> 7604299000<\/td>\n<\/tr>\n<\/table>\n<h2>Nuestra base de fabricaci\u00f3n<\/h2>\n<h3>Panorama de la f\u00e1brica<\/h3>\n<p><img decoding=\"async\" src=\"\/wp-content\/uploads\/factory-01.webp\"\/><\/p>\n<h3>Taller de fabricaci\u00f3n de barras de aluminio<\/h3>\n<p><img decoding=\"async\" src=\"\/wp-content\/uploads\/factory-02.webp\"\/><\/p>\n<p><img decoding=\"async\" src=\"\/wp-content\/uploads\/factory-03.webp\"\/><\/p>\n<h3>Almac\u00e9n de moldes<\/h3>\n<p><img decoding=\"async\" src=\"\/wp-content\/uploads\/factory-04.webp\"\/><\/p>\n<h3>43 L\u00c3neas de extrusi\u00c3\u00b3n de aluminio (500\u00e2\u20ac\"5500 toneladas)<\/h3>\n<p><img decoding=\"async\" src=\"\/wp-content\/uploads\/factory-05.webp\"\/><\/p>\n<p><img decoding=\"async\" src=\"\/wp-content\/uploads\/factory-06.webp\"\/><\/p>\n<p><img decoding=\"async\" src=\"\/wp-content\/uploads\/factory-07.webp\"\/><\/p>\n<h3>Taller de pintura en polvo<\/h3>\n<p><img decoding=\"async\" src=\"\/wp-content\/uploads\/factory-09.webp\"\/><\/p>\n<h3>Taller de anodizado<\/h3>\n<p><img decoding=\"async\" src=\"\/wp-content\/uploads\/factory-10.webp\"\/><\/p>\n<h3>Taller de procesamiento profundo<\/h3>\n<p><img decoding=\"async\" src=\"\/wp-content\/uploads\/factory-11.webp\"\/><\/p>\n<h3>Taller de mecanizado de precisi\u00f3n CNC<\/h3>\n<p><img decoding=\"async\" src=\"\/wp-content\/uploads\/factory-11.5.webp\"\/><\/p>\n<h3>Almac\u00e9n de productos acabados y de exportaci\u00f3n<\/h3>\n<p><img decoding=\"async\" src=\"\/wp-content\/uploads\/factory-12.webp\"\/><\/p>\n<p><img decoding=\"async\" src=\"\/wp-content\/uploads\/factory-13.webp\"\/><\/p>\n<p><img decoding=\"async\" src=\"\/wp-content\/uploads\/factory-14.webp\"\/><\/p>\n<h2>PREGUNTAS FRECUENTES<\/h2>\n<p><p><b>1. \u00bfQu\u00e9 es un perfil de aluminio?<\/b><\/p>\n<p>Un ra\u00edl perfilado de aluminio es un componente estructural dise\u00f1ado para soportar movimientos lineales en diversos sistemas mec\u00e1nicos, proporcionando precisi\u00f3n y estabilidad.<br \/>\n<\/p><br \/>\n<br \/>\n<p><b>2.\u00bfCu\u00e1les son las ventajas de los ra\u00edles perfilados de aluminio?<\/b><\/p>\n<p>Los ra\u00edles perfilados de aluminio ofrecen gran solidez, resistencia a la corrosi\u00f3n, dise\u00f1o ligero e ingenier\u00eda de precisi\u00f3n, lo que los hace ideales para diversas aplicaciones industriales.<br \/>\n<\/p><br \/>\n<br \/>\n<p><b>3. \u00bfSe pueden personalizar los rieles de perfil de aluminio?<\/b><\/p>\n<p>S\u00ed, los ra\u00edles perfilados de aluminio pueden personalizarse en t\u00e9rminos de tama\u00f1o, longitud y dise\u00f1o para satisfacer los requisitos espec\u00edficos de aplicaci\u00f3n en diferentes industrias.<br \/>\n<\/p><br \/>\n<br \/>\n<p><b>4.\u00bfC\u00f3mo beneficia la resistencia a la corrosi\u00f3n de los ra\u00edles perfilados de aluminio a su rendimiento?<\/b><\/p>\n<p>La resistencia a la corrosi\u00f3n garantiza que los ra\u00edles perfilados de aluminio mantengan la durabilidad y un rendimiento fiable, incluso en entornos dif\u00edciles, lo que prolonga su vida \u00fatil.<br \/>\n<\/p><br \/>\n<br \/>\n<p><b>5.\u00bfQu\u00e9 industrias utilizan los ra\u00edles perfilados de aluminio?<\/b><\/p>\n<p>Industrias como la automatizaci\u00f3n, la rob\u00f3tica y la fabricaci\u00f3n utilizan ra\u00edles perfilados de aluminio en aplicaciones que requieren un movimiento lineal suave y preciso.<br \/>\n<\/p><br \/>\n<br \/>\n<p><b>6.\u00bfC\u00f3mo mejora la eficiencia el dise\u00f1o ligero de los ra\u00edles perfilados de aluminio?<\/b><\/p>\n<p>Gracias a su dise\u00f1o ligero, los ra\u00edles perfilados de aluminio son f\u00e1ciles de manipular e instalar, lo que reduce el peso total del sistema mec\u00e1nico y aumenta su eficacia.<br \/>\n<\/p><br \/>\n<br \/>\n<p><b>7.\u00bfSon los ra\u00edles perfilados de aluminio respetuosos con el medio ambiente?<\/b><\/p>\n<p>S\u00ed, el aluminio es un material reciclable, por lo que los ra\u00edles perfilados de aluminio son una opci\u00f3n ecol\u00f3gica para aplicaciones industriales.<br \/>\n<\/p><br \/>\n<br \/>\n<p><b>8. \u00bfSon adecuados los ra\u00edles perfilados de aluminio para aplicaciones pesadas?<\/b><\/p>\n<p>S\u00ed, los ra\u00edles perfilados de aluminio est\u00e1n dise\u00f1ados para ofrecer resistencia y precisi\u00f3n, por lo que son adecuados para sistemas de movimiento lineal ligeros y pesados.<br \/>\n<\/p><br \/><\/p>","protected":false},"featured_media":8584,"template":"","categories":[68],"class_list":["post-8585","product","type-product","status-publish","has-post-thumbnail","hentry","category-cnc-machining-aluminum-profile"],"meta_box":{"hilight_text_group":{"product_hilight_text":"<li>High-strength aluminum profile rail designed for smooth, precise linear motion.<\/li>\r\r\n<li>Durable and lightweight material for easy handling and long-lasting performance.<\/li>\r\r\n<li>Corrosion-resistant surface, ensuring reliable operation in challenging environments.<\/li>\r\r\n<li>Customizable to meet specific application needs, offering versatility in design.<\/li>\r\r\n<li>Precision-engineered for high accuracy and minimal friction in linear motion systems.<\/li>\r\r\n<li>Cost-effective solution for both small and large-scale manufacturing projects.<\/li>\r\r\n<li>Eco-friendly, as aluminum is fully recyclable and sustainable.<\/li>","product_chanpin_blog":"<ul>\r\r\n<li><a href=\"https:\/\/sinoextrud.com\/t-slot-v-slot-differences\/\" target=\"_blank\">t slot vs v slot<\/a><\/li>\r\r\n<li><a href=\"https:\/\/sinoextrud.com\/what-is-4040-aluminium-extrud\/\" target=\"_blank\">4040 aluminium extrusion<\/a><\/li>\r\r\n<li><a href=\"https:\/\/sinoextrud.com\/what-is-4040-aluminium-extrud\/\" target=\"_blank\">aluminum extrusions for industrial racks<\/a><\/li>\r\r\n<li><a href=\"https:\/\/sinoextrud.com\/powder-coating-aluminium-process\/\" target=\"_blank\">powder coating aluminium<\/a><\/li>\r\r\n<li><a href=\"https:\/\/sinoextrud.com\/what-is-an-aluminium-strip-ceiling\/\" target=\"_blank\">aluminium strip ceiling<\/a><\/li>\r\r\n<li><a href=\"https:\/\/sinoextrud.com\/what-is-a-heat-sink\/\" target=\"_blank\">what is a heat sink<\/a><\/li>\r\r\n<\/ul>","product_chanpin_chanpin":"<li><a href=\"https:\/\/sinoextrud.com\/product\/profile-aluminum-cnc\/\" target=\"_blank\">Profile Aluminum CNC<\/a><\/li>\r\n<li><a href=\"https:\/\/sinoextrud.com\/product\/cnc-aluminium-extrusion\/\" target=\"_blank\">CNC Aluminium Extrusion<\/a><\/li>\r\n<li><a href=\"https:\/\/sinoextrud.com\/product\/extruded-aluminum-housing\/\" target=\"_blank\">Extruded Aluminum Housing<\/a><\/li>\r\n<li><a href=\"https:\/\/sinoextrud.com\/product\/aluminum-machining-round-tube-processing-by-aluminum-profile-cad-vs-aluminium-alloy-customized-anodized\/\" target=\"_blank\">aluminum machining round tube processing by aluminum profile cad  vs aluminium alloy Customized Anodized<\/a><\/li>\r\n<li><a href=\"https:\/\/sinoextrud.com\/product\/aluminium-profile-rail\/\" target=\"_blank\">Aluminium Profile Rail<\/a><\/li>\r\n<li><a href=\"https:\/\/sinoextrud.com\/product\/machined-aluminum-extrusion\/\" target=\"_blank\">Machined Aluminum Extrusion<\/a><\/li>\r\n<li><a href=\"https:\/\/sinoextrud.com\/product\/aluminum-extrusion-accessories\/\" target=\"_blank\">Aluminum Extrusion Accessories<\/a><\/li>\r\n<li><a href=\"https:\/\/sinoextrud.com\/product\/extruded-aluminum-brackets\/\" target=\"_blank\">Extruded Aluminum Brackets<\/a><\/li>\r\n<li><a href=\"https:\/\/sinoextrud.com\/product\/aluminium-extrusion-hinge\/\" target=\"_blank\">Aluminium Extrusion Hinge<\/a><\/li>\r\n<li><a href=\"https:\/\/sinoextrud.com\/product\/aluminum-extrusion-minimalist-office-partition-aluminum-profiles\/\" target=\"_blank\">Aluminum Extrusion Minimalist Office Partition Aluminum Profiles<\/a><\/li>\r\n<li><a href=\"https:\/\/sinoextrud.com\/product\/customized-led-strip-light-aluminium-profile-led-aluminum-extrusion\/\" target=\"_blank\">Customized LED Strip Light Aluminium Profile  LED Aluminum Extrusion<\/a><\/li>"},"feature_list":[]},"_links":{"self":[{"href":"https:\/\/sinoextrud.com\/es\/wp-json\/wp\/v2\/product\/8585","targetHints":{"allow":["GET"]}}],"collection":[{"href":"https:\/\/sinoextrud.com\/es\/wp-json\/wp\/v2\/product"}],"about":[{"href":"https:\/\/sinoextrud.com\/es\/wp-json\/wp\/v2\/types\/product"}],"wp:featuredmedia":[{"embeddable":true,"href":"https:\/\/sinoextrud.com\/es\/wp-json\/wp\/v2\/media\/8584"}],"wp:attachment":[{"href":"https:\/\/sinoextrud.com\/es\/wp-json\/wp\/v2\/media?parent=8585"}],"wp:term":[{"taxonomy":"category","embeddable":true,"href":"https:\/\/sinoextrud.com\/es\/wp-json\/wp\/v2\/categories?post=8585"}],"curies":[{"name":"wp","href":"https:\/\/api.w.org\/{rel}","templated":true}]}}