{"id":8579,"date":"2025-06-17T03:25:51","date_gmt":"2025-06-17T03:25:51","guid":{"rendered":"https:\/\/sinoextrud.com\/product\/cnc-aluminium-extrusion\/"},"modified":"2025-06-24T06:34:26","modified_gmt":"2025-06-24T06:34:26","slug":"extrusion-cnc-de-aluminio","status":"publish","type":"product","link":"https:\/\/sinoextrud.com\/es\/product\/cnc-aluminium-extrusion\/","title":{"rendered":"Extrusi\u00f3n de aluminio CNC"},"content":{"rendered":"<h2>Productos<\/h2>\n<table class=\"custom-table\">\n<tbody>\n<tr>\n<td> Nombre del producto<\/td>\n<td> Extrusi\u00f3n de aluminio CNC<\/td>\n<\/tr>\n<tr>\n<td> Material<\/td>\n<td> 6063-T5 u otro material personalizado<\/td>\n<\/tr>\n<tr>\n<td> Espesor<\/td>\n<td> 0,7 mm-10 mm<\/td>\n<\/tr>\n<tr>\n<td> Tolerancia del corte de precisi\u00f3n<\/td>\n<td> \u22641m : \u00b10,25mm<br \/>\n1m&lt; : \u22642m, \u00b10,35mm<br \/>\n\u22652m : \u00b10,50mm<\/td>\n<\/tr>\n<tr>\n<td> Tolerancia de perforaci\u00f3n<\/td>\n<td> \u00b10,15~0,20 mm<\/td>\n<\/tr>\n<tr>\n<td> Tolerancia del corte ordinario<\/td>\n<td> \u00b110 ~ 0mm<\/td>\n<\/tr>\n<tr>\n<td> Aplicaciones t\u00edpicas<\/td>\n<td> Industria, piezas de maquinaria, carcasas electr\u00f3nicas, etc.<\/td>\n<\/tr>\n<tr>\n<td> Tipo personalizado<\/td>\n<td> Dibujo o muestra facilitada por el cliente disponible<\/td>\n<\/tr>\n<tr>\n<td> Marca<\/td>\n<td> Sinoextrud,Sinoextrud,,marca personalizada disponible<\/td>\n<\/tr>\n<tr>\n<td> Tratamiento de superficies<\/td>\n<td> Acabado de fresado, anodizado, recubrimiento en polvo, etc.<\/td>\n<\/tr>\n<tr>\n<td> MOQ<\/td>\n<td> 200Kgs<\/td>\n<\/tr>\n<tr>\n<td> Norma de calidad<\/td>\n<td> Nivel de calidad medio y alto<\/td>\n<\/tr>\n<tr>\n<td> Certificados<\/td>\n<td> ISO9001,ISO4001,CQM,SGS,CE,BV etc.<\/td>\n<\/tr>\n<tr>\n<td> Capacidad de producci\u00f3n de la f\u00e1brica<\/td>\n<td> 15.000 toneladas al mes<\/td>\n<\/tr>\n<\/tbody>\n<\/table>\n<h2>Nuestra base de fabricaci\u00f3n<\/h2>\n<h3>Panorama de la f\u00e1brica<\/h3>\n<p><img decoding=\"async\" src=\"\/wp-content\/uploads\/factory-01.webp\"\/><\/p>\n<h3>Taller de fabricaci\u00f3n de barras de aluminio<\/h3>\n<p><img decoding=\"async\" src=\"\/wp-content\/uploads\/factory-02.webp\"\/><\/p>\n<\/p>\n<p><img decoding=\"async\" src=\"\/wp-content\/uploads\/factory-03.webp\"\/><\/p>\n<h3>Almac\u00e9n de moldes<\/h3>\n<p><img decoding=\"async\" src=\"\/wp-content\/uploads\/factory-04.webp\"\/><\/p>\n<h3>43 l\u00edneas de extrusi\u00f3n de aluminio (500-5500 toneladas)<\/h3>\n<p><img decoding=\"async\" src=\"\/wp-content\/uploads\/factory-05.webp\"\/><\/p>\n<p><img decoding=\"async\" src=\"\/wp-content\/uploads\/factory-06.webp\"\/><\/p>\n<p><img decoding=\"async\" src=\"\/wp-content\/uploads\/factory-07.webp\"\/><\/p>\n<h3>Taller de pintura en polvo<\/h3>\n<p><img decoding=\"async\" src=\"\/wp-content\/uploads\/factory-09.webp\"\/><\/p>\n<h3>Taller de anodizado<\/h3>\n<p><img decoding=\"async\" src=\"\/wp-content\/uploads\/factory-10.webp\"\/><\/p>\n<h3>Taller de procesamiento profundo<\/h3>\n<p><img decoding=\"async\" src=\"\/wp-content\/uploads\/factory-11.webp\"\/><\/p>\n<h3>Taller de mecanizado de precisi\u00f3n CNC<\/h3>\n<p><img decoding=\"async\" src=\"\/wp-content\/uploads\/factory-11.5.webp\"\/><\/p>\n<h3>Almac\u00e9n de productos acabados y de exportaci\u00f3n<\/h3>\n<p><img decoding=\"async\" src=\"\/wp-content\/uploads\/factory-12.webp\"\/><\/p>\n<p><img decoding=\"async\" src=\"\/wp-content\/uploads\/factory-13.webp\"\/><\/p>\n<p><img decoding=\"async\" src=\"\/wp-content\/uploads\/factory-14.webp\"\/><\/p>\n<h2>PREGUNTAS FRECUENTES<\/h2>\n<p><b>1.Extrusi\u00f3n de aluminio CNC: \u00bfQu\u00e9 hace que la extrusi\u00f3n de aluminio CNC sea un m\u00e9todo de fabricaci\u00f3n preciso?<\/b><\/p>\n<p>La extrusi\u00f3n de aluminio CNC ofrece una gran precisi\u00f3n mediante el uso de maquinaria controlada por ordenador para crear perfiles complejos con tolerancias estrictas y uniformidad.\n<\/p>\n<p><\/p>\n<p><b>2.\u00bfSe puede personalizar la extrusi\u00f3n de aluminio CNC para aplicaciones espec\u00edficas?<\/b><\/p>\n<p>S\u00ed, la extrusi\u00f3n de aluminio CNC puede adaptarse a diferentes tama\u00f1os, formas y dise\u00f1os, por lo que es adecuada para una amplia gama de aplicaciones industriales.\n<\/p>\n<p><\/p>\n<p><b>3. \u00bfQu\u00e9 ventajas ofrece la extrusi\u00f3n de aluminio CNC a industrias como la aeroespacial y la automovil\u00edstica?<\/b><\/p>\n<p>La extrusi\u00f3n de aluminio CNC proporciona materiales ligeros y duraderos de gran precisi\u00f3n, por lo que resulta ideal para aplicaciones exigentes en la industria aeroespacial, de automoci\u00f3n y otras industrias de alto rendimiento.\n<\/p>\n<p><\/p>\n<p><b>4.\u00bfCu\u00e1les son las ventajas de utilizar aluminio en la extrusi\u00f3n CNC?<\/b><\/p>\n<p>El aluminio es ligero, fuerte, resistente a la corrosi\u00f3n y muy vers\u00e1til, lo que lo convierte en una opci\u00f3n excelente para la extrusi\u00f3n CNC, ya que ofrece durabilidad y flexibilidad en diversas aplicaciones.\n<\/p>\n<p><\/p>\n<p><b>5. \u00bfEs eficaz el proceso de extrusi\u00f3n de aluminio CNC para la producci\u00f3n de grandes vol\u00famenes?<\/b><\/p>\n<p>S\u00ed, la extrusi\u00f3n de aluminio CNC es muy eficaz para la producci\u00f3n en serie, ya que garantiza un desperdicio m\u00ednimo de material y plazos de entrega r\u00e1pidos, al tiempo que mantiene una alta precisi\u00f3n y calidad.\n<\/p>\n<p><\/p>\n<p><b>6.\u00bfC\u00f3mo reduce la extrusi\u00f3n de aluminio CNC el desperdicio de material?<\/b><\/p>\n<p>La extrusi\u00f3n de aluminio CNC utiliza t\u00e9cnicas optimizadas de corte y conformado, lo que minimiza el exceso de desperdicio de material y mejora la rentabilidad general.\n<\/p>\n<p><\/p>\n<p><b>7.\u00bfPor qu\u00e9 la extrusi\u00f3n de aluminio CNC es adecuada para dise\u00f1os complejos e intrincados?<\/b><\/p>\n<p>La extrusi\u00f3n de aluminio CNC permite crear perfiles detallados y personalizados con dimensiones precisas, por lo que resulta ideal para producir dise\u00f1os intrincados y complejos necesarios en diversas industrias.\n<\/p>\n<p><\/p>","protected":false},"featured_media":8578,"template":"","categories":[68],"class_list":["post-8579","product","type-product","status-publish","has-post-thumbnail","hentry","category-cnc-machining-aluminum-profile"],"meta_box":{"hilight_text_group":{"product_hilight_text":"<li>High precision and tight tolerances for complex aluminum extrusion profiles<\/li>\r\r\n<li>Customizable dimensions and designs to suit specific industrial needs<\/li>\r\r\n<li>Ideal for high-performance applications requiring lightweight, durable materials<\/li>\r\r\n<li>Efficient production process with minimal waste and fast turnaround time<\/li>\r\r\n<li>Versatile for a variety of industries including aerospace, automotive, and construction<\/li>","product_chanpin_blog":"<ul>\r\r\n<li><a href=\"https:\/\/sinoextrud.com\/t-slot-v-slot-differences\/\" target=\"_blank\">t slot vs v slot<\/a><\/li>\r\r\n<li><a href=\"https:\/\/sinoextrud.com\/what-is-4040-aluminium-extrud\/\" target=\"_blank\">4040 aluminium extrusion<\/a><\/li>\r\r\n<li><a href=\"https:\/\/sinoextrud.com\/what-is-4040-aluminium-extrud\/\" target=\"_blank\">aluminum extrusions for industrial racks<\/a><\/li>\r\r\n<li><a href=\"https:\/\/sinoextrud.com\/powder-coating-aluminium-process\/\" target=\"_blank\">powder coating aluminium<\/a><\/li>\r\r\n<li><a href=\"https:\/\/sinoextrud.com\/what-is-an-aluminium-strip-ceiling\/\" target=\"_blank\">aluminium strip ceiling<\/a><\/li>\r\r\n<li><a href=\"https:\/\/sinoextrud.com\/what-is-a-heat-sink\/\" target=\"_blank\">what is a heat sink<\/a><\/li>\r\r\n<\/ul>","product_chanpin_chanpin":"<li><a href=\"https:\/\/sinoextrud.com\/product\/custom-extruded-aluminum-enclosures-used-for-motor-shell\/\" target=\"_blank\">Custom Extruded Aluminum Enclosures Used For Motor Shell<\/a><\/li>\r\n<li><a href=\"https:\/\/sinoextrud.com\/product\/high-precision-aluminium-profiles\/\" target=\"_blank\">High Precision Aluminium Profiles<\/a><\/li>\r\n<li><a href=\"https:\/\/sinoextrud.com\/product\/joining-aluminium-extrusions\/\" target=\"_blank\">Joining Aluminium Extrusions<\/a><\/li>\r\n<li><a href=\"https:\/\/sinoextrud.com\/product\/profile-aluminum-cnc\/\" target=\"_blank\">Profile Aluminum CNC<\/a><\/li>\r\n<li><a href=\"https:\/\/sinoextrud.com\/product\/cnc-aluminium-extrusion\/\" target=\"_blank\">CNC Aluminium Extrusion<\/a><\/li>\r\n<li><a href=\"https:\/\/sinoextrud.com\/product\/extruded-aluminum-housing\/\" target=\"_blank\">Extruded Aluminum Housing<\/a><\/li>\r\n<li><a href=\"https:\/\/sinoextrud.com\/product\/aluminum-machining-round-tube-processing-by-aluminum-profile-cad-vs-aluminium-alloy-customized-anodized\/\" target=\"_blank\">aluminum machining round tube processing by aluminum profile cad  vs aluminium alloy Customized Anodized<\/a><\/li>\r\n<li><a href=\"https:\/\/sinoextrud.com\/product\/aluminium-profile-rail\/\" target=\"_blank\">Aluminium Profile Rail<\/a><\/li>\r\n<li><a href=\"https:\/\/sinoextrud.com\/product\/machined-aluminum-extrusion\/\" target=\"_blank\">Machined Aluminum Extrusion<\/a><\/li>\r\n<li><a href=\"https:\/\/sinoextrud.com\/product\/aluminium-v-slot-extrusion\/\" target=\"_blank\">Aluminium V Slot Extrusion<\/a><\/li>\r\n<li><a href=\"https:\/\/sinoextrud.com\/product\/anodized-aluminum-profile-kitchen-cabinet-frame\/\" target=\"_blank\">Anodized Aluminum Profile Kitchen Cabinet Frame<\/a><\/li>"},"feature_list":[]},"_links":{"self":[{"href":"https:\/\/sinoextrud.com\/es\/wp-json\/wp\/v2\/product\/8579","targetHints":{"allow":["GET"]}}],"collection":[{"href":"https:\/\/sinoextrud.com\/es\/wp-json\/wp\/v2\/product"}],"about":[{"href":"https:\/\/sinoextrud.com\/es\/wp-json\/wp\/v2\/types\/product"}],"wp:featuredmedia":[{"embeddable":true,"href":"https:\/\/sinoextrud.com\/es\/wp-json\/wp\/v2\/media\/8578"}],"wp:attachment":[{"href":"https:\/\/sinoextrud.com\/es\/wp-json\/wp\/v2\/media?parent=8579"}],"wp:term":[{"taxonomy":"category","embeddable":true,"href":"https:\/\/sinoextrud.com\/es\/wp-json\/wp\/v2\/categories?post=8579"}],"curies":[{"name":"wp","href":"https:\/\/api.w.org\/{rel}","templated":true}]}}