{"id":8577,"date":"2025-06-17T03:24:19","date_gmt":"2025-06-17T03:24:19","guid":{"rendered":"https:\/\/sinoextrud.com\/product\/profile-aluminum-cnc\/"},"modified":"2025-06-24T06:34:25","modified_gmt":"2025-06-24T06:34:25","slug":"perfil-aluminio-cnc","status":"publish","type":"product","link":"https:\/\/sinoextrud.com\/es\/product\/profile-aluminum-cnc\/","title":{"rendered":"Perfil de aluminio CNC"},"content":{"rendered":"<h2>Productos<\/h2>\n<table class=\"custom-table\">\n<tbody>\n<tr>\n<td> Nombre del producto<\/td>\n<td> Perfil de aluminio CNC<\/td>\n<\/tr>\n<tr>\n<td> Material<\/td>\n<td> 6063-T5<\/td>\n<\/tr>\n<tr>\n<td> Forma y tama\u00f1o<\/td>\n<td> Seg\u00fan plano o muestra facilitada por el cliente<\/td>\n<\/tr>\n<tr>\n<td> Espesor<\/td>\n<td> 1,0 mm-10 mm<\/td>\n<\/tr>\n<tr>\n<td> Tolerancia del corte de precisi\u00f3n<\/td>\n<td> \u22641m : \u00b10,25mm<br \/>\n1m&lt; : \u22642m, \u00b10,35mm<br \/>\n\u22652m : \u00b10,50mm<\/td>\n<\/tr>\n<tr>\n<td> Tolerancia de perforaci\u00f3n<\/td>\n<td> \u00b10,15~0,20 mm<\/td>\n<\/tr>\n<tr>\n<td> Tolerancia del corte ordinario<\/td>\n<td> \u00b110 ~ 0mm<\/td>\n<\/tr>\n<tr>\n<td> Aplicaciones t\u00edpicas<\/td>\n<td> Industria, electr\u00f3nica, piezas de maquinaria, etc.<\/td>\n<\/tr>\n<tr>\n<td> Tipo personalizado<\/td>\n<td> Dibujo o muestra del cliente<\/td>\n<\/tr>\n<tr>\n<td> Proceso profundo<\/td>\n<td> Fresado CNC, taladrado, punzonado, perforaci\u00f3n, roscado, plegado, soldadura, etc.<\/td>\n<\/tr>\n<tr>\n<td> Marca<\/td>\n<td> Sinoextrud, Sinoextrud, , marca personalizada disponible<\/td>\n<\/tr>\n<tr>\n<td> Tratamiento de superficies<\/td>\n<td> Acabado de fresado, grano de madera, anodizado, recubrimiento en polvo, etc.<\/td>\n<\/tr>\n<tr>\n<td> Color<\/td>\n<td> Plata, negro, champ\u00e1n, etc.<\/td>\n<\/tr>\n<tr>\n<td> MOQ<\/td>\n<td> 300Kgs<\/td>\n<\/tr>\n<tr>\n<td> Garant\u00eda<\/td>\n<td> Alto nivel de calidad<\/td>\n<\/tr>\n<tr>\n<td> Certificados<\/td>\n<td> ISO9001, ISO4001, CQM, SGS, CE, BV, etc.<\/td>\n<\/tr>\n<\/tbody>\n<\/table>\n<h2>Nuestra base de fabricaci\u00f3n<\/h2>\n<h3>Panorama de la f\u00e1brica<\/h3>\n<p><img decoding=\"async\" src=\"\/wp-content\/uploads\/factory-01.webp\"\/><\/p>\n<h3>Taller de fabricaci\u00f3n de barras de aluminio<\/h3>\n<p><img decoding=\"async\" src=\"\/wp-content\/uploads\/factory-02.webp\"\/><\/p>\n<p><img decoding=\"async\" src=\"\/wp-content\/uploads\/factory-03.webp\"\/><\/p>\n<h3>Almac\u00e9n de moldes<\/h3>\n<p><img decoding=\"async\" src=\"\/wp-content\/uploads\/factory-04.webp\"\/><\/p>\n<h3>43 l\u00edneas de extrusi\u00f3n de aluminio (500-5500 toneladas)<\/h3>\n<p><img decoding=\"async\" src=\"\/wp-content\/uploads\/factory-05.webp\"\/><\/p>\n<p><img decoding=\"async\" src=\"\/wp-content\/uploads\/factory-06.webp\"\/><\/p>\n<p><img decoding=\"async\" src=\"\/wp-content\/uploads\/factory-07.webp\"\/><\/p>\n<h3>Taller de pintura en polvo<\/h3>\n<p><img decoding=\"async\" src=\"\/wp-content\/uploads\/factory-09.webp\"\/><\/p>\n<h3>Taller de anodizado<\/h3>\n<p><img decoding=\"async\" src=\"\/wp-content\/uploads\/factory-10.webp\"\/><\/p>\n<h3>Taller de procesamiento profundo<\/h3>\n<p><img decoding=\"async\" src=\"\/wp-content\/uploads\/factory-11.webp\"\/><\/p>\n<h3>Taller de mecanizado de precisi\u00f3n CNC<\/h3>\n<p><img decoding=\"async\" src=\"\/wp-content\/uploads\/factory-11.5.webp\"\/><\/p>\n<h3>Almac\u00e9n de productos acabados y de exportaci\u00f3n<\/h3>\n<p><img decoding=\"async\" src=\"\/wp-content\/uploads\/factory-12.webp\"\/><\/p>\n<p><img decoding=\"async\" src=\"\/wp-content\/uploads\/factory-13.webp\"\/><\/p>\n<p><img decoding=\"async\" src=\"\/wp-content\/uploads\/factory-14.webp\"\/><\/p>\n<h2>PREGUNTAS FRECUENTES<\/h2>\n<p><p><b>1.CNC de perfiles de aluminio: \u00bfCu\u00e1l es el beneficio de utilizar mecanizado CNC para perfiles de aluminio?<\/b><\/p>\n<p>El mecanizado CNC garantiza una gran precisi\u00f3n y repetibilidad, lo que permite fabricar perfiles de aluminio complejos y personalizados con tolerancias muy ajustadas.<br \/>\n<\/p><br \/>\n<br \/>\n<p><b>2.\u00bfPuede utilizarse el mecanizado CNC para distintos tipos de aleaciones de aluminio?<\/b><\/p>\n<p>S\u00ed, el mecanizado CNC es muy vers\u00e1til y puede trabajar con diferentes aleaciones de aluminio, lo que permite la personalizaci\u00f3n para satisfacer requisitos espec\u00edficos del material.<br \/>\n<\/p><br \/>\n<br \/>\n<p><b>3.\u00bfQu\u00e9 precisi\u00f3n tiene el mecanizado CNC de perfiles de aluminio?<\/b><\/p>\n<p>El mecanizado CNC de perfiles de aluminio ofrece tolerancias extremadamente estrechas, lo que garantiza que incluso los perfiles m\u00e1s intrincados se fabriquen con gran precisi\u00f3n.<br \/>\n<\/p><br \/>\n<br \/>\n<p><b>4. \u00bfQu\u00e9 industrias se benefician del mecanizado CNC de perfiles de aluminio?<\/b><\/p>\n<p>Industrias como la aeroespacial, automovil\u00edstica, electr\u00f3nica y manufacturera conf\u00edan en el mecanizado CNC de perfiles de aluminio por su precisi\u00f3n y capacidad para manejar dise\u00f1os complejos.<br \/>\n<\/p><br \/>\n<br \/>\n<p><b>5. \u00bfC\u00f3mo mejora el mecanizado CNC la eficacia de la producci\u00f3n?<\/b><\/p>\n<p>El mecanizado CNC automatiza el proceso de fabricaci\u00f3n, reduciendo el trabajo manual, mejorando la uniformidad y recortando considerablemente el tiempo y los costes de producci\u00f3n.<br \/>\n<\/p><br \/>\n<br \/>\n<p><b>6.\u00bfEl acabado superficial de los perfiles de aluminio mecanizados por CNC es liso?<\/b><\/p>\n<p>S\u00ed, el mecanizado CNC proporciona un excelente acabado superficial, que a menudo requiere poco o ning\u00fan procesamiento posterior adicional para muchas aplicaciones.<br \/>\n<\/p><br \/>\n<br \/>\n<p><b>7.\u00bfPor qu\u00e9 elegir el mecanizado CNC de perfiles de aluminio frente a los m\u00e9todos tradicionales?<\/b><\/p>\n<p>El mecanizado CNC de perfiles de aluminio ofrece mayor flexibilidad, precisi\u00f3n y capacidad para crear dise\u00f1os personalizados, por lo que resulta ideal para necesidades de producci\u00f3n complejas y de alta calidad.<br \/>\n<\/p><br \/><\/p>","protected":false},"featured_media":8576,"template":"","categories":[68],"class_list":["post-8577","product","type-product","status-publish","has-post-thumbnail","hentry","category-cnc-machining-aluminum-profile"],"meta_box":{"hilight_text_group":{"product_hilight_text":"<li>High precision machining for complex and intricate aluminum profiles<\/li>\r\r\n<li>Versatile for a wide range of applications, from aerospace to automotive<\/li>\r\r\n<li>Excellent surface finish with minimal post-processing required<\/li>\r\r\n<li>Ability to handle different aluminum alloys and achieve custom specifications<\/li>\r\r\n<li>Efficient production process that reduces lead times and costs<\/li>","product_chanpin_blog":"<ul>\r\r\n<li><a href=\"https:\/\/sinoextrud.com\/t-slot-v-slot-differences\/\" target=\"_blank\">t slot vs v slot<\/a><\/li>\r\r\n<li><a href=\"https:\/\/sinoextrud.com\/what-is-4040-aluminium-extrud\/\" target=\"_blank\">4040 aluminium extrusion<\/a><\/li>\r\r\n<li><a href=\"https:\/\/sinoextrud.com\/what-is-4040-aluminium-extrud\/\" target=\"_blank\">aluminum extrusions for industrial racks<\/a><\/li>\r\r\n<li><a href=\"https:\/\/sinoextrud.com\/powder-coating-aluminium-process\/\" target=\"_blank\">powder coating aluminium<\/a><\/li>\r\r\n<li><a href=\"https:\/\/sinoextrud.com\/what-is-an-aluminium-strip-ceiling\/\" target=\"_blank\">aluminium strip ceiling<\/a><\/li>\r\r\n<li><a href=\"https:\/\/sinoextrud.com\/what-is-a-heat-sink\/\" target=\"_blank\">what is a heat sink<\/a><\/li>\r\r\n<\/ul>","product_chanpin_chanpin":"<li><a href=\"https:\/\/sinoextrud.com\/product\/cnc-aluminium-profile\/\" target=\"_blank\">CNC aluminium profile<\/a><\/li>\r\n<li><a href=\"https:\/\/sinoextrud.com\/product\/custom-extruded-aluminum-enclosures-used-for-motor-shell\/\" target=\"_blank\">Custom Extruded Aluminum Enclosures Used For Motor Shell<\/a><\/li>\r\n<li><a href=\"https:\/\/sinoextrud.com\/product\/high-precision-aluminium-profiles\/\" target=\"_blank\">High Precision Aluminium Profiles<\/a><\/li>\r\n<li><a href=\"https:\/\/sinoextrud.com\/product\/joining-aluminium-extrusions\/\" target=\"_blank\">Joining Aluminium Extrusions<\/a><\/li>\r\n<li><a href=\"https:\/\/sinoextrud.com\/product\/profile-aluminum-cnc\/\" target=\"_blank\">Profile Aluminum CNC<\/a><\/li>\r\n<li><a href=\"https:\/\/sinoextrud.com\/product\/cnc-aluminium-extrusion\/\" target=\"_blank\">CNC Aluminium Extrusion<\/a><\/li>\r\n<li><a href=\"https:\/\/sinoextrud.com\/product\/extruded-aluminum-housing\/\" target=\"_blank\">Extruded Aluminum Housing<\/a><\/li>\r\n<li><a href=\"https:\/\/sinoextrud.com\/product\/aluminum-machining-round-tube-processing-by-aluminum-profile-cad-vs-aluminium-alloy-customized-anodized\/\" target=\"_blank\">aluminum machining round tube processing by aluminum profile cad  vs aluminium alloy Customized Anodized<\/a><\/li>\r\n<li><a href=\"https:\/\/sinoextrud.com\/product\/aluminium-profile-rail\/\" target=\"_blank\">Aluminium Profile Rail<\/a><\/li>\r\n<li><a href=\"https:\/\/sinoextrud.com\/product\/aluminium-window-frame-section\/\" target=\"_blank\">Aluminium Window Frame Section<\/a><\/li>\r\n<li><a href=\"https:\/\/sinoextrud.com\/product\/extruded-aluminum-tubing-for-stair-rail\/\" target=\"_blank\">Extruded Aluminum Tubing For Stair Rail<\/a><\/li>"},"feature_list":[]},"_links":{"self":[{"href":"https:\/\/sinoextrud.com\/es\/wp-json\/wp\/v2\/product\/8577","targetHints":{"allow":["GET"]}}],"collection":[{"href":"https:\/\/sinoextrud.com\/es\/wp-json\/wp\/v2\/product"}],"about":[{"href":"https:\/\/sinoextrud.com\/es\/wp-json\/wp\/v2\/types\/product"}],"wp:featuredmedia":[{"embeddable":true,"href":"https:\/\/sinoextrud.com\/es\/wp-json\/wp\/v2\/media\/8576"}],"wp:attachment":[{"href":"https:\/\/sinoextrud.com\/es\/wp-json\/wp\/v2\/media?parent=8577"}],"wp:term":[{"taxonomy":"category","embeddable":true,"href":"https:\/\/sinoextrud.com\/es\/wp-json\/wp\/v2\/categories?post=8577"}],"curies":[{"name":"wp","href":"https:\/\/api.w.org\/{rel}","templated":true}]}}