{"id":8572,"date":"2025-06-17T03:21:12","date_gmt":"2025-06-17T03:21:12","guid":{"rendered":"https:\/\/sinoextrud.com\/product\/high-precision-aluminium-profiles\/"},"modified":"2025-06-24T06:34:24","modified_gmt":"2025-06-24T06:34:24","slug":"perfiles-de-aluminio-de-alta-precision","status":"publish","type":"product","link":"https:\/\/sinoextrud.com\/es\/product\/high-precision-aluminium-profiles\/","title":{"rendered":"Perfiles de aluminio de alta precisi\u00f3n"},"content":{"rendered":"<h2>Productos<\/h2>\n<table class=\"custom-table\">\n<tr>\n<td class=\"label\">T\u00edtulo<\/td>\n<td>Perfiles de aluminio de alta precisi\u00f3n<\/td>\n<\/tr>\n<\/table>\n<h2>Nuestra base de fabricaci\u00f3n<\/h2>\n<h3>Panorama de la f\u00e1brica<\/h3>\n<p><img decoding=\"async\" src=\"\/wp-content\/uploads\/factory-01.webp\"\/><\/p>\n<h3>Taller de fabricaci\u00f3n de barras de aluminio<\/h3>\n<p><img decoding=\"async\" src=\"\/wp-content\/uploads\/factory-02.webp\"\/><\/p>\n<\/p>\n<p><img decoding=\"async\" src=\"\/wp-content\/uploads\/factory-03.webp\"\/><\/p>\n<h3>Almac\u00e9n de moldes<\/h3>\n<p><img decoding=\"async\" src=\"\/wp-content\/uploads\/factory-04.webp\"\/><\/p>\n<h3>43 l\u00edneas de extrusi\u00f3n de aluminio (500-5500 toneladas)<\/h3>\n<p><img decoding=\"async\" src=\"\/wp-content\/uploads\/factory-05.webp\"\/><\/p>\n<p><img decoding=\"async\" src=\"\/wp-content\/uploads\/factory-06.webp\"\/><\/p>\n<p><img decoding=\"async\" src=\"\/wp-content\/uploads\/factory-07.webp\"\/><\/p>\n<h3>Taller de pintura en polvo<\/h3>\n<p><img decoding=\"async\" src=\"\/wp-content\/uploads\/factory-09.webp\"\/><\/p>\n<h3>Taller de anodizado<\/h3>\n<p><img decoding=\"async\" src=\"\/wp-content\/uploads\/factory-10.webp\"\/><\/p>\n<h3>Taller de procesamiento profundo<\/h3>\n<p><img decoding=\"async\" src=\"\/wp-content\/uploads\/factory-11.webp\"\/><\/p>\n<h3>Taller de mecanizado de precisi\u00f3n CNC<\/h3>\n<p><img decoding=\"async\" src=\"\/wp-content\/uploads\/factory-11.5.webp\"\/><\/p>\n<h3>Almac\u00e9n de productos acabados y de exportaci\u00f3n<\/h3>\n<p><img decoding=\"async\" src=\"\/wp-content\/uploads\/factory-12.webp\"\/><\/p>\n<p><img decoding=\"async\" src=\"\/wp-content\/uploads\/factory-13.webp\"\/><\/p>\n<p><img decoding=\"async\" src=\"\/wp-content\/uploads\/factory-14.webp\"\/><\/p>\n<h2>PREGUNTAS FRECUENTES<\/h2>\n<p><b>1.Perfiles de aluminio de alta precisi\u00f3n: \u00bfQu\u00e9 los diferencia de los perfiles de aluminio est\u00e1ndar?<\/b><\/p>\n<p>Los perfiles de aluminio de alta precisi\u00f3n ofrecen tolerancias m\u00e1s estrictas y una exactitud superior, lo que los hace ideales para aplicaciones exigentes como las industrias aeroespacial, automovil\u00edstica y electr\u00f3nica.\n<\/p>\n<p><\/p>\n<p><b>2. \u00bfCu\u00e1l es la durabilidad de los perfiles de aluminio de alta precisi\u00f3n?<\/b><\/p>\n<p>Los perfiles de aluminio de alta precisi\u00f3n son resistentes a la corrosi\u00f3n, lo que garantiza un rendimiento duradero y fiable en entornos dif\u00edciles.\n<\/p>\n<p><\/p>\n<p><b>3.\u00bfPueden personalizarse los perfiles de aluminio de alta precisi\u00f3n para aplicaciones espec\u00edficas?<\/b><\/p>\n<p>S\u00ed, estos perfiles pueden adaptarse para cumplir requisitos espec\u00edficos de dimensiones, resistencia y dise\u00f1o para diversas industrias.\n<\/p>\n<p><\/p>\n<p><b>4.\u00bfCu\u00e1les son las principales ventajas de utilizar perfiles de aluminio de alta precisi\u00f3n?<\/b><\/p>\n<p>Entre sus principales ventajas se encuentran una resistencia superior, propiedades de ligereza, alta resistencia a la corrosi\u00f3n y la posibilidad de personalizarlo para aplicaciones espec\u00edficas.\n<\/p>\n<p><\/p>\n<p><b>5.\u00bfSon ecol\u00f3gicos los perfiles de aluminio de alta precisi\u00f3n?<\/b><\/p>\n<p>S\u00ed, el aluminio es un material altamente reciclable, lo que convierte a los perfiles de aluminio de alta precisi\u00f3n en una opci\u00f3n respetuosa con el medio ambiente para diversas industrias.\n<\/p>\n<p><\/p>\n<p><b>6.\u00bfQu\u00e9 industrias se benefician de los perfiles de aluminio de alta precisi\u00f3n?<\/b><\/p>\n<p>Industrias como la aeroespacial, la automoci\u00f3n, la electr\u00f3nica y la construcci\u00f3n conf\u00edan en los perfiles de aluminio de alta precisi\u00f3n para sus aplicaciones estructurales y funcionales.\n<\/p>\n<p><\/p>\n<p><b>7.\u00bfPor qu\u00e9 elegir perfiles de aluminio de alta precisi\u00f3n en lugar de otros materiales?<\/b><\/p>\n<p>Los perfiles de aluminio de alta precisi\u00f3n ofrecen una combinaci\u00f3n \u00fanica de resistencia, dise\u00f1o ligero y durabilidad, por lo que son ideales para aplicaciones en las que el rendimiento y la eficiencia son fundamentales.\n<\/p>\n<p><\/p>","protected":false},"featured_media":8571,"template":"","categories":[68],"class_list":["post-8572","product","type-product","status-publish","has-post-thumbnail","hentry","category-cnc-machining-aluminum-profile"],"meta_box":{"hilight_text_group":{"product_hilight_text":"<li>Superior precision and tolerance for high-performance applications<\/li>\r\r\n<li>Corrosion-resistant, ensuring long-term durability and reliability<\/li>\r\r\n<li>Lightweight yet strong, ideal for structural and industrial uses<\/li>\r\r\n<li>Customizable designs to meet specific client needs and specifications<\/li>\r\r\n<li>Eco-friendly and recyclable, supporting sustainable development<\/li>","product_chanpin_blog":"<ul>\r\r\n<li><a href=\"https:\/\/sinoextrud.com\/t-slot-v-slot-differences\/\" target=\"_blank\">t slot vs v slot<\/a><\/li>\r\r\n<li><a href=\"https:\/\/sinoextrud.com\/what-is-4040-aluminium-extrud\/\" target=\"_blank\">4040 aluminium extrusion<\/a><\/li>\r\r\n<li><a href=\"https:\/\/sinoextrud.com\/what-is-4040-aluminium-extrud\/\" target=\"_blank\">aluminum extrusions for industrial racks<\/a><\/li>\r\r\n<li><a href=\"https:\/\/sinoextrud.com\/powder-coating-aluminium-process\/\" target=\"_blank\">powder coating aluminium<\/a><\/li>\r\r\n<li><a href=\"https:\/\/sinoextrud.com\/what-is-an-aluminium-strip-ceiling\/\" target=\"_blank\">aluminium strip ceiling<\/a><\/li>\r\r\n<li><a href=\"https:\/\/sinoextrud.com\/what-is-a-heat-sink\/\" target=\"_blank\">what is a heat sink<\/a><\/li>\r\r\n<\/ul>","product_chanpin_chanpin":"<li><a href=\"https:\/\/sinoextrud.com\/product\/cnc-machining-aluminum-profiles\/\" target=\"_blank\">CNC Machining Aluminum Profiles<\/a><\/li>\r\n<li><a href=\"https:\/\/sinoextrud.com\/product\/circular-aluminum-extrusions\/\" target=\"_blank\">Circular Aluminum Extrusions<\/a><\/li>\r\n<li><a href=\"https:\/\/sinoextrud.com\/product\/cnc-aluminium-profile\/\" target=\"_blank\">CNC aluminium profile<\/a><\/li>\r\n<li><a href=\"https:\/\/sinoextrud.com\/product\/custom-extruded-aluminum-enclosures-used-for-motor-shell\/\" target=\"_blank\">Custom Extruded Aluminum Enclosures Used For Motor Shell<\/a><\/li>\r\n<li><a href=\"https:\/\/sinoextrud.com\/product\/high-precision-aluminium-profiles\/\" target=\"_blank\">High Precision Aluminium Profiles<\/a><\/li>\r\n<li><a href=\"https:\/\/sinoextrud.com\/product\/joining-aluminium-extrusions\/\" target=\"_blank\">Joining Aluminium Extrusions<\/a><\/li>\r\n<li><a href=\"https:\/\/sinoextrud.com\/product\/profile-aluminum-cnc\/\" target=\"_blank\">Profile Aluminum CNC<\/a><\/li>\r\n<li><a href=\"https:\/\/sinoextrud.com\/product\/cnc-aluminium-extrusion\/\" target=\"_blank\">CNC Aluminium Extrusion<\/a><\/li>\r\n<li><a href=\"https:\/\/sinoextrud.com\/product\/extruded-aluminum-housing\/\" target=\"_blank\">Extruded Aluminum Housing<\/a><\/li>\r\n<li><a href=\"https:\/\/sinoextrud.com\/product\/cabinet-aluminum-profile\/\" target=\"_blank\">Cabinet Aluminum Profile<\/a><\/li>\r\n<li><a href=\"https:\/\/sinoextrud.com\/product\/custom-high-quality-6063-powder-coating-aluminum-pergola-profile\/\" target=\"_blank\">Custom High-quality 6063 Powder Coating Aluminum Pergola Profile<\/a><\/li>"},"feature_list":[]},"_links":{"self":[{"href":"https:\/\/sinoextrud.com\/es\/wp-json\/wp\/v2\/product\/8572","targetHints":{"allow":["GET"]}}],"collection":[{"href":"https:\/\/sinoextrud.com\/es\/wp-json\/wp\/v2\/product"}],"about":[{"href":"https:\/\/sinoextrud.com\/es\/wp-json\/wp\/v2\/types\/product"}],"wp:featuredmedia":[{"embeddable":true,"href":"https:\/\/sinoextrud.com\/es\/wp-json\/wp\/v2\/media\/8571"}],"wp:attachment":[{"href":"https:\/\/sinoextrud.com\/es\/wp-json\/wp\/v2\/media?parent=8572"}],"wp:term":[{"taxonomy":"category","embeddable":true,"href":"https:\/\/sinoextrud.com\/es\/wp-json\/wp\/v2\/categories?post=8572"}],"curies":[{"name":"wp","href":"https:\/\/api.w.org\/{rel}","templated":true}]}}