{"id":8560,"date":"2025-06-17T03:07:54","date_gmt":"2025-06-17T03:07:54","guid":{"rendered":"https:\/\/sinoextrud.com\/product\/special-aluminium-extrusions\/"},"modified":"2025-06-24T06:34:23","modified_gmt":"2025-06-24T06:34:23","slug":"extrusiones-especiales-de-aluminio","status":"publish","type":"product","link":"https:\/\/sinoextrud.com\/es\/product\/special-aluminium-extrusions\/","title":{"rendered":"Extrusiones especiales de aluminio"},"content":{"rendered":"<h2>Productos<\/h2>\n<table class=\"custom-table\">\n<tr>\n<td class=\"label\">Material<\/td>\n<td>Aleaci\u00f3n de aluminio6063 aleaci\u00f3n etc, opcional por el cliente\uff0c<\/td>\n<\/tr>\n<tr>\n<td class=\"label\">Estructura<\/td>\n<td>extrusiones especiales de aluminio<\/td>\n<\/tr>\n<tr>\n<td class=\"label\">Dimensiones<\/td>\n<td>seg\u00fan dise\u00f1o del cliente<\/td>\n<\/tr>\n<tr>\n<td class=\"label\">equipo<\/td>\n<td>Centro de mecanizado CNC, torno CNC, rectificadora, torno autom\u00e1tico,<br \/>\nTorno convencional, fresadora, taladradora, electroerosi\u00f3n, etc.<\/td>\n<\/tr>\n<tr>\n<td class=\"label\">Montaje<\/td>\n<td>2 Partes Caja Partida + 2 Placas Finales (1.5mm espesor) +8 PCS Tornillo (M3X6D)<\/td>\n<\/tr>\n<tr>\n<td class=\"label\">Acabado<\/td>\n<td>Acabado de fresado , Anodizado , Chorro de arena , Serigraf\u00eda . Perforado, Taladrado<\/td>\n<\/tr>\n<tr>\n<td class=\"label\">Nuestros servicios<\/td>\n<td>Mecanizado, torneado, fresado, estampado, fundici\u00f3n<\/td>\n<\/tr>\n<tr>\n<td class=\"label\">Aplicaci\u00f3n:<\/td>\n<td>M\u00e1quinas de automatizaci\u00f3n, dispositivos m\u00e9dicos, m\u00e1quinas industriales, autom\u00f3viles, electrodom\u00e9sticos, etc.<\/td>\n<\/tr>\n<tr>\n<td class=\"label\">Formato del dibujo:<\/td>\n<td>pdf\/.dwg\/.igs.\/.STP\/X_t. etc.<\/td>\n<\/tr>\n<\/table>\n<h2>Nuestra base de fabricaci\u00f3n<\/h2>\n<h3>Panorama de la f\u00e1brica<\/h3>\n<p><img decoding=\"async\" src=\"\/wp-content\/uploads\/factory-01.webp\"\/><\/p>\n<h3>Taller de fabricaci\u00f3n de barras de aluminio<\/h3>\n<p><img decoding=\"async\" src=\"\/wp-content\/uploads\/factory-02.webp\"\/><\/p>\n<\/p>\n<p><img decoding=\"async\" src=\"\/wp-content\/uploads\/factory-03.webp\"\/><\/p>\n<h3>Almac\u00e9n de moldes<\/h3>\n<p><img decoding=\"async\" src=\"\/wp-content\/uploads\/factory-04.webp\"\/><\/p>\n<h3>43 L\u00c3neas de extrusi\u00c3\u00b3n de aluminio (500\u00e2\u20ac\"5500 toneladas)<\/h3>\n<p><img decoding=\"async\" src=\"\/wp-content\/uploads\/factory-05.webp\"\/><\/p>\n<p><img decoding=\"async\" src=\"\/wp-content\/uploads\/factory-06.webp\"\/><\/p>\n<p><img decoding=\"async\" src=\"\/wp-content\/uploads\/factory-07.webp\"\/><\/p>\n<h3>Taller de pintura en polvo<\/h3>\n<p><img decoding=\"async\" src=\"\/wp-content\/uploads\/factory-09.webp\"\/><\/p>\n<h3>Taller de anodizado<\/h3>\n<p><img decoding=\"async\" src=\"\/wp-content\/uploads\/factory-10.webp\"\/><\/p>\n<h3>Taller de procesamiento profundo<\/h3>\n<p><img decoding=\"async\" src=\"\/wp-content\/uploads\/factory-11.webp\"\/><\/p>\n<h3>Taller de mecanizado de precisi\u00f3n CNC<\/h3>\n<p><img decoding=\"async\" src=\"\/wp-content\/uploads\/factory-11.5.webp\"\/><\/p>\n<h3>Almac\u00e9n de productos acabados y de exportaci\u00f3n<\/h3>\n<p><img decoding=\"async\" src=\"\/wp-content\/uploads\/factory-12.webp\"\/><\/p>\n<p><img decoding=\"async\" src=\"\/wp-content\/uploads\/factory-13.webp\"\/><\/p>\n<p><img decoding=\"async\" src=\"\/wp-content\/uploads\/factory-14.webp\"\/><\/p>\n<h2>PREGUNTAS FRECUENTES<\/h2>\n<p><b>1. \u00bfQu\u00e9 son las extrusiones especiales de aluminio?<\/b><\/p>\n<p>Las extrusiones especiales de aluminio son perfiles de aluminio dise\u00f1ados a medida y creados mediante un proceso de extrusi\u00f3n, que se utilizan para aplicaciones industriales espec\u00edficas que requieren formas y especificaciones \u00fanicas.\n<\/p>\n<p><\/p>\n<p><b>2.\u00bfCu\u00e1les son las ventajas de las extrusiones especiales de aluminio?<\/b><\/p>\n<p>Las extrusiones especiales de aluminio ofrecen flexibilidad de dise\u00f1o personalizado, alta resistencia, resistencia a la corrosi\u00f3n y producci\u00f3n rentable, lo que las hace adecuadas para una amplia gama de industrias.\n<\/p>\n<p><\/p>\n<p><b>3. \u00bfSe pueden personalizar las extrusiones de aluminio especiales?<\/b><\/p>\n<p>S\u00ed, las extrusiones especiales de aluminio pueden personalizarse completamente para satisfacer los requisitos espec\u00edficos de diferentes industrias, incluidas formas y tama\u00f1os complejos.\n<\/p>\n<p><\/p>\n<p><b>4. \u00bfEn qu\u00e9 beneficia a mi proyecto la relaci\u00f3n resistencia-peso de las extrusiones especiales de aluminio?<\/b><\/p>\n<p>La elevada relaci\u00f3n resistencia-peso de las extrusiones de aluminio especial proporciona durabilidad e integridad estructural, al tiempo que mantiene bajo el peso del producto.\n<\/p>\n<p><\/p>\n<p><b>5. \u00bfQu\u00e9 industrias utilizan extrusiones especiales de aluminio?<\/b><\/p>\n<p>Las extrusiones especiales de aluminio se utilizan en sectores como el aeroespacial, la automoci\u00f3n, la construcci\u00f3n y la electr\u00f3nica, donde se necesitan perfiles a medida para aplicaciones espec\u00edficas.\n<\/p>\n<p><\/p>\n<p><b>6.\u00bfSon respetuosas con el medio ambiente las extrusiones especiales de aluminio?<\/b><\/p>\n<p>S\u00ed, el aluminio es un material reciclable, lo que convierte a las extrusiones especiales de aluminio en una opci\u00f3n responsable con el medio ambiente para la fabricaci\u00f3n industrial.\n<\/p>\n<p><\/p>\n<p><b>7.\u00bfC\u00f3mo se mejora el acabado superficial de las extrusiones especiales de aluminio?<\/b><\/p>\n<p>El acabado superficial de las extrusiones especiales de aluminio se procesa cuidadosamente para garantizar tanto el atractivo est\u00e9tico como una mayor protecci\u00f3n contra la corrosi\u00f3n y el desgaste.\n<\/p>\n<p><\/p>\n<p><b>8.\u00bfCu\u00e1l es el coste de producci\u00f3n de las extrusiones especiales de aluminio?<\/b><\/p>\n<p>Las extrusiones especiales de aluminio ofrecen soluciones rentables gracias a procesos de fabricaci\u00f3n eficaces que permiten fabricar series peque\u00f1as y grandes a precios competitivos.\n<\/p>\n<p><\/p>","protected":false},"featured_media":8559,"template":"","categories":[68],"class_list":["post-8560","product","type-product","status-publish","has-post-thumbnail","hentry","category-cnc-machining-aluminum-profile"],"meta_box":{"hilight_text_group":{"product_hilight_text":"<li>Custom aluminum extrusions designed for unique industrial applications.<\/li>\r\r\n<li>High strength-to-weight ratio for durability without added weight.<\/li>\r\r\n<li>Excellent corrosion resistance, making them ideal for harsh environments.<\/li>\r\r\n<li>Flexible design options for complex shapes and tailored specifications.<\/li>\r\r\n<li>Efficient production process for cost-effective solutions in both small and large runs.<\/li>\r\r\n<li>Superior surface finish, ensuring both aesthetic appeal and functionality.<\/li>\r\r\n<li>Eco-friendly aluminum material, fully recyclable for sustainable manufacturing.<\/li>","product_chanpin_blog":"<ul>\r\r\n<li><a href=\"https:\/\/sinoextrud.com\/t-slot-v-slot-differences\/\" target=\"_blank\">t slot vs v slot<\/a><\/li>\r\r\n<li><a href=\"https:\/\/sinoextrud.com\/what-is-4040-aluminium-extrud\/\" target=\"_blank\">4040 aluminium extrusion<\/a><\/li>\r\r\n<li><a href=\"https:\/\/sinoextrud.com\/what-is-4040-aluminium-extrud\/\" target=\"_blank\">aluminum extrusions for industrial racks<\/a><\/li>\r\r\n<li><a href=\"https:\/\/sinoextrud.com\/powder-coating-aluminium-process\/\" target=\"_blank\">powder coating aluminium<\/a><\/li>\r\r\n<li><a href=\"https:\/\/sinoextrud.com\/what-is-an-aluminium-strip-ceiling\/\" target=\"_blank\">aluminium strip ceiling<\/a><\/li>\r\r\n<li><a href=\"https:\/\/sinoextrud.com\/what-is-a-heat-sink\/\" target=\"_blank\">what is a heat sink<\/a><\/li>\r\r\n<\/ul>","product_chanpin_chanpin":"<li><a href=\"https:\/\/sinoextrud.com\/product\/cnc-industrial-aluminum-profiler\/\" target=\"_blank\">CNC Industrial Aluminum Profiler<\/a><\/li>\r\n<li><a href=\"https:\/\/sinoextrud.com\/product\/cnc-machine-for-aluminum-profiles\/\" target=\"_blank\">CNC Machine For Aluminum Profiles<\/a><\/li>\r\n<li><a href=\"https:\/\/sinoextrud.com\/product\/aluminum-enclosure-housing-and-shell\/\" target=\"_blank\">Aluminum Enclosure Housing And Shell<\/a><\/li>\r\n<li><a href=\"https:\/\/sinoextrud.com\/product\/custom-finishing-aluminum-extrusion-profile-fabrication-and-cnc-machining\/\" target=\"_blank\">Custom Finishing Aluminum Extrusion Profile Fabrication and CNC Machining<\/a><\/li>\r\n<li><a href=\"https:\/\/sinoextrud.com\/product\/special-aluminium-extrusions\/\" target=\"_blank\">Special Aluminium Extrusions<\/a><\/li>\r\n<li><a href=\"https:\/\/sinoextrud.com\/product\/cutting-aluminium-extrusion\/\" target=\"_blank\">Cutting Aluminium Extrusion<\/a><\/li>\r\n<li><a href=\"https:\/\/sinoextrud.com\/product\/cnc-machining-aluminum-profiles\/\" target=\"_blank\">CNC Machining Aluminum Profiles<\/a><\/li>\r\n<li><a href=\"https:\/\/sinoextrud.com\/product\/circular-aluminum-extrusions\/\" target=\"_blank\">Circular Aluminum Extrusions<\/a><\/li>\r\n<li><a href=\"https:\/\/sinoextrud.com\/product\/cnc-aluminium-profile\/\" target=\"_blank\">CNC aluminium profile<\/a><\/li>\r\n<li><a href=\"https:\/\/sinoextrud.com\/product\/aluminum-sign-extrusions\/\" target=\"_blank\">Aluminum Sign Extrusions<\/a><\/li>\r\n<li><a href=\"https:\/\/sinoextrud.com\/product\/extrusion-led-aluminum-channel\/\" target=\"_blank\">Extrusion Led Aluminum Channel<\/a><\/li>"},"feature_list":[]},"_links":{"self":[{"href":"https:\/\/sinoextrud.com\/es\/wp-json\/wp\/v2\/product\/8560","targetHints":{"allow":["GET"]}}],"collection":[{"href":"https:\/\/sinoextrud.com\/es\/wp-json\/wp\/v2\/product"}],"about":[{"href":"https:\/\/sinoextrud.com\/es\/wp-json\/wp\/v2\/types\/product"}],"wp:featuredmedia":[{"embeddable":true,"href":"https:\/\/sinoextrud.com\/es\/wp-json\/wp\/v2\/media\/8559"}],"wp:attachment":[{"href":"https:\/\/sinoextrud.com\/es\/wp-json\/wp\/v2\/media?parent=8560"}],"wp:term":[{"taxonomy":"category","embeddable":true,"href":"https:\/\/sinoextrud.com\/es\/wp-json\/wp\/v2\/categories?post=8560"}],"curies":[{"name":"wp","href":"https:\/\/api.w.org\/{rel}","templated":true}]}}