{"id":8550,"date":"2025-06-17T02:58:38","date_gmt":"2025-06-17T02:58:38","guid":{"rendered":"https:\/\/sinoextrud.com\/product\/small-aluminium-extrusions\/"},"modified":"2025-06-24T06:24:15","modified_gmt":"2025-06-24T06:24:15","slug":"pequenas-extrusiones-de-aluminio","status":"publish","type":"product","link":"https:\/\/sinoextrud.com\/es\/product\/small-aluminium-extrusions\/","title":{"rendered":"Peque\u00f1as extrusiones de aluminio"},"content":{"rendered":"<h2>Productos<\/h2>\n<table class=\"custom-table\">\n<tbody>\n<tr>\n<td> Nombre<\/td>\n<td> Peque\u00f1as extrusiones de aluminio<\/td>\n<\/tr>\n<tr>\n<td> Marca<\/td>\n<td> Sinoextrud\/<\/td>\n<\/tr>\n<tr>\n<td> Categor\u00eda<\/td>\n<td> Extrusi\u00f3n de aluminio<\/td>\n<\/tr>\n<tr>\n<td> Material<\/td>\n<td> Aleaci\u00f3n de aluminio (6063, 6061,6464,6082), series 1000 y 3000 disponibles<\/td>\n<\/tr>\n<tr>\n<td> Temple<\/td>\n<td> T5-T8<\/td>\n<\/tr>\n<tr>\n<td> Longitud<\/td>\n<td> Seg\u00fan el dibujo<\/td>\n<\/tr>\n<tr>\n<td> Tama\u00f1o (mm)<\/td>\n<td> Diferentes tama\u00f1os disponibles, dibujo del cliente disponible<\/td>\n<\/tr>\n<tr>\n<td> Forma<\/td>\n<td> Varias formas peque\u00f1as seg\u00fan los requisitos del cliente<\/td>\n<\/tr>\n<tr>\n<td> Tratamiento de superficies<\/td>\n<td> Revestimiento de potencia; Mill acabado, anodizado, chorro de arena, electroforesis tambi\u00e9n est\u00e1 disponible<\/td>\n<\/tr>\n<tr>\n<td> Color<\/td>\n<td> Plata, negro, oro, Champange,Bronce, rojo. azul y podemos personalizar los colores basados en las muestras de los clientes.<\/td>\n<\/tr>\n<tr>\n<td> Garant\u00eda<\/td>\n<td> BV , TUV ,ISO<\/td>\n<\/tr>\n<tr>\n<td> Est\u00e1ndar<\/td>\n<td> Calidad media y alta<\/td>\n<\/tr>\n<tr>\n<td> MOQ<\/td>\n<td> 200KGS por cada art\u00edculo<\/td>\n<\/tr>\n<tr>\n<td> En<\/td>\n<td> Guangdong, China<\/td>\n<\/tr>\n<tr>\n<td> Aplicaci\u00f3n<\/td>\n<td> Industria, construcci\u00f3n, decoraci\u00f3n del hogar<\/td>\n<\/tr>\n<tr>\n<td> Tratamiento en profundidad<\/td>\n<td> Corte, taladrado, mecanizado, punzonado, plegado, roscado, etc.<\/td>\n<\/tr>\n<tr>\n<td> Paquete<\/td>\n<td> Interior con pel\u00edcula protectora, pl\u00e1stico retr\u00e1ctil o espuma de PE. Exterior con caja, cart\u00f3n o marco de madera, o personalizaci\u00f3n.<\/td>\n<\/tr>\n<tr>\n<td> Plazo de entrega<\/td>\n<td> El desarrollo del molde y la conformaci\u00f3n de la muestra es de 12-18 d\u00edas, luego la duraci\u00f3n de la producci\u00f3n es de 25-30 d\u00edas despu\u00e9s de la recepci\u00f3n del dep\u00f3sito del comprador.<\/td>\n<\/tr>\n<tr>\n<td> Capacidad del producto<\/td>\n<td> M\u00e1s de 15.000 toneladas \/ mes<\/td>\n<\/tr>\n<\/tbody>\n<\/table>\n<h2>Nuestra base de fabricaci\u00f3n<\/h2>\n<h3>Panorama de la f\u00e1brica<\/h3>\n<p><img decoding=\"async\" src=\"\/wp-content\/uploads\/factory-01.webp\"\/><\/p>\n<h3>Taller de fabricaci\u00f3n de barras de aluminio<\/h3>\n<p><img decoding=\"async\" src=\"\/wp-content\/uploads\/factory-02.webp\"\/><\/p>\n<p><img decoding=\"async\" src=\"\/wp-content\/uploads\/factory-03.webp\"\/><\/p>\n<h3>Almac\u00e9n de moldes<\/h3>\n<p><img decoding=\"async\" src=\"\/wp-content\/uploads\/factory-04.webp\"\/><\/p>\n<h3>43 L\u00c3neas de extrusi\u00c3\u00b3n de aluminio (500\u00e2\u20ac\"5500 toneladas)<\/h3>\n<p><img decoding=\"async\" src=\"\/wp-content\/uploads\/factory-05.webp\"\/><\/p>\n<p><img decoding=\"async\" src=\"\/wp-content\/uploads\/factory-06.webp\"\/><\/p>\n<p><img decoding=\"async\" src=\"\/wp-content\/uploads\/factory-07.webp\"\/><\/p>\n<h3>Taller de pintura en polvo<\/h3>\n<p><img decoding=\"async\" src=\"\/wp-content\/uploads\/factory-09.webp\"\/><\/p>\n<h3>Taller de anodizado<\/h3>\n<p><img decoding=\"async\" src=\"\/wp-content\/uploads\/factory-10.webp\"\/><\/p>\n<h3>Taller de procesamiento profundo<\/h3>\n<p><img decoding=\"async\" src=\"\/wp-content\/uploads\/factory-11.webp\"\/><\/p>\n<h3>Taller de mecanizado de precisi\u00f3n CNC<\/h3>\n<p><img decoding=\"async\" src=\"\/wp-content\/uploads\/factory-11.5.webp\"\/><\/p>\n<h3>Almac\u00e9n de productos acabados y de exportaci\u00f3n<\/h3>\n<p><img decoding=\"async\" src=\"\/wp-content\/uploads\/factory-12.webp\"\/><\/p>\n<p><img decoding=\"async\" src=\"\/wp-content\/uploads\/factory-13.webp\"\/><\/p>\n<p><img decoding=\"async\" src=\"\/wp-content\/uploads\/factory-14.webp\"\/><\/p>\n<h2>PREGUNTAS FRECUENTES<\/h2>\n<p><p><b>1.Peque\u00f1as extrusiones de aluminio: \u00bfCu\u00e1les son las ventajas de utilizar extrusiones de aluminio peque\u00f1as en diversos proyectos?<\/b><\/p>\n<p>Las peque\u00f1as extrusiones de aluminio son ligeras, personalizables y ofrecen una excelente resistencia, lo que las hace ideales para aplicaciones compactas en sectores como la automoci\u00f3n, la construcci\u00f3n y la electr\u00f3nica.<br \/>\n<\/p><br \/>\n<br \/>\n<p><b>2.\u00bfC\u00f3mo mejora la resistencia a la corrosi\u00f3n del aluminio sus prestaciones?<\/b><\/p>\n<p>La resistencia a la corrosi\u00f3n del aluminio ayuda a que las extrusiones mantengan su integridad y aspecto a lo largo del tiempo, incluso en entornos duros o al aire libre, lo que garantiza su durabilidad.<br \/>\n<\/p><br \/>\n<br \/>\n<p><b>3.\u00bfSe pueden personalizar las peque\u00f1as extrusiones de aluminio para adaptarlas a necesidades espec\u00edficas?<\/b><\/p>\n<p>S\u00ed, las peque\u00f1as extrusiones de aluminio pueden adaptarse en tama\u00f1o, forma y acabado para cumplir las especificaciones exactas de su proyecto o aplicaci\u00f3n.<br \/>\n<\/p><br \/>\n<br \/>\n<p><b>4.\u00bfQu\u00e9 industrias pueden beneficiarse del uso de peque\u00f1as extrusiones de aluminio?<\/b><\/p>\n<p>Industrias como la automoci\u00f3n, la aeroespacial, la electr\u00f3nica y la construcci\u00f3n se benefician de la resistencia, ligereza y versatilidad de las peque\u00f1as extrusiones de aluminio.<br \/>\n<\/p><br \/>\n<br \/>\n<p><b>5.\u00bfEn qu\u00e9 beneficia la relaci\u00f3n resistencia-peso del aluminio a las peque\u00f1as extrusiones?<\/b><\/p>\n<p>La elevada relaci\u00f3n resistencia-peso permite que las peque\u00f1as extrusiones de aluminio proporcionen resistencia y durabilidad sin a\u00f1adir un peso innecesario, lo que las hace adecuadas para una gran variedad de aplicaciones.<br \/>\n<\/p><br \/>\n<br \/>\n<p><b>6.\u00bfCu\u00e1les son las principales ventajas de utilizar peque\u00f1as extrusiones de aluminio en aplicaciones estructurales?<\/b><\/p>\n<p>Las peque\u00f1as extrusiones de aluminio ofrecen solidez, resistencia a la corrosi\u00f3n y facilidad de montaje, lo que las hace ideales para armazones estructurales en dise\u00f1os compactos.<br \/>\n<\/p><br \/>\n<br \/>\n<p><b>7.\u00bfSon f\u00e1ciles de montar y procesar las peque\u00f1as extrusiones de aluminio?<\/b><\/p>\n<p>S\u00ed, las peque\u00f1as extrusiones de aluminio son f\u00e1ciles de mecanizar, procesar y montar, lo que permite acelerar la producci\u00f3n y reducir los costes de mano de obra.<br \/>\n<\/p><br \/>\n<br \/>\n<p><b>8.\u00bfC\u00f3mo influye la personalizaci\u00f3n de las peque\u00f1as extrusiones de aluminio en su aplicaci\u00f3n?<\/b><\/p>\n<p>La personalizaci\u00f3n de las peque\u00f1as extrusiones de aluminio garantiza que cumplan los requisitos espec\u00edficos de cada proyecto, mejorando el rendimiento y la eficacia en diversos usos industriales.<br \/>\n<\/p><br \/><\/p>","protected":false},"featured_media":8549,"template":"","categories":[68],"class_list":["post-8550","product","type-product","status-publish","has-post-thumbnail","hentry","category-cnc-machining-aluminum-profile"],"meta_box":{"hilight_text_group":{"product_hilight_text":"<li>Compact and lightweight small aluminum extrusions suitable for a variety of applications.<\/li>\r\r\n<li>Customizable sizes and shapes to meet specific industrial and structural requirements.<\/li>\r\r\n<li>Corrosion-resistant, ensuring long-lasting performance in various environments.<\/li>\r\r\n<li>Easy to machine, process, and assemble for quick production and low labor costs.<\/li>\r\r\n<li>High strength-to-weight ratio, providing strength without unnecessary bulk.<\/li>","product_chanpin_blog":"<ul>\r\r\n<li><a href=\"https:\/\/sinoextrud.com\/t-slot-v-slot-differences\/\" target=\"_blank\">t slot vs v slot<\/a><\/li>\r\r\n<li><a href=\"https:\/\/sinoextrud.com\/what-is-4040-aluminium-extrud\/\" target=\"_blank\">4040 aluminium extrusion<\/a><\/li>\r\r\n<li><a href=\"https:\/\/sinoextrud.com\/what-is-4040-aluminium-extrud\/\" target=\"_blank\">aluminum extrusions for industrial racks<\/a><\/li>\r\r\n<li><a href=\"https:\/\/sinoextrud.com\/powder-coating-aluminium-process\/\" target=\"_blank\">powder coating aluminium<\/a><\/li>\r\r\n<li><a href=\"https:\/\/sinoextrud.com\/what-is-an-aluminium-strip-ceiling\/\" target=\"_blank\">aluminium strip ceiling<\/a><\/li>\r\r\n<li><a href=\"https:\/\/sinoextrud.com\/what-is-a-heat-sink\/\" target=\"_blank\">what is a heat sink<\/a><\/li>\r\r\n<\/ul>","product_chanpin_chanpin":"<li><a href=\"https:\/\/sinoextrud.com\/product\/aluminum-cnc-machining\/\" target=\"_blank\">Aluminum cnc machining<\/a><\/li>\r\n<li><a href=\"https:\/\/sinoextrud.com\/product\/aluminum-profile-cnc-machining\/\" target=\"_blank\">Aluminum Profile CNC Machining<\/a><\/li>\r\n<li><a href=\"https:\/\/sinoextrud.com\/product\/extruded-aluminum-cnc-part-with-precision-custom-cnc-machining\/\" target=\"_blank\">Extruded Aluminum CNC Part with Precision Custom CNC Machining<\/a><\/li>\r\n<li><a href=\"https:\/\/sinoextrud.com\/product\/item-modular-aluminium-profile-system\/\" target=\"_blank\">Item Modular Aluminium Profile System<\/a><\/li>\r\n<li><a href=\"https:\/\/sinoextrud.com\/product\/small-aluminium-extrusions\/\" target=\"_blank\">Small Aluminium Extrusions<\/a><\/li>\r\n<li><a href=\"https:\/\/sinoextrud.com\/product\/cnc-industrial-aluminum-profiler\/\" target=\"_blank\">CNC Industrial Aluminum Profiler<\/a><\/li>\r\n<li><a href=\"https:\/\/sinoextrud.com\/product\/cnc-machine-for-aluminum-profiles\/\" target=\"_blank\">CNC Machine For Aluminum Profiles<\/a><\/li>\r\n<li><a href=\"https:\/\/sinoextrud.com\/product\/aluminum-enclosure-housing-and-shell\/\" target=\"_blank\">Aluminum Enclosure Housing And Shell<\/a><\/li>\r\n<li><a href=\"https:\/\/sinoextrud.com\/product\/custom-finishing-aluminum-extrusion-profile-fabrication-and-cnc-machining\/\" target=\"_blank\">Custom Finishing Aluminum Extrusion Profile Fabrication and CNC Machining<\/a><\/li>\r\n<li><a href=\"https:\/\/sinoextrud.com\/product\/large-aluminum-extrud\/\" target=\"_blank\">Large Aluminum Extrud<\/a><\/li>\r\n<li><a href=\"https:\/\/sinoextrud.com\/product\/aluminum-frame\/\" target=\"_blank\">Aluminum Frame<\/a><\/li>"},"feature_list":[]},"_links":{"self":[{"href":"https:\/\/sinoextrud.com\/es\/wp-json\/wp\/v2\/product\/8550","targetHints":{"allow":["GET"]}}],"collection":[{"href":"https:\/\/sinoextrud.com\/es\/wp-json\/wp\/v2\/product"}],"about":[{"href":"https:\/\/sinoextrud.com\/es\/wp-json\/wp\/v2\/types\/product"}],"wp:featuredmedia":[{"embeddable":true,"href":"https:\/\/sinoextrud.com\/es\/wp-json\/wp\/v2\/media\/8549"}],"wp:attachment":[{"href":"https:\/\/sinoextrud.com\/es\/wp-json\/wp\/v2\/media?parent=8550"}],"wp:term":[{"taxonomy":"category","embeddable":true,"href":"https:\/\/sinoextrud.com\/es\/wp-json\/wp\/v2\/categories?post=8550"}],"curies":[{"name":"wp","href":"https:\/\/api.w.org\/{rel}","templated":true}]}}