{"id":8546,"date":"2025-06-17T02:53:22","date_gmt":"2025-06-17T02:53:22","guid":{"rendered":"https:\/\/sinoextrud.com\/product\/extruded-aluminum-cnc-part-with-precision-custom-cnc-machining\/"},"modified":"2025-06-24T06:24:12","modified_gmt":"2025-06-24T06:24:12","slug":"pieza-cnc-de-aluminio-extruido-con-mecanizado-cnc-personalizado-de-precision","status":"publish","type":"product","link":"https:\/\/sinoextrud.com\/es\/product\/extruded-aluminum-cnc-part-with-precision-custom-cnc-machining\/","title":{"rendered":"Pieza CNC de aluminio extruido con mecanizado CNC personalizado de precisi\u00f3n"},"content":{"rendered":"<h2>Productos<\/h2>\n<table class=\"custom-table\">\n<tr>\n<td class=\"label\">Procesando:<\/td>\n<td> Mecanizado CNC,Torneado CNC,Taladrado,Fresado,Cepillado<\/td>\n<\/tr>\n<tr>\n<td class=\"label\">Art\u00edculo:<\/td>\n<td> Mecanizado CNC de aluminio extruido<\/td>\n<\/tr>\n<tr>\n<td class=\"label\">Temperamento:<\/td>\n<td> T3 - T8<\/td>\n<\/tr>\n<tr>\n<td class=\"label\">Grado:<\/td>\n<td> Serie 6000<\/td>\n<\/tr>\n<tr>\n<td class=\"label\">Detalle del embalaje:<\/td>\n<td> Embalaje est\u00e1ndar para exportaci\u00f3n<\/td>\n<\/tr>\n<tr>\n<td class=\"label\">Aplicaci\u00f3n:<\/td>\n<td> Accesorios para equipos electr\u00f3nicos,Disipadores t\u00e9rmicos,Radiador<\/td>\n<\/tr>\n<tr>\n<td class=\"label\">Paquete de transporte:<\/td>\n<td> Espuma+cartones de papel+pal\u00e9 de madera<\/td>\n<\/tr>\n<tr>\n<td class=\"label\">Tipo:<\/td>\n<td> Perfiles de aluminio Extrusi\u00f3n<\/td>\n<\/tr>\n<tr>\n<td class=\"label\">Control de calidad:<\/td>\n<td> 100% Inspecci\u00f3n antes del env\u00edo<\/td>\n<\/tr>\n<tr>\n<td class=\"label\">Origen:<\/td>\n<td> Foshan, China<\/td>\n<\/tr>\n<tr>\n<td class=\"label\">Materia prima:<\/td>\n<td> Aleaci\u00f3n de aluminio,Acero inoxidable,Cobre<\/td>\n<\/tr>\n<tr>\n<td class=\"label\">Tratamiento de la superficie:<\/td>\n<td> Anodizado,Granallado,Pasivado,Galvanizado<\/td>\n<\/tr>\n<tr>\n<td class=\"label\">Torlerance:<\/td>\n<td> +-0,005 mm<\/td>\n<\/tr>\n<tr>\n<td class=\"label\">Condiciones:<\/td>\n<td> Fob,CIF,CFR,EXW, ect<\/td>\n<\/tr>\n<tr>\n<td class=\"label\">Marca registrada:<\/td>\n<td>Sinoextrud(Sinoextrud)\/ OEM<\/td>\n<\/tr>\n<tr>\n<td class=\"label\">Especificaci\u00f3n:<\/td>\n<td> OEM(Seg\u00fan dise\u00f1o de cleint\u2032s<\/td>\n<\/tr>\n<tr>\n<td class=\"label\">C\u00f3digo SA:<\/td>\n<td> 94059900<\/td>\n<\/tr>\n<\/table>\n<h2>Nuestra base de fabricaci\u00f3n<\/h2>\n<h3>Panorama de la f\u00e1brica<\/h3>\n<p><img decoding=\"async\" src=\"\/wp-content\/uploads\/factory-01.webp\"\/><\/p>\n<h3>Taller de fabricaci\u00f3n de barras de aluminio<\/h3>\n<p><img decoding=\"async\" src=\"\/wp-content\/uploads\/factory-02.webp\"\/><\/p>\n<p><img decoding=\"async\" src=\"\/wp-content\/uploads\/factory-03.webp\"\/><\/p>\n<h3>Almac\u00e9n de moldes<\/h3>\n<p><img decoding=\"async\" src=\"\/wp-content\/uploads\/factory-04.webp\"\/><\/p>\n<h3>43 l\u00edneas de extrusi\u00f3n de aluminio (500-5500 toneladas)<\/h3>\n<p><img decoding=\"async\" src=\"\/wp-content\/uploads\/factory-05.webp\"\/><\/p>\n<p><img decoding=\"async\" src=\"\/wp-content\/uploads\/factory-06.webp\"\/><\/p>\n<p><img decoding=\"async\" src=\"\/wp-content\/uploads\/factory-07.webp\"\/><\/p>\n<h3>Taller de pintura en polvo<\/h3>\n<p><img decoding=\"async\" src=\"\/wp-content\/uploads\/factory-09.webp\"\/><\/p>\n<h3>Taller de anodizado<\/h3>\n<p><img decoding=\"async\" src=\"\/wp-content\/uploads\/factory-10.webp\"\/><\/p>\n<h3>Taller de procesamiento profundo<\/h3>\n<p><img decoding=\"async\" src=\"\/wp-content\/uploads\/factory-11.webp\"\/><\/p>\n<h3>Taller de mecanizado de precisi\u00f3n CNC<\/h3>\n<p><img decoding=\"async\" src=\"\/wp-content\/uploads\/factory-11.5.webp\"\/><\/p>\n<h3>Almac\u00e9n de productos acabados y de exportaci\u00f3n<\/h3>\n<p><img decoding=\"async\" src=\"\/wp-content\/uploads\/factory-12.webp\"\/><\/p>\n<p><img decoding=\"async\" src=\"\/wp-content\/uploads\/factory-13.webp\"\/><\/p>\n<p><img decoding=\"async\" src=\"\/wp-content\/uploads\/factory-14.webp\"\/><\/p>\n<h2>PREGUNTAS FRECUENTES<\/h2>\n<p><p><b>1.Pieza CNC de aluminio extruido con mecanizado CNC personalizado de precisi\u00f3n: \u00bfQu\u00e9 hace que el mecanizado CNC sea ideal para las piezas de aluminio extruido?<\/b><\/p>\n<p>El mecanizado CNC ofrece una gran precisi\u00f3n y repetibilidad, por lo que es perfecto para crear piezas personalizadas de aluminio extruido con tolerancias estrechas.<br \/>\n<\/p><br \/>\n<br \/>\n<p><b>2.\u00bfSe pueden personalizar las piezas de aluminio extruido con mecanizado CNC?<\/b><\/p>\n<p>S\u00ed, el mecanizado CNC permite personalizar el tama\u00f1o, la forma y el dise\u00f1o para satisfacer requisitos espec\u00edficos de diversas industrias y aplicaciones.<br \/>\n<\/p><br \/>\n<br \/>\n<p><b>3. \u00bfCu\u00e1les son las principales ventajas de las piezas CNC de aluminio extruido?<\/b><\/p>\n<p>Las principales ventajas son la alta precisi\u00f3n, el dise\u00f1o ligero, la durabilidad y la capacidad de manipular formas complejas e intrincadas con un desperdicio m\u00ednimo de material.<br \/>\n<\/p><br \/>\n<br \/>\n<p><b>4.\u00bfC\u00f3mo mejora el mecanizado CNC la precisi\u00f3n de las piezas de aluminio extruido?<\/b><\/p>\n<p>El mecanizado CNC permite realizar cortes y conformados precisos y automatizados, garantizando tolerancias estrictas y uniformidad en m\u00faltiples piezas.<br \/>\n<\/p><br \/>\n<br \/>\n<p><b>5. \u00bfQu\u00e9 industrias se benefician de las piezas CNC de aluminio extruido?<\/b><\/p>\n<p>Industrias como la aeroespacial, automovil\u00edstica, electr\u00f3nica y manufacturera utilizan piezas CNC de aluminio extruido por sus propiedades de ligereza, durabilidad y personalizaci\u00f3n.<br \/>\n<\/p><br \/>\n<br \/>\n<p><b>6.\u00bfC\u00f3mo reduce el mecanizado CNC el desperdicio de material en la producci\u00f3n?<\/b><\/p>\n<p>El mecanizado CNC utiliza procesos controlados por ordenador para optimizar el uso del material, garantizando un desperdicio m\u00ednimo a la vez que se mantiene una alta eficiencia de producci\u00f3n.<br \/>\n<\/p><br \/>\n<br \/>\n<p><b>7. \u00bfPor qu\u00e9 las empresas deben elegir el mecanizado CNC personalizado para piezas de aluminio extruido?<\/b><\/p>\n<p>El mecanizado CNC a medida ofrece flexibilidad en el dise\u00f1o, una precisi\u00f3n superior y la capacidad de crear piezas que cumplan requisitos espec\u00edficos de rendimiento y est\u00e9tica, lo que lo convierte en la soluci\u00f3n preferida para aplicaciones complejas.<br \/>\n<\/p><br \/><\/p>","protected":false},"featured_media":8545,"template":"","categories":[68],"class_list":["post-8546","product","type-product","status-publish","has-post-thumbnail","hentry","category-cnc-machining-aluminum-profile"],"meta_box":{"hilight_text_group":{"product_hilight_text":"<li>High-precision CNC machining for custom extruded aluminum parts<\/li>\r\r\n<li>Ideal for complex, intricate designs requiring tight tolerances<\/li>\r\r\n<li>Customizable to meet specific size, shape, and material requirements<\/li>\r\r\n<li>Fast production times with minimal material waste<\/li>\r\r\n<li>Durable, lightweight parts ideal for a variety of industrial applications<\/li>","product_chanpin_blog":"<ul>\r\r\n<li><a href=\"https:\/\/sinoextrud.com\/t-slot-v-slot-differences\/\" target=\"_blank\">t slot vs v slot<\/a><\/li>\r\r\n<li><a href=\"https:\/\/sinoextrud.com\/what-is-4040-aluminium-extrud\/\" target=\"_blank\">4040 aluminium extrusion<\/a><\/li>\r\r\n<li><a href=\"https:\/\/sinoextrud.com\/what-is-4040-aluminium-extrud\/\" target=\"_blank\">aluminum extrusions for industrial racks<\/a><\/li>\r\r\n<li><a href=\"https:\/\/sinoextrud.com\/powder-coating-aluminium-process\/\" target=\"_blank\">powder coating aluminium<\/a><\/li>\r\r\n<li><a href=\"https:\/\/sinoextrud.com\/what-is-an-aluminium-strip-ceiling\/\" target=\"_blank\">aluminium strip ceiling<\/a><\/li>\r\r\n<li><a href=\"https:\/\/sinoextrud.com\/what-is-a-heat-sink\/\" target=\"_blank\">what is a heat sink<\/a><\/li>\r\r\n<\/ul>","product_chanpin_chanpin":"<li><a href=\"https:\/\/sinoextrud.com\/product\/machined-aluminum-rail-extrusion-profile-cnc-aviation-aluminum-gantry\/\" target=\"_blank\">Machined Aluminum Rail Extrusion Profile CNC Aviation Aluminum Gantry<\/a><\/li>\r\n<li><a href=\"https:\/\/sinoextrud.com\/product\/cnc-machining-aluminum-signal-plate\/\" target=\"_blank\">CNC Machining Aluminum Signal Plate<\/a><\/li>\r\n<li><a href=\"https:\/\/sinoextrud.com\/product\/aluminum-cnc-machining\/\" target=\"_blank\">Aluminum cnc machining<\/a><\/li>\r\n<li><a href=\"https:\/\/sinoextrud.com\/product\/aluminum-profile-cnc-machining\/\" target=\"_blank\">Aluminum Profile CNC Machining<\/a><\/li>\r\n<li><a href=\"https:\/\/sinoextrud.com\/product\/extruded-aluminum-cnc-part-with-precision-custom-cnc-machining\/\" target=\"_blank\">Extruded Aluminum CNC Part with Precision Custom CNC Machining<\/a><\/li>\r\n<li><a href=\"https:\/\/sinoextrud.com\/product\/item-modular-aluminium-profile-system\/\" target=\"_blank\">Item Modular Aluminium Profile System<\/a><\/li>\r\n<li><a href=\"https:\/\/sinoextrud.com\/product\/small-aluminium-extrusions\/\" target=\"_blank\">Small Aluminium Extrusions<\/a><\/li>\r\n<li><a href=\"https:\/\/sinoextrud.com\/product\/cnc-industrial-aluminum-profiler\/\" target=\"_blank\">CNC Industrial Aluminum Profiler<\/a><\/li>\r\n<li><a href=\"https:\/\/sinoextrud.com\/product\/cnc-machine-for-aluminum-profiles\/\" target=\"_blank\">CNC Machine For Aluminum Profiles<\/a><\/li>\r\n<li><a href=\"https:\/\/sinoextrud.com\/product\/6083-aluminum-profile-aluminum-plate-profile-customization-marine-corrosion-resistant-aluminum-alloy-plate\/\" target=\"_blank\">6083 Aluminum Profile Aluminum Plate Profile Customization Marine Corrosion-resistant Aluminum Alloy Plate<\/a><\/li>\r\n<li><a href=\"https:\/\/sinoextrud.com\/product\/aluminium-profile-corner-joint\/\" target=\"_blank\">Aluminium Profile Corner Joint<\/a><\/li>"},"feature_list":[]},"_links":{"self":[{"href":"https:\/\/sinoextrud.com\/es\/wp-json\/wp\/v2\/product\/8546","targetHints":{"allow":["GET"]}}],"collection":[{"href":"https:\/\/sinoextrud.com\/es\/wp-json\/wp\/v2\/product"}],"about":[{"href":"https:\/\/sinoextrud.com\/es\/wp-json\/wp\/v2\/types\/product"}],"wp:featuredmedia":[{"embeddable":true,"href":"https:\/\/sinoextrud.com\/es\/wp-json\/wp\/v2\/media\/8545"}],"wp:attachment":[{"href":"https:\/\/sinoextrud.com\/es\/wp-json\/wp\/v2\/media?parent=8546"}],"wp:term":[{"taxonomy":"category","embeddable":true,"href":"https:\/\/sinoextrud.com\/es\/wp-json\/wp\/v2\/categories?post=8546"}],"curies":[{"name":"wp","href":"https:\/\/api.w.org\/{rel}","templated":true}]}}