{"id":8544,"date":"2025-06-17T02:51:46","date_gmt":"2025-06-17T02:51:46","guid":{"rendered":"https:\/\/sinoextrud.com\/product\/aluminum-profile-cnc-machining\/"},"modified":"2025-06-24T06:24:12","modified_gmt":"2025-06-24T06:24:12","slug":"mecanizado-cnc-de-perfiles-de-aluminio-3","status":"publish","type":"product","link":"https:\/\/sinoextrud.com\/es\/product\/aluminum-profile-cnc-machining\/","title":{"rendered":"Mecanizado CNC de perfiles de aluminio"},"content":{"rendered":"<h2>Productos<\/h2>\n<table class=\"custom-table\">\n<tbody>\n<tr>\n<td> <\/td>\n<td>Mecanizado CNC de perfiles de aluminio<\/td>\n<\/tr>\n<tr>\n<td>Material<\/td>\n<td>6063,6463 etc.<\/td>\n<\/tr>\n<tr>\n<td>Forma y tama\u00f1o<\/td>\n<td>Seg\u00fan plano del cliente<\/td>\n<\/tr>\n<tr>\n<td>Tolerancia del corte de precisi\u00f3n<\/td>\n<td> \u22641m : \u00b10,25mm<br \/> 1m&lt; : \u22642m, \u00b10,35mm<br \/> \u22652m : \u00b10,50mm<\/td>\n<\/tr>\n<tr>\n<td>Tolerancia de perforaci\u00f3n<\/td>\n<td>\u00b10,15~0,20 mm<\/td>\n<\/tr>\n<tr>\n<td>Tolerancia del corte ordinario<\/td>\n<td>\u00b110 ~ 0mm<\/td>\n<\/tr>\n<tr>\n<td>Uso t\u00edpico<\/td>\n<td>Industria, piezas de maquinaria, electr\u00f3nica, etc.<\/td>\n<\/tr>\n<tr>\n<td>Tipo personalizado<\/td>\n<td>Dibujo o muestra facilitada por el cliente<\/td>\n<\/tr>\n<tr>\n<td>Proceso CNC<\/td>\n<td>Fresado CNC, taladrado, punzonado, perforaci\u00f3n, roscado, plegado, soldadura, etc.<\/td>\n<\/tr>\n<tr>\n<td>Marca<\/td>\n<td>Sinoextrud,Sinoextrud,,marca personalizada disponible<\/td>\n<\/tr>\n<tr>\n<td>Superficie<\/td>\n<td>Acabado de molino, grano de madera, anodizado, recubierto de polvo, etc.<\/td>\n<\/tr>\n<tr>\n<td>MOQ<\/td>\n<td>300Kgs<\/td>\n<\/tr>\n<tr>\n<td>Norma de calidad<\/td>\n<td>Alto nivel de calidad<\/td>\n<\/tr>\n<tr>\n<td>Garant\u00eda<\/font><\/td>\n<td>ISO9001,ISO4001,CQM,SGS,CE,BV etc.<\/td>\n<\/tr>\n<tr>\n<td>Capacidad<\/td>\n<td>50000 piezas al mes<\/td>\n<\/tr>\n<\/tbody>\n<\/table>\n<h2>Nuestra base de fabricaci\u00f3n<\/h2>\n<h3>Panorama de la f\u00e1brica<\/h3>\n<p><img decoding=\"async\" src=\"\/wp-content\/uploads\/factory-01.webp\"\/><\/p>\n<h3>Taller de fabricaci\u00f3n de barras de aluminio<\/h3>\n<p><img decoding=\"async\" src=\"\/wp-content\/uploads\/factory-02.webp\"\/><\/p>\n<p><img decoding=\"async\" src=\"\/wp-content\/uploads\/factory-03.webp\"\/><\/p>\n<h3>Almac\u00e9n de moldes<\/h3>\n<p><img decoding=\"async\" src=\"\/wp-content\/uploads\/factory-04.webp\"\/><\/p>\n<h3>43 l\u00edneas de extrusi\u00f3n de aluminio (500-5500 toneladas)<\/h3>\n<p><img decoding=\"async\" src=\"\/wp-content\/uploads\/factory-05.webp\"\/><\/p>\n<p><img decoding=\"async\" src=\"\/wp-content\/uploads\/factory-06.webp\"\/><\/p>\n<p><img decoding=\"async\" src=\"\/wp-content\/uploads\/factory-07.webp\"\/><\/p>\n<h3>Taller de pintura en polvo<\/h3>\n<p><img decoding=\"async\" src=\"\/wp-content\/uploads\/factory-09.webp\"\/><\/p>\n<h3>Taller de anodizado<\/h3>\n<p><img decoding=\"async\" src=\"\/wp-content\/uploads\/factory-10.webp\"\/><\/p>\n<h3>Taller de procesamiento profundo<\/h3>\n<p><img decoding=\"async\" src=\"\/wp-content\/uploads\/factory-11.webp\"\/><\/p>\n<h3>Taller de mecanizado de precisi\u00f3n CNC<\/h3>\n<p><img decoding=\"async\" src=\"\/wp-content\/uploads\/factory-11.5.webp\"\/><\/p>\n<h3>Almac\u00e9n de productos acabados y de exportaci\u00f3n<\/h3>\n<p><img decoding=\"async\" src=\"\/wp-content\/uploads\/factory-12.webp\"\/><\/p>\n<p><img decoding=\"async\" src=\"\/wp-content\/uploads\/factory-13.webp\"\/><\/p>\n<p><img decoding=\"async\" src=\"\/wp-content\/uploads\/factory-14.webp\"\/><\/p>\n<h2>PREGUNTAS FRECUENTES<\/h2>\n<p><p><b>1.Mecanizado CNC de perfiles de aluminio: \u00bfC\u00f3mo mejora el mecanizado CNC la precisi\u00f3n de los perfiles de aluminio?<\/b><\/p>\n<p>El mecanizado CNC garantiza una gran precisi\u00f3n automatizando el proceso y consiguiendo tolerancias muy ajustadas, lo que resulta ideal para perfiles de aluminio complejos y personalizados.<br \/>\n<\/p><br \/>\n<br \/>\n<p><b>2.\u00bfSe pueden personalizar los perfiles de aluminio con mecanizado CNC?<\/b><\/p>\n<p>S\u00ed, el mecanizado CNC permite crear formas y dise\u00f1os complejos y personalizados adaptados a los requisitos de aplicaciones espec\u00edficas.<br \/>\n<\/p><br \/>\n<br \/>\n<p><b>3.\u00bfQu\u00e9 industrias se benefician m\u00e1s del mecanizado CNC de perfiles de aluminio?<\/b><\/p>\n<p>Industrias como la aeroespacial, automovil\u00edstica, electr\u00f3nica y manufacturera se benefician del mecanizado CNC gracias a su precisi\u00f3n, flexibilidad y capacidad para manipular perfiles de aluminio complejos.<br \/>\n<\/p><br \/>\n<br \/>\n<p><b>4.\u00bfC\u00f3mo afecta el mecanizado CNC a la velocidad de producci\u00f3n de perfiles de aluminio?<\/b><\/p>\n<p>El mecanizado CNC mejora la velocidad de producci\u00f3n automatizando los procesos, reduciendo los plazos de entrega y garantizando una calidad uniforme en grandes vol\u00famenes de producci\u00f3n.<br \/>\n<\/p><br \/>\n<br \/>\n<p><b>5.\u00bfEs rentable el mecanizado CNC de perfiles de aluminio para la producci\u00f3n de grandes vol\u00famenes?<\/b><\/p>\n<p>S\u00ed, el mecanizado CNC es rentable para la producci\u00f3n de grandes vol\u00famenes debido a su eficacia, repetibilidad y m\u00ednima intervenci\u00f3n manual, lo que reduce los costes de mano de obra y acelera los plazos de entrega.<br \/>\n<\/p><br \/>\n<br \/>\n<p><b>6.\u00bfC\u00f3mo mejora el mecanizado CNC la integridad estructural de los perfiles de aluminio?<\/b><\/p>\n<p>El mecanizado CNC garantiza cortes y formas precisos, lo que da como resultado perfiles de aluminio m\u00e1s resistentes y fiables para las aplicaciones previstas.<br \/>\n<\/p><br \/>\n<br \/>\n<p><b>7.\u00bfCu\u00e1les son las ventajas de utilizar el mecanizado CNC frente a los m\u00e9todos tradicionales de procesamiento de perfiles de aluminio?<\/b><\/p>\n<p>El mecanizado CNC ofrece mayor precisi\u00f3n, personalizaci\u00f3n y eficacia, lo que permite producir perfiles complejos con gran precisi\u00f3n y un m\u00ednimo de residuos.<br \/>\n<\/p><br \/><\/p>","protected":false},"featured_media":8543,"template":"","categories":[68],"class_list":["post-8544","product","type-product","status-publish","has-post-thumbnail","hentry","category-cnc-machining-aluminum-profile"],"meta_box":{"hilight_text_group":{"product_hilight_text":"<li>Precision CNC machining ensures high accuracy and tight tolerances<\/li>\r\r\n<li>Ability to create complex, customized shapes and designs for aluminum profiles<\/li>\r\r\n<li>Ideal for high-volume production with consistent quality<\/li>\r\r\n<li>Fast turnaround time and reduced production lead times<\/li>\r\r\n<li>Improves the structural integrity and functionality of aluminum profiles<\/li>","product_chanpin_blog":"<ul>\r\r\n<li><a href=\"https:\/\/sinoextrud.com\/t-slot-v-slot-differences\/\" target=\"_blank\">t slot vs v slot<\/a><\/li>\r\r\n<li><a href=\"https:\/\/sinoextrud.com\/what-is-4040-aluminium-extrud\/\" target=\"_blank\">4040 aluminium extrusion<\/a><\/li>\r\r\n<li><a href=\"https:\/\/sinoextrud.com\/what-is-4040-aluminium-extrud\/\" target=\"_blank\">aluminum extrusions for industrial racks<\/a><\/li>\r\r\n<li><a href=\"https:\/\/sinoextrud.com\/powder-coating-aluminium-process\/\" target=\"_blank\">powder coating aluminium<\/a><\/li>\r\r\n<li><a href=\"https:\/\/sinoextrud.com\/what-is-an-aluminium-strip-ceiling\/\" target=\"_blank\">aluminium strip ceiling<\/a><\/li>\r\r\n<li><a href=\"https:\/\/sinoextrud.com\/what-is-a-heat-sink\/\" target=\"_blank\">what is a heat sink<\/a><\/li>\r\r\n<\/ul>","product_chanpin_chanpin":"<li><a href=\"https:\/\/sinoextrud.com\/product\/aluminum-hydraulic-oil-tank\/\" target=\"_blank\">Aluminum Hydraulic Oil Tank<\/a><\/li>\r\n<li><a href=\"https:\/\/sinoextrud.com\/product\/machined-aluminum-rail-extrusion-profile-cnc-aviation-aluminum-gantry\/\" target=\"_blank\">Machined Aluminum Rail Extrusion Profile CNC Aviation Aluminum Gantry<\/a><\/li>\r\n<li><a href=\"https:\/\/sinoextrud.com\/product\/cnc-machining-aluminum-signal-plate\/\" target=\"_blank\">CNC Machining Aluminum Signal Plate<\/a><\/li>\r\n<li><a href=\"https:\/\/sinoextrud.com\/product\/aluminum-cnc-machining\/\" target=\"_blank\">Aluminum cnc machining<\/a><\/li>\r\n<li><a href=\"https:\/\/sinoextrud.com\/product\/aluminum-profile-cnc-machining\/\" target=\"_blank\">Aluminum Profile CNC Machining<\/a><\/li>\r\n<li><a href=\"https:\/\/sinoextrud.com\/product\/extruded-aluminum-cnc-part-with-precision-custom-cnc-machining\/\" target=\"_blank\">Extruded Aluminum CNC Part with Precision Custom CNC Machining<\/a><\/li>\r\n<li><a href=\"https:\/\/sinoextrud.com\/product\/item-modular-aluminium-profile-system\/\" target=\"_blank\">Item Modular Aluminium Profile System<\/a><\/li>\r\n<li><a href=\"https:\/\/sinoextrud.com\/product\/small-aluminium-extrusions\/\" target=\"_blank\">Small Aluminium Extrusions<\/a><\/li>\r\n<li><a href=\"https:\/\/sinoextrud.com\/product\/cnc-industrial-aluminum-profiler\/\" target=\"_blank\">CNC Industrial Aluminum Profiler<\/a><\/li>\r\n<li><a href=\"https:\/\/sinoextrud.com\/product\/large-scale-industrial-aluminum-profile\/\" target=\"_blank\">Large Scale Industrial Aluminum Profile<\/a><\/li>\r\n<li><a href=\"https:\/\/sinoextrud.com\/product\/slotted-aluminum-extrusion\/\" target=\"_blank\">Slotted Aluminum Extrusion<\/a><\/li>"},"feature_list":[]},"_links":{"self":[{"href":"https:\/\/sinoextrud.com\/es\/wp-json\/wp\/v2\/product\/8544","targetHints":{"allow":["GET"]}}],"collection":[{"href":"https:\/\/sinoextrud.com\/es\/wp-json\/wp\/v2\/product"}],"about":[{"href":"https:\/\/sinoextrud.com\/es\/wp-json\/wp\/v2\/types\/product"}],"wp:featuredmedia":[{"embeddable":true,"href":"https:\/\/sinoextrud.com\/es\/wp-json\/wp\/v2\/media\/8543"}],"wp:attachment":[{"href":"https:\/\/sinoextrud.com\/es\/wp-json\/wp\/v2\/media?parent=8544"}],"wp:term":[{"taxonomy":"category","embeddable":true,"href":"https:\/\/sinoextrud.com\/es\/wp-json\/wp\/v2\/categories?post=8544"}],"curies":[{"name":"wp","href":"https:\/\/api.w.org\/{rel}","templated":true}]}}