{"id":8539,"date":"2025-06-17T02:08:07","date_gmt":"2025-06-17T02:08:07","guid":{"rendered":"https:\/\/sinoextrud.com\/product\/cnc-machining-aluminum-signal-plate\/"},"modified":"2025-06-24T06:24:11","modified_gmt":"2025-06-24T06:24:11","slug":"mecanizado-cnc-placa-de-senalizacion-de-aluminio","status":"publish","type":"product","link":"https:\/\/sinoextrud.com\/es\/product\/cnc-machining-aluminum-signal-plate\/","title":{"rendered":"Placa de se\u00f1al de aluminio mecanizado CNC"},"content":{"rendered":"<h2>Productos<\/h2>\n<table class=\"custom-table\">\n<tr>\n<td class=\"label\">Nombre del art\u00edculo<\/td>\n<td>Mecanizado CNC placa de se\u00f1alizaci\u00f3n de aluminio<\/td>\n<\/tr>\n<tr>\n<td class=\"label\">Calidad del material<\/td>\n<td>Aleaci\u00f3n Serie 6000<\/td>\n<\/tr>\n<tr>\n<td class=\"label\">Temple<\/td>\n<td>T5-T6<\/td>\n<\/tr>\n<tr>\n<td class=\"label\">Tecnolog\u00eda<\/td>\n<td>Extrusi\u00f3n de aluminio, mecanizado CNC<\/td>\n<\/tr>\n<tr>\n<td class=\"label\">Tratamiento de superficies<\/td>\n<td>Anodizado, recubrimiento de polvo, chorro de arena, electroforesis, fluorocarbono, etc.<\/td>\n<\/tr>\n<tr>\n<td class=\"label\">Color<\/td>\n<td>Personalizado<\/td>\n<\/tr>\n<tr>\n<td class=\"label\">Espesor de anodizado<\/td>\n<td>8-25 um<\/td>\n<\/tr>\n<tr>\n<td class=\"label\">Potencia Espesor del revestimiento<\/td>\n<td>40-120 um<\/td>\n<\/tr>\n<tr>\n<td class=\"label\">Forma<\/td>\n<td>Basado en dibujos<\/td>\n<\/tr>\n<tr>\n<td class=\"label\">Longitud<\/td>\n<td>La longitud est\u00e1ndar es de 1-9 m, o personalizada.<\/td>\n<\/tr>\n<tr>\n<td class=\"label\">Tratamiento en profundidad<\/td>\n<td>corte, perforaci\u00f3n, punzonado, plegado, etc.<\/td>\n<\/tr>\n<tr>\n<td class=\"label\">Dise\u00f1o 2D y 3D<\/td>\n<td>Auto CAD, 3D, AI, SLD, PRT. IGS, PDF, JPEG, etc.<\/td>\n<\/tr>\n<tr>\n<td class=\"label\">Ingenier\u00eda y herramientas<\/td>\n<td>1: 8 ingenieros en el taller de moldes.<br \/>\n2: Utilizar extrusora de alto tonelaje, electroerosi\u00f3n por hilo, CNC, taladradoras, etc.<\/td>\n<\/tr>\n<tr>\n<td class=\"label\">Control de calidad<\/td>\n<td>1.SO Aprobado.<br \/>\n2.Aprobado por la CE<br \/>\n3.Inspecci\u00f3n in situ.<br \/>\n4.Inspecci\u00f3n antes del env\u00edo.<br \/>\n5.M\u00e1quina de pruebas.<\/td>\n<\/tr>\n<tr>\n<td class=\"label\">Detalles del embalaje<\/td>\n<td>(1) Interior : embalado con pel\u00edcula protectora de pl\u00e1stico para proteger cada pieza<br \/>\n(2) Exterior: Envoltura de los fardos con papel impermeable para manualidades<\/td>\n<\/tr>\n<tr>\n<td class=\"label\">Entrega<\/td>\n<td>(1) Desarrollo de matrices y prueba de muestras: 12-18 d\u00edas .<br \/>\n(2) Producci\u00f3n en masa completada: 20-30days despu\u00e9s de que la muestra sea confirmada por el Comprador.<\/td>\n<\/tr>\n<tr>\n<td class=\"label\">Plazo de pago<\/td>\n<td>T\/T 30% para el dep\u00f3sito, saldo antes del env\u00edo.<\/td>\n<\/tr>\n<\/table>\n<h2>Nuestra base de fabricaci\u00f3n<\/h2>\n<h3>Panorama de la f\u00e1brica<\/h3>\n<p><img decoding=\"async\" src=\"\/wp-content\/uploads\/factory-01.webp\"\/><\/p>\n<h3>Taller de fabricaci\u00f3n de barras de aluminio<\/h3>\n<p><img decoding=\"async\" src=\"\/wp-content\/uploads\/factory-02.webp\"\/><\/p>\n<p><img decoding=\"async\" src=\"\/wp-content\/uploads\/factory-03.webp\"\/><\/p>\n<h3>Almac\u00e9n de moldes<\/h3>\n<p><img decoding=\"async\" src=\"\/wp-content\/uploads\/factory-04.webp\"\/><\/p>\n<h3>43 l\u00edneas de extrusi\u00f3n de aluminio (500-5500 toneladas)<\/h3>\n<p><img decoding=\"async\" src=\"\/wp-content\/uploads\/factory-05.webp\"\/><\/p>\n<p><img decoding=\"async\" src=\"\/wp-content\/uploads\/factory-06.webp\"\/><\/p>\n<p><img decoding=\"async\" src=\"\/wp-content\/uploads\/factory-07.webp\"\/><\/p>\n<h3>Taller de pintura en polvo<\/h3>\n<p><img decoding=\"async\" src=\"\/wp-content\/uploads\/factory-09.webp\"\/><\/p>\n<h3>Taller de anodizado<\/h3>\n<p><img decoding=\"async\" src=\"\/wp-content\/uploads\/factory-10.webp\"\/><\/p>\n<h3>Taller de procesamiento profundo<\/h3>\n<p><img decoding=\"async\" src=\"\/wp-content\/uploads\/factory-11.webp\"\/><\/p>\n<h3>Taller de mecanizado de precisi\u00f3n CNC<\/h3>\n<p><img decoding=\"async\" src=\"\/wp-content\/uploads\/factory-11.5.webp\"\/><\/p>\n<h3>Almac\u00e9n de productos acabados y de exportaci\u00f3n<\/h3>\n<p><img decoding=\"async\" src=\"\/wp-content\/uploads\/factory-12.webp\"\/><\/p>\n<p><img decoding=\"async\" src=\"\/wp-content\/uploads\/factory-13.webp\"\/><\/p>\n<p><img decoding=\"async\" src=\"\/wp-content\/uploads\/factory-14.webp\"\/><\/p>\n<h2>PREGUNTAS FRECUENTES<\/h2>\n<p><p><b>1. \u00bfQu\u00e9 es una placa de se\u00f1al de aluminio mecanizada CNC?<\/b><\/p>\n<p>Una placa de se\u00f1alizaci\u00f3n de aluminio de mecanizado CNC es una placa de aluminio de ingenier\u00eda de precisi\u00f3n utilizada para se\u00f1alizaci\u00f3n, etiquetas y marcas, creada a trav\u00e9s de la tecnolog\u00eda de mecanizado CNC para una alta precisi\u00f3n.<br \/>\n<\/p><br \/>\n<br \/>\n<p><b>2.\u00bfPor qu\u00e9 elegir aluminio para las placas de se\u00f1alizaci\u00f3n?<\/b><\/p>\n<p>El aluminio es duradero, ligero y resistente a la corrosi\u00f3n, por lo que es un material ideal para las placas de se\u00f1alizaci\u00f3n que deben soportar entornos dif\u00edciles sin perder visibilidad.<br \/>\n<\/p><br \/>\n<br \/>\n<p><b>3.\u00bfQu\u00e9 precisi\u00f3n tiene el mecanizado CNC de placas de se\u00f1alizaci\u00f3n de aluminio?<\/b><\/p>\n<p>El mecanizado CNC garantiza una alta precisi\u00f3n, con tolerancias ajustadas y marcas o grabados claros que son fundamentales para las aplicaciones industriales y de se\u00f1alizaci\u00f3n.<br \/>\n<\/p><br \/>\n<br \/>\n<p><b>4. \u00bfSe pueden personalizar las placas de se\u00f1alizaci\u00f3n de aluminio con mecanizado CNC?<\/b><\/p>\n<p>S\u00ed, las placas de se\u00f1alizaci\u00f3n de aluminio mecanizadas por CNC pueden personalizarse f\u00e1cilmente en t\u00e9rminos de tama\u00f1o, dise\u00f1o y grabado para satisfacer requisitos espec\u00edficos para diversas aplicaciones.<br \/>\n<\/p><br \/>\n<br \/>\n<p><b>5. \u00bfQu\u00e9 industrias utilizan el mecanizado CNC de placas de se\u00f1alizaci\u00f3n de aluminio?<\/b><\/p>\n<p>Industrias como la fabricaci\u00f3n, la electr\u00f3nica, la automoci\u00f3n y la construcci\u00f3n utilizan placas de se\u00f1alizaci\u00f3n de aluminio mecanizado CNC para marcas y se\u00f1ales claras y duraderas.<br \/>\n<\/p><br \/>\n<br \/>\n<p><b>6. \u00bfCon qu\u00e9 rapidez se pueden producir las placas de se\u00f1al de aluminio mecanizadas por CNC?<\/b><\/p>\n<p>La producci\u00f3n de placas de se\u00f1alizaci\u00f3n de aluminio con mecanizado CNC es eficiente, ya que ofrece plazos de entrega r\u00e1pidos al tiempo que mantiene una alta calidad y precisi\u00f3n.<br \/>\n<\/p><br \/>\n<br \/>\n<p><b>7.\u00bfEs rentable el mecanizado CNC de placas de se\u00f1alizaci\u00f3n de aluminio?<\/b><\/p>\n<p>S\u00ed, el mecanizado CNC de placas de se\u00f1alizaci\u00f3n de aluminio proporciona una soluci\u00f3n rentable para una se\u00f1alizaci\u00f3n duradera y de alta calidad, ofreciendo precios competitivos tanto para peque\u00f1as como para grandes series de producci\u00f3n.<br \/>\n<\/p><br \/><\/p>","protected":false},"featured_media":8538,"template":"","categories":[68],"class_list":["post-8539","product","type-product","status-publish","has-post-thumbnail","hentry","category-cnc-machining-aluminum-profile"],"meta_box":{"hilight_text_group":{"product_hilight_text":"<li>High-precision CNC machining for aluminum signal plates<\/li>\r\r\n<li>Customizable designs for various signal plate applications<\/li>\r\r\n<li>Durable, lightweight, and corrosion-resistant aluminum material<\/li>\r\r\n<li>Clear, precise engraving and marking for enhanced visibility<\/li>\r\r\n<li>Cost-effective production with fast lead times<\/li>\r\r\n<li>Ideal for use in industrial, electronic, and signage applications<\/li>","product_chanpin_blog":"<ul>\r\r\n<li><a href=\"https:\/\/sinoextrud.com\/t-slot-v-slot-differences\/\" target=\"_blank\">t slot vs v slot<\/a><\/li>\r\r\n<li><a href=\"https:\/\/sinoextrud.com\/what-is-4040-aluminium-extrud\/\" target=\"_blank\">4040 aluminium extrusion<\/a><\/li>\r\r\n<li><a href=\"https:\/\/sinoextrud.com\/what-is-4040-aluminium-extrud\/\" target=\"_blank\">aluminum extrusions for industrial racks<\/a><\/li>\r\r\n<li><a href=\"https:\/\/sinoextrud.com\/powder-coating-aluminium-process\/\" target=\"_blank\">powder coating aluminium<\/a><\/li>\r\r\n<li><a href=\"https:\/\/sinoextrud.com\/what-is-an-aluminium-strip-ceiling\/\" target=\"_blank\">aluminium strip ceiling<\/a><\/li>\r\r\n<li><a href=\"https:\/\/sinoextrud.com\/what-is-a-heat-sink\/\" target=\"_blank\">what is a heat sink<\/a><\/li>\r\r\n<\/ul>","product_chanpin_chanpin":"<li><a href=\"https:\/\/sinoextrud.com\/product\/extruded-aluminum-heatsink-led-alloy-a6063-t5-extrusion-profiles-cutting-cnc-precision\/\" target=\"_blank\">extruded aluminum heatsink LED alloy a6063 t5 extrusion profiles cutting CNC precision<\/a><\/li>\r\n<li><a href=\"https:\/\/sinoextrud.com\/product\/aluminum-anodized-gold-ashtray\/\" target=\"_blank\">Aluminum Anodized Gold Ashtray<\/a><\/li>\r\n<li><a href=\"https:\/\/sinoextrud.com\/product\/aluminum-hydraulic-oil-tank\/\" target=\"_blank\">Aluminum Hydraulic Oil Tank<\/a><\/li>\r\n<li><a href=\"https:\/\/sinoextrud.com\/product\/machined-aluminum-rail-extrusion-profile-cnc-aviation-aluminum-gantry\/\" target=\"_blank\">Machined Aluminum Rail Extrusion Profile CNC Aviation Aluminum Gantry<\/a><\/li>\r\n<li><a href=\"https:\/\/sinoextrud.com\/product\/cnc-machining-aluminum-signal-plate\/\" target=\"_blank\">CNC Machining Aluminum Signal Plate<\/a><\/li>\r\n<li><a href=\"https:\/\/sinoextrud.com\/product\/aluminum-cnc-machining\/\" target=\"_blank\">Aluminum cnc machining<\/a><\/li>\r\n<li><a href=\"https:\/\/sinoextrud.com\/product\/aluminum-profile-cnc-machining\/\" target=\"_blank\">Aluminum Profile CNC Machining<\/a><\/li>\r\n<li><a href=\"https:\/\/sinoextrud.com\/product\/extruded-aluminum-cnc-part-with-precision-custom-cnc-machining\/\" target=\"_blank\">Extruded Aluminum CNC Part with Precision Custom CNC Machining<\/a><\/li>\r\n<li><a href=\"https:\/\/sinoextrud.com\/product\/item-modular-aluminium-profile-system\/\" target=\"_blank\">Item Modular Aluminium Profile System<\/a><\/li>\r\n<li><a href=\"https:\/\/sinoextrud.com\/product\/aluminum-frame-extrusion-profiles\/\" target=\"_blank\">Aluminum Frame Extrusion Profiles<\/a><\/li>\r\n<li><a href=\"https:\/\/sinoextrud.com\/product\/triangular-extruded-aluminum-tube\/\" target=\"_blank\">Triangular Extruded Aluminum Tube<\/a><\/li>"},"feature_list":[]},"_links":{"self":[{"href":"https:\/\/sinoextrud.com\/es\/wp-json\/wp\/v2\/product\/8539","targetHints":{"allow":["GET"]}}],"collection":[{"href":"https:\/\/sinoextrud.com\/es\/wp-json\/wp\/v2\/product"}],"about":[{"href":"https:\/\/sinoextrud.com\/es\/wp-json\/wp\/v2\/types\/product"}],"wp:featuredmedia":[{"embeddable":true,"href":"https:\/\/sinoextrud.com\/es\/wp-json\/wp\/v2\/media\/8538"}],"wp:attachment":[{"href":"https:\/\/sinoextrud.com\/es\/wp-json\/wp\/v2\/media?parent=8539"}],"wp:term":[{"taxonomy":"category","embeddable":true,"href":"https:\/\/sinoextrud.com\/es\/wp-json\/wp\/v2\/categories?post=8539"}],"curies":[{"name":"wp","href":"https:\/\/api.w.org\/{rel}","templated":true}]}}