{"id":8529,"date":"2025-06-17T01:59:28","date_gmt":"2025-06-17T01:59:28","guid":{"rendered":"https:\/\/sinoextrud.com\/product\/anodized-small-machining-aluminum-parts\/"},"modified":"2025-06-24T06:24:08","modified_gmt":"2025-06-24T06:24:08","slug":"anodizado-mecanizado-de-piezas-pequenas-de-aluminio","status":"publish","type":"product","link":"https:\/\/sinoextrud.com\/es\/product\/anodized-small-machining-aluminum-parts\/","title":{"rendered":"Mecanizado de piezas peque\u00f1as de aluminio anodizado"},"content":{"rendered":"<h2>Productos<\/h2>\n<table class=\"custom-table\">\n<tbody>\n<tr>\n<td> Art\u00edculo<\/td>\n<td> Mecanizado de piezas peque\u00f1as de aluminio anodizado<\/td>\n<\/tr>\n<tr>\n<td> Material<\/td>\n<td> Aluminio, lat\u00f3n, acero inoxidable, titanio<\/td>\n<\/tr>\n<tr>\n<td> Tratamiento de superficies<\/td>\n<td> Anodizado, oxidaci\u00f3n, niquelado, cincado, cromado, pulido a alto brillo<\/td>\n<\/tr>\n<tr>\n<td> Tolerancia<\/td>\n<td> \u00b10,02 mm<\/td>\n<\/tr>\n<tr>\n<td> di\u00e1metro&amp;longitud<\/td>\n<td> Seg\u00fan plano y muestra<\/td>\n<\/tr>\n<tr>\n<td> Tratamiento de superficies<\/td>\n<td> Acabado fresado, pintura en polvo, electroforesis, veteado de madera, anodizado, cepillado, pulido<\/td>\n<\/tr>\n<tr>\n<td> Norma de calidad<\/td>\n<td> ISO9001:2008<\/td>\n<\/tr>\n<tr>\n<td> Tipo<\/td>\n<td> Mecanizado CNC\/fresado\/torneado\/taladrado\/roscado\/brochado, etc.<\/td>\n<\/tr>\n<tr>\n<td> Equipos de inspecci\u00f3n<\/td>\n<td> Calibradores, Micr\u00f3metro, Alt\u00edmetro, Elemento cuadr\u00e1tico, Galga, Rugos\u00edmetro<\/td>\n<\/tr>\n<tr>\n<td> Formato del dibujo<\/td>\n<td> IGS, STP, AutoCAD2004-2010, etc.<\/td>\n<\/tr>\n<tr>\n<td> Embalaje<\/td>\n<td> Cart\u00f3n de exportaci\u00f3n est\u00e1ndar o seg\u00fan los requisitos del cliente<\/td>\n<\/tr>\n<tr>\n<td> Servicio OEM y ODM<\/td>\n<td> Servicios OEM y ODM disponibles<\/td>\n<\/tr>\n<tr>\n<td> Color<\/td>\n<td> para piezas de aluminio y acero inoxidable, cualquier color nos parece bien<\/td>\n<\/tr>\n<tr>\n<td> Logotipo<\/td>\n<td> Servicio de impresi\u00f3n de logotipos disponible<\/td>\n<\/tr>\n<\/tbody>\n<\/table>\n<h2>Nuestra base de fabricaci\u00f3n<\/h2>\n<h3>Panorama de la f\u00e1brica<\/h3>\n<p><img decoding=\"async\" src=\"\/wp-content\/uploads\/factory-01.webp\"\/><\/p>\n<h3>Taller de fabricaci\u00f3n de barras de aluminio<\/h3>\n<p><img decoding=\"async\" src=\"\/wp-content\/uploads\/factory-02.webp\"\/><\/p>\n<p><img decoding=\"async\" src=\"\/wp-content\/uploads\/factory-03.webp\"\/><\/p>\n<h3>Almac\u00e9n de moldes<\/h3>\n<p><img decoding=\"async\" src=\"\/wp-content\/uploads\/factory-04.webp\"\/><\/p>\n<h3>43 l\u00edneas de extrusi\u00f3n de aluminio (500-5500 toneladas)<\/h3>\n<p><img decoding=\"async\" src=\"\/wp-content\/uploads\/factory-05.webp\"\/><\/p>\n<p><img decoding=\"async\" src=\"\/wp-content\/uploads\/factory-06.webp\"\/><\/p>\n<p><img decoding=\"async\" src=\"\/wp-content\/uploads\/factory-07.webp\"\/><\/p>\n<h3>Taller de pintura en polvo<\/h3>\n<p><img decoding=\"async\" src=\"\/wp-content\/uploads\/factory-09.webp\"\/><\/p>\n<h3>Taller de anodizado<\/h3>\n<p><img decoding=\"async\" src=\"\/wp-content\/uploads\/factory-10.webp\"\/><\/p>\n<h3>Taller de procesamiento profundo<\/h3>\n<p><img decoding=\"async\" src=\"\/wp-content\/uploads\/factory-11.webp\"\/><\/p>\n<h3>Taller de mecanizado de precisi\u00f3n CNC<\/h3>\n<p><img decoding=\"async\" src=\"\/wp-content\/uploads\/factory-11.5.webp\"\/><\/p>\n<h3>Almac\u00e9n de productos acabados y de exportaci\u00f3n<\/h3>\n<p><img decoding=\"async\" src=\"\/wp-content\/uploads\/factory-12.webp\"\/><\/p>\n<p><img decoding=\"async\" src=\"\/wp-content\/uploads\/factory-13.webp\"\/><\/p>\n<p><img decoding=\"async\" src=\"\/wp-content\/uploads\/factory-14.webp\"\/><\/p>\n<h2>PREGUNTAS FRECUENTES<\/h2>\n<p><p><b>1. \u00bfQu\u00e9 son las piezas de aluminio anodizado de mecanizado peque\u00f1o?<\/b><\/p>\n<p>Las piezas de aluminio anodizado de mecanizado peque\u00f1o son componentes de aluminio mecanizados con precisi\u00f3n que se someten a un proceso de anodizado para mejorar la resistencia a la corrosi\u00f3n y la durabilidad de la superficie para diversas aplicaciones.<br \/>\n<\/p><br \/>\n<br \/>\n<p><b>2.\u00bfPor qu\u00e9 se utiliza el anodizado para las piezas de aluminio?<\/b><\/p>\n<p>El anodizado mejora la dureza de la superficie, la resistencia a la corrosi\u00f3n y el aspecto de las piezas de aluminio, haci\u00e9ndolas ideales para su uso en entornos dif\u00edciles y aplicaciones que requieren durabilidad.<br \/>\n<\/p><br \/>\n<br \/>\n<p><b>3.\u00bfQu\u00e9 tan precisas son las piezas de aluminio anodizado de mecanizado peque\u00f1o?<\/b><\/p>\n<p>Las piezas de aluminio anodizado de mecanizado peque\u00f1o se fabrican con gran precisi\u00f3n, ofreciendo tolerancias estrechas y detalles finos, ideales para componentes complejos y de peque\u00f1o tama\u00f1o.<br \/>\n<\/p><br \/>\n<br \/>\n<p><b>4. \u00bfSe pueden personalizar las piezas peque\u00f1as de aluminio anodizado?<\/b><\/p>\n<p>S\u00ed, estas piezas de aluminio pueden personalizarse f\u00e1cilmente en t\u00e9rminos de tama\u00f1o, forma y dise\u00f1o para satisfacer las necesidades espec\u00edficas de cada proyecto, garantizando un ajuste perfecto para diversas aplicaciones.<br \/>\n<\/p><br \/>\n<br \/>\n<p><b>5. \u00bfQu\u00e9 industrias se benefician del mecanizado de piezas peque\u00f1as de aluminio anodizado?<\/b><\/p>\n<p>Industrias como la aeroespacial, la automoci\u00f3n, la electr\u00f3nica y los dispositivos m\u00e9dicos se benefician de las piezas de aluminio anodizado de peque\u00f1o mecanizado por su resistencia, durabilidad y resistencia a la corrosi\u00f3n.<br \/>\n<\/p><br \/>\n<br \/>\n<p><b>6.\u00bfCu\u00e1nto dura el proceso de anodizado de las piezas de aluminio?<\/b><\/p>\n<p>El proceso de anodizado es relativamente r\u00e1pido y mejora la superficie de la pieza de aluminio sin afectar a su precisi\u00f3n, lo que garantiza tiempos de producci\u00f3n r\u00e1pidos para componentes peque\u00f1os.<br \/>\n<\/p><br \/>\n<br \/>\n<p><b>7.\u00bfSon rentables las piezas de aluminio anodizado de peque\u00f1o mecanizado?<\/b><\/p>\n<p>S\u00ed, las piezas de aluminio anodizado de mecanizado peque\u00f1o son rentables gracias a su durabilidad, sus bajos requisitos de mantenimiento y sus eficaces procesos de fabricaci\u00f3n, y ofrecen valor para diversas aplicaciones industriales.<br \/>\n<\/p><br \/><\/p>","protected":false},"featured_media":8528,"template":"","categories":[68],"class_list":["post-8529","product","type-product","status-publish","has-post-thumbnail","hentry","category-cnc-machining-aluminum-profile"],"meta_box":{"hilight_text_group":{"product_hilight_text":"<li>High durability and corrosion resistance through anodizing<\/li>\r\r\n<li>Precision machining for small, intricate aluminum parts<\/li>\r\r\n<li>Customizable sizes and designs to meet specific requirements<\/li>\r\r\n<li>Lightweight and strong aluminum material, perfect for various applications<\/li>\r\r\n<li>Superior surface finish for improved aesthetics and functionality<\/li>\r\r\n<li>Cost-effective production with fast turnaround times for small parts<\/li>","product_chanpin_blog":"<ul>\r\r\n<li><a href=\"https:\/\/sinoextrud.com\/t-slot-v-slot-differences\/\" target=\"_blank\">t slot vs v slot<\/a><\/li>\r\r\n<li><a href=\"https:\/\/sinoextrud.com\/what-is-4040-aluminium-extrud\/\" target=\"_blank\">4040 aluminium extrusion<\/a><\/li>\r\r\n<li><a href=\"https:\/\/sinoextrud.com\/what-is-4040-aluminium-extrud\/\" target=\"_blank\">aluminum extrusions for industrial racks<\/a><\/li>\r\r\n<li><a href=\"https:\/\/sinoextrud.com\/powder-coating-aluminium-process\/\" target=\"_blank\">powder coating aluminium<\/a><\/li>\r\r\n<li><a href=\"https:\/\/sinoextrud.com\/what-is-an-aluminium-strip-ceiling\/\" target=\"_blank\">aluminium strip ceiling<\/a><\/li>\r\r\n<li><a href=\"https:\/\/sinoextrud.com\/what-is-a-heat-sink\/\" target=\"_blank\">what is a heat sink<\/a><\/li>\r\r\n<\/ul>","product_chanpin_chanpin":"<li><a href=\"https:\/\/sinoextrud.com\/product\/aluminum-cnc-punching-parts\/\" target=\"_blank\">Aluminum CNC Punching Parts<\/a><\/li>\r\n<li><a href=\"https:\/\/sinoextrud.com\/product\/factory-cnc-precision-aluminum-parts\/\" target=\"_blank\">Factory Cnc Precision Aluminum Parts<\/a><\/li>\r\n<li><a href=\"https:\/\/sinoextrud.com\/product\/extruded-aluminium-housing\/\" target=\"_blank\">Extruded Aluminium Housing<\/a><\/li>\r\n<li><a href=\"https:\/\/sinoextrud.com\/product\/aluminum-panel-outlet-socket\/\" target=\"_blank\">Aluminum Panel Outlet Socket<\/a><\/li>\r\n<li><a href=\"https:\/\/sinoextrud.com\/product\/anodized-small-machining-aluminum-parts\/\" target=\"_blank\">Anodized Small Machining Aluminum Parts<\/a><\/li>\r\n<li><a href=\"https:\/\/sinoextrud.com\/product\/extruded-aluminum-heatsink-led-alloy-a6063-t5-extrusion-profiles-cutting-cnc-precision\/\" target=\"_blank\">extruded aluminum heatsink LED alloy a6063 t5 extrusion profiles cutting CNC precision<\/a><\/li>\r\n<li><a href=\"https:\/\/sinoextrud.com\/product\/aluminum-anodized-gold-ashtray\/\" target=\"_blank\">Aluminum Anodized Gold Ashtray<\/a><\/li>\r\n<li><a href=\"https:\/\/sinoextrud.com\/product\/aluminum-hydraulic-oil-tank\/\" target=\"_blank\">Aluminum Hydraulic Oil Tank<\/a><\/li>\r\n<li><a href=\"https:\/\/sinoextrud.com\/product\/machined-aluminum-rail-extrusion-profile-cnc-aviation-aluminum-gantry\/\" target=\"_blank\">Machined Aluminum Rail Extrusion Profile CNC Aviation Aluminum Gantry<\/a><\/li>\r\n<li><a href=\"https:\/\/sinoextrud.com\/product\/aluminium-transport-extrusions\/\" target=\"_blank\">Aluminium Transport Extrusions<\/a><\/li>\r\n<li><a href=\"https:\/\/sinoextrud.com\/product\/extruded-manufacturer-aluminum-profile-heatsink\/\" target=\"_blank\">Extruded Manufacturer Aluminum Profile Heatsink<\/a><\/li>"},"feature_list":[]},"_links":{"self":[{"href":"https:\/\/sinoextrud.com\/es\/wp-json\/wp\/v2\/product\/8529","targetHints":{"allow":["GET"]}}],"collection":[{"href":"https:\/\/sinoextrud.com\/es\/wp-json\/wp\/v2\/product"}],"about":[{"href":"https:\/\/sinoextrud.com\/es\/wp-json\/wp\/v2\/types\/product"}],"wp:featuredmedia":[{"embeddable":true,"href":"https:\/\/sinoextrud.com\/es\/wp-json\/wp\/v2\/media\/8528"}],"wp:attachment":[{"href":"https:\/\/sinoextrud.com\/es\/wp-json\/wp\/v2\/media?parent=8529"}],"wp:term":[{"taxonomy":"category","embeddable":true,"href":"https:\/\/sinoextrud.com\/es\/wp-json\/wp\/v2\/categories?post=8529"}],"curies":[{"name":"wp","href":"https:\/\/api.w.org\/{rel}","templated":true}]}}