{"id":8527,"date":"2025-06-17T01:57:39","date_gmt":"2025-06-17T01:57:39","guid":{"rendered":"https:\/\/sinoextrud.com\/product\/aluminum-panel-outlet-socket\/"},"modified":"2025-06-24T06:24:08","modified_gmt":"2025-06-24T06:24:08","slug":"panel-de-aluminio-toma-de-corriente","status":"publish","type":"product","link":"https:\/\/sinoextrud.com\/es\/product\/aluminum-panel-outlet-socket\/","title":{"rendered":"Toma de salida de panel de aluminio"},"content":{"rendered":"<h2>Productos<\/h2>\n<table class=\"custom-table\">\n<tbody>\n<tr>\n<td> Nombre del producto<\/td>\n<td> Toma de corriente del panel de aluminio     <\/td>\n<\/tr>\n<tr>\n<td> Material<\/td>\n<td> 6063, 6061, 6043, 6082 Aleaci\u00f3n de aluminio<\/td>\n<\/tr>\n<tr>\n<td> Color<\/td>\n<td> Personalizado<\/td>\n<\/tr>\n<tr>\n<td> Est\u00e1ndar<\/td>\n<td> GB2008<\/td>\n<\/tr>\n<tr>\n<td> Grado<\/td>\n<td> Serie 6000<\/td>\n<\/tr>\n<tr>\n<td> Espesor<\/td>\n<td> Personalizado<\/td>\n<\/tr>\n<tr>\n<td> Utilizaci\u00f3n<\/td>\n<td> Decoraci\u00f3n<\/td>\n<\/tr>\n<tr>\n<td> Temple<\/td>\n<td> T3-T8<\/td>\n<\/tr>\n<tr>\n<td> Longitud<\/td>\n<td> Personalizado<\/td>\n<\/tr>\n<tr>\n<td> Tratamiento de superficies<\/td>\n<td> Pintura en polvo, acabado de fresado, PVDF, anodizado, grano de madera, pulido, cepillado, etc.<\/td>\n<\/tr>\n<tr>\n<td> Orgin<\/td>\n<td> CHINA<\/td>\n<\/tr>\n<tr>\n<td> Es de aleaci\u00f3n o no<\/td>\n<td> Es aleaci\u00f3n<\/td>\n<\/tr>\n<tr>\n<td> Puerto<\/td>\n<td> Guangzhou, Shenzhen, Foshan<\/td>\n<\/tr>\n<\/tbody>\n<\/table>\n<h2>Nuestra base de fabricaci\u00f3n<\/h2>\n<h3>Panorama de la f\u00e1brica<\/h3>\n<p><img decoding=\"async\" src=\"\/wp-content\/uploads\/factory-01.webp\"\/><\/p>\n<h3>Taller de fabricaci\u00f3n de barras de aluminio<\/h3>\n<p><img decoding=\"async\" src=\"\/wp-content\/uploads\/factory-02.webp\"\/><\/p>\n<p><img decoding=\"async\" src=\"\/wp-content\/uploads\/factory-03.webp\"\/><\/p>\n<h3>Almac\u00e9n de moldes<\/h3>\n<p><img decoding=\"async\" src=\"\/wp-content\/uploads\/factory-04.webp\"\/><\/p>\n<h3>43 L\u00c3neas de extrusi\u00c3\u00b3n de aluminio (500\u00e2\u20ac\"5500 toneladas)<\/h3>\n<p><img decoding=\"async\" src=\"\/wp-content\/uploads\/factory-05.webp\"\/><\/p>\n<p><img decoding=\"async\" src=\"\/wp-content\/uploads\/factory-06.webp\"\/><\/p>\n<p><img decoding=\"async\" src=\"\/wp-content\/uploads\/factory-07.webp\"\/><\/p>\n<h3>Taller de pintura en polvo<\/h3>\n<p><img decoding=\"async\" src=\"\/wp-content\/uploads\/factory-09.webp\"\/><\/p>\n<h3>Taller de anodizado<\/h3>\n<p><img decoding=\"async\" src=\"\/wp-content\/uploads\/factory-10.webp\"\/><\/p>\n<h3>Taller de procesamiento profundo<\/h3>\n<p><img decoding=\"async\" src=\"\/wp-content\/uploads\/factory-11.webp\"\/><\/p>\n<h3>Taller de mecanizado de precisi\u00f3n CNC<\/h3>\n<p><img decoding=\"async\" src=\"\/wp-content\/uploads\/factory-11.5.webp\"\/><\/p>\n<h3>Almac\u00e9n de productos acabados y de exportaci\u00f3n<\/h3>\n<p><img decoding=\"async\" src=\"\/wp-content\/uploads\/factory-12.webp\"\/><\/p>\n<p><img decoding=\"async\" src=\"\/wp-content\/uploads\/factory-13.webp\"\/><\/p>\n<p><img decoding=\"async\" src=\"\/wp-content\/uploads\/factory-14.webp\"\/><\/p>\n<h2>PREGUNTAS FRECUENTES<\/h2>\n<p><p><b>1. \u00bfQu\u00e9 es una toma de corriente de aluminio?<\/b><\/p>\n<p>Una toma de corriente para paneles de aluminio es una toma el\u00e9ctrica duradera y ligera dise\u00f1ada para su instalaci\u00f3n en paneles de aluminio, que proporciona conexiones el\u00e9ctricas fiables para diversas aplicaciones.<br \/>\n<\/p><br \/>\n<br \/>\n<p><b>2.\u00bfPor qu\u00e9 se utiliza el aluminio para las tomas de corriente de los paneles?<\/b><\/p>\n<p>El aluminio es resistente a la corrosi\u00f3n, ligero y duradero, por lo que es un material ideal para las tomas de corriente de paneles que requieren un rendimiento duradero en diversos entornos.<br \/>\n<\/p><br \/>\n<br \/>\n<p><b>3. \u00bfCu\u00e1l es el nivel de seguridad de las tomas de corriente de aluminio?<\/b><\/p>\n<p>Las tomas de corriente de aluminio para paneles est\u00e1n dise\u00f1adas pensando en la seguridad, ofrecen una conductividad el\u00e9ctrica de alta calidad y cumplen estrictas normas de seguridad para un funcionamiento fiable y seguro.<br \/>\n<\/p><br \/>\n<br \/>\n<p><b>4.\u00bfSe pueden personalizar las tomas de aluminio para panel de salida?<\/b><\/p>\n<p>S\u00ed, las tomas de corriente de los paneles de aluminio pueden personalizarse en cuanto a tama\u00f1o, dise\u00f1o y configuraci\u00f3n para adaptarse a los requisitos espec\u00edficos de diferentes proyectos o instalaciones.<br \/>\n<\/p><br \/>\n<br \/>\n<p><b>5. \u00bfQu\u00e9 industrias utilizan las tomas de corriente de aluminio para paneles?<\/b><\/p>\n<p>Las tomas de corriente con panel de aluminio se utilizan ampliamente en sectores como las instalaciones el\u00e9ctricas residenciales, comerciales e industriales debido a su durabilidad y facilidad de instalaci\u00f3n.<br \/>\n<\/p><br \/>\n<br \/>\n<p><b>6. \u00bfEs f\u00e1cil instalar una toma de corriente de aluminio?<\/b><\/p>\n<p>Las tomas de corriente de aluminio para panel est\u00e1n dise\u00f1adas para una instalaci\u00f3n r\u00e1pida y sencilla, lo que proporciona un proceso de configuraci\u00f3n sencillo con un mantenimiento m\u00ednimo.<br \/>\n<\/p><br \/>\n<br \/>\n<p><b>7.\u00bfSon rentables las tomas de corriente de aluminio para paneles?<\/b><\/p>\n<p>S\u00ed, las tomas de corriente de aluminio para paneles son rentables, ya que ofrecen una excelente durabilidad, un bajo mantenimiento y un rendimiento duradero a un precio competitivo para diversas aplicaciones.<br \/>\n<\/p><br \/><\/p>","protected":false},"featured_media":8526,"template":"","categories":[68],"class_list":["post-8527","product","type-product","status-publish","has-post-thumbnail","hentry","category-cnc-machining-aluminum-profile"],"meta_box":{"hilight_text_group":{"product_hilight_text":"<li>Durable and lightweight aluminum panel outlet socket<\/li>\r\r\n<li>Corrosion-resistant and long-lasting material for various environments<\/li>\r\r\n<li>Easy installation and maintenance for quick setup<\/li>\r\r\n<li>Compact design suitable for residential, commercial, and industrial applications<\/li>\r\r\n<li>High-quality electrical conductivity and safe operation<\/li>\r\r\n<li>Customizable sizes and configurations to meet specific needs<\/li>","product_chanpin_blog":"<ul>\r\r\n<li><a href=\"https:\/\/sinoextrud.com\/t-slot-v-slot-differences\/\" target=\"_blank\">t slot vs v slot<\/a><\/li>\r\r\n<li><a href=\"https:\/\/sinoextrud.com\/what-is-4040-aluminium-extrud\/\" target=\"_blank\">4040 aluminium extrusion<\/a><\/li>\r\r\n<li><a href=\"https:\/\/sinoextrud.com\/what-is-4040-aluminium-extrud\/\" target=\"_blank\">aluminum extrusions for industrial racks<\/a><\/li>\r\r\n<li><a href=\"https:\/\/sinoextrud.com\/powder-coating-aluminium-process\/\" target=\"_blank\">powder coating aluminium<\/a><\/li>\r\r\n<li><a href=\"https:\/\/sinoextrud.com\/what-is-an-aluminium-strip-ceiling\/\" target=\"_blank\">aluminium strip ceiling<\/a><\/li>\r\r\n<li><a href=\"https:\/\/sinoextrud.com\/what-is-a-heat-sink\/\" target=\"_blank\">what is a heat sink<\/a><\/li>\r\r\n<\/ul>","product_chanpin_chanpin":"<li><a href=\"https:\/\/sinoextrud.com\/product\/aluminium-extrusion-enclosure\/\" target=\"_blank\">Aluminium Extrusion Enclosure<\/a><\/li>\r\n<li><a href=\"https:\/\/sinoextrud.com\/product\/aluminum-cnc-punching-parts\/\" target=\"_blank\">Aluminum CNC Punching Parts<\/a><\/li>\r\n<li><a href=\"https:\/\/sinoextrud.com\/product\/factory-cnc-precision-aluminum-parts\/\" target=\"_blank\">Factory Cnc Precision Aluminum Parts<\/a><\/li>\r\n<li><a href=\"https:\/\/sinoextrud.com\/product\/extruded-aluminium-housing\/\" target=\"_blank\">Extruded Aluminium Housing<\/a><\/li>\r\n<li><a href=\"https:\/\/sinoextrud.com\/product\/aluminum-panel-outlet-socket\/\" target=\"_blank\">Aluminum Panel Outlet Socket<\/a><\/li>\r\n<li><a href=\"https:\/\/sinoextrud.com\/product\/anodized-small-machining-aluminum-parts\/\" target=\"_blank\">Anodized Small Machining Aluminum Parts<\/a><\/li>\r\n<li><a href=\"https:\/\/sinoextrud.com\/product\/extruded-aluminum-heatsink-led-alloy-a6063-t5-extrusion-profiles-cutting-cnc-precision\/\" target=\"_blank\">extruded aluminum heatsink LED alloy a6063 t5 extrusion profiles cutting CNC precision<\/a><\/li>\r\n<li><a href=\"https:\/\/sinoextrud.com\/product\/aluminum-anodized-gold-ashtray\/\" target=\"_blank\">Aluminum Anodized Gold Ashtray<\/a><\/li>\r\n<li><a href=\"https:\/\/sinoextrud.com\/product\/aluminum-hydraulic-oil-tank\/\" target=\"_blank\">Aluminum Hydraulic Oil Tank<\/a><\/li>\r\n<li><a href=\"https:\/\/sinoextrud.com\/product\/aluminium-tube-suppliers-offer-extruded-aluminium-square-tube-profile-with-anodized-powder-coating-surface-treatment\/\" target=\"_blank\">Aluminium Tube Suppliers Offer Extruded Aluminium Square Tube Profile With Anodized Powder Coating Surface Treatment<\/a><\/li>\r\n<li><a href=\"https:\/\/sinoextrud.com\/product\/aluminum-electronic-enclosure-heatsink\/\" target=\"_blank\">Aluminum Electronic Enclosure heatsink<\/a><\/li>"},"feature_list":[]},"_links":{"self":[{"href":"https:\/\/sinoextrud.com\/es\/wp-json\/wp\/v2\/product\/8527","targetHints":{"allow":["GET"]}}],"collection":[{"href":"https:\/\/sinoextrud.com\/es\/wp-json\/wp\/v2\/product"}],"about":[{"href":"https:\/\/sinoextrud.com\/es\/wp-json\/wp\/v2\/types\/product"}],"wp:featuredmedia":[{"embeddable":true,"href":"https:\/\/sinoextrud.com\/es\/wp-json\/wp\/v2\/media\/8526"}],"wp:attachment":[{"href":"https:\/\/sinoextrud.com\/es\/wp-json\/wp\/v2\/media?parent=8527"}],"wp:term":[{"taxonomy":"category","embeddable":true,"href":"https:\/\/sinoextrud.com\/es\/wp-json\/wp\/v2\/categories?post=8527"}],"curies":[{"name":"wp","href":"https:\/\/api.w.org\/{rel}","templated":true}]}}