{"id":8523,"date":"2025-06-17T01:50:30","date_gmt":"2025-06-17T01:50:30","guid":{"rendered":"https:\/\/sinoextrud.com\/product\/factory-cnc-precision-aluminum-parts\/"},"modified":"2025-06-24T06:24:08","modified_gmt":"2025-06-24T06:24:08","slug":"piezas-de-aluminio-de-precision-cnc-de-fabrica","status":"publish","type":"product","link":"https:\/\/sinoextrud.com\/es\/product\/factory-cnc-precision-aluminum-parts\/","title":{"rendered":"Piezas de aluminio de precisi\u00f3n CNC de f\u00e1brica"},"content":{"rendered":"<h2>Productos<\/h2>\n<table class=\"custom-table\">\n<tr>\n<td class=\"label\">Material<\/td>\n<td>Aluminio, lat\u00f3n, acero inoxidable, titanio<\/td>\n<\/tr>\n<tr>\n<td class=\"label\">Tratamiento de superficies<\/td>\n<td>Anodizado, oxidaci\u00f3n, niquelado, cincado, cromado, pulido a alto brillo<\/td>\n<\/tr>\n<tr>\n<td class=\"label\">Tolerancia<\/td>\n<td>\u00b10,02 mm<\/td>\n<\/tr>\n<tr>\n<td class=\"label\">Norma de calidad<\/td>\n<td>ISO9001:2008<\/td>\n<\/tr>\n<tr>\n<td class=\"label\">Equipos de inspecci\u00f3n<\/td>\n<td>Calibradores, micr\u00f3metros, alt\u00edmetros, cu\u00e1druple elemento, calibre, rugos\u00edmetro<\/td>\n<\/tr>\n<tr>\n<td class=\"label\">Formato del dibujo<\/td>\n<td>IGS, STP, AutoCAD2004-2010, etc.<\/td>\n<\/tr>\n<tr>\n<td class=\"label\">Embalaje<\/td>\n<td>Cart\u00f3n de exportaci\u00f3n est\u00e1ndar o seg\u00fan los requisitos del cliente<\/td>\n<\/tr>\n<tr>\n<td class=\"label\">Servicio OEM y ODM<\/td>\n<td>Servicios OEM y ODM disponibles<\/td>\n<\/tr>\n<tr>\n<td class=\"label\">Color<\/td>\n<td>para piezas de aluminio y acero inoxidable, cualquier color nos parece bien<\/td>\n<\/tr>\n<tr>\n<td class=\"label\">Logotipo<\/td>\n<td>Servicio de impresi\u00f3n de logotipos disponible<\/td>\n<\/tr>\n<\/table>\n<h2>Nuestra base de fabricaci\u00f3n<\/h2>\n<h3>Panorama de la f\u00e1brica<\/h3>\n<p><img decoding=\"async\" src=\"\/wp-content\/uploads\/factory-01.webp\"\/><\/p>\n<h3>Taller de fabricaci\u00f3n de barras de aluminio<\/h3>\n<p><img decoding=\"async\" src=\"\/wp-content\/uploads\/factory-02.webp\"\/><\/p>\n<\/p>\n<p><img decoding=\"async\" src=\"\/wp-content\/uploads\/factory-03.webp\"\/><\/p>\n<h3>Almac\u00e9n de moldes<\/h3>\n<p><img decoding=\"async\" src=\"\/wp-content\/uploads\/factory-04.webp\"\/><\/p>\n<h3>43 l\u00edneas de extrusi\u00f3n de aluminio (500-5500 toneladas)<\/h3>\n<p><img decoding=\"async\" src=\"\/wp-content\/uploads\/factory-05.webp\"\/><\/p>\n<p><img decoding=\"async\" src=\"\/wp-content\/uploads\/factory-06.webp\"\/><\/p>\n<p><img decoding=\"async\" src=\"\/wp-content\/uploads\/factory-07.webp\"\/><\/p>\n<h3>Taller de pintura en polvo<\/h3>\n<p><img decoding=\"async\" src=\"\/wp-content\/uploads\/factory-09.webp\"\/><\/p>\n<h3>Taller de anodizado<\/h3>\n<p><img decoding=\"async\" src=\"\/wp-content\/uploads\/factory-10.webp\"\/><\/p>\n<h3>Taller de procesamiento profundo<\/h3>\n<p><img decoding=\"async\" src=\"\/wp-content\/uploads\/factory-11.webp\"\/><\/p>\n<h3>Taller de mecanizado de precisi\u00f3n CNC<\/h3>\n<p><img decoding=\"async\" src=\"\/wp-content\/uploads\/factory-11.5.webp\"\/><\/p>\n<h3>Almac\u00e9n de productos acabados y de exportaci\u00f3n<\/h3>\n<p><img decoding=\"async\" src=\"\/wp-content\/uploads\/factory-12.webp\"\/><\/p>\n<p><img decoding=\"async\" src=\"\/wp-content\/uploads\/factory-13.webp\"\/><\/p>\n<p><img decoding=\"async\" src=\"\/wp-content\/uploads\/factory-14.webp\"\/><\/p>\n<h2>PREGUNTAS FRECUENTES<\/h2>\n<p><b>1. \u00bfQu\u00e9 son las piezas de aluminio de precisi\u00f3n CNC de f\u00e1brica?<\/b><\/p>\n<p>Las piezas de aluminio de precisi\u00f3n CNC de f\u00e1brica son componentes de aluminio fabricados a medida con tecnolog\u00eda de mecanizado CNC, que garantizan una alta precisi\u00f3n y durabilidad para una amplia gama de aplicaciones industriales.\n<\/p>\n<p><\/p>\n<p><b>2.\u00bfPor qu\u00e9 elegir aluminio para piezas de precisi\u00f3n CNC?<\/b><\/p>\n<p>El aluminio es ligero, fuerte, resistente a la corrosi\u00f3n y ofrece una excelente mecanizabilidad, lo que lo convierte en un material ideal para piezas CNC de precisi\u00f3n.\n<\/p>\n<p><\/p>\n<p><b>3. \u00bfQu\u00e9 tan precisas son las piezas de aluminio de precisi\u00f3n CNC de f\u00e1brica?<\/b><\/p>\n<p>Las piezas de aluminio de precisi\u00f3n CNC de f\u00e1brica se producen con gran exactitud, cumpliendo estrictas tolerancias y garantizando un rendimiento superior en diversas aplicaciones.\n<\/p>\n<p><\/p>\n<p><b>4. \u00bfPueden las piezas de aluminio de precisi\u00f3n CNC ser personalizadas?<\/b><\/p>\n<p>S\u00ed, estas piezas de aluminio pueden personalizarse f\u00e1cilmente para cumplir requisitos espec\u00edficos de dise\u00f1o y dimensiones, lo que proporciona flexibilidad para diversas aplicaciones.\n<\/p>\n<p><\/p>\n<p><b>5. \u00bfQu\u00e9 industrias se benefician de las piezas de aluminio de precisi\u00f3n CNC de f\u00e1brica?<\/b><\/p>\n<p>Industrias como la aeroespacial, automovil\u00edstica, electr\u00f3nica y manufacturera se benefician de estas piezas de precisi\u00f3n por su resistencia, durabilidad y ligereza.\n<\/p>\n<p><\/p>\n<p><b>6.\u00bfQu\u00e9 tan r\u00e1pida es la producci\u00f3n de piezas de aluminio de precisi\u00f3n CNC de f\u00e1brica?<\/b><\/p>\n<p>El proceso de producci\u00f3n de piezas de aluminio de precisi\u00f3n CNC es eficaz y ofrece plazos de entrega r\u00e1pidos para cumplir los ajustados plazos de los proyectos.\n<\/p>\n<p><\/p>\n<p><b>7.\u00bfSon rentables las piezas de aluminio de precisi\u00f3n CNC de f\u00e1brica?<\/b><\/p>\n<p>S\u00ed, el proceso de producci\u00f3n de estas piezas es rentable, lo que permite a las empresas obtener componentes de alta calidad a precios competitivos sin sacrificar la precisi\u00f3n.\n<\/p>\n<p><\/p>","protected":false},"featured_media":8522,"template":"","categories":[68],"class_list":["post-8523","product","type-product","status-publish","has-post-thumbnail","hentry","category-cnc-machining-aluminum-profile"],"meta_box":{"hilight_text_group":{"product_hilight_text":"<li>High-precision CNC machining for aluminum parts<\/li>\r\r\n<li>Customizable designs to fit various industrial needs<\/li>\r\r\n<li>Cost-effective production with quick turnaround times<\/li>\r\r\n<li>Durable and lightweight aluminum material<\/li>\r\r\n<li>Suitable for a wide range of applications, including aerospace, automotive, and electronics<\/li>\r\r\n<li>High-quality surface finish with excellent dimensional accuracy<\/li>","product_chanpin_blog":"<ul>\r\r\n<li><a href=\"https:\/\/sinoextrud.com\/t-slot-v-slot-differences\/\" target=\"_blank\">t slot vs v slot<\/a><\/li>\r\r\n<li><a href=\"https:\/\/sinoextrud.com\/what-is-4040-aluminium-extrud\/\" target=\"_blank\">4040 aluminium extrusion<\/a><\/li>\r\r\n<li><a href=\"https:\/\/sinoextrud.com\/what-is-4040-aluminium-extrud\/\" target=\"_blank\">aluminum extrusions for industrial racks<\/a><\/li>\r\r\n<li><a href=\"https:\/\/sinoextrud.com\/powder-coating-aluminium-process\/\" target=\"_blank\">powder coating aluminium<\/a><\/li>\r\r\n<li><a href=\"https:\/\/sinoextrud.com\/what-is-an-aluminium-strip-ceiling\/\" target=\"_blank\">aluminium strip ceiling<\/a><\/li>\r\r\n<li><a href=\"https:\/\/sinoextrud.com\/what-is-a-heat-sink\/\" target=\"_blank\">what is a heat sink<\/a><\/li>\r\r\n<\/ul>","product_chanpin_chanpin":"<li><a href=\"https:\/\/sinoextrud.com\/product\/aluminum-cnc-profile\/\" target=\"_blank\">Aluminum CNC Profile<\/a><\/li>\r\n<li><a href=\"https:\/\/sinoextrud.com\/product\/extruded-aluminium-case\/\" target=\"_blank\">Extruded Aluminium Case<\/a><\/li>\r\n<li><a href=\"https:\/\/sinoextrud.com\/product\/aluminium-extrusion-enclosure\/\" target=\"_blank\">Aluminium Extrusion Enclosure<\/a><\/li>\r\n<li><a href=\"https:\/\/sinoextrud.com\/product\/aluminum-cnc-punching-parts\/\" target=\"_blank\">Aluminum CNC Punching Parts<\/a><\/li>\r\n<li><a href=\"https:\/\/sinoextrud.com\/product\/factory-cnc-precision-aluminum-parts\/\" target=\"_blank\">Factory Cnc Precision Aluminum Parts<\/a><\/li>\r\n<li><a href=\"https:\/\/sinoextrud.com\/product\/extruded-aluminium-housing\/\" target=\"_blank\">Extruded Aluminium Housing<\/a><\/li>\r\n<li><a href=\"https:\/\/sinoextrud.com\/product\/aluminum-panel-outlet-socket\/\" target=\"_blank\">Aluminum Panel Outlet Socket<\/a><\/li>\r\n<li><a href=\"https:\/\/sinoextrud.com\/product\/anodized-small-machining-aluminum-parts\/\" target=\"_blank\">Anodized Small Machining Aluminum Parts<\/a><\/li>\r\n<li><a href=\"https:\/\/sinoextrud.com\/product\/extruded-aluminum-heatsink-led-alloy-a6063-t5-extrusion-profiles-cutting-cnc-precision\/\" target=\"_blank\">extruded aluminum heatsink LED alloy a6063 t5 extrusion profiles cutting CNC precision<\/a><\/li>\r\n<li><a href=\"https:\/\/sinoextrud.com\/product\/20-year-warranty-6061-6063-aluminum-wood-grain-look-aluminum-extruded-square-rectangular-tube\/\" target=\"_blank\">20-Year Warranty 6061 6063 Aluminum Wood Grain Look Aluminum Extruded Square Rectangular Tube<\/a><\/li>\r\n<li><a href=\"https:\/\/sinoextrud.com\/product\/aluminum-extrusion-hard-anodizing-aluminum-profiles\/\" target=\"_blank\">Aluminum Extrusion Hard Anodizing Aluminum Profiles<\/a><\/li>"},"feature_list":[]},"_links":{"self":[{"href":"https:\/\/sinoextrud.com\/es\/wp-json\/wp\/v2\/product\/8523","targetHints":{"allow":["GET"]}}],"collection":[{"href":"https:\/\/sinoextrud.com\/es\/wp-json\/wp\/v2\/product"}],"about":[{"href":"https:\/\/sinoextrud.com\/es\/wp-json\/wp\/v2\/types\/product"}],"wp:featuredmedia":[{"embeddable":true,"href":"https:\/\/sinoextrud.com\/es\/wp-json\/wp\/v2\/media\/8522"}],"wp:attachment":[{"href":"https:\/\/sinoextrud.com\/es\/wp-json\/wp\/v2\/media?parent=8523"}],"wp:term":[{"taxonomy":"category","embeddable":true,"href":"https:\/\/sinoextrud.com\/es\/wp-json\/wp\/v2\/categories?post=8523"}],"curies":[{"name":"wp","href":"https:\/\/api.w.org\/{rel}","templated":true}]}}