{"id":8479,"date":"2025-06-16T13:16:49","date_gmt":"2025-06-16T13:16:49","guid":{"rendered":"https:\/\/sinoextrud.com\/product\/aluminium-cnc-factory-punching-extrusion-profile-tubing-sizes-oem\/"},"modified":"2025-06-24T06:23:59","modified_gmt":"2025-06-24T06:23:59","slug":"cnc-fabrica-de-aluminio-punzonado-extrusion-perfil-tuberia-tamanos-oem","status":"publish","type":"product","link":"https:\/\/sinoextrud.com\/es\/product\/aluminium-cnc-factory-punching-extrusion-profile-tubing-sizes-oem\/","title":{"rendered":"cnc de aluminio de la f\u00e1brica de punzonado de extrusi\u00f3n de tubos de perfil tama\u00f1os OEM"},"content":{"rendered":"<h2>Productos<\/h2>\n<table class=\"custom-table\">\n<tr>\n<td class=\"label\">M\u00e9todo de fundici\u00f3n a presi\u00f3n:<\/td>\n<td> aluminio cnc<\/td>\n<\/tr>\n<tr>\n<td class=\"label\">Mecanizado:<\/td>\n<td> Mecanizado CNC<\/td>\n<\/tr>\n<tr>\n<td class=\"label\">Preparaci\u00f3n de la superficie:<\/td>\n<td> Recubrimiento anodizado plata<\/td>\n<\/tr>\n<tr>\n<td class=\"label\">Grado de tolerancia:<\/td>\n<td> 6063-t5<\/td>\n<\/tr>\n<tr>\n<td class=\"label\">Certificaci\u00f3n:<\/td>\n<td> ISO 9001:2008\uff0c<\/td>\n<\/tr>\n<tr>\n<td class=\"label\">Tama\u00f1o:<\/td>\n<td> Personalizado<\/td>\n<\/tr>\n<tr>\n<td class=\"label\">Oferta material:<\/td>\n<td> ADC12,Yl104,A380,Yl102 o personalizado<\/td>\n<\/tr>\n<tr>\n<td class=\"label\">Tama\u00f1o de la m\u00e1quina:<\/td>\n<td> 500-5500 toneladas<\/td>\n<\/tr>\n<tr>\n<td class=\"label\">Origen:<\/td>\n<td> Guangdong<\/td>\n<\/tr>\n<tr>\n<td class=\"label\">Tipo de m\u00e1quina de fundici\u00f3n a presi\u00f3n:<\/td>\n<td> M\u00e1quina de fundici\u00f3n a presi\u00f3n de c\u00e1mara fr\u00eda<\/td>\n<\/tr>\n<tr>\n<td class=\"label\">Aplicaci\u00f3n:<\/td>\n<td> Piezas de maquinaria<\/td>\n<\/tr>\n<tr>\n<td class=\"label\">Material:<\/td>\n<td> Aleaci\u00f3n 6063<\/td>\n<\/tr>\n<tr>\n<td class=\"label\">OEM\/ODM:<\/td>\n<td> Disponible<\/td>\n<\/tr>\n<tr>\n<td class=\"label\">Capacidad anual:<\/td>\n<td> 15.000 toneladas al mes<\/td>\n<\/tr>\n<tr>\n<td class=\"label\">Tolerancia:<\/td>\n<td> +-0,03 mm<\/td>\n<\/tr>\n<tr>\n<td class=\"label\">Marca registrada:<\/td>\n<td> Sinoextrud<\/td>\n<\/tr>\n<tr>\n<td class=\"label\">Especificaci\u00f3n:<\/td>\n<td> SGS, ISO<\/td>\n<\/tr>\n<tr>\n<td class=\"label\">C\u00f3digo SA:<\/td>\n<td> 9405990000<\/td>\n<\/tr>\n<tr>\n<td class=\"label\">Producto:<\/td>\n<td> perfil de extrusi\u00f3n de alumbre<\/td>\n<\/tr>\n<\/table>\n<h2>Nuestra base de fabricaci\u00f3n<\/h2>\n<h3>Panorama de la f\u00e1brica<\/h3>\n<p><img decoding=\"async\" src=\"\/wp-content\/uploads\/factory-01.webp\"\/><\/p>\n<h3>Taller de fabricaci\u00f3n de barras de aluminio<\/h3>\n<p><img decoding=\"async\" src=\"\/wp-content\/uploads\/factory-02.webp\"\/><\/p>\n<\/p>\n<p><img decoding=\"async\" src=\"\/wp-content\/uploads\/factory-03.webp\"\/><\/p>\n<h3>Almac\u00e9n de moldes<\/h3>\n<p><img decoding=\"async\" src=\"\/wp-content\/uploads\/factory-04.webp\"\/><\/p>\n<h3>43 l\u00edneas de extrusi\u00f3n de aluminio (500-5500 toneladas)<\/h3>\n<p><img decoding=\"async\" src=\"\/wp-content\/uploads\/factory-05.webp\"\/><\/p>\n<p><img decoding=\"async\" src=\"\/wp-content\/uploads\/factory-06.webp\"\/><\/p>\n<p><img decoding=\"async\" src=\"\/wp-content\/uploads\/factory-07.webp\"\/><\/p>\n<h3>Taller de pintura en polvo<\/h3>\n<p><img decoding=\"async\" src=\"\/wp-content\/uploads\/factory-09.webp\"\/><\/p>\n<h3>Taller de anodizado<\/h3>\n<p><img decoding=\"async\" src=\"\/wp-content\/uploads\/factory-10.webp\"\/><\/p>\n<h3>Taller de procesamiento profundo<\/h3>\n<p><img decoding=\"async\" src=\"\/wp-content\/uploads\/factory-11.webp\"\/><\/p>\n<h3>Taller de mecanizado de precisi\u00f3n CNC<\/h3>\n<p><img decoding=\"async\" src=\"\/wp-content\/uploads\/factory-11.5.webp\"\/><\/p>\n<h3>Almac\u00e9n de productos acabados y de exportaci\u00f3n<\/h3>\n<p><img decoding=\"async\" src=\"\/wp-content\/uploads\/factory-12.webp\"\/><\/p>\n<p><img decoding=\"async\" src=\"\/wp-content\/uploads\/factory-13.webp\"\/><\/p>\n<p><img decoding=\"async\" src=\"\/wp-content\/uploads\/factory-14.webp\"\/><\/p>\n<h2>PREGUNTAS FRECUENTES<\/h2>\n<p><b>1.aluminio cnc f\u00e1brica punzonado extrusi\u00f3n perfil tuber\u00eda tama\u00f1os OEM: \u00bfCu\u00e1les son los beneficios de la utilizaci\u00f3n de mecanizado CNC para perfiles de aluminio?<\/b><\/p>\n<p>El mecanizado CNC proporciona cortes precisos, acabados de alta calidad y dimensiones uniformes, garantizando que los perfiles de aluminio cumplan las especificaciones exactas para diversas aplicaciones.\n<\/p>\n<p><\/p>\n<p><b>2.\u00bfC\u00f3mo mejora el proceso de punzonado los perfiles de aluminio?<\/b><\/p>\n<p>El punzonado permite crear orificios con precisi\u00f3n y realizar grandes vol\u00famenes de producci\u00f3n, garantizando que los perfiles de aluminio cumplan los requisitos de dise\u00f1o con eficacia.\n<\/p>\n<p><\/p>\n<p><b>3.\u00bfPuedo obtener tama\u00f1os personalizados para perfiles y tubos de aluminio?<\/b><\/p>\n<p>S\u00ed, ofrecemos perfiles de extrusi\u00f3n y tama\u00f1os de tubo personalizados para satisfacer los requisitos espec\u00edficos de cada proyecto, lo que proporciona flexibilidad para diversas aplicaciones.\n<\/p>\n<p><\/p>\n<p><b>4.\u00bfQu\u00e9 industrias utilizan perfiles de aluminio de punzonado y extrusi\u00f3n CNC?<\/b><\/p>\n<p>Industrias como la automoci\u00f3n, la construcci\u00f3n, la electr\u00f3nica y la fabricaci\u00f3n se benefician de la precisi\u00f3n y versatilidad de los perfiles de aluminio con mecanizado CNC.\n<\/p>\n<p><\/p>\n<p><b>5.\u00bfEn qu\u00e9 beneficia a los perfiles la ligereza del aluminio?<\/b><\/p>\n<p>Las propiedades de ligereza del aluminio facilitan su manipulaci\u00f3n, reducen los costes de env\u00edo y mejoran la eficacia general del producto final, sin sacrificar su resistencia.\n<\/p>\n<p><\/p>\n<p><b>6. \u00bfCu\u00e1l es la ventaja de los servicios OEM en la producci\u00f3n de perfiles de aluminio?<\/b><\/p>\n<p>Los servicios OEM proporcionan soluciones personalizadas que se ajustan a los requisitos espec\u00edficos de dise\u00f1o y rendimiento, garantizando productos de alta calidad y a medida para diversas aplicaciones.\n<\/p>\n<p><\/p>\n<p><b>7.\u00bfCu\u00e1l es el plazo de entrega de grandes pedidos de perfiles de aluminio?<\/b><\/p>\n<p>Nuestro eficaz proceso de producci\u00f3n garantiza plazos de entrega r\u00e1pidos para grandes pedidos, sin comprometer la calidad, asegurando la entrega puntual para proyectos de gran demanda.\n<\/p>\n<p><\/p>\n<p><b>8.\u00bfQu\u00e9 hace que el aluminio sea el material preferido para los perfiles de extrusi\u00f3n?<\/b><\/p>\n<p>El aluminio es fuerte, ligero, resistente a la corrosi\u00f3n y rentable, lo que lo convierte en la opci\u00f3n ideal para una amplia gama de aplicaciones industriales que requieren componentes duraderos y de alto rendimiento.\n<\/p>\n<p><\/p>","protected":false},"featured_media":8478,"template":"","categories":[68],"class_list":["post-8479","product","type-product","status-publish","has-post-thumbnail","hentry","category-cnc-machining-aluminum-profile"],"meta_box":{"hilight_text_group":{"product_hilight_text":"<li>Custom aluminum profiles with CNC machining, punching, and extrusion for precise, high-quality results.<\/li>\r\r\n<li>Flexible tubing sizes available to meet diverse industrial and application requirements.<\/li>\r\r\n<li>OEM services provide tailored solutions to meet specific client design and production needs.<\/li>\r\r\n<li>High-strength, lightweight aluminum material for durable and cost-effective components.<\/li>\r\r\n<li>Efficient production process, ensuring fast turnaround times and consistent quality for large orders.<\/li>","product_chanpin_blog":"<ul>\r\r\n<li><a href=\"https:\/\/sinoextrud.com\/t-slot-v-slot-differences\/\" target=\"_blank\">t slot vs v slot<\/a><\/li>\r\r\n<li><a href=\"https:\/\/sinoextrud.com\/what-is-4040-aluminium-extrud\/\" target=\"_blank\">4040 aluminium extrusion<\/a><\/li>\r\r\n<li><a href=\"https:\/\/sinoextrud.com\/what-is-4040-aluminium-extrud\/\" target=\"_blank\">aluminum extrusions for industrial racks<\/a><\/li>\r\r\n<li><a href=\"https:\/\/sinoextrud.com\/powder-coating-aluminium-process\/\" target=\"_blank\">powder coating aluminium<\/a><\/li>\r\r\n<li><a href=\"https:\/\/sinoextrud.com\/what-is-an-aluminium-strip-ceiling\/\" target=\"_blank\">aluminium strip ceiling<\/a><\/li>\r\r\n<li><a href=\"https:\/\/sinoextrud.com\/what-is-a-heat-sink\/\" target=\"_blank\">what is a heat sink<\/a><\/li>\r\r\n<\/ul>","product_chanpin_chanpin":"<li><a href=\"https:\/\/sinoextrud.com\/product\/cnc-machining-aluminium-profile-connectors\/\" target=\"_blank\">CNC Machining Aluminium Profile Connectors<\/a><\/li>\r\n<li><a href=\"https:\/\/sinoextrud.com\/product\/cnc-machining-anodized-aluminum-extrusions\/\" target=\"_blank\">CNC Machining Anodized Aluminum Extrusions<\/a><\/li>\r\n<li><a href=\"https:\/\/sinoextrud.com\/product\/cnc-machined-6063-aluminium-extrusion-product\/\" target=\"_blank\">CNC Machined 6063 Aluminium Extrusion Product<\/a><\/li>\r\n<li><a href=\"https:\/\/sinoextrud.com\/product\/aluminum-alloy-cnc-aluminum-controller-shell\/\" target=\"_blank\">Aluminum Alloy CNC Aluminum Controller Shell<\/a><\/li>\r\n<li><a href=\"https:\/\/sinoextrud.com\/product\/aluminium-cnc-factory-punching-extrusion-profile-tubing-sizes-oem\/\" target=\"_blank\">aluminium cnc factory punching extrusion profile tubing sizes OEM<\/a><\/li>\r\n<li><a href=\"https:\/\/sinoextrud.com\/product\/cnc-machining-anodized-item-extruded-aluminum\/\" target=\"_blank\">CNC Machining Anodized Item Extruded Aluminum<\/a><\/li>\r\n<li><a href=\"https:\/\/sinoextrud.com\/product\/cnc-aluminum-curved-profiles-tubes\/\" target=\"_blank\">CNC Aluminum Curved Profiles Tubes<\/a><\/li>\r\n<li><a href=\"https:\/\/sinoextrud.com\/product\/custom-aluminum-extrusion-cnc-machining-aluminum-profile\/\" target=\"_blank\">Custom Aluminum Extrusion CNC Machining Aluminum Profile<\/a><\/li>\r\n<li><a href=\"https:\/\/sinoextrud.com\/product\/custom-3003-aluminum-tube-bending-coolant-tubes\/\" target=\"_blank\">Custom 3003 Aluminum Tube Bending Coolant Tubes<\/a><\/li>\r\n<li><a href=\"https:\/\/sinoextrud.com\/product\/deep-type-combination-ceiling-system\/\" target=\"_blank\">Deep-type Combination Ceiling System<\/a><\/li>\r\n<li><a href=\"https:\/\/sinoextrud.com\/product\/aluminium-profile-case\/\" target=\"_blank\">Aluminium Profile Case<\/a><\/li>"},"feature_list":[]},"_links":{"self":[{"href":"https:\/\/sinoextrud.com\/es\/wp-json\/wp\/v2\/product\/8479","targetHints":{"allow":["GET"]}}],"collection":[{"href":"https:\/\/sinoextrud.com\/es\/wp-json\/wp\/v2\/product"}],"about":[{"href":"https:\/\/sinoextrud.com\/es\/wp-json\/wp\/v2\/types\/product"}],"wp:featuredmedia":[{"embeddable":true,"href":"https:\/\/sinoextrud.com\/es\/wp-json\/wp\/v2\/media\/8478"}],"wp:attachment":[{"href":"https:\/\/sinoextrud.com\/es\/wp-json\/wp\/v2\/media?parent=8479"}],"wp:term":[{"taxonomy":"category","embeddable":true,"href":"https:\/\/sinoextrud.com\/es\/wp-json\/wp\/v2\/categories?post=8479"}],"curies":[{"name":"wp","href":"https:\/\/api.w.org\/{rel}","templated":true}]}}