{"id":8477,"date":"2025-06-16T13:15:36","date_gmt":"2025-06-16T13:15:36","guid":{"rendered":"https:\/\/sinoextrud.com\/product\/aluminum-alloy-cnc-aluminum-controller-shell\/"},"modified":"2025-06-24T06:23:58","modified_gmt":"2025-06-24T06:23:58","slug":"carcasa-de-controlador-de-aluminio-cnc-de-aleacion-de-aluminio","status":"publish","type":"product","link":"https:\/\/sinoextrud.com\/es\/product\/aluminum-alloy-cnc-aluminum-controller-shell\/","title":{"rendered":"Carcasa del controlador de aleaci\u00f3n de aluminio CNC"},"content":{"rendered":"<h2>Productos<\/h2>\n<table class=\"custom-table\">\n<tbody>\n<tr>\n<td> Nombre del art\u00edculo:<\/td>\n<td> Carcasa del controlador de aleaci\u00f3n de aluminio CNC<\/td>\n<td> Grado:<\/td>\n<td> Serie 6000<\/td>\n<\/tr>\n<tr>\n<td> Temperamento:<\/td>\n<td> T3-T8<\/td>\n<td> De aleaci\u00f3n o no:<\/td>\n<td> Aleaci\u00f3n<\/td>\n<\/tr>\n<tr>\n<td> Tolerancia:<\/td>\n<td> \u00b10,5%<\/td>\n<td> Forma:<\/td>\n<td> Personalizado<\/td>\n<\/tr>\n<tr>\n<td> Lugar de origen:<\/td>\n<td> Guangdong, China<\/td>\n<td> Marca:<\/td>\n<td> Sinoextrud(Sinoextrud), Sinoextrud, Sinoextrud<\/td>\n<\/tr>\n<tr>\n<td> MOQ:<\/td>\n<td> 200KGS para cada perfil<\/td>\n<td> Plazo de pago:<\/td>\n<td> T\/T(30% dep\u00f3sito, 70% saldo antes de la entrega), L\/C<\/td>\n<\/tr>\n<tr>\n<td> Puerto:<\/td>\n<td> FOB Guangzhou, Shenzhen, Foshan<\/td>\n<td> Plazo de entrega:<\/td>\n<td> 20-30 d\u00edas laborables<\/td>\n<\/tr>\n<tr>\n<td> Aplicaci\u00f3n:<\/td>\n<td> productos electr\u00f3nicos<\/td>\n<td> Est\u00e1ndar:<\/td>\n<td> Calidad media y alta<\/td>\n<\/tr>\n<tr>\n<td> Color:<\/td>\n<td> Personalizado<\/td>\n<td> Certificado<\/td>\n<td> CQM, SGS, CE, BV, SONCAP \/ GB, ISO, JIS, AS,NZS, QUALICOAT, QUOLANOD<\/td>\n<\/tr>\n<\/tbody>\n<\/table>\n<h2>Nuestra base de fabricaci\u00f3n<\/h2>\n<h3>Panorama de la f\u00e1brica<\/h3>\n<p><img decoding=\"async\" src=\"\/wp-content\/uploads\/factory-01.webp\"\/><\/p>\n<h3>Taller de fabricaci\u00f3n de barras de aluminio<\/h3>\n<p><img decoding=\"async\" src=\"\/wp-content\/uploads\/factory-02.webp\"\/><\/p>\n<p><img decoding=\"async\" src=\"\/wp-content\/uploads\/factory-03.webp\"\/><\/p>\n<h3>Almac\u00e9n de moldes<\/h3>\n<p><img decoding=\"async\" src=\"\/wp-content\/uploads\/factory-04.webp\"\/><\/p>\n<h3>43 l\u00edneas de extrusi\u00f3n de aluminio (500-5500 toneladas)<\/h3>\n<p><img decoding=\"async\" src=\"\/wp-content\/uploads\/factory-05.webp\"\/><\/p>\n<p><img decoding=\"async\" src=\"\/wp-content\/uploads\/factory-06.webp\"\/><\/p>\n<p><img decoding=\"async\" src=\"\/wp-content\/uploads\/factory-07.webp\"\/><\/p>\n<h3>Taller de pintura en polvo<\/h3>\n<p><img decoding=\"async\" src=\"\/wp-content\/uploads\/factory-09.webp\"\/><\/p>\n<h3>Taller de anodizado<\/h3>\n<p><img decoding=\"async\" src=\"\/wp-content\/uploads\/factory-10.webp\"\/><\/p>\n<h3>Taller de procesamiento profundo<\/h3>\n<p><img decoding=\"async\" src=\"\/wp-content\/uploads\/factory-11.webp\"\/><\/p>\n<h3>Taller de mecanizado de precisi\u00f3n CNC<\/h3>\n<p><img decoding=\"async\" src=\"\/wp-content\/uploads\/factory-11.5.webp\"\/><\/p>\n<h3>Almac\u00e9n de productos acabados y de exportaci\u00f3n<\/h3>\n<p><img decoding=\"async\" src=\"\/wp-content\/uploads\/factory-12.webp\"\/><\/p>\n<p><img decoding=\"async\" src=\"\/wp-content\/uploads\/factory-13.webp\"\/><\/p>\n<p><img decoding=\"async\" src=\"\/wp-content\/uploads\/factory-14.webp\"\/><\/p>\n<h2>PREGUNTAS FRECUENTES<\/h2>\n<p><p><b>1.Carcasa de controlador de aluminio CNC de aleaci\u00f3n de aluminio: \u00bfCu\u00e1les son las ventajas de utilizar el mecanizado CNC para las carcasas de los controladores?<\/b><\/p>\n<p>El mecanizado CNC permite una gran precisi\u00f3n, garantizando que las carcasas de los controladores de aleaci\u00f3n de aluminio se ajusten perfectamente y proporcionen una protecci\u00f3n \u00f3ptima a los componentes sensibles.<br \/>\n<\/p><br \/>\n<br \/>\n<p><b>2.\u00bfC\u00f3mo mejora la aleaci\u00f3n de aluminio el rendimiento de los proyectiles controladores?<\/b><\/p>\n<p>La aleaci\u00f3n de aluminio proporciona un material fuerte pero ligero que protege los componentes electr\u00f3nicos internos al tiempo que garantiza la durabilidad y la resistencia a los factores ambientales.<br \/>\n<\/p><br \/>\n<br \/>\n<p><b>3.\u00bfSe pueden personalizar las carcasas del controlador CNC de aluminio para diferentes aplicaciones?<\/b><\/p>\n<p>S\u00ed, el mecanizado CNC permite personalizar el tama\u00f1o, la forma y el acabado, lo que hace que las carcasas de los controladores de aleaci\u00f3n de aluminio se adapten a diversas necesidades de aplicaci\u00f3n.<br \/>\n<\/p><br \/>\n<br \/>\n<p><b>4. \u00bfQu\u00e9 industrias pueden beneficiarse del uso de carcasas de aleaci\u00f3n de aluminio para controladores CNC?<\/b><\/p>\n<p>Industrias como la electr\u00f3nica, la automoci\u00f3n, la aeroespacial y la automatizaci\u00f3n se benefician de la resistencia, precisi\u00f3n y protecci\u00f3n que ofrecen las carcasas de controlador de aluminio mecanizadas mediante CNC.<br \/>\n<\/p><br \/>\n<br \/>\n<p><b>5. \u00bfDe qu\u00e9 manera beneficia la resistencia a la corrosi\u00f3n de la aleaci\u00f3n de aluminio a las carcasas de los controladores?<\/b><\/p>\n<p>Las propiedades de resistencia a la corrosi\u00f3n de la aleaci\u00f3n de aluminio garantizan que las carcasas de los controladores permanezcan intactas y funcionales incluso en entornos duros o al aire libre, lo que prolonga la vida \u00fatil del producto.<br \/>\n<\/p><br \/>\n<br \/>\n<p><b>6.\u00bfEs ligera la carcasa del mando de aleaci\u00f3n de aluminio?<\/b><\/p>\n<p>S\u00ed, la aleaci\u00f3n de aluminio es ligera, lo que facilita su manejo y transporte sin dejar de ofrecer la resistencia necesaria para la protecci\u00f3n electr\u00f3nica.<br \/>\n<\/p><br \/>\n<br \/>\n<p><b>7. \u00bfPor qu\u00e9 la aleaci\u00f3n de aluminio es una buena opci\u00f3n para las carcasas de los controladores?<\/b><\/p>\n<p>La aleaci\u00f3n de aluminio ofrece un material resistente, ligero y duradero que proporciona una excelente protecci\u00f3n a los componentes electr\u00f3nicos, al tiempo que mantiene la resistencia a la corrosi\u00f3n y al desgaste.<br \/>\n<\/p><br \/>\n<br \/>\n<p><b>8.\u00bfC\u00f3mo mejora el mecanizado CNC la calidad de las carcasas de aluminio de los controladores?<\/b><\/p>\n<p>El mecanizado CNC proporciona alta precisi\u00f3n, tolerancias estrechas y un acabado suave, garantizando que las carcasas de los controladores de aleaci\u00f3n de aluminio sean funcionales y est\u00e9ticamente agradables.<br \/>\n<\/p><br \/><\/p>","protected":false},"featured_media":8476,"template":"","categories":[68],"class_list":["post-8477","product","type-product","status-publish","has-post-thumbnail","hentry","category-cnc-machining-aluminum-profile"],"meta_box":{"hilight_text_group":{"product_hilight_text":"<li>Precision CNC machining ensures high accuracy and custom fits for aluminum alloy controller shells.<\/li>\r\r\n<li>Durable aluminum alloy construction provides strength and protection for sensitive electronic components.<\/li>\r\r\n<li>Lightweight design reduces overall weight, improving portability and ease of use.<\/li>\r\r\n<li>Excellent corrosion resistance, making the controller shell suitable for a variety of environments.<\/li>\r\r\n<li>Customizable designs and finishes to meet specific client and application requirements.<\/li>","product_chanpin_blog":"<ul>\r\r\n<li><a href=\"https:\/\/sinoextrud.com\/t-slot-v-slot-differences\/\" target=\"_blank\">t slot vs v slot<\/a><\/li>\r\r\n<li><a href=\"https:\/\/sinoextrud.com\/what-is-4040-aluminium-extrud\/\" target=\"_blank\">4040 aluminium extrusion<\/a><\/li>\r\r\n<li><a href=\"https:\/\/sinoextrud.com\/what-is-4040-aluminium-extrud\/\" target=\"_blank\">aluminum extrusions for industrial racks<\/a><\/li>\r\r\n<li><a href=\"https:\/\/sinoextrud.com\/powder-coating-aluminium-process\/\" target=\"_blank\">powder coating aluminium<\/a><\/li>\r\r\n<li><a href=\"https:\/\/sinoextrud.com\/what-is-an-aluminium-strip-ceiling\/\" target=\"_blank\">aluminium strip ceiling<\/a><\/li>\r\r\n<li><a href=\"https:\/\/sinoextrud.com\/what-is-a-heat-sink\/\" target=\"_blank\">what is a heat sink<\/a><\/li>\r\r\n<\/ul>","product_chanpin_chanpin":"<li><a href=\"https:\/\/sinoextrud.com\/product\/aluminum-extrusion-high-strength-cnc-drilling-7003-aluminum-round-pipe\/\" target=\"_blank\">Aluminum Extrusion High-strength CNC Drilling 7003 Aluminum Round Pipe<\/a><\/li>\r\n<li><a href=\"https:\/\/sinoextrud.com\/product\/cnc-machining-aluminium-profile-connectors\/\" target=\"_blank\">CNC Machining Aluminium Profile Connectors<\/a><\/li>\r\n<li><a href=\"https:\/\/sinoextrud.com\/product\/cnc-machining-anodized-aluminum-extrusions\/\" target=\"_blank\">CNC Machining Anodized Aluminum Extrusions<\/a><\/li>\r\n<li><a href=\"https:\/\/sinoextrud.com\/product\/cnc-machined-6063-aluminium-extrusion-product\/\" target=\"_blank\">CNC Machined 6063 Aluminium Extrusion Product<\/a><\/li>\r\n<li><a href=\"https:\/\/sinoextrud.com\/product\/aluminum-alloy-cnc-aluminum-controller-shell\/\" target=\"_blank\">Aluminum Alloy CNC Aluminum Controller Shell<\/a><\/li>\r\n<li><a href=\"https:\/\/sinoextrud.com\/product\/aluminium-cnc-factory-punching-extrusion-profile-tubing-sizes-oem\/\" target=\"_blank\">aluminium cnc factory punching extrusion profile tubing sizes OEM<\/a><\/li>\r\n<li><a href=\"https:\/\/sinoextrud.com\/product\/cnc-machining-anodized-item-extruded-aluminum\/\" target=\"_blank\">CNC Machining Anodized Item Extruded Aluminum<\/a><\/li>\r\n<li><a href=\"https:\/\/sinoextrud.com\/product\/cnc-aluminum-curved-profiles-tubes\/\" target=\"_blank\">CNC Aluminum Curved Profiles Tubes<\/a><\/li>\r\n<li><a href=\"https:\/\/sinoextrud.com\/product\/custom-aluminum-extrusion-cnc-machining-aluminum-profile\/\" target=\"_blank\">Custom Aluminum Extrusion CNC Machining Aluminum Profile<\/a><\/li>\r\n<li><a href=\"https:\/\/sinoextrud.com\/product\/sound-proof-aluminum-glass-casement-windows-sliding-windows-and-doors-aluminum-profile-for-buildings-louver-system\/\" target=\"_blank\">Sound-proof Aluminum Glass Casement Windows Sliding Windows And Doors Aluminum Profile For Buildings Louver System<\/a><\/li>\r\n<li><a href=\"https:\/\/sinoextrud.com\/product\/anodized-extruded-aluminum\/\" target=\"_blank\">Anodized Extruded Aluminum<\/a><\/li>"},"feature_list":[]},"_links":{"self":[{"href":"https:\/\/sinoextrud.com\/es\/wp-json\/wp\/v2\/product\/8477","targetHints":{"allow":["GET"]}}],"collection":[{"href":"https:\/\/sinoextrud.com\/es\/wp-json\/wp\/v2\/product"}],"about":[{"href":"https:\/\/sinoextrud.com\/es\/wp-json\/wp\/v2\/types\/product"}],"wp:featuredmedia":[{"embeddable":true,"href":"https:\/\/sinoextrud.com\/es\/wp-json\/wp\/v2\/media\/8476"}],"wp:attachment":[{"href":"https:\/\/sinoextrud.com\/es\/wp-json\/wp\/v2\/media?parent=8477"}],"wp:term":[{"taxonomy":"category","embeddable":true,"href":"https:\/\/sinoextrud.com\/es\/wp-json\/wp\/v2\/categories?post=8477"}],"curies":[{"name":"wp","href":"https:\/\/api.w.org\/{rel}","templated":true}]}}